{"id":6298,"date":"2025-10-24T11:10:50","date_gmt":"2025-10-24T09:10:50","guid":{"rendered":"https:\/\/assumpta-eu.org\/safeguarding\/"},"modified":"2025-12-11T12:58:22","modified_gmt":"2025-12-11T11:58:22","slug":"safeguarding","status":"publish","type":"page","link":"https:\/\/assumpta-eu.org\/lt\/safeguarding\/","title":{"rendered":"SAUGI APLINKA\u00a0"},"content":{"rendered":"\n<p>NEPILNAME\u010cI\u0172 IR SUAUGUSI\u0172 PA\u017dEID\u017dIAM\u0172 ASMEN\u0172 APSAUGA <\/p>\n\n\n\n<p>Marijos Dangun \u0117mimo seserys (asumcionist\u0117s) \u012fsipareigoja skatinti kult\u016br\u0105, kurioje netoleruojama jokia prievartos forma. Siekiame puosel\u0117ti gyvyb\u0117s kult\u016br\u0105, sveikus santykius, u\u017etikrinti teisingum\u0105, ugdyti bendryst\u0119, ypating\u0105 d\u0117mes\u012f skirti pa\u017eeid\u017eiamiems \u017emon\u0117ms ir vadovavime laikytis lygiaver\u010di\u0173 santyki\u0173 principo. Norime gyventi pagal Evangelijos vertybes Dievo Karalyst\u0117s labui. Netoleruojame jokios prievartos vienuolijos bendruomen\u0117se, institucijose ar misij\u0173 vietose. <\/p>\n\n\n\n<p><br>Skatiname r\u016bpes\u010dio kult\u016br\u0105 bendruomen\u0117se ir siekiame u\u017etikrinti saugi\u0105, sveik\u0105 aplink\u0105 savo misijos vietose.<\/p>\n\n\n\n<p>Jei norite prane\u0161ti apie bet kokias saugumo problemas susijusias su Marijos Dangun \u0117mimo seser\u0173 veikla pra\u0161ome prane\u0161ti Europos provincijos saugios aplinkos referentei&nbsp;<a href=\"mailto:marilyn@assumptionreligious.org\">marilyn@assumptionreligious.org<\/a>.<\/p>\n\n\n\n<p>Marijos Dangun \u0117mimo seserys laikosi kiekviename regione galiojan\u010di\u0173 gairi\u0173, reglamentuojan\u010di\u0173 Ba\u017eny\u010dios dvasinink\u0173 bei pa\u0161v\u0119stojo gyvenimo atstov\u0173 elges\u012f su nepilname\u010diais ir pa\u017eeid\u017eiamais asmenimis.<\/p>\n\n\n\n<p><a href=\"https:\/\/lvk.lcn.lt\/naujienos\/,514\">GAIR\u0116S, REGLAMENTUOJAN\u010cIOS KATALIK\u0172 BA\u017dNY\u010cIOS DVASININK\u0172, PA\u0160V\u0118STOJO GYVENIMO INSTITUT\u0172 AR APA\u0160TALI\u0160KOJO GYVENIMO DRAUGIJ\u0172 NARI\u0172 IR KIT\u0172 BA\u017dNY\u010cIOJE TARNAUJAN\u010cI\u0172 ASMEN\u0172 ELGES\u012e SU NEPILNAME\u010cIAIS IR PA\u017dEID\u017dIAMAIS SUAUGUSIAIS | Lietuvos Vyskup\u0173 Konferencija<\/a><\/p>\n\n\n\n<p>Apie pa\u017eeidimus taip pat galite prane\u0161ti nurodytais kontaktais Vilniaus Arkivyskupijoje<\/p>\n\n\n\n<p><a href=\"https:\/\/www.vilnensis.lt\/nepilnameciu-ir-pazeidziamu-grupiu-apsauga\/\">Nepilname\u010di\u0173 ir pa\u017eeid\u017eiam\u0173 grupi\u0173 apsauga \u2013 Vilniaus arkivyskupija<\/a><\/p>\n\n\n\n<p><\/p>\n","protected":false},"excerpt":{"rendered":"<p>NEPILNAME\u010cI\u0172 IR SUAUGUSI\u0172 PA\u017dEID\u017dIAM\u0172 ASMEN\u0172 APSAUGA Marijos Dangun \u0117mimo seserys (asumcionist\u0117s) \u012fsipareigoja skatinti kult\u016br\u0105, kurioje netoleruojama jokia prievartos forma. Siekiame puosel\u0117ti gyvyb\u0117s kult\u016br\u0105, sveikus santykius, u\u017etikrinti teisingum\u0105, ugdyti bendryst\u0119, ypating\u0105 d\u0117mes\u012f skirti pa\u017eeid\u017eiamiems \u017emon\u0117ms ir vadovavime laikytis lygiaver\u010di\u0173 santyki\u0173 principo. Norime gyventi pagal Evangelijos vertybes Dievo Karalyst\u0117s labui. Netoleruojame jokios prievartos vienuolijos bendruomen\u0117se, institucijose ar [&hellip;]<\/p>\n","protected":false},"author":1,"featured_media":0,"parent":0,"menu_order":0,"comment_status":"closed","ping_status":"closed","template":"","meta":{"_et_pb_use_builder":"off","_et_pb_old_content":"<!-- wp:paragraph {\"translatedWithWPMLTM\":\"1\"} -->\n<p>NEPILNAME\u010cI\u0172 IR SUAUGUSI\u0172 PA\u017dEID\u017dIAM\u0172 ASMEN\u0172 APSAUGA <\/p>\n<!-- \/wp:paragraph --><!-- wp:paragraph {\"translatedWithWPMLTM\":\"1\"} -->\n<p>Marijos Dangun \u0117mimo seserys (asumcionist\u0117s) \u012fsipareigoja skatinti kult\u016br\u0105, kurioje netoleruojama jokia prievartos forma. Siekiame puosel\u0117ti gyvyb\u0117s kult\u016br\u0105, sveikus santykius, u\u017etikrinti teisingum\u0105, ugdyti bendryst\u0119, ypating\u0105 d\u0117mes\u012f skirti pa\u017eeid\u017eiamiems \u017emon\u0117ms ir vadovavime laikytis lygiaver\u010di\u0173 santyki\u0173 principo. Norime gyventi pagal Evangelijos vertybes Dievo Karalyst\u0117s labui. Netoleruojame jokios prievartos vienuolijos bendruomen\u0117se, institucijose ar misij\u0173 vietose. <br\/>Skatiname r\u016bpes\u010dio kult\u016br\u0105 bendruomen\u0117se ir siekiame u\u017etikrinti saugi\u0105, sveik\u0105 aplink\u0105 savo misijos vietose. <\/p>\n<!-- \/wp:paragraph --><!-- wp:paragraph {\"translatedWithWPMLTM\":\"1\"} -->\n<p>We want to promote a culture of caring in our communities and to ensure safe and healthy environments for our mission. We are thus committed to implementing measures to safeguard the wellbeing of all concerned. <\/p>\n<!-- \/wp:paragraph --><!-- wp:paragraph -->\n<p>If you have information of a safeguarding nature where a child or adult is in immediate danger or requires immediate medical attention call the emergency services on 999.<\/p>\n<!-- \/wp:paragraph --><!-- wp:paragraph {\"translatedWithWPMLTM\":\"1\"} -->\n<p>If you wish to report any safeguarding concerns, past or present, please email the Safeguarding Representative for the English Territory of the Religious of the Assumption <a href=\"mailto:marilyn@assumptionreligious.org\">marilyn@assumptionreligious.org<\/a>. She will ensure that any concerns are dealt with in a timely and appropriate manner.  <\/p>\n<!-- \/wp:paragraph --><!-- wp:heading {\"translatedWithWPMLTM\":\"1\"} -->\n<h2 class=\"wp-block-heading\"><br\/><strong>External organisations<\/strong><\/h2>\n<!-- \/wp:heading --><!-- wp:paragraph -->\n<p>Catholic Safeguarding Advisory Service: <a href=\"https:\/\/catholicsafeguarding.org.uk\/\">catholicsafeguarding.org.uk<\/a><\/p>\n<!-- \/wp:paragraph --><!-- wp:paragraph {\"translatedWithWPMLTM\":\"1\"} -->\n<p>Religious Life Safeguarding Service: <a href=\"about:blank\">religioussafeguarding.org<\/a><br\/><\/p>\n<!-- \/wp:paragraph --><!-- wp:heading {\"translatedWithWPMLTM\":\"1\"} -->\n<h2 class=\"wp-block-heading\"><strong>Safe Spaces<\/strong><\/h2>\n<!-- \/wp:heading --><!-- wp:paragraph {\"translatedWithWPMLTM\":\"1\"} -->\n<p>Safe Spaces is a free and independent support service, providing a confidential, personal and safe space for anyone who has been abused by someone in the Church or as a result of their relationship with the Catholic Church of England and Wales, the Church of England or the Church in Wales. Services are for people aged 18 or over, regardless of whether the abuse occurred recently or in the past, or whether the perpetrator is living or deceased. You do not have to have reported the incident to the Church authorities or the Police in order to access support.<br\/>This service is for people who have experienced any kind of abuse \u2013 this includes (but is not limited to) sexual violence, inappropriate sexual behaviour, physical abuse, financial abuse or exploitation, psychological abuse (including spiritual abuse), domestic abuse, coercive and controlling behaviour.  <strong><br\/><\/strong><strong>\u200dEmail: <\/strong><a href=\"mailto:safespaces@victimsupport.org.uk\"><strong>safespaces@victimsupport.org.uk<\/strong><strong><br\/><\/strong><\/a><strong>Call: <\/strong><a href=\"tel:03003031056\"><strong>0300 303 1056<\/strong><strong><br\/><\/strong><\/a><\/p>\n<!-- \/wp:paragraph --><!-- wp:heading -->\n<h2 class=\"wp-block-heading\"><strong>Public call for information - Clergy, Religious, Employees, Volunteers, Parishioners<\/strong><\/h2>\n<!-- \/wp:heading --><!-- wp:paragraph {\"translatedWithWPMLTM\":\"1\"} -->\n<p>The Catholic Safeguarding Standards Agency (CSSA) are undertaking a thematic inspection focusing on current survivor engagement and support across Catholic dioceses and Religious Life Groups in England and Wales. They would like to hear the views of as many people as possible and invite you to take part through this link: <br\/><a href=\"https:\/\/eur03.safelinks.protection.outlook.com\/?url=https%3A%2F%2Fforms.office.com%2FPages%2FResponsePage.aspx%3Fid%3DSSQzRY2fT0OpJmB_Xy63KLBEXoG2tlVAm_9UYqKjMSFUM1hSR1VCOEpYMUc4SDVQWTg3VkNDTzg5OS4u&amp;data=05%7C02%7Cterritorialbursar%40assumptionreligious.org%7C81055b7fdda74ac7c9d108ddeebc3ca6%7C495c8dae1cbb48398024710461d6d056%7C0%7C0%7C638929214428867486%7CUnknown%7CTWFpbGZsb3d8eyJFbXB0eU1hcGkiOnRydWUsIlYiOiIwLjAuMDAwMCIsIlAiOiJXaW4zMiIsIkFOIjoiTWFpbCIsIldUIjoyfQ%3D%3D%7C0%7C%7C%7C&amp;sdata=sNnXmYonyTSEYuqkB3w%2FMhjWG1gKgbbiwJl%2B1BidvDc%3D&amp;reserved=0\">https:\/\/forms.office.com\/Pages\/ResponsePage.aspx?id=SSQzRY2fT0OpJmB_Xy63KLBEXoG2tlVAm_9UYqKjMSFUM1hSR1VCOEpYMUc4SDVQWTg3VkNDTzg5OS4u<\/a><\/p>\n<!-- \/wp:paragraph --><!-- wp:paragraph -->\n<p><\/p>\n<!-- \/wp:paragraph --><!-- wp:paragraph -->\n<p><\/p>\n<!-- \/wp:paragraph --><!-- wp:paragraph -->\n<p><\/p>\n<!-- \/wp:paragraph --><!-- wp:paragraph -->\n<p><\/p>\n<!-- \/wp:paragraph --><!-- wp:paragraph -->\n<p><\/p>\n<!-- \/wp:paragraph -->","_et_gb_content_width":"","footnotes":""},"class_list":["post-6298","page","type-page","status-publish","hentry"],"yoast_head":"<!-- This site is optimized with the Yoast SEO plugin v27.4 - https:\/\/yoast.com\/product\/yoast-seo-wordpress\/ -->\n<title>SAUGI APLINKA\u00a0 - Religious of the Assumption &gt; Province of Europe<\/title>\n<meta name=\"robots\" content=\"index, follow, max-snippet:-1, max-image-preview:large, max-video-preview:-1\" \/>\n<link rel=\"canonical\" href=\"https:\/\/assumpta-eu.org\/lt\/safeguarding\/\" \/>\n<meta property=\"og:locale\" content=\"lt_LT\" \/>\n<meta property=\"og:type\" content=\"article\" \/>\n<meta property=\"og:title\" content=\"SAUGI APLINKA\u00a0 - Religious of the Assumption &gt; Province of Europe\" \/>\n<meta property=\"og:description\" content=\"NEPILNAME\u010cI\u0172 IR SUAUGUSI\u0172 PA\u017dEID\u017dIAM\u0172 ASMEN\u0172 APSAUGA Marijos Dangun \u0117mimo seserys (asumcionist\u0117s) \u012fsipareigoja skatinti kult\u016br\u0105, kurioje netoleruojama jokia prievartos forma. Siekiame puosel\u0117ti gyvyb\u0117s kult\u016br\u0105, sveikus santykius, u\u017etikrinti teisingum\u0105, ugdyti bendryst\u0119, ypating\u0105 d\u0117mes\u012f skirti pa\u017eeid\u017eiamiems \u017emon\u0117ms ir vadovavime laikytis lygiaver\u010di\u0173 santyki\u0173 principo. Norime gyventi pagal Evangelijos vertybes Dievo Karalyst\u0117s labui. Netoleruojame jokios prievartos vienuolijos bendruomen\u0117se, institucijose ar [&hellip;]\" \/>\n<meta property=\"og:url\" content=\"https:\/\/assumpta-eu.org\/lt\/safeguarding\/\" \/>\n<meta property=\"og:site_name\" content=\"Religious of the Assumption &gt; Province of Europe\" \/>\n<meta property=\"article:publisher\" content=\"http:\/\/www.facebook.com\/assumptionUK\" \/>\n<meta property=\"article:modified_time\" content=\"2025-12-11T11:58:22+00:00\" \/>\n<meta name=\"twitter:card\" content=\"summary_large_image\" \/>\n<meta name=\"twitter:site\" content=\"@AssumptionRA\" \/>\n<meta name=\"twitter:label1\" content=\"Est. reading time\" \/>\n\t<meta name=\"twitter:data1\" content=\"1 minut\u0117\" \/>\n<script type=\"application\/ld+json\" class=\"yoast-schema-graph\">{\"@context\":\"https:\\\/\\\/schema.org\",\"@graph\":[{\"@type\":\"WebPage\",\"@id\":\"https:\\\/\\\/assumpta-eu.org\\\/lt\\\/safeguarding\\\/\",\"url\":\"https:\\\/\\\/assumpta-eu.org\\\/lt\\\/safeguarding\\\/\",\"name\":\"SAUGI APLINKA\u00a0 - Religious of the Assumption &gt; Province of Europe\",\"isPartOf\":{\"@id\":\"https:\\\/\\\/assumpta-eu.org\\\/lt\\\/#website\"},\"datePublished\":\"2025-10-24T09:10:50+00:00\",\"dateModified\":\"2025-12-11T11:58:22+00:00\",\"breadcrumb\":{\"@id\":\"https:\\\/\\\/assumpta-eu.org\\\/lt\\\/safeguarding\\\/#breadcrumb\"},\"inLanguage\":\"lt-LT\",\"potentialAction\":[{\"@type\":\"ReadAction\",\"target\":[\"https:\\\/\\\/assumpta-eu.org\\\/lt\\\/safeguarding\\\/\"]}]},{\"@type\":\"BreadcrumbList\",\"@id\":\"https:\\\/\\\/assumpta-eu.org\\\/lt\\\/safeguarding\\\/#breadcrumb\",\"itemListElement\":[{\"@type\":\"ListItem\",\"position\":1,\"name\":\"Home\",\"item\":\"https:\\\/\\\/assumpta-eu.org\\\/lt\\\/\"},{\"@type\":\"ListItem\",\"position\":2,\"name\":\"SAUGI APLINKA\u00a0\"}]},{\"@type\":\"WebSite\",\"@id\":\"https:\\\/\\\/assumpta-eu.org\\\/lt\\\/#website\",\"url\":\"https:\\\/\\\/assumpta-eu.org\\\/lt\\\/\",\"name\":\"Province of Europe of the Religious of the Assumption\",\"description\":\"Make Christ known and loved\",\"publisher\":{\"@id\":\"https:\\\/\\\/assumpta-eu.org\\\/lt\\\/#organization\"},\"potentialAction\":[{\"@type\":\"SearchAction\",\"target\":{\"@type\":\"EntryPoint\",\"urlTemplate\":\"https:\\\/\\\/assumpta-eu.org\\\/lt\\\/?s={search_term_string}\"},\"query-input\":{\"@type\":\"PropertyValueSpecification\",\"valueRequired\":true,\"valueName\":\"search_term_string\"}}],\"inLanguage\":\"lt-LT\"},{\"@type\":\"Organization\",\"@id\":\"https:\\\/\\\/assumpta-eu.org\\\/lt\\\/#organization\",\"name\":\"Religious of the Assumption\",\"url\":\"https:\\\/\\\/assumpta-eu.org\\\/lt\\\/\",\"logo\":{\"@type\":\"ImageObject\",\"inLanguage\":\"lt-LT\",\"@id\":\"https:\\\/\\\/assumpta-eu.org\\\/lt\\\/#\\\/schema\\\/logo\\\/image\\\/\",\"url\":\"https:\\\/\\\/assumpta-eu.org\\\/wp-content\\\/uploads\\\/2023\\\/06\\\/RA-EU-logos-02.png\",\"contentUrl\":\"https:\\\/\\\/assumpta-eu.org\\\/wp-content\\\/uploads\\\/2023\\\/06\\\/RA-EU-logos-02.png\",\"width\":705,\"height\":729,\"caption\":\"Religious of the Assumption\"},\"image\":{\"@id\":\"https:\\\/\\\/assumpta-eu.org\\\/lt\\\/#\\\/schema\\\/logo\\\/image\\\/\"},\"sameAs\":[\"http:\\\/\\\/www.facebook.com\\\/assumptionUK\",\"https:\\\/\\\/x.com\\\/AssumptionRA\",\"http:\\\/\\\/www.instagram.com\\\/assumptionuk\"]}]}<\/script>\n<!-- \/ Yoast SEO plugin. -->","yoast_head_json":{"title":"SAUGI APLINKA\u00a0 - Religious of the Assumption &gt; Province of Europe","robots":{"index":"index","follow":"follow","max-snippet":"max-snippet:-1","max-image-preview":"max-image-preview:large","max-video-preview":"max-video-preview:-1"},"canonical":"https:\/\/assumpta-eu.org\/lt\/safeguarding\/","og_locale":"lt_LT","og_type":"article","og_title":"SAUGI APLINKA\u00a0 - Religious of the Assumption &gt; Province of Europe","og_description":"NEPILNAME\u010cI\u0172 IR SUAUGUSI\u0172 PA\u017dEID\u017dIAM\u0172 ASMEN\u0172 APSAUGA Marijos Dangun \u0117mimo seserys (asumcionist\u0117s) \u012fsipareigoja skatinti kult\u016br\u0105, kurioje netoleruojama jokia prievartos forma. Siekiame puosel\u0117ti gyvyb\u0117s kult\u016br\u0105, sveikus santykius, u\u017etikrinti teisingum\u0105, ugdyti bendryst\u0119, ypating\u0105 d\u0117mes\u012f skirti pa\u017eeid\u017eiamiems \u017emon\u0117ms ir vadovavime laikytis lygiaver\u010di\u0173 santyki\u0173 principo. Norime gyventi pagal Evangelijos vertybes Dievo Karalyst\u0117s labui. Netoleruojame jokios prievartos vienuolijos bendruomen\u0117se, institucijose ar [&hellip;]","og_url":"https:\/\/assumpta-eu.org\/lt\/safeguarding\/","og_site_name":"Religious of the Assumption &gt; Province of Europe","article_publisher":"http:\/\/www.facebook.com\/assumptionUK","article_modified_time":"2025-12-11T11:58:22+00:00","twitter_card":"summary_large_image","twitter_site":"@AssumptionRA","twitter_misc":{"Est. reading time":"1 minut\u0117"},"schema":{"@context":"https:\/\/schema.org","@graph":[{"@type":"WebPage","@id":"https:\/\/assumpta-eu.org\/lt\/safeguarding\/","url":"https:\/\/assumpta-eu.org\/lt\/safeguarding\/","name":"SAUGI APLINKA\u00a0 - Religious of the Assumption &gt; Province of Europe","isPartOf":{"@id":"https:\/\/assumpta-eu.org\/lt\/#website"},"datePublished":"2025-10-24T09:10:50+00:00","dateModified":"2025-12-11T11:58:22+00:00","breadcrumb":{"@id":"https:\/\/assumpta-eu.org\/lt\/safeguarding\/#breadcrumb"},"inLanguage":"lt-LT","potentialAction":[{"@type":"ReadAction","target":["https:\/\/assumpta-eu.org\/lt\/safeguarding\/"]}]},{"@type":"BreadcrumbList","@id":"https:\/\/assumpta-eu.org\/lt\/safeguarding\/#breadcrumb","itemListElement":[{"@type":"ListItem","position":1,"name":"Home","item":"https:\/\/assumpta-eu.org\/lt\/"},{"@type":"ListItem","position":2,"name":"SAUGI APLINKA\u00a0"}]},{"@type":"WebSite","@id":"https:\/\/assumpta-eu.org\/lt\/#website","url":"https:\/\/assumpta-eu.org\/lt\/","name":"Province of Europe of the Religious of the Assumption","description":"Make Christ known and loved","publisher":{"@id":"https:\/\/assumpta-eu.org\/lt\/#organization"},"potentialAction":[{"@type":"SearchAction","target":{"@type":"EntryPoint","urlTemplate":"https:\/\/assumpta-eu.org\/lt\/?s={search_term_string}"},"query-input":{"@type":"PropertyValueSpecification","valueRequired":true,"valueName":"search_term_string"}}],"inLanguage":"lt-LT"},{"@type":"Organization","@id":"https:\/\/assumpta-eu.org\/lt\/#organization","name":"Religious of the Assumption","url":"https:\/\/assumpta-eu.org\/lt\/","logo":{"@type":"ImageObject","inLanguage":"lt-LT","@id":"https:\/\/assumpta-eu.org\/lt\/#\/schema\/logo\/image\/","url":"https:\/\/assumpta-eu.org\/wp-content\/uploads\/2023\/06\/RA-EU-logos-02.png","contentUrl":"https:\/\/assumpta-eu.org\/wp-content\/uploads\/2023\/06\/RA-EU-logos-02.png","width":705,"height":729,"caption":"Religious of the Assumption"},"image":{"@id":"https:\/\/assumpta-eu.org\/lt\/#\/schema\/logo\/image\/"},"sameAs":["http:\/\/www.facebook.com\/assumptionUK","https:\/\/x.com\/AssumptionRA","http:\/\/www.instagram.com\/assumptionuk"]}]}},"_links":{"self":[{"href":"https:\/\/assumpta-eu.org\/lt\/wp-json\/wp\/v2\/pages\/6298","targetHints":{"allow":["GET"]}}],"collection":[{"href":"https:\/\/assumpta-eu.org\/lt\/wp-json\/wp\/v2\/pages"}],"about":[{"href":"https:\/\/assumpta-eu.org\/lt\/wp-json\/wp\/v2\/types\/page"}],"author":[{"embeddable":true,"href":"https:\/\/assumpta-eu.org\/lt\/wp-json\/wp\/v2\/users\/1"}],"replies":[{"embeddable":true,"href":"https:\/\/assumpta-eu.org\/lt\/wp-json\/wp\/v2\/comments?post=6298"}],"version-history":[{"count":5,"href":"https:\/\/assumpta-eu.org\/lt\/wp-json\/wp\/v2\/pages\/6298\/revisions"}],"predecessor-version":[{"id":6379,"href":"https:\/\/assumpta-eu.org\/lt\/wp-json\/wp\/v2\/pages\/6298\/revisions\/6379"}],"wp:attachment":[{"href":"https:\/\/assumpta-eu.org\/lt\/wp-json\/wp\/v2\/media?parent=6298"}],"curies":[{"name":"wp","href":"https:\/\/api.w.org\/{rel}","templated":true}]}}