{"id":3421,"date":"2023-08-25T08:02:17","date_gmt":"2023-08-25T06:02:17","guid":{"rendered":"https:\/\/assumpta-eu.org\/prisijunkite-prie-musu\/paremkite\/"},"modified":"2024-09-03T17:22:03","modified_gmt":"2024-09-03T15:22:03","slug":"paremkite","status":"publish","type":"page","link":"https:\/\/assumpta-eu.org\/lt\/prisijunkite-prie-musu\/paremkite\/","title":{"rendered":"Paremkite"},"content":{"rendered":"<p><div class=\"et_d4_element et_pb_section et_pb_section_0 et_pb_section_parallax et_pb_with_background  et_pb_css_mix_blend_mode et_section_regular section_has_divider et_pb_bottom_divider et_pb_top_divider et_block_section\" >\n\t\t\t\t<div class=\"et_pb_top_inside_divider et-no-transition\"><\/div>\n\t\t\t\t<span class=\"et_parallax_bg_wrap et-pb-parallax-wrapper\"><span\n\t\t\t\t\t\tclass=\"et_parallax_bg et_parallax_bg--et_pb_section_0\"\n\t\t\t\t\t\tstyle=\"background-image: url(https:\/\/assumpta-eu.org\/wp-content\/uploads\/2023\/08\/DSCN0839_as.jpg);\"\n\t\t\t\t\t><\/span><span\n\t\t\t\t\t\tclass=\"et_parallax_gradient\"\n\t\t\t\t\t\tstyle=\"background-image: linear-gradient( 80deg, #ffd23f 0%, rgba(255,210,63,0.4) 100% );\"\n\t\t\t\t\t><\/span><\/span>\n\t\t\t\t\n\t\t\t\t\n\t\t\t\t\n\t\t\t\t\n\t\t\t\t<div class=\"et_d4_element et_pb_row et_pb_row_0 et_pb_equal_columns et_pb_gutters1  et_pb_css_mix_blend_mode et_block_row\">\n\t\t\t\t<div class=\"et_d4_element et_pb_column_4_4 et_pb_column et_pb_column_0  et_pb_css_mix_blend_mode et-last-child et_block_column\">\n\t\t\t\t\n\t\t\t\t\n\t\t\t\t\n\t\t\t\t\n\t\t\t\t<div class=\"et_pb_module et_d4_element et_pb_text et_pb_text_0  et_pb_text_align_left et_pb_bg_layout_light\">\n\t\t\t\t\n\t\t\t\t\n\t\t\t\t\n\t\t\t\t\n\t\t\t\t<div class=\"et_pb_text_inner\"><h4>Prisijunkite prie m\u016bs\u0173<\/h4><\/div>\n\t\t\t<\/div><div class=\"et_pb_module et_d4_element et_pb_text et_pb_text_1 et_animated  et_pb_text_align_left et_pb_bg_layout_light\">\n\t\t\t\t\n\t\t\t\t\n\t\t\t\t\n\t\t\t\t\n\t\t\t\t<div class=\"et_pb_text_inner\"><h2>Paremkite<\/h2><\/div>\n\t\t\t<\/div><div class=\"et_pb_module et_d4_element et_pb_text et_pb_text_2 claro et_animated  et_pb_text_align_left et_pb_bg_layout_light\">\n\t\t\t\t\n\t\t\t\t\n\t\t\t\t\n\t\t\t\t\n\t\t\t\t<div class=\"et_pb_text_inner\"><p>Solidarumas, kaip ir <em>meil\u0117<\/em>, i\u0161 kurios jis kyla, <em>niekada nesako \u201egana\u201c<\/em>.<\/p><\/div>\n\t\t\t<\/div>\n\t\t\t<\/div>\n\t\t\t\t\n\t\t\t\t\n\t\t\t\t\n\t\t\t\t\n\t\t\t<\/div>\n\t\t\t\t\n\t\t\t\t<div class=\"et_pb_bottom_inside_divider et-no-transition\"><\/div>\n\t\t\t<\/div><div class=\"et_d4_element et_pb_section et_pb_section_1 et_pb_with_background  et_pb_css_mix_blend_mode et_section_regular et_block_section\" >\n\t\t\t\t\n\t\t\t\t\n\t\t\t\t\n\t\t\t\t\n\t\t\t\t\n\t\t\t\t\n\t\t\t\t<div class=\"et_d4_element et_pb_row et_pb_row_1 et_pb_equal_columns  et_pb_css_mix_blend_mode et_block_row\">\n\t\t\t\t<div class=\"et_d4_element et_pb_column_3_5 et_pb_column et_pb_column_1  et_pb_css_mix_blend_mode et_block_column\">\n\t\t\t\t\n\t\t\t\t\n\t\t\t\t\n\t\t\t\t\n\t\t\t\t<div class=\"et_pb_module et_d4_element et_pb_text et_pb_text_3  et_pb_text_align_left et_pb_bg_layout_light\">\n\t\t\t\t\n\t\t\t\t\n\t\t\t\t\n\t\t\t\t\n\t\t\t\t<div class=\"et_pb_text_inner\"><h4>Asumcion solidarumo fondas<\/h4><\/div>\n\t\t\t<\/div><div class=\"et_pb_module et_d4_element et_pb_text et_pb_text_4 et_animated  et_pb_text_align_left et_pb_bg_layout_light\">\n\t\t\t\t\n\t\t\t\t\n\t\t\t\t\n\t\t\t\t\n\t\t\t\t<div class=\"et_pb_text_inner\"><h2><strong>Bendruomeni\u0173 \u012fgalinimas<\/strong><\/h2><\/div>\n\t\t\t<\/div><div class=\"et_pb_module et_d4_element et_pb_text et_pb_text_5 et_animated  et_pb_text_align_left et_pb_bg_layout_light\">\n\t\t\t\t\n\t\t\t\t\n\t\t\t\t\n\t\t\t\t\n\t\t\t\t<div class=\"et_pb_text_inner\"><p>1994 m. kongregacija \u012fsteig\u0117 <strong>Asumcion Solidarumo fond\u0105<\/strong>, kurio tikslas remti \u0161vietimo ir ugdymo projektus.<\/p>\n<p>\u0160is fondas sudaromas i\u0161 <strong>aukotoj\u0173 l\u0117\u0161\u0173<\/strong>. <strong>D\u0117kojame geradariams<\/strong> ir kvie\u010diame remti fond\u0105, kuris v\u0117liau l\u0117\u0161as i\u0161skirsto <strong>\u012fvairiems projektams pasaulyje<\/strong>.   <\/p><\/div>\n\t\t\t<\/div>\n\t\t\t<\/div><div class=\"et_d4_element et_pb_column_2_5 et_pb_column et_pb_column_2  et_pb_css_mix_blend_mode et-last-child et_block_column\">\n\t\t\t\t\n\t\t\t\t\n\t\t\t\t\n\t\t\t\t\n\t\t\t\t<div class=\"et_pb_module et_d4_element et_pb_image et_pb_image_0 et_animated et-waypoint\">\n\t\t\t\t\n\t\t\t\t\n\t\t\t\t\n\t\t\t\t\n\t\t\t\t<span class=\"et_pb_image_wrap has-box-shadow-overlay\"><div class=\"box-shadow-overlay\"><\/div><img loading=\"lazy\" decoding=\"async\" width=\"2560\" height=\"1440\" src=\"https:\/\/assumpta-eu.org\/wp-content\/uploads\/2023\/08\/D3_as-scaled.jpg\" alt=\"\" title=\"D3_as\" srcset=\"https:\/\/assumpta-eu.org\/wp-content\/uploads\/2023\/08\/D3_as-scaled.jpg 2560w, https:\/\/assumpta-eu.org\/wp-content\/uploads\/2023\/08\/D3_as-1280x720.jpg 1280w, https:\/\/assumpta-eu.org\/wp-content\/uploads\/2023\/08\/D3_as-980x551.jpg 980w, https:\/\/assumpta-eu.org\/wp-content\/uploads\/2023\/08\/D3_as-480x270.jpg 480w\" sizes=\"(min-width: 0px) and (max-width: 480px) 480px, (min-width: 481px) and (max-width: 980px) 980px, (min-width: 981px) and (max-width: 1280px) 1280px, (min-width: 1281px) 2560px, 100vw\" class=\"wp-image-527\" \/><\/span>\n\t\t\t<\/div>\n\t\t\t<\/div>\n\t\t\t\t\n\t\t\t\t\n\t\t\t\t\n\t\t\t\t\n\t\t\t<\/div>\n\t\t\t\t\n\t\t\t\t\n\t\t\t<\/div><div class=\"et_d4_element et_pb_section et_pb_section_2 et_pb_section_parallax et_pb_with_background  et_pb_css_mix_blend_mode et_section_regular section_has_divider et_pb_bottom_divider et_pb_top_divider et_block_section\" >\n\t\t\t\t<div class=\"et_pb_top_inside_divider et-no-transition\"><\/div>\n\t\t\t\t<span class=\"et_parallax_bg_wrap et-pb-parallax-wrapper\"><span\n\t\t\t\t\t\tclass=\"et_parallax_bg et_parallax_bg--et_pb_section_2\"\n\t\t\t\t\t\tstyle=\"background-image: url(https:\/\/assumpta-eu.org\/wp-content\/uploads\/2023\/08\/camp-velo-jeunes_as.jpg);\"\n\t\t\t\t\t><\/span><span\n\t\t\t\t\t\tclass=\"et_parallax_gradient\"\n\t\t\t\t\t\tstyle=\"background-image: linear-gradient( 90deg, rgba(44,0,71,0.9) 0%, rgba(44, 0, 71, 0.69) 23%, rgba(44,0,71,0.64) 47%, rgba(44,0,71,0) 100% );\"\n\t\t\t\t\t><\/span><\/span>\n\t\t\t\t\n\t\t\t\t\n\t\t\t\t\n\t\t\t\t\n\t\t\t\t<div class=\"et_d4_element et_pb_row et_pb_row_2  et_pb_css_mix_blend_mode et_block_row\">\n\t\t\t\t<div class=\"et_d4_element et_pb_column_4_4 et_pb_column et_pb_column_3  et_pb_css_mix_blend_mode et-last-child et_block_column\">\n\t\t\t\t\n\t\t\t\t\n\t\t\t\t\n\t\t\t\t\n\t\t\t\t<div class=\"et_pb_module et_d4_element et_pb_text et_pb_text_6  et_pb_text_align_left et_pb_bg_layout_light\">\n\t\t\t\t\n\t\t\t\t\n\t\t\t\t\n\t\t\t\t\n\t\t\t\t<div class=\"et_pb_text_inner\"><h4>Lietuva<\/h4><\/div>\n\t\t\t<\/div><div class=\"et_pb_module et_d4_element et_pb_text et_pb_text_7 et_animated  et_pb_text_align_left et_pb_bg_layout_light\">\n\t\t\t\t\n\t\t\t\t\n\t\t\t\t\n\t\t\t\t\n\t\t\t\t<div class=\"et_pb_text_inner\"><h2><span>Vilnius<\/span><\/h2><\/div>\n\t\t\t<\/div><div class=\"et_pb_module et_d4_element et_pb_text et_pb_text_8 claro  et_pb_text_align_left et_pb_bg_layout_light\">\n\t\t\t\t\n\t\t\t\t\n\t\t\t\t\n\t\t\t\t\n\t\t\t\t<div class=\"et_pb_text_inner\"><p><span data-contrast=\"auto\" xml:lang=\"FR-FR\" lang=\"FR-FR\" class=\"TextRun SCXW111325398 BCX0\"><span class=\"NormalTextRun ContextualSpellingAndGrammarErrorV2Themed SCXW111325398 BCX0\">Nuo\u0161ird\u017eiausiai d\u0117kojame u\u017e j\u016bs\u0173 aukas vienuolynui pervedant \u012f banko s\u0105skait\u0105 ir skirtus 1,2 proc. pajam\u0173 mokes\u010dio kongregacijos veikloms remti.<\/span><span class=\"NormalTextRun SCXW111325398 BCX0\"> <\/span><span class=\"NormalTextRun SpellingErrorV2Themed SCXW111325398 BCX0\">J\u016bs\u0173 aukos naudojamos sielovados programoms, vienuolyno patalp\u0173 skirt\u0173 sielovadai atnaujinimui, paramai stokojantiems ir pan.<\/span><span class=\"NormalTextRun SCXW111325398 BCX0\"> Meld\u017eiam\u0117s u\u017e dosnius, da\u017enai nepa\u017e\u012fstamus m\u016bs\u0173 r\u0117m\u0117jus.  <\/span><span class=\"NormalTextRun SpellingErrorV2Themed SCXW111325398 BCX0\">J\u016bs\u0173 <\/span> <span class=\"NormalTextRun SCXW111325398 BCX0\">d\u0117ka<\/span> <span class=\"NormalTextRun SpellingErrorV2Themed SCXW111325398 BCX0\">galime<\/span> <span class=\"NormalTextRun SCXW111325398 BCX0\">patarnauti<\/span> <span class=\"NormalTextRun SpellingErrorV2Themed SCXW111325398 BCX0\">\u017emon\u0117ms<\/span> <span class=\"NormalTextRun SCXW111325398 BCX0\">per<\/span> <span class=\"NormalTextRun SpellingErrorV2Themed SCXW111325398 BCX0\">\u012fvairias<\/span> <span class=\"NormalTextRun SCXW111325398 BCX0\">bendruomen\u0117s<\/span> <span class=\"NormalTextRun SpellingErrorV2Themed SCXW111325398 BCX0\">misijas.<\/span><span class=\"NormalTextRun SCXW111325398 BCX0\"> <\/span><span class=\"NormalTextRun SpellingErrorV2Themed SCXW111325398 BCX0\">Teatlygina<\/span><span class=\"NormalTextRun SCXW111325398 BCX0\"> <\/span><span class=\"NormalTextRun SpellingErrorV2Themed SCXW111325398 BCX0\">jums<\/span> <span class=\"NormalTextRun SCXW111325398 BCX0\">Dievas<\/span><span class=\"NormalTextRun SpellingErrorV2Themed SCXW111325398 BCX0\">!<\/span><span class=\"NormalTextRun SCXW111325398 BCX0\"> <\/span><span class=\"NormalTextRun SpellingErrorV2Themed SCXW111325398 BCX0\">Juridinis<\/span><span class=\"NormalTextRun SCXW111325398 BCX0\"> <\/span><span class=\"NormalTextRun SpellingErrorV2Themed SCXW111325398 BCX0\">asmuo: <\/span> <span class=\"NormalTextRun SCXW111325398 BCX0\">Marijos <\/span> <span class=\"NormalTextRun SpellingErrorV2Themed SCXW111325398 BCX0\">Dangun \u0117mimo<\/span><span class=\"NormalTextRun SCXW111325398 BCX0\"> <\/span><span class=\"NormalTextRun SpellingErrorV2Themed SCXW111325398 BCX0\">seser\u0173<\/span><span class=\"NormalTextRun SCXW111325398 BCX0\"> <\/span><span class=\"NormalTextRun SpellingErrorV2Themed SCXW111325398 BCX0\">vienuolynas<\/span> <span class=\"NormalTextRun SCXW111325398 BCX0\">(asumpcionist\u0117s<\/span><span class=\"NormalTextRun SpellingErrorV2Themed SCXW111325398 BCX0\">)<\/span><span class=\"NormalTextRun SCXW111325398 BCX0\"> <\/span><span class=\"NormalTextRun SpellingErrorV2Themed SCXW111325398 BCX0\">Juridinio<\/span><span class=\"NormalTextRun SCXW111325398 BCX0\"> <\/span><span class=\"NormalTextRun SpellingErrorV2Themed SCXW111325398 BCX0\">asmens<\/span> <span class=\"NormalTextRun SCXW111325398 BCX0\">kodas<\/span> <span class=\"NormalTextRun SpellingErrorV2Themed SCXW111325398 BCX0\">:<\/span><span class=\"NormalTextRun SCXW111325398 BCX0\"> <\/span><span class=\"NormalTextRun SpellingErrorV2Themed SCXW111325398 BCX0\">1<\/span><span class=\"NormalTextRun SCXW111325398 BCX0\">9<\/span><span class=\"NormalTextRun SpellingErrorV2Themed SCXW111325398 BCX0\">2<\/span><span class=\"NormalTextRun SCXW111325398 BCX0\">0<\/span><span class=\"NormalTextRun SpellingErrorV2Themed SCXW111325398 BCX0\">6<\/span><span class=\"NormalTextRun SCXW111325398 BCX0\">0<\/span><span class=\"NormalTextRun SpellingErrorV2Themed SCXW111325398 BCX0\">7<\/span><span class=\"NormalTextRun SCXW111325398 BCX0\">1<\/span> <span class=\"NormalTextRun SpellingErrorV2Themed SCXW111325398 BCX0\">Adresas<\/span><span class=\"NormalTextRun SCXW111325398 BCX0\">:<\/span> <span class=\"NormalTextRun SpellingErrorV2Themed SCXW111325398 BCX0\">\u017delvos<\/span> <span class=\"NormalTextRun SCXW111325398 BCX0\">g.<\/span><span class=\"NormalTextRun SpellingErrorV2Themed SCXW111325398 BCX0\">14,<\/span> <span class=\"NormalTextRun SCXW111325398 BCX0\">Vilnius,<\/span> <span class=\"NormalTextRun SpellingErrorV2Themed SCXW111325398 BCX0\"> LT-02100<\/span><span class=\"NormalTextRun SCXW111325398 BCX0\"> <\/span><span class=\"NormalTextRun SpellingErrorV2Themed SCXW111325398 BCX0\">Bankas<\/span><span class=\"NormalTextRun SCXW111325398 BCX0\">:<\/span> <span class=\"NormalTextRun SpellingErrorV2Themed SCXW111325398 BCX0\">SEB<\/span><span class=\"NormalTextRun SCXW111325398 BCX0\"> <\/span><span class=\"NormalTextRun SpellingErrorV2Themed SCXW111325398 BCX0\">Vilniaus<\/span> <span class=\"NormalTextRun SCXW111325398 BCX0\">filialas.<\/span> <span class=\"NormalTextRun SpellingErrorV2Themed SCXW111325398 BCX0\">S\u0105skaitos <\/span><span class=\"NormalTextRun SCXW111325398 BCX0\"> <\/span><span class=\"NormalTextRun SpellingErrorV2Themed SCXW111325398 BCX0\">numeris: LT 45 7044 0600 0158 8148<\/span><span class=\"NormalTextRun SCXW111325398 BCX0\">.<br \/>\nIf   <\/span><\/span><span data-contrast=\"none\" xml:lang=\"FR-FR\" lang=\"FR-FR\" class=\"TextRun SCXW111325398 BCX0\"><span class=\"NormalTextRun SpellingErrorV2Themed SCXW111325398 BCX0\">Nuo\u0161ird\u017eiai<\/span><span class=\"NormalTextRun SCXW111325398 BCX0\"> <\/span><span class=\"NormalTextRun SpellingErrorV2Themed SCXW111325398 BCX0\">d\u0117kojame<\/span> <span class=\"NormalTextRun SCXW111325398 BCX0\">ir <\/span><span class=\"NormalTextRun SpellingErrorV2Themed SCXW111325398 BCX0\">meld\u017eiam\u0117s<\/span><span class=\"NormalTextRun SCXW111325398 BCX0\"> <\/span><span class=\"NormalTextRun SpellingErrorV2Themed SCXW111325398 BCX0\">u\u017e <\/span><span class=\"NormalTextRun SCXW111325398 BCX0\">g<\/span><span class=\"NormalTextRun SpellingErrorV2Themed SCXW111325398 BCX0\">e<\/span><span class=\"NormalTextRun SCXW111325398 BCX0\">radariu<\/span><span class=\"NormalTextRun SpellingErrorV2Themed SCXW111325398 BCX0\">s<\/span><span class=\"NormalTextRun SCXW111325398 BCX0\">! <\/span> <\/span><a class=\"Hyperlink SCXW111325398 BCX0\" href=\"https:\/\/www.kidskabin.org.uk\/donate\" target=\"_blank\" rel=\"noreferrer noopener\"><span data-contrast=\"none\" xml:lang=\"FR-FR\" lang=\"FR-FR\" class=\"TextRun Underlined SCXW111325398 BCX0\"><span class=\"NormalTextRun SCXW111325398 BCX0\" data-ccp-charstyle=\"Hyperlink\">Seserys asumcionist\u0117s<\/span><\/span><\/a><span data-contrast=\"auto\" xml:lang=\"FR-FR\" lang=\"FR-FR\" class=\"TextRun EmptyTextRun SCXW111325398 BCX0\"><\/span><span class=\"EOP SCXW111325398 BCX0\" data-ccp-props=\"{\"201341983\":0,\"335559739\":160,\"335559740\":259}\"> <\/span><\/p><\/div>\n\t\t\t<\/div>\n\t\t\t<\/div>\n\t\t\t\t\n\t\t\t\t\n\t\t\t\t\n\t\t\t\t\n\t\t\t<\/div>\n\t\t\t\t\n\t\t\t\t<div class=\"et_pb_bottom_inside_divider et-no-transition\"><\/div>\n\t\t\t<\/div><div class=\"et_d4_element et_pb_section et_pb_section_3 et_pb_with_background  et_pb_css_mix_blend_mode et_section_regular et_block_section\" >\n\t\t\t\t\n\t\t\t\t\n\t\t\t\t\n\t\t\t\t\n\t\t\t\t\n\t\t\t\t\n\t\t\t\t<div class=\"et_d4_element et_pb_row et_pb_row_3  et_pb_css_mix_blend_mode et_block_row\">\n\t\t\t\t<div class=\"et_d4_element et_pb_column_1_4 et_pb_column et_pb_column_4  et_pb_css_mix_blend_mode et_block_column et_pb_column_empty\">\n\t\t\t\t\n\t\t\t\t\n\t\t\t\t\n\t\t\t\t\n\t\t\t\t\n\t\t\t<\/div><div class=\"et_d4_element et_pb_column_1_2 et_pb_column et_pb_column_5  et_pb_css_mix_blend_mode et_block_column\">\n\t\t\t\t\n\t\t\t\t\n\t\t\t\t\n\t\t\t\t\n\t\t\t\t<div class=\"et_pb_module et_d4_element et_pb_text et_pb_text_9 et_animated  et_pb_text_align_center et_pb_bg_layout_dark\">\n\t\t\t\t\n\t\t\t\t\n\t\t\t\t\n\t\t\t\t\n\t\t\t\t<div class=\"et_pb_text_inner\"><p><strong style=\"font-size: 16px;\"><span style=\"color: #f5f5f5;\">Jei norite paremti projekt\u0105 kitose \u0161alyse, apsilankykite puslapyje j\u0173 kalba.<\/span><\/strong><\/p><\/div>\n\t\t\t<\/div>\n\t\t\t<\/div><div class=\"et_d4_element et_pb_column_1_4 et_pb_column et_pb_column_6  et_pb_css_mix_blend_mode et-last-child et_block_column et_pb_column_empty\">\n\t\t\t\t\n\t\t\t\t\n\t\t\t\t\n\t\t\t\t\n\t\t\t\t\n\t\t\t<\/div>\n\t\t\t\t\n\t\t\t\t\n\t\t\t\t\n\t\t\t\t\n\t\t\t<\/div>\n\t\t\t\t\n\t\t\t\t\n\t\t\t<\/div><\/p>\n","protected":false},"excerpt":{"rendered":"","protected":false},"author":1,"featured_media":0,"parent":3162,"menu_order":0,"comment_status":"closed","ping_status":"closed","template":"","meta":{"_et_pb_use_builder":"on","_et_pb_old_content":"","_et_gb_content_width":"","footnotes":""},"class_list":["post-3421","page","type-page","status-publish","hentry"],"yoast_head":"<!-- This site is optimized with the Yoast SEO plugin v27.5 - https:\/\/yoast.com\/product\/yoast-seo-wordpress\/ -->\n<title>Paremkite - Religious of the Assumption &gt; Province of Europe<\/title>\n<meta name=\"robots\" content=\"index, follow, max-snippet:-1, max-image-preview:large, max-video-preview:-1\" \/>\n<link rel=\"canonical\" href=\"https:\/\/assumpta-eu.org\/lt\/prisijunkite-prie-musu\/paremkite\/\" \/>\n<meta property=\"og:locale\" content=\"lt_LT\" \/>\n<meta property=\"og:type\" content=\"article\" \/>\n<meta property=\"og:title\" content=\"Paremkite - Religious of the Assumption &gt; Province of Europe\" \/>\n<meta property=\"og:url\" content=\"https:\/\/assumpta-eu.org\/lt\/prisijunkite-prie-musu\/paremkite\/\" \/>\n<meta property=\"og:site_name\" content=\"Religious of the Assumption &gt; Province of Europe\" \/>\n<meta property=\"article:publisher\" content=\"http:\/\/www.facebook.com\/assumptionUK\" \/>\n<meta property=\"article:modified_time\" content=\"2024-09-03T15:22:03+00:00\" \/>\n<meta name=\"twitter:card\" content=\"summary_large_image\" \/>\n<meta name=\"twitter:site\" content=\"@AssumptionRA\" \/>\n<meta name=\"twitter:label1\" content=\"Est. reading time\" \/>\n\t<meta name=\"twitter:data1\" content=\"8 minut\u0117s\" \/>\n<script type=\"application\/ld+json\" class=\"yoast-schema-graph\">{\"@context\":\"https:\\\/\\\/schema.org\",\"@graph\":[{\"@type\":\"WebPage\",\"@id\":\"https:\\\/\\\/assumpta-eu.org\\\/lt\\\/prisijunkite-prie-musu\\\/paremkite\\\/\",\"url\":\"https:\\\/\\\/assumpta-eu.org\\\/lt\\\/prisijunkite-prie-musu\\\/paremkite\\\/\",\"name\":\"Paremkite - Religious of the Assumption &gt; Province of Europe\",\"isPartOf\":{\"@id\":\"https:\\\/\\\/assumpta-eu.org\\\/lt\\\/#website\"},\"datePublished\":\"2023-08-25T06:02:17+00:00\",\"dateModified\":\"2024-09-03T15:22:03+00:00\",\"breadcrumb\":{\"@id\":\"https:\\\/\\\/assumpta-eu.org\\\/lt\\\/prisijunkite-prie-musu\\\/paremkite\\\/#breadcrumb\"},\"inLanguage\":\"lt-LT\",\"potentialAction\":[{\"@type\":\"ReadAction\",\"target\":[\"https:\\\/\\\/assumpta-eu.org\\\/lt\\\/prisijunkite-prie-musu\\\/paremkite\\\/\"]}]},{\"@type\":\"BreadcrumbList\",\"@id\":\"https:\\\/\\\/assumpta-eu.org\\\/lt\\\/prisijunkite-prie-musu\\\/paremkite\\\/#breadcrumb\",\"itemListElement\":[{\"@type\":\"ListItem\",\"position\":1,\"name\":\"Home\",\"item\":\"https:\\\/\\\/assumpta-eu.org\\\/lt\\\/\"},{\"@type\":\"ListItem\",\"position\":2,\"name\":\"Prisijunkite prie m\u016bs\u0173\",\"item\":\"https:\\\/\\\/assumpta-eu.org\\\/lt\\\/prisijunkite-prie-musu\\\/\"},{\"@type\":\"ListItem\",\"position\":3,\"name\":\"Paremkite\"}]},{\"@type\":\"WebSite\",\"@id\":\"https:\\\/\\\/assumpta-eu.org\\\/lt\\\/#website\",\"url\":\"https:\\\/\\\/assumpta-eu.org\\\/lt\\\/\",\"name\":\"Province of Europe of the Religious of the Assumption\",\"description\":\"Make Christ known and loved\",\"publisher\":{\"@id\":\"https:\\\/\\\/assumpta-eu.org\\\/lt\\\/#organization\"},\"potentialAction\":[{\"@type\":\"SearchAction\",\"target\":{\"@type\":\"EntryPoint\",\"urlTemplate\":\"https:\\\/\\\/assumpta-eu.org\\\/lt\\\/?s={search_term_string}\"},\"query-input\":{\"@type\":\"PropertyValueSpecification\",\"valueRequired\":true,\"valueName\":\"search_term_string\"}}],\"inLanguage\":\"lt-LT\"},{\"@type\":\"Organization\",\"@id\":\"https:\\\/\\\/assumpta-eu.org\\\/lt\\\/#organization\",\"name\":\"Religious of the Assumption\",\"url\":\"https:\\\/\\\/assumpta-eu.org\\\/lt\\\/\",\"logo\":{\"@type\":\"ImageObject\",\"inLanguage\":\"lt-LT\",\"@id\":\"https:\\\/\\\/assumpta-eu.org\\\/lt\\\/#\\\/schema\\\/logo\\\/image\\\/\",\"url\":\"https:\\\/\\\/assumpta-eu.org\\\/wp-content\\\/uploads\\\/2023\\\/06\\\/RA-EU-logos-02.png\",\"contentUrl\":\"https:\\\/\\\/assumpta-eu.org\\\/wp-content\\\/uploads\\\/2023\\\/06\\\/RA-EU-logos-02.png\",\"width\":705,\"height\":729,\"caption\":\"Religious of the Assumption\"},\"image\":{\"@id\":\"https:\\\/\\\/assumpta-eu.org\\\/lt\\\/#\\\/schema\\\/logo\\\/image\\\/\"},\"sameAs\":[\"http:\\\/\\\/www.facebook.com\\\/assumptionUK\",\"https:\\\/\\\/x.com\\\/AssumptionRA\",\"http:\\\/\\\/www.instagram.com\\\/assumptionuk\"]}]}<\/script>\n<!-- \/ Yoast SEO plugin. -->","yoast_head_json":{"title":"Paremkite - Religious of the Assumption &gt; Province of Europe","robots":{"index":"index","follow":"follow","max-snippet":"max-snippet:-1","max-image-preview":"max-image-preview:large","max-video-preview":"max-video-preview:-1"},"canonical":"https:\/\/assumpta-eu.org\/lt\/prisijunkite-prie-musu\/paremkite\/","og_locale":"lt_LT","og_type":"article","og_title":"Paremkite - Religious of the Assumption &gt; Province of Europe","og_url":"https:\/\/assumpta-eu.org\/lt\/prisijunkite-prie-musu\/paremkite\/","og_site_name":"Religious of the Assumption &gt; Province of Europe","article_publisher":"http:\/\/www.facebook.com\/assumptionUK","article_modified_time":"2024-09-03T15:22:03+00:00","twitter_card":"summary_large_image","twitter_site":"@AssumptionRA","twitter_misc":{"Est. reading time":"8 minut\u0117s"},"schema":{"@context":"https:\/\/schema.org","@graph":[{"@type":"WebPage","@id":"https:\/\/assumpta-eu.org\/lt\/prisijunkite-prie-musu\/paremkite\/","url":"https:\/\/assumpta-eu.org\/lt\/prisijunkite-prie-musu\/paremkite\/","name":"Paremkite - Religious of the Assumption &gt; Province of Europe","isPartOf":{"@id":"https:\/\/assumpta-eu.org\/lt\/#website"},"datePublished":"2023-08-25T06:02:17+00:00","dateModified":"2024-09-03T15:22:03+00:00","breadcrumb":{"@id":"https:\/\/assumpta-eu.org\/lt\/prisijunkite-prie-musu\/paremkite\/#breadcrumb"},"inLanguage":"lt-LT","potentialAction":[{"@type":"ReadAction","target":["https:\/\/assumpta-eu.org\/lt\/prisijunkite-prie-musu\/paremkite\/"]}]},{"@type":"BreadcrumbList","@id":"https:\/\/assumpta-eu.org\/lt\/prisijunkite-prie-musu\/paremkite\/#breadcrumb","itemListElement":[{"@type":"ListItem","position":1,"name":"Home","item":"https:\/\/assumpta-eu.org\/lt\/"},{"@type":"ListItem","position":2,"name":"Prisijunkite prie m\u016bs\u0173","item":"https:\/\/assumpta-eu.org\/lt\/prisijunkite-prie-musu\/"},{"@type":"ListItem","position":3,"name":"Paremkite"}]},{"@type":"WebSite","@id":"https:\/\/assumpta-eu.org\/lt\/#website","url":"https:\/\/assumpta-eu.org\/lt\/","name":"Province of Europe of the Religious of the Assumption","description":"Make Christ known and loved","publisher":{"@id":"https:\/\/assumpta-eu.org\/lt\/#organization"},"potentialAction":[{"@type":"SearchAction","target":{"@type":"EntryPoint","urlTemplate":"https:\/\/assumpta-eu.org\/lt\/?s={search_term_string}"},"query-input":{"@type":"PropertyValueSpecification","valueRequired":true,"valueName":"search_term_string"}}],"inLanguage":"lt-LT"},{"@type":"Organization","@id":"https:\/\/assumpta-eu.org\/lt\/#organization","name":"Religious of the Assumption","url":"https:\/\/assumpta-eu.org\/lt\/","logo":{"@type":"ImageObject","inLanguage":"lt-LT","@id":"https:\/\/assumpta-eu.org\/lt\/#\/schema\/logo\/image\/","url":"https:\/\/assumpta-eu.org\/wp-content\/uploads\/2023\/06\/RA-EU-logos-02.png","contentUrl":"https:\/\/assumpta-eu.org\/wp-content\/uploads\/2023\/06\/RA-EU-logos-02.png","width":705,"height":729,"caption":"Religious of the Assumption"},"image":{"@id":"https:\/\/assumpta-eu.org\/lt\/#\/schema\/logo\/image\/"},"sameAs":["http:\/\/www.facebook.com\/assumptionUK","https:\/\/x.com\/AssumptionRA","http:\/\/www.instagram.com\/assumptionuk"]}]}},"_links":{"self":[{"href":"https:\/\/assumpta-eu.org\/lt\/wp-json\/wp\/v2\/pages\/3421","targetHints":{"allow":["GET"]}}],"collection":[{"href":"https:\/\/assumpta-eu.org\/lt\/wp-json\/wp\/v2\/pages"}],"about":[{"href":"https:\/\/assumpta-eu.org\/lt\/wp-json\/wp\/v2\/types\/page"}],"author":[{"embeddable":true,"href":"https:\/\/assumpta-eu.org\/lt\/wp-json\/wp\/v2\/users\/1"}],"replies":[{"embeddable":true,"href":"https:\/\/assumpta-eu.org\/lt\/wp-json\/wp\/v2\/comments?post=3421"}],"version-history":[{"count":34,"href":"https:\/\/assumpta-eu.org\/lt\/wp-json\/wp\/v2\/pages\/3421\/revisions"}],"predecessor-version":[{"id":4821,"href":"https:\/\/assumpta-eu.org\/lt\/wp-json\/wp\/v2\/pages\/3421\/revisions\/4821"}],"up":[{"embeddable":true,"href":"https:\/\/assumpta-eu.org\/lt\/wp-json\/wp\/v2\/pages\/3162"}],"wp:attachment":[{"href":"https:\/\/assumpta-eu.org\/lt\/wp-json\/wp\/v2\/media?parent=3421"}],"curies":[{"name":"wp","href":"https:\/\/api.w.org\/{rel}","templated":true}]}}