{"id":3413,"date":"2023-10-18T09:47:59","date_gmt":"2023-10-18T07:47:59","guid":{"rendered":"https:\/\/assumpta-eu.org\/nuorodos\/"},"modified":"2024-05-07T17:24:26","modified_gmt":"2024-05-07T15:24:26","slug":"nuorodos","status":"publish","type":"page","link":"https:\/\/assumpta-eu.org\/lt\/nuorodos\/","title":{"rendered":"Nuorodos"},"content":{"rendered":"<p>[et_pb_section fb_built=&#8221;1&#8243; custom_padding_last_edited=&#8221;on|phone&#8221; admin_label=&#8221;Header&#8221; _builder_version=&#8221;4.22.2&#8243; _module_preset=&#8221;default&#8221; background_color=&#8221;#FFD23F&#8221; use_background_color_gradient=&#8221;on&#8221; background_color_gradient_direction=&#8221;80deg&#8221; background_color_gradient_stops=&#8221;#ffd23f 0%|rgba(255,210,63,0.1) 99%&#8221; background_color_gradient_overlays_image=&#8221;on&#8221; background_image=&#8221;https:\/\/assumpta-eu.org\/wp-content\/uploads\/2023\/10\/IMG-20230114-WA0000.jpg&#8221; parallax=&#8221;on&#8221; z_index=&#8221;10&#8243; custom_padding=&#8221;0px||0px||true|false&#8221; custom_padding_tablet=&#8221;20px||80px||false|false&#8221; custom_padding_phone=&#8221;30px||100px||false|false&#8221; top_divider_style=&#8221;wave2&#8243; top_divider_color=&#8221;#F5F5F5&#8243; top_divider_height=&#8221;108px&#8221; top_divider_arrangement=&#8221;above_content&#8221; bottom_divider_style=&#8221;wave2&#8243; bottom_divider_color=&#8221;#F5F5F5&#8243; bottom_divider_repeat=&#8221;1x&#8221; bottom_divider_flip=&#8221;horizontal&#8221; bottom_divider_arrangement=&#8221;above_content&#8221; locked=&#8221;off&#8221; collapsed=&#8221;on&#8221; global_colors_info=&#8221;{}&#8221;][et_pb_row use_custom_gutter=&#8221;on&#8221; gutter_width=&#8221;1&#8243; make_equal=&#8221;on&#8221; _builder_version=&#8221;4.21.0&#8243; _module_preset=&#8221;default&#8221; background_enable_color=&#8221;off&#8221; background_enable_image=&#8221;off&#8221; parallax=&#8221;on&#8221; width=&#8221;100%&#8221; max_width=&#8221;100%&#8221; custom_padding=&#8221;6vw||6vw||true|false&#8221; global_colors_info=&#8221;{}&#8221;][et_pb_column type=&#8221;4_4&#8243; _builder_version=&#8221;4.18.0&#8243; _module_preset=&#8221;default&#8221; custom_padding=&#8221;10%|4%|10%|8%|true|false&#8221; global_colors_info=&#8221;{}&#8221;][et_pb_text _builder_version=&#8221;4.22.2&#8243; _module_preset=&#8221;c16985e1-e0d6-4022-964d-e2bfc04fa633&#8243; header_font=&#8221;Playfair Display||||||||&#8221; header_text_color=&#8221;#FFFFFF&#8221; header_font_size=&#8221;70px&#8221; header_letter_spacing=&#8221;2px&#8221; header_line_height=&#8221;1.1em&#8221; header_2_text_color=&#8221;#2C0047&#8243; header_2_font_size=&#8221;50px&#8221; header_2_line_height=&#8221;1.2em&#8221; max_width=&#8221;800px&#8221; custom_margin=&#8221;||30px||false|false&#8221; animation_style=&#8221;fade&#8221; animation_duration=&#8221;1500ms&#8221; animation_delay=&#8221;200ms&#8221; header_font_size_tablet=&#8221;40px&#8221; header_font_size_phone=&#8221;24px&#8221; header_font_size_last_edited=&#8221;on|desktop&#8221; header_2_font_size_tablet=&#8221;42px&#8221; header_2_font_size_phone=&#8221;36px&#8221; header_2_font_size_last_edited=&#8221;on|desktop&#8221; global_colors_info=&#8221;{}&#8221;]<\/p>\n<h2>Nuorodos<\/h2>\n<p>[\/et_pb_text][\/et_pb_column][\/et_pb_row][\/et_pb_section][et_pb_section fb_built=&#8221;1&#8243; _builder_version=&#8221;4.22.1&#8243; _module_preset=&#8221;default&#8221; background_color=&#8221;#BEB2CF&#8221; use_background_color_gradient=&#8221;on&#8221; background_color_gradient_stops=&#8221;#f5f5f5 0%|#beb2cf 100%&#8221; background_enable_image=&#8221;off&#8221; background_size=&#8221;contain&#8221; background_position=&#8221;top_left&#8221; custom_padding=&#8221;||||false|false&#8221; global_colors_info=&#8221;{}&#8221;][et_pb_row _builder_version=&#8221;4.22.2&#8243; _module_preset=&#8221;default&#8221; global_colors_info=&#8221;{}&#8221;][et_pb_column type=&#8221;4_4&#8243; _builder_version=&#8221;4.22.2&#8243; _module_preset=&#8221;default&#8221; global_colors_info=&#8221;{}&#8221;][et_pb_tabs active_tab_background_color=&#8221;#FFD23F&#8221; inactive_tab_background_color=&#8221;#BEB2CF&#8221; active_tab_text_color=&#8221;#2C0047&#8243; _builder_version=&#8221;4.22.2&#8243; _module_preset=&#8221;default&#8221; tab_text_color=&#8221;#755882&#8243; body_font=&#8221;||||||||&#8221; tab_font_size=&#8221;20px&#8221; tab_line_height=&#8221;3em&#8221; body_link_text_color=&#8221;#2C0047&#8243; background_color=&#8221;rgba(255,255,255,0.75)&#8221; border_radii=&#8221;on|10px|10px|10px|10px&#8221; border_color_all=&#8221;#2C0047&#8243; box_shadow_style=&#8221;preset2&#8243; global_colors_info=&#8221;{}&#8221;][et_pb_tab title=&#8221;Pasaulyje &#8221; _builder_version=&#8221;4.22.2&#8243; _module_preset=&#8221;default&#8221; body_link_text_color=&#8221;#2C0047&#8243; global_colors_info=&#8221;{}&#8221;]<\/p>\n<p><span data-contrast=\"auto\">Kongregacijos puslapis: <\/span><a href=\"http:\/\/www.assumpta.org\/\"><span data-contrast=\"none\">www.assumpta.org<\/span><\/a><span data-contrast=\"auto\"> <\/span><span data-ccp-props=\"{\"201341983\":0,\"335559739\":0,\"335559740\":259}\"> <\/span><\/p>\n<p><span data-contrast=\"auto\">Pranc\u016bzijos provincija: <\/span><a href=\"http:\/\/www.assomption-ra.fr\/\"><span data-contrast=\"none\">www.assomption-ra.fr<\/span><\/a><span data-contrast=\"auto\"> <\/span><span data-ccp-props=\"{\"201341983\":0,\"335559739\":0,\"335559740\":259}\"> <\/span><\/p>\n<p><span data-contrast=\"auto\">Ispanijos provincija: <\/span><a href=\"http:\/\/www.religiosasdelasuncion.org\/\"><span data-contrast=\"none\">www.religiosasdelasuncion.org<\/span><\/a><span data-contrast=\"auto\"> <\/span><span data-ccp-props=\"{\"201341983\":0,\"335559739\":0,\"335559740\":259}\"> <\/span><\/p>\n<p><span data-contrast=\"auto\">JAV provincija: <\/span><a href=\"http:\/\/www.assumptionsisters.org\/\"><span data-contrast=\"none\">www.assumptionsisters.org<\/span><\/a><span data-contrast=\"auto\"> <\/span><span data-ccp-props=\"{\"201341983\":0,\"335559739\":0,\"335559740\":259}\"> <\/span><\/p>\n<p><span data-contrast=\"auto\">Meksika: <\/span><a href=\"https:\/\/religiosasasuncionmexico.org.mx\/\"><span data-contrast=\"none\">https:\/\/religiosasasuncionmexico.org.mx\/<\/span><\/a><span data-contrast=\"auto\"> <\/span><span data-ccp-props=\"{\"201341983\":0,\"335559739\":0,\"335559740\":259}\"> <\/span><\/p>\n<p><span data-contrast=\"auto\">Centrin\u0117s Amerikos provincija: <\/span><a href=\"https:\/\/sites.google.com\/asuncion.edu.gt\/provinciacac\"><span data-contrast=\"none\">https:\/\/sites.google.com\/asuncion.edu.gt\/provinciacac<\/span><\/a><span data-contrast=\"auto\"> <\/span><span data-ccp-props=\"{\"201341983\":0,\"335559739\":0,\"335559740\":259}\"> <\/span><\/p>\n<p><span data-contrast=\"auto\">Brazilija ir Argentina: <\/span><a href=\"http:\/\/www.religiosasdaassuncao.org.br\/\"><span data-contrast=\"none\">www.religiosasdaassuncao.org.br<\/span><\/a><span data-contrast=\"auto\"> <\/span><span data-ccp-props=\"{\"201341983\":0,\"335559739\":0,\"335559740\":259}\"> <\/span><\/p>\n<p><span data-contrast=\"auto\">Filipinai, Tailandas, Japonija ir Vietnamas: <\/span><a href=\"http:\/\/www.assumptionapp.org\/\"><span data-contrast=\"none\">www.assumptionapp.org<\/span><\/a><span data-contrast=\"auto\"> <\/span><span data-ccp-props=\"{\"201341983\":0,\"335559739\":0,\"335559740\":259}\"> <\/span><\/p>\n<p><span data-contrast=\"auto\">Asumcion mokyklos Pranc\u016bzijoje: <\/span><a href=\"http:\/\/www.assomption-france.org\/\"><span data-contrast=\"none\">www.assomption-france.org<\/span><\/a><span data-contrast=\"auto\"> <\/span><span data-ccp-props=\"{\"201341983\":0,\"335559739\":0,\"335559740\":259}\"> <\/span><\/p>\n<p><span data-contrast=\"auto\">Asumcion rekolekcij\u0173 namai Lurde: <\/span><a href=\"http:\/\/www.assomption-lourdes.com\/\"><span data-contrast=\"none\">www.assomption-lourdes.com<\/span><\/a><span data-contrast=\"auto\"> <\/span><span data-ccp-props=\"{\"201341983\":0,\"335559739\":0,\"335559740\":259}\"> <\/span><\/p>\n<p><span data-contrast=\"auto\">Auteuil namai Pary\u017eiuje: <\/span><a href=\"http:\/\/www.assomption-auteuil.com\/\"><span data-contrast=\"none\">www.assomption-auteuil.com<\/span><\/a><span data-contrast=\"auto\"> <\/span><span data-ccp-props=\"{\"201341983\":0,\"335559739\":0,\"335559740\":259}\"> <\/span><\/p>\n<p>[\/et_pb_tab][et_pb_tab title=&#8221;Europoje&#8221; _builder_version=&#8221;4.22.2&#8243; _module_preset=&#8221;default&#8221; global_colors_info=&#8221;{}&#8221;]<\/p>\n<p><span data-contrast=\"auto\">Babbelkot centras Briuselyje, Belgijoje: <\/span><a href=\"https:\/\/welcome-babbelkot.be\/\"><span data-contrast=\"none\">Accueil | Welcome &#8211; Babbelkot<\/span><\/a><span data-contrast=\"auto\">    <\/span><span data-ccp-props=\"{\"201341983\":0,\"335559739\":0,\"335559740\":259}\"> <\/span><\/p>\n<p><span data-contrast=\"auto\">Tournai namai Belgijoje : <\/span><a href=\"https:\/\/www.seminaire-tournai.be\/\"><span data-contrast=\"none\">Accueil &#8211; S\u00e9minaire de Tournai (seminaire-tournai.be)<\/span><\/a><span data-ccp-props=\"{\"201341983\":0,\"335559739\":0,\"335559740\":259}\"> <\/span><\/p>\n<p><span data-contrast=\"auto\">Kids Kabin, Niukasle, Anglijoje: <\/span><a href=\"http:\/\/www.kidskabin.org.uk\/\"><span data-contrast=\"none\">www.kidskabin.org.uk<\/span><\/a><span data-ccp-props=\"{\"201341983\":0,\"335559739\":0,\"335559740\":259}\"> <\/span><\/p>\n<p><span data-contrast=\"auto\">Asumcion savanoriai (AMA): <\/span><a href=\"http:\/\/www.assumptionvolunteers.org.uk\/\"><span data-contrast=\"none\">www.assumptionvolunteers.org.uk<\/span><\/a><span data-contrast=\"auto\"> <\/span><span data-ccp-props=\"{\"201341983\":0,\"335559739\":0,\"335559740\":259}\"> <\/span><\/p>\n<p><span data-contrast=\"auto\">Paramos fondas: <\/span><a href=\"http:\/\/www.duchessfund.org.uk\/\"><span data-contrast=\"none\">www.duchessfund.org.uk<\/span><\/a><span data-contrast=\"auto\"> <\/span><span data-ccp-props=\"{\"201341983\":0,\"335559739\":0,\"335559740\":259}\"> <\/span><\/p>\n<p><span data-contrast=\"auto\">Komo \u0160v. Karpoforo mokykla, Italija: <\/span><span data-contrast=\"none\">www.istitutosancarpoforo.com <\/span> <span data-contrast=\"auto\"> <\/span><span data-ccp-props=\"{\"201341983\":0,\"335559739\":0,\"335559740\":259}\"> <\/span><\/p>\n<p><span data-contrast=\"auto\">Paduva, Marianum <\/span><span data-contrast=\"none\">www.collegiomarianum.com <\/span> <span data-ccp-props=\"{\"201341983\":0,\"335559739\":160,\"335559740\":259}\"> <\/span><\/p>\n<p><span data-contrast=\"auto\">Vilnius \u2013 Palaimintojo Teofiliaus Matulionio gimnazija: <\/span><a href=\"http:\/\/www.ptmg.lt\/\"><span data-contrast=\"none\">www.ptmg.lt<\/span><\/a><span data-contrast=\"auto\"> <\/span><span data-ccp-props=\"{\"201341983\":0,\"335559739\":0,\"335559740\":259}\"> <\/span><\/p>\n<p><span data-contrast=\"auto\">Rygards mokykla Kopenhagoje: <\/span><a href=\"https:\/\/www.rygaards.com\/\"><span data-contrast=\"none\">Rygaards International School<\/span><\/a><span data-ccp-props=\"{\"201341983\":0,\"335559739\":0,\"335559740\":259}\"> <\/span><\/p>\n<p><span data-contrast=\"auto\">Teisingumas ir klimato kaita: <\/span><a href=\"http:\/\/www.jpic-assumpta.org\/\"><span data-contrast=\"none\">www.jpic-assumpta.org<\/span><\/a><span data-contrast=\"auto\"> <\/span><span data-ccp-props=\"{\"201341983\":0,\"335559739\":0,\"335559740\":259}\"> <\/span><\/p>\n<p>[\/et_pb_tab][et_pb_tab title=&#8221;Asumcion \u0161eima &#8221; _builder_version=&#8221;4.22.2&#8243; _module_preset=&#8221;default&#8221; global_colors_info=&#8221;{}&#8221;]<\/p>\n<p><span data-contrast=\"auto\">T\u0117vai asumcionistai: <\/span><a href=\"http:\/\/www.assomption.org\/\"><span data-contrast=\"none\">www.assomption.org<\/span><\/a><span data-ccp-props=\"{\"201341983\":0,\"335559739\":0,\"335559740\":259}\"> <\/span><\/p>\n<p><span data-contrast=\"auto\">Ma\u017eosios Asumcion seserys: <\/span><a href=\"http:\/\/www.assomption-psa.org\/\"><span data-contrast=\"none\">www.assomption-psa.org<\/span><\/a><span data-contrast=\"auto\"> <\/span><span data-ccp-props=\"{\"201341983\":0,\"335559739\":0,\"335559740\":259}\"> <\/span><\/p>\n<p><span data-contrast=\"auto\">Asumcion Oblat\u0117s: <\/span><a href=\"http:\/\/www.assumptionoblatesisters.org.uk\/\"><span data-contrast=\"none\">www.assumptionoblatesisters.org.uk<\/span><\/a><span data-contrast=\"auto\"> <\/span><span data-ccp-props=\"{\"201341983\":0,\"335559739\":0,\"335559740\":259}\"> <\/span><\/p>\n<p><span data-contrast=\"auto\">Asumcion orant\u0117s : <\/span><a href=\"http:\/\/www.orantes-assomption.org\/\"><span data-contrast=\"none\">www.orantes-assomption.org<\/span><\/a><span data-ccp-props=\"{\"201341983\":0,\"335559739\":0,\"335559740\":259}\"> <\/span><\/p>\n<p>[\/et_pb_tab][et_pb_tab title=&#8221;Socialiniai tinklai&#8221; _builder_version=&#8221;4.22.2&#8243; _module_preset=&#8221;default&#8221; global_colors_info=&#8221;{}&#8221;]<\/p>\n<p><strong>Facebook <\/strong><\/p>\n<p><span data-contrast=\"auto\">Europos provincija:<\/span><a href=\"https:\/\/www.facebook.com\/ReligiousoftheAssumptionEurope\"><span data-contrast=\"none\">https:\/\/www.facebook.com\/ReligiousoftheAssumptionEurope<\/span><\/a><span data-contrast=\"auto\"> <\/span><span data-ccp-props=\"{\"201341983\":0,\"335559739\":0,\"335559740\":259}\"> <\/span><\/p>\n<p><span data-contrast=\"auto\">Belgija: <\/span><a href=\"https:\/\/www.facebook.com\/Religieuses-de-lAssomption-Belgique-100129192278498\/\"><span data-contrast=\"none\">https:\/\/www.facebook.com\/Religieuses-de-lAssomption-Belgique-100129192278498\/<\/span><\/a><span data-ccp-props=\"{\"201341983\":0,\"335559739\":0,\"335559740\":259}\"> <\/span><\/p>\n<p><span data-contrast=\"auto\">Lietuva: <\/span><a href=\"https:\/\/www.facebook.com\/SeserysAsumcionistes\/\"><span data-contrast=\"none\">https:\/\/www.facebook.com\/SeserysAsumcionistes\/<\/span><\/a><span data-contrast=\"auto\"> <\/span><span data-ccp-props=\"{\"201341983\":0,\"335559739\":0,\"335559740\":259}\"> <\/span><\/p>\n<p><span data-contrast=\"auto\">Anglija: <\/span><a href=\"http:\/\/www.facebook.com\/assumptionUK\"><span data-contrast=\"none\">www.facebook.com\/assumptionUK<\/span><\/a><span data-ccp-props=\"{\"201341983\":0,\"335559739\":0,\"335559740\":259}\"> <\/span><\/p>\n<p><span data-ccp-props=\"{\"201341983\":0,\"335559739\":0,\"335559740\":259}\"> <\/span><\/p>\n<p><span data-contrast=\"auto\"><strong>Twitter<\/strong> Feed EN<\/span><a href=\"http:\/\/www.twitter.com\/AssumptionRA\"><span data-contrast=\"none\">www.twitter.com\/AssumptionRA<\/span><\/a><span data-contrast=\"auto\"> <\/span><span data-ccp-props=\"{\"201341983\":0,\"335559739\":0,\"335559740\":259}\"> <\/span><\/p>\n<p><span data-contrast=\"auto\"><strong>YouTube Channel<\/strong> EN<\/span><a href=\"http:\/\/www.youtube.com\/AssumptionSisters\"><span data-contrast=\"none\">www.youtube.com\/AssumptionSisters<\/span><\/a><span data-contrast=\"auto\"> <\/span><span data-ccp-props=\"{\"201341983\":0,\"335559739\":0,\"335559740\":259}\"> <\/span><\/p>\n<p><span data-contrast=\"auto\"><strong>Instagram<\/strong> EN<\/span><a href=\"http:\/\/www.instagram.com\/assumptionuk\"><span data-contrast=\"none\">www.instagram.com\/assumptionuk<\/span><\/a><span data-contrast=\"auto\"> <\/span><\/p>\n<p>[\/et_pb_tab][\/et_pb_tabs][\/et_pb_column][\/et_pb_row][\/et_pb_section]<\/p>\n","protected":false},"excerpt":{"rendered":"<p>NuorodosKongregacijos puslapis: www.assumpta.org Pranc\u016bzijos provincija: www.assomption-ra.fr Ispanijos provincija: www.religiosasdelasuncion.org JAV provincija: www.assumptionsisters.org Meksika: https:\/\/religiosasasuncionmexico.org.mx\/ Centrin\u0117s Amerikos provincija: https:\/\/sites.google.com\/asuncion.edu.gt\/provinciacac Brazilija ir Argentina: www.religiosasdaassuncao.org.br Filipinai, Tailandas, Japonija ir Vietnamas: www.assumptionapp.org Asumcion mokyklos Pranc\u016bzijoje: www.assomption-france.org Asumcion rekolekcij\u0173 namai Lurde: www.assomption-lourdes.com Auteuil namai Pary\u017eiuje: www.assomption-auteuil.com Babbelkot centras Briuselyje, Belgijoje: Accueil | Welcome &#8211; Babbelkot Tournai namai Belgijoje : Accueil [&hellip;]<\/p>\n","protected":false},"author":1,"featured_media":0,"parent":0,"menu_order":0,"comment_status":"closed","ping_status":"closed","template":"","meta":{"_et_pb_use_builder":"on","_et_pb_old_content":"","_et_gb_content_width":"","footnotes":""},"class_list":["post-3413","page","type-page","status-publish","hentry"],"yoast_head":"<!-- This site is optimized with the Yoast SEO plugin v27.4 - https:\/\/yoast.com\/product\/yoast-seo-wordpress\/ -->\n<title>Nuorodos - Religious of the Assumption &gt; Province of Europe<\/title>\n<meta name=\"robots\" content=\"index, follow, max-snippet:-1, max-image-preview:large, max-video-preview:-1\" \/>\n<link rel=\"canonical\" href=\"https:\/\/assumpta-eu.org\/lt\/nuorodos\/\" \/>\n<meta property=\"og:locale\" content=\"lt_LT\" \/>\n<meta property=\"og:type\" content=\"article\" \/>\n<meta property=\"og:title\" content=\"Nuorodos - Religious of the Assumption &gt; Province of Europe\" \/>\n<meta property=\"og:description\" content=\"NuorodosKongregacijos puslapis: www.assumpta.org Pranc\u016bzijos provincija: www.assomption-ra.fr Ispanijos provincija: www.religiosasdelasuncion.org JAV provincija: www.assumptionsisters.org Meksika: https:\/\/religiosasasuncionmexico.org.mx\/ Centrin\u0117s Amerikos provincija: https:\/\/sites.google.com\/asuncion.edu.gt\/provinciacac Brazilija ir Argentina: www.religiosasdaassuncao.org.br Filipinai, Tailandas, Japonija ir Vietnamas: www.assumptionapp.org Asumcion mokyklos Pranc\u016bzijoje: www.assomption-france.org Asumcion rekolekcij\u0173 namai Lurde: www.assomption-lourdes.com Auteuil namai Pary\u017eiuje: www.assomption-auteuil.com Babbelkot centras Briuselyje, Belgijoje: Accueil | Welcome - Babbelkot Tournai namai Belgijoje : Accueil [&hellip;]\" \/>\n<meta property=\"og:url\" content=\"https:\/\/assumpta-eu.org\/lt\/nuorodos\/\" \/>\n<meta property=\"og:site_name\" content=\"Religious of the Assumption &gt; Province of Europe\" \/>\n<meta property=\"article:publisher\" content=\"http:\/\/www.facebook.com\/assumptionUK\" \/>\n<meta property=\"article:modified_time\" content=\"2024-05-07T15:24:26+00:00\" \/>\n<meta name=\"twitter:card\" content=\"summary_large_image\" \/>\n<meta name=\"twitter:site\" content=\"@AssumptionRA\" \/>\n<meta name=\"twitter:label1\" content=\"Est. reading time\" \/>\n\t<meta name=\"twitter:data1\" content=\"4 minut\u0117s\" \/>\n<script type=\"application\/ld+json\" class=\"yoast-schema-graph\">{\"@context\":\"https:\\\/\\\/schema.org\",\"@graph\":[{\"@type\":\"WebPage\",\"@id\":\"https:\\\/\\\/assumpta-eu.org\\\/lt\\\/nuorodos\\\/\",\"url\":\"https:\\\/\\\/assumpta-eu.org\\\/lt\\\/nuorodos\\\/\",\"name\":\"Nuorodos - Religious of the Assumption &gt; Province of Europe\",\"isPartOf\":{\"@id\":\"https:\\\/\\\/assumpta-eu.org\\\/lt\\\/#website\"},\"datePublished\":\"2023-10-18T07:47:59+00:00\",\"dateModified\":\"2024-05-07T15:24:26+00:00\",\"breadcrumb\":{\"@id\":\"https:\\\/\\\/assumpta-eu.org\\\/lt\\\/nuorodos\\\/#breadcrumb\"},\"inLanguage\":\"lt-LT\",\"potentialAction\":[{\"@type\":\"ReadAction\",\"target\":[\"https:\\\/\\\/assumpta-eu.org\\\/lt\\\/nuorodos\\\/\"]}]},{\"@type\":\"BreadcrumbList\",\"@id\":\"https:\\\/\\\/assumpta-eu.org\\\/lt\\\/nuorodos\\\/#breadcrumb\",\"itemListElement\":[{\"@type\":\"ListItem\",\"position\":1,\"name\":\"Home\",\"item\":\"https:\\\/\\\/assumpta-eu.org\\\/lt\\\/\"},{\"@type\":\"ListItem\",\"position\":2,\"name\":\"Nuorodos\"}]},{\"@type\":\"WebSite\",\"@id\":\"https:\\\/\\\/assumpta-eu.org\\\/lt\\\/#website\",\"url\":\"https:\\\/\\\/assumpta-eu.org\\\/lt\\\/\",\"name\":\"Province of Europe of the Religious of the Assumption\",\"description\":\"Make Christ known and loved\",\"publisher\":{\"@id\":\"https:\\\/\\\/assumpta-eu.org\\\/lt\\\/#organization\"},\"potentialAction\":[{\"@type\":\"SearchAction\",\"target\":{\"@type\":\"EntryPoint\",\"urlTemplate\":\"https:\\\/\\\/assumpta-eu.org\\\/lt\\\/?s={search_term_string}\"},\"query-input\":{\"@type\":\"PropertyValueSpecification\",\"valueRequired\":true,\"valueName\":\"search_term_string\"}}],\"inLanguage\":\"lt-LT\"},{\"@type\":\"Organization\",\"@id\":\"https:\\\/\\\/assumpta-eu.org\\\/lt\\\/#organization\",\"name\":\"Religious of the Assumption\",\"url\":\"https:\\\/\\\/assumpta-eu.org\\\/lt\\\/\",\"logo\":{\"@type\":\"ImageObject\",\"inLanguage\":\"lt-LT\",\"@id\":\"https:\\\/\\\/assumpta-eu.org\\\/lt\\\/#\\\/schema\\\/logo\\\/image\\\/\",\"url\":\"https:\\\/\\\/assumpta-eu.org\\\/wp-content\\\/uploads\\\/2023\\\/06\\\/RA-EU-logos-02.png\",\"contentUrl\":\"https:\\\/\\\/assumpta-eu.org\\\/wp-content\\\/uploads\\\/2023\\\/06\\\/RA-EU-logos-02.png\",\"width\":705,\"height\":729,\"caption\":\"Religious of the Assumption\"},\"image\":{\"@id\":\"https:\\\/\\\/assumpta-eu.org\\\/lt\\\/#\\\/schema\\\/logo\\\/image\\\/\"},\"sameAs\":[\"http:\\\/\\\/www.facebook.com\\\/assumptionUK\",\"https:\\\/\\\/x.com\\\/AssumptionRA\",\"http:\\\/\\\/www.instagram.com\\\/assumptionuk\"]}]}<\/script>\n<!-- \/ Yoast SEO plugin. -->","yoast_head_json":{"title":"Nuorodos - Religious of the Assumption &gt; Province of Europe","robots":{"index":"index","follow":"follow","max-snippet":"max-snippet:-1","max-image-preview":"max-image-preview:large","max-video-preview":"max-video-preview:-1"},"canonical":"https:\/\/assumpta-eu.org\/lt\/nuorodos\/","og_locale":"lt_LT","og_type":"article","og_title":"Nuorodos - Religious of the Assumption &gt; Province of Europe","og_description":"NuorodosKongregacijos puslapis: www.assumpta.org Pranc\u016bzijos provincija: www.assomption-ra.fr Ispanijos provincija: www.religiosasdelasuncion.org JAV provincija: www.assumptionsisters.org Meksika: https:\/\/religiosasasuncionmexico.org.mx\/ Centrin\u0117s Amerikos provincija: https:\/\/sites.google.com\/asuncion.edu.gt\/provinciacac Brazilija ir Argentina: www.religiosasdaassuncao.org.br Filipinai, Tailandas, Japonija ir Vietnamas: www.assumptionapp.org Asumcion mokyklos Pranc\u016bzijoje: www.assomption-france.org Asumcion rekolekcij\u0173 namai Lurde: www.assomption-lourdes.com Auteuil namai Pary\u017eiuje: www.assomption-auteuil.com Babbelkot centras Briuselyje, Belgijoje: Accueil | Welcome - Babbelkot Tournai namai Belgijoje : Accueil [&hellip;]","og_url":"https:\/\/assumpta-eu.org\/lt\/nuorodos\/","og_site_name":"Religious of the Assumption &gt; Province of Europe","article_publisher":"http:\/\/www.facebook.com\/assumptionUK","article_modified_time":"2024-05-07T15:24:26+00:00","twitter_card":"summary_large_image","twitter_site":"@AssumptionRA","twitter_misc":{"Est. reading time":"4 minut\u0117s"},"schema":{"@context":"https:\/\/schema.org","@graph":[{"@type":"WebPage","@id":"https:\/\/assumpta-eu.org\/lt\/nuorodos\/","url":"https:\/\/assumpta-eu.org\/lt\/nuorodos\/","name":"Nuorodos - Religious of the Assumption &gt; Province of Europe","isPartOf":{"@id":"https:\/\/assumpta-eu.org\/lt\/#website"},"datePublished":"2023-10-18T07:47:59+00:00","dateModified":"2024-05-07T15:24:26+00:00","breadcrumb":{"@id":"https:\/\/assumpta-eu.org\/lt\/nuorodos\/#breadcrumb"},"inLanguage":"lt-LT","potentialAction":[{"@type":"ReadAction","target":["https:\/\/assumpta-eu.org\/lt\/nuorodos\/"]}]},{"@type":"BreadcrumbList","@id":"https:\/\/assumpta-eu.org\/lt\/nuorodos\/#breadcrumb","itemListElement":[{"@type":"ListItem","position":1,"name":"Home","item":"https:\/\/assumpta-eu.org\/lt\/"},{"@type":"ListItem","position":2,"name":"Nuorodos"}]},{"@type":"WebSite","@id":"https:\/\/assumpta-eu.org\/lt\/#website","url":"https:\/\/assumpta-eu.org\/lt\/","name":"Province of Europe of the Religious of the Assumption","description":"Make Christ known and loved","publisher":{"@id":"https:\/\/assumpta-eu.org\/lt\/#organization"},"potentialAction":[{"@type":"SearchAction","target":{"@type":"EntryPoint","urlTemplate":"https:\/\/assumpta-eu.org\/lt\/?s={search_term_string}"},"query-input":{"@type":"PropertyValueSpecification","valueRequired":true,"valueName":"search_term_string"}}],"inLanguage":"lt-LT"},{"@type":"Organization","@id":"https:\/\/assumpta-eu.org\/lt\/#organization","name":"Religious of the Assumption","url":"https:\/\/assumpta-eu.org\/lt\/","logo":{"@type":"ImageObject","inLanguage":"lt-LT","@id":"https:\/\/assumpta-eu.org\/lt\/#\/schema\/logo\/image\/","url":"https:\/\/assumpta-eu.org\/wp-content\/uploads\/2023\/06\/RA-EU-logos-02.png","contentUrl":"https:\/\/assumpta-eu.org\/wp-content\/uploads\/2023\/06\/RA-EU-logos-02.png","width":705,"height":729,"caption":"Religious of the Assumption"},"image":{"@id":"https:\/\/assumpta-eu.org\/lt\/#\/schema\/logo\/image\/"},"sameAs":["http:\/\/www.facebook.com\/assumptionUK","https:\/\/x.com\/AssumptionRA","http:\/\/www.instagram.com\/assumptionuk"]}]}},"_links":{"self":[{"href":"https:\/\/assumpta-eu.org\/lt\/wp-json\/wp\/v2\/pages\/3413","targetHints":{"allow":["GET"]}}],"collection":[{"href":"https:\/\/assumpta-eu.org\/lt\/wp-json\/wp\/v2\/pages"}],"about":[{"href":"https:\/\/assumpta-eu.org\/lt\/wp-json\/wp\/v2\/types\/page"}],"author":[{"embeddable":true,"href":"https:\/\/assumpta-eu.org\/lt\/wp-json\/wp\/v2\/users\/1"}],"replies":[{"embeddable":true,"href":"https:\/\/assumpta-eu.org\/lt\/wp-json\/wp\/v2\/comments?post=3413"}],"version-history":[{"count":5,"href":"https:\/\/assumpta-eu.org\/lt\/wp-json\/wp\/v2\/pages\/3413\/revisions"}],"predecessor-version":[{"id":3418,"href":"https:\/\/assumpta-eu.org\/lt\/wp-json\/wp\/v2\/pages\/3413\/revisions\/3418"}],"wp:attachment":[{"href":"https:\/\/assumpta-eu.org\/lt\/wp-json\/wp\/v2\/media?parent=3413"}],"curies":[{"name":"wp","href":"https:\/\/api.w.org\/{rel}","templated":true}]}}