{"id":3297,"date":"2023-08-23T13:01:13","date_gmt":"2023-08-23T11:01:13","guid":{"rendered":"https:\/\/assumpta-eu.org\/bendruomenes\/italija\/"},"modified":"2025-11-11T17:01:36","modified_gmt":"2025-11-11T16:01:36","slug":"italija","status":"publish","type":"page","link":"https:\/\/assumpta-eu.org\/lt\/bendruomenes\/italija\/","title":{"rendered":"Italija"},"content":{"rendered":"<p>[et_pb_section fb_built=&#8221;1&#8243; custom_padding_last_edited=&#8221;on|phone&#8221; admin_label=&#8221;Header&#8221; _builder_version=&#8221;4.22.1&#8243; _module_preset=&#8221;default&#8221; background_color=&#8221;#755882&#8243; use_background_color_gradient=&#8221;on&#8221; background_color_gradient_direction=&#8221;80deg&#8221; background_color_gradient_stops=&#8221;rgba(44,0,71,0.88) 0%|rgba(117,88,130,0.5) 100%&#8221; background_color_gradient_overlays_image=&#8221;on&#8221; background_image=&#8221;https:\/\/assumpta-eu.org\/wp-content\/uploads\/2023\/08\/italy_as-scaled.jpeg&#8221; z_index=&#8221;10&#8243; custom_padding=&#8221;0px||0px||true|false&#8221; custom_padding_tablet=&#8221;20px||80px||false|false&#8221; custom_padding_phone=&#8221;30px||100px||false|false&#8221; top_divider_style=&#8221;wave2&#8243; top_divider_color=&#8221;#F5F5F5&#8243; top_divider_height=&#8221;108px&#8221; top_divider_arrangement=&#8221;above_content&#8221; bottom_divider_style=&#8221;wave2&#8243; bottom_divider_color=&#8221;#F5F5F5&#8243; bottom_divider_repeat=&#8221;1x&#8221; bottom_divider_flip=&#8221;horizontal&#8221; bottom_divider_arrangement=&#8221;above_content&#8221; locked=&#8221;off&#8221; collapsed=&#8221;on&#8221; global_colors_info=&#8221;{}&#8221;][et_pb_row use_custom_gutter=&#8221;on&#8221; gutter_width=&#8221;1&#8243; make_equal=&#8221;on&#8221; _builder_version=&#8221;4.22.1&#8243; _module_preset=&#8221;default&#8221; background_enable_color=&#8221;off&#8221; background_enable_image=&#8221;off&#8221; parallax=&#8221;on&#8221; width=&#8221;100%&#8221; max_width=&#8221;100%&#8221; custom_padding=&#8221;2vw||2vw||true|false&#8221; global_colors_info=&#8221;{}&#8221;][et_pb_column type=&#8221;4_4&#8243; _builder_version=&#8221;4.18.0&#8243; _module_preset=&#8221;default&#8221; custom_padding=&#8221;10%|4%|10%|8%|true|false&#8221; global_colors_info=&#8221;{}&#8221;][et_pb_text _builder_version=&#8221;4.22.1&#8243; _module_preset=&#8221;e6504a1b-67eb-4b3d-b023-bcab277610b6&#8243; text_text_color=&#8221;#BEB2CF&#8221; header_font=&#8221;Ubuntu|||on|||||&#8221; header_text_color=&#8221;#FFD23F&#8221; header_letter_spacing=&#8221;2px&#8221; header_4_font=&#8221;Ubuntu|700||on|||||&#8221; header_4_text_color=&#8221;#FFD23F&#8221; header_4_font_size=&#8221;14px&#8221; header_4_line_height=&#8221;1.5em&#8221; custom_margin=&#8221;||0px||false|false&#8221; header_font_size_tablet=&#8221;26px&#8221; header_font_size_phone=&#8221;22px&#8221; header_font_size_last_edited=&#8221;on|phone&#8221; global_colors_info=&#8221;{}&#8221;]<\/p>\n<h1>Bendruomen\u0117s<\/h1>\n<p>[\/et_pb_text][et_pb_text _builder_version=&#8221;4.23.1&#8243; _module_preset=&#8221;c16985e1-e0d6-4022-964d-e2bfc04fa633&#8243; text_text_color=&#8221;#F5F5F5&#8243; header_font=&#8221;Playfair Display||||||||&#8221; header_text_color=&#8221;#FFFFFF&#8221; header_font_size=&#8221;70px&#8221; header_letter_spacing=&#8221;2px&#8221; header_line_height=&#8221;1.1em&#8221; header_2_text_color=&#8221;#FFFFFF&#8221; header_2_font_size=&#8221;50px&#8221; header_2_line_height=&#8221;1.2em&#8221; max_width=&#8221;800px&#8221; custom_margin=&#8221;||30px||false|false&#8221; animation_style=&#8221;fade&#8221; animation_duration=&#8221;1500ms&#8221; animation_delay=&#8221;200ms&#8221; header_font_size_tablet=&#8221;40px&#8221; header_font_size_phone=&#8221;24px&#8221; header_font_size_last_edited=&#8221;on|desktop&#8221; header_2_font_size_tablet=&#8221;42px&#8221; header_2_font_size_phone=&#8221;36px&#8221; header_2_font_size_last_edited=&#8221;on|desktop&#8221; global_colors_info=&#8221;{}&#8221;]<\/p>\n<h2><span>Italija<\/span><\/h2>\n<p><span>Nuo 1888 m.<\/span><\/p>\n<p>[\/et_pb_text][\/et_pb_column][\/et_pb_row][\/et_pb_section][et_pb_section fb_built=&#8221;1&#8243; admin_label=&#8221;About&#8221; _builder_version=&#8221;4.22.1&#8243; _module_preset=&#8221;default&#8221; background_color=&#8221;#F5F5F5&#8243; background_image=&#8221;https:\/\/assumpta-eu.org\/wp-content\/uploads\/2023\/06\/cropped-RA-EU-logos-01.png&#8221; background_size=&#8221;initial&#8221; background_position=&#8221;center_left&#8221; background_blend=&#8221;soft-light&#8221; custom_margin=&#8221;||||false|false&#8221; custom_padding=&#8221;||||false|false&#8221; locked=&#8221;off&#8221; collapsed=&#8221;on&#8221; global_colors_info=&#8221;{}&#8221;][et_pb_row admin_label=&#8221;Row&#8221; _builder_version=&#8221;4.24.2&#8243; _module_preset=&#8221;default&#8221; global_colors_info=&#8221;{}&#8221;][et_pb_column type=&#8221;4_4&#8243; _builder_version=&#8221;4.22.1&#8243; _module_preset=&#8221;default&#8221; global_colors_info=&#8221;{}&#8221;][et_pb_accordion open_toggle_text_color=&#8221;#FFFFFF&#8221; open_toggle_background_color=&#8221;#755882&#8243; closed_toggle_background_color=&#8221;#BEB2CF&#8221; icon_color=&#8221;#2C0047&#8243; use_icon_font_size=&#8221;on&#8221; icon_font_size=&#8221;30px&#8221; _builder_version=&#8221;4.27.4&#8243; _module_preset=&#8221;default&#8221; toggle_text_color=&#8221;#2C0047&#8243; toggle_font_size=&#8221;30px&#8221; toggle_letter_spacing=&#8221;2px&#8221; toggle_line_height=&#8221;2em&#8221; body_font=&#8221;|300|||||||&#8221; body_text_color=&#8221;#F5F5F5&#8243; background_enable_color=&#8221;off&#8221; custom_padding=&#8221;20px|3%|20px|3%|true|true&#8221; animation_style=&#8221;fade&#8221; animation_duration=&#8221;1300ms&#8221; animation_delay=&#8221;550ms&#8221; border_radii=&#8221;on|10px|10px|10px|10px&#8221; global_colors_info=&#8221;{}&#8221;][et_pb_accordion_item title=&#8221;Komo (Como) bendruomen\u0117&#8221; open=&#8221;on&#8221; _builder_version=&#8221;4.24.2&#8243; _module_preset=&#8221;default&#8221; global_colors_info=&#8221;{}&#8221;]<\/p>\n<p>Religiose dell\u2019Assunzione<br \/>Comunit\u00e0 di Como<br \/>via S. Carpoforo 7<br \/>22100 Como<br \/>Italia<br \/>Tel: +39 031 260 454<br \/><span data-contrast=\"auto\">Email: <\/span><a href=\"mailto:religioseassunzionecomo@gmail.com\"><span data-contrast=\"none\">religioseassunzionecomo@gmail.com<\/span><\/a><span data-contrast=\"auto\"><br \/>www.<\/span><a href=\"http:\/\/www.istitutosancarpoforo.com\/\"><span data-contrast=\"none\">istitutosancarpoforo.com<\/span><\/a><span data-contrast=\"auto\"> <\/span><span data-ccp-props=\"{\"134233117\":false,\"134233118\":false,\"201341983\":0,\"335559738\":0,\"335559739\":0,\"335559740\":259}\"> <\/span><\/p>\n<p>San Carpoforo mokykla Como mieste, \u0161iaur\u0117s Italijoje, buvo \u012fkurta 1923 m. kaip pranc\u016bz\u0173 kult\u016bros centras ir vaik\u0173 dar\u017eelis. \u012e Kom\u0105 1968 m. atvyko Marijos Dangun \u0116mimo seserys. \u0160iandien savo \u0161vietimo misij\u0105 vykdome dvikalb\u0117je mokykloje (angl\u0173-ital\u0173 kalba).   <\/p>\n<div id=\"gtx-trans\" style=\"position: absolute; left: -12px; top: -9.2px;\">\n<div class=\"gtx-trans-icon\"><\/div>\n<\/div>\n<p>[\/et_pb_accordion_item][et_pb_accordion_item title=&#8221;Romos Quadraro bendruomen\u0117&#8221; _builder_version=&#8221;4.25.0&#8243; _module_preset=&#8221;default&#8221; global_colors_info=&#8221;{}&#8221; open=&#8221;off&#8221;]<\/p>\n<p>Religiose dell\u2019Assunzione<br \/>Comunit\u00e0 di Quadraro<br \/>Via Alessandro Viviani 10<br \/>00174 Roma<br \/>Italia<br \/>Tel: +39 06 761 01 77<br \/>Email: <a href=\"mailto:s.mariaeugenia@tiscali.it\">s.mariaeugenia@tiscali.it<\/a><\/p>\n<p>M\u016bs\u0173 bendruomen\u0117 buvo \u012fkurta 1951 m. Romos priemies\u010dio kvartale, kad tarnaut\u0173 vietos vargingiesiems. Bendruomen\u0117 \u012fk\u016br\u0117 medicinos punkt\u0105 ir mokykl\u0105. \u0160iandien Quadraro namuose gyvena vyresnio am\u017eiaus seserys. Toliau tarnaujame parapijoje malda ir draugyste, o koply\u010dia \u0161alia gra\u017eaus istorinio parko yra atidaryta maldai kiekvien\u0105 dien\u0105.  <span style=\"text-decoration: line-through;\"><\/span><\/p>\n<p><strong>Malda: <\/strong><\/p>\n<p><span data-contrast=\"auto\">8.00 val. Rytmetin\u0117 <br \/>8.30 val. Mi\u0161ios<\/span><span data-ccp-props=\"{\"134233117\":false,\"134233118\":false,\"201341983\":0,\"335559738\":0,\"335559739\":0,\"335559740\":259}\"><br \/><\/span><span data-contrast=\"auto\">12.30 Dienin\u0117 <br \/><\/span> <span data-contrast=\"auto\">15.00 &#8211; 18.30 val. Adoracija <br \/><\/span> <span data-contrast=\"auto\">18.45 val. Vakarin\u0117 <\/span> <span data-ccp-props=\"{\"134233117\":false,\"134233118\":false,\"201341983\":0,\"335559738\":0,\"335559739\":0,\"335559740\":259}\"> <\/span><\/p>\n<p>[\/et_pb_accordion_item][\/et_pb_accordion][\/et_pb_column][\/et_pb_row][\/et_pb_section][et_pb_section fb_built=&#8221;1&#8243; _builder_version=&#8221;4.22.1&#8243; _module_preset=&#8221;default&#8221; custom_padding=&#8221;0px|0px|0px|0px|true|true&#8221; top_divider_style=&#8221;wave2&#8243; top_divider_color=&#8221;#F5F5F5&#8243; top_divider_arrangement=&#8221;above_content&#8221; bottom_divider_style=&#8221;wave2&#8243; bottom_divider_color=&#8221;#FFFFFF&#8221; bottom_divider_arrangement=&#8221;above_content&#8221; global_colors_info=&#8221;{}&#8221;][et_pb_row column_structure=&#8221;1_4,1_4,1_4,1_4&#8243; use_custom_gutter=&#8221;on&#8221; gutter_width=&#8221;1&#8243; make_equal=&#8221;on&#8221; _builder_version=&#8221;4.22.1&#8243; _module_preset=&#8221;default&#8221; width=&#8221;100%&#8221; max_width=&#8221;5000px&#8221; custom_padding=&#8221;0px||0px||true|false&#8221; global_colors_info=&#8221;{}&#8221;][et_pb_column type=&#8221;1_4&#8243; _builder_version=&#8221;4.22.1&#8243; _module_preset=&#8221;default&#8221; background_color=&#8221;#755882&#8243; background_image=&#8221;https:\/\/assumpta-eu.org\/wp-content\/uploads\/2023\/08\/england_as-scaled.jpeg&#8221; background_blend=&#8221;multiply&#8221; custom_padding=&#8221;20vw||20vw||true|false&#8221; link_option_url=&#8221;https:\/\/assumpta-eu.org\/lt\/bendruomenes\/anglija\/&#8221; global_colors_info=&#8221;{}&#8221; background__hover_enabled=&#8221;on|hover&#8221; background_color__hover=&#8221;#FFD23F&#8221; background_enable_color__hover=&#8221;on&#8221;][et_pb_text _builder_version=&#8221;4.22.1&#8243; _module_preset=&#8221;default&#8221; text_text_color=&#8221;#FFD23F&#8221; text_font_size=&#8221;30px&#8221; text_orientation=&#8221;center&#8221; global_colors_info=&#8221;{}&#8221;]<\/p>\n<p>Anglija<\/p>\n<p>[\/et_pb_text][\/et_pb_column][et_pb_column type=&#8221;1_4&#8243; _builder_version=&#8221;4.22.1&#8243; _module_preset=&#8221;default&#8221; background_color=&#8221;#755882&#8243; background_image=&#8221;https:\/\/assumpta-eu.org\/wp-content\/uploads\/2023\/08\/belgium_as-scaled.jpeg&#8221; background_blend=&#8221;multiply&#8221; custom_padding=&#8221;20vw||20vw||true|false&#8221; link_option_url=&#8221;https:\/\/assumpta-eu.org\/lt\/bendruomenes\/belgija\/&#8221; global_colors_info=&#8221;{}&#8221; background__hover_enabled=&#8221;on|hover&#8221; background_color__hover=&#8221;#FFD23F&#8221; background_enable_color__hover=&#8221;on&#8221;][et_pb_text _builder_version=&#8221;4.22.1&#8243; _module_preset=&#8221;default&#8221; text_text_color=&#8221;#FFD23F&#8221; text_font_size=&#8221;30px&#8221; text_orientation=&#8221;center&#8221; global_colors_info=&#8221;{}&#8221;]<\/p>\n<p>Belgija<\/p>\n<p>[\/et_pb_text][\/et_pb_column][et_pb_column type=&#8221;1_4&#8243; _builder_version=&#8221;4.22.1&#8243; _module_preset=&#8221;default&#8221; background_color=&#8221;#755882&#8243; background_image=&#8221;https:\/\/assumpta-eu.org\/wp-content\/uploads\/2023\/08\/italy_as-scaled.jpeg&#8221; background_blend=&#8221;multiply&#8221; custom_padding=&#8221;20vw||20vw||true|false&#8221; link_option_url=&#8221;https:\/\/assumpta-eu.org\/lt\/bendruomenes\/italija\/&#8221; global_colors_info=&#8221;{}&#8221; background__hover_enabled=&#8221;on|hover&#8221; background_color__hover=&#8221;#FFD23F&#8221; background_enable_color__hover=&#8221;on&#8221;][et_pb_text _builder_version=&#8221;4.22.1&#8243; _module_preset=&#8221;default&#8221; text_text_color=&#8221;#FFD23F&#8221; text_font_size=&#8221;30px&#8221; text_orientation=&#8221;center&#8221; global_colors_info=&#8221;{}&#8221;]<\/p>\n<p>Italija<\/p>\n<p>[\/et_pb_text][\/et_pb_column][et_pb_column type=&#8221;1_4&#8243; _builder_version=&#8221;4.22.1&#8243; _module_preset=&#8221;default&#8221; background_color=&#8221;#755882&#8243; background_image=&#8221;https:\/\/assumpta-eu.org\/wp-content\/uploads\/2023\/08\/Lithuania_as-scaled.jpeg&#8221; background_blend=&#8221;multiply&#8221; custom_padding=&#8221;20vw||20vw||true|false&#8221; link_option_url=&#8221;https:\/\/assumpta-eu.org\/lt\/bendruomenes\/lietuva\/&#8221; global_colors_info=&#8221;{}&#8221; background__hover_enabled=&#8221;on|hover&#8221; background_color__hover=&#8221;#FFD23F&#8221; background_enable_color__hover=&#8221;on&#8221;][et_pb_text _builder_version=&#8221;4.22.1&#8243; _module_preset=&#8221;default&#8221; text_text_color=&#8221;#FFD23F&#8221; text_font_size=&#8221;30px&#8221; text_orientation=&#8221;center&#8221; global_colors_info=&#8221;{}&#8221;]<\/p>\n<p>Lietuva<\/p>\n<p>[\/et_pb_text][\/et_pb_column][\/et_pb_row][\/et_pb_section][et_pb_section fb_built=&#8221;1&#8243; _builder_version=&#8221;4.22.1&#8243; _module_preset=&#8221;default&#8221; background_color=&#8221;rgba(255,255,255,0.7)&#8221; background_image=&#8221;https:\/\/assumpta-eu.org\/wp-content\/uploads\/2024\/04\/Captura-de-pantalla-2023-08-23-a-las-13.30.13-2.png&#8221; background_size=&#8221;contain&#8221; background_blend=&#8221;screen&#8221; custom_padding=&#8221;10vw||10vw||true|false&#8221; bottom_divider_style=&#8221;wave2&#8243; bottom_divider_color=&#8221;#2C0047&#8243; link_option_url=&#8221;\/communities\/world&#8221; global_colors_info=&#8221;{}&#8221; background__hover_enabled=&#8221;on|hover&#8221; background_color__hover=&#8221;rgba(255,255,255,0.35)&#8221; background_enable_color__hover=&#8221;on&#8221; background_blend__hover=&#8221;screen&#8221;][et_pb_row _builder_version=&#8221;4.22.1&#8243; _module_preset=&#8221;default&#8221; global_colors_info=&#8221;{}&#8221;][et_pb_column type=&#8221;4_4&#8243; _builder_version=&#8221;4.22.1&#8243; _module_preset=&#8221;default&#8221; global_colors_info=&#8221;{}&#8221;][et_pb_text _builder_version=&#8221;4.22.1&#8243; _module_preset=&#8221;default&#8221; text_text_color=&#8221;#755882&#8243; text_font_size=&#8221;40px&#8221; text_orientation=&#8221;center&#8221; global_colors_info=&#8221;{}&#8221;]<\/p>\n<p>Pasaulyje<\/p>\n<p>[\/et_pb_text][\/et_pb_column][\/et_pb_row][\/et_pb_section]<\/p>\n","protected":false},"excerpt":{"rendered":"<p>Bendruomen\u0117sItalija Nuo 1888 m.Religiose dell\u2019AssunzioneComunit\u00e0 di Comovia S. Carpoforo 722100 ComoItaliaTel: +39 031 260 454Email: religioseassunzionecomo@gmail.comwww.istitutosancarpoforo.com San Carpoforo mokykla Como mieste, \u0161iaur\u0117s Italijoje, buvo \u012fkurta 1923 m. kaip pranc\u016bz\u0173 kult\u016bros centras ir vaik\u0173 dar\u017eelis. \u012e Kom\u0105 1968 m. atvyko Marijos Dangun \u0116mimo seserys. \u0160iandien savo \u0161vietimo misij\u0105 vykdome dvikalb\u0117je mokykloje (angl\u0173-ital\u0173 kalba). Religiose dell\u2019AssunzioneComunit\u00e0 di [&hellip;]<\/p>\n","protected":false},"author":1,"featured_media":0,"parent":3083,"menu_order":0,"comment_status":"closed","ping_status":"closed","template":"","meta":{"_et_pb_use_builder":"on","_et_pb_old_content":"","_et_gb_content_width":"","footnotes":""},"class_list":["post-3297","page","type-page","status-publish","hentry"],"yoast_head":"<!-- This site is optimized with the Yoast SEO plugin v27.4 - https:\/\/yoast.com\/product\/yoast-seo-wordpress\/ -->\n<title>Italija - Religious of the Assumption &gt; Province of Europe<\/title>\n<meta name=\"robots\" content=\"index, follow, max-snippet:-1, max-image-preview:large, max-video-preview:-1\" \/>\n<link rel=\"canonical\" href=\"https:\/\/assumpta-eu.org\/lt\/bendruomenes\/italija\/\" \/>\n<meta property=\"og:locale\" content=\"lt_LT\" \/>\n<meta property=\"og:type\" content=\"article\" \/>\n<meta property=\"og:title\" content=\"Italija - Religious of the Assumption &gt; Province of Europe\" \/>\n<meta property=\"og:description\" content=\"Bendruomen\u0117sItalija Nuo 1888 m.Religiose dell\u2019AssunzioneComunit\u00e0 di Comovia S. Carpoforo 722100 ComoItaliaTel: +39 031 260 454Email: religioseassunzionecomo@gmail.comwww.istitutosancarpoforo.com San Carpoforo mokykla Como mieste, \u0161iaur\u0117s Italijoje, buvo \u012fkurta 1923 m. kaip pranc\u016bz\u0173 kult\u016bros centras ir vaik\u0173 dar\u017eelis. \u012e Kom\u0105 1968 m. atvyko Marijos Dangun \u0116mimo seserys. \u0160iandien savo \u0161vietimo misij\u0105 vykdome dvikalb\u0117je mokykloje (angl\u0173-ital\u0173 kalba). Religiose dell\u2019AssunzioneComunit\u00e0 di [&hellip;]\" \/>\n<meta property=\"og:url\" content=\"https:\/\/assumpta-eu.org\/lt\/bendruomenes\/italija\/\" \/>\n<meta property=\"og:site_name\" content=\"Religious of the Assumption &gt; Province of Europe\" \/>\n<meta property=\"article:publisher\" content=\"http:\/\/www.facebook.com\/assumptionUK\" \/>\n<meta property=\"article:modified_time\" content=\"2025-11-11T16:01:36+00:00\" \/>\n<meta name=\"twitter:card\" content=\"summary_large_image\" \/>\n<meta name=\"twitter:site\" content=\"@AssumptionRA\" \/>\n<meta name=\"twitter:label1\" content=\"Est. reading time\" \/>\n\t<meta name=\"twitter:data1\" content=\"6 minut\u0117s\" \/>\n<script type=\"application\/ld+json\" class=\"yoast-schema-graph\">{\"@context\":\"https:\\\/\\\/schema.org\",\"@graph\":[{\"@type\":\"WebPage\",\"@id\":\"https:\\\/\\\/assumpta-eu.org\\\/lt\\\/bendruomenes\\\/italija\\\/\",\"url\":\"https:\\\/\\\/assumpta-eu.org\\\/lt\\\/bendruomenes\\\/italija\\\/\",\"name\":\"Italija - Religious of the Assumption &gt; Province of Europe\",\"isPartOf\":{\"@id\":\"https:\\\/\\\/assumpta-eu.org\\\/lt\\\/#website\"},\"datePublished\":\"2023-08-23T11:01:13+00:00\",\"dateModified\":\"2025-11-11T16:01:36+00:00\",\"breadcrumb\":{\"@id\":\"https:\\\/\\\/assumpta-eu.org\\\/lt\\\/bendruomenes\\\/italija\\\/#breadcrumb\"},\"inLanguage\":\"lt-LT\",\"potentialAction\":[{\"@type\":\"ReadAction\",\"target\":[\"https:\\\/\\\/assumpta-eu.org\\\/lt\\\/bendruomenes\\\/italija\\\/\"]}]},{\"@type\":\"BreadcrumbList\",\"@id\":\"https:\\\/\\\/assumpta-eu.org\\\/lt\\\/bendruomenes\\\/italija\\\/#breadcrumb\",\"itemListElement\":[{\"@type\":\"ListItem\",\"position\":1,\"name\":\"Home\",\"item\":\"https:\\\/\\\/assumpta-eu.org\\\/lt\\\/\"},{\"@type\":\"ListItem\",\"position\":2,\"name\":\"Bendruomen\u0117s\",\"item\":\"https:\\\/\\\/assumpta-eu.org\\\/lt\\\/bendruomenes\\\/\"},{\"@type\":\"ListItem\",\"position\":3,\"name\":\"Italija\"}]},{\"@type\":\"WebSite\",\"@id\":\"https:\\\/\\\/assumpta-eu.org\\\/lt\\\/#website\",\"url\":\"https:\\\/\\\/assumpta-eu.org\\\/lt\\\/\",\"name\":\"Province of Europe of the Religious of the Assumption\",\"description\":\"Make Christ known and loved\",\"publisher\":{\"@id\":\"https:\\\/\\\/assumpta-eu.org\\\/lt\\\/#organization\"},\"potentialAction\":[{\"@type\":\"SearchAction\",\"target\":{\"@type\":\"EntryPoint\",\"urlTemplate\":\"https:\\\/\\\/assumpta-eu.org\\\/lt\\\/?s={search_term_string}\"},\"query-input\":{\"@type\":\"PropertyValueSpecification\",\"valueRequired\":true,\"valueName\":\"search_term_string\"}}],\"inLanguage\":\"lt-LT\"},{\"@type\":\"Organization\",\"@id\":\"https:\\\/\\\/assumpta-eu.org\\\/lt\\\/#organization\",\"name\":\"Religious of the Assumption\",\"url\":\"https:\\\/\\\/assumpta-eu.org\\\/lt\\\/\",\"logo\":{\"@type\":\"ImageObject\",\"inLanguage\":\"lt-LT\",\"@id\":\"https:\\\/\\\/assumpta-eu.org\\\/lt\\\/#\\\/schema\\\/logo\\\/image\\\/\",\"url\":\"https:\\\/\\\/assumpta-eu.org\\\/wp-content\\\/uploads\\\/2023\\\/06\\\/RA-EU-logos-02.png\",\"contentUrl\":\"https:\\\/\\\/assumpta-eu.org\\\/wp-content\\\/uploads\\\/2023\\\/06\\\/RA-EU-logos-02.png\",\"width\":705,\"height\":729,\"caption\":\"Religious of the Assumption\"},\"image\":{\"@id\":\"https:\\\/\\\/assumpta-eu.org\\\/lt\\\/#\\\/schema\\\/logo\\\/image\\\/\"},\"sameAs\":[\"http:\\\/\\\/www.facebook.com\\\/assumptionUK\",\"https:\\\/\\\/x.com\\\/AssumptionRA\",\"http:\\\/\\\/www.instagram.com\\\/assumptionuk\"]}]}<\/script>\n<!-- \/ Yoast SEO plugin. -->","yoast_head_json":{"title":"Italija - Religious of the Assumption &gt; Province of Europe","robots":{"index":"index","follow":"follow","max-snippet":"max-snippet:-1","max-image-preview":"max-image-preview:large","max-video-preview":"max-video-preview:-1"},"canonical":"https:\/\/assumpta-eu.org\/lt\/bendruomenes\/italija\/","og_locale":"lt_LT","og_type":"article","og_title":"Italija - Religious of the Assumption &gt; Province of Europe","og_description":"Bendruomen\u0117sItalija Nuo 1888 m.Religiose dell\u2019AssunzioneComunit\u00e0 di Comovia S. Carpoforo 722100 ComoItaliaTel: +39 031 260 454Email: religioseassunzionecomo@gmail.comwww.istitutosancarpoforo.com San Carpoforo mokykla Como mieste, \u0161iaur\u0117s Italijoje, buvo \u012fkurta 1923 m. kaip pranc\u016bz\u0173 kult\u016bros centras ir vaik\u0173 dar\u017eelis. \u012e Kom\u0105 1968 m. atvyko Marijos Dangun \u0116mimo seserys. \u0160iandien savo \u0161vietimo misij\u0105 vykdome dvikalb\u0117je mokykloje (angl\u0173-ital\u0173 kalba). Religiose dell\u2019AssunzioneComunit\u00e0 di [&hellip;]","og_url":"https:\/\/assumpta-eu.org\/lt\/bendruomenes\/italija\/","og_site_name":"Religious of the Assumption &gt; Province of Europe","article_publisher":"http:\/\/www.facebook.com\/assumptionUK","article_modified_time":"2025-11-11T16:01:36+00:00","twitter_card":"summary_large_image","twitter_site":"@AssumptionRA","twitter_misc":{"Est. reading time":"6 minut\u0117s"},"schema":{"@context":"https:\/\/schema.org","@graph":[{"@type":"WebPage","@id":"https:\/\/assumpta-eu.org\/lt\/bendruomenes\/italija\/","url":"https:\/\/assumpta-eu.org\/lt\/bendruomenes\/italija\/","name":"Italija - Religious of the Assumption &gt; Province of Europe","isPartOf":{"@id":"https:\/\/assumpta-eu.org\/lt\/#website"},"datePublished":"2023-08-23T11:01:13+00:00","dateModified":"2025-11-11T16:01:36+00:00","breadcrumb":{"@id":"https:\/\/assumpta-eu.org\/lt\/bendruomenes\/italija\/#breadcrumb"},"inLanguage":"lt-LT","potentialAction":[{"@type":"ReadAction","target":["https:\/\/assumpta-eu.org\/lt\/bendruomenes\/italija\/"]}]},{"@type":"BreadcrumbList","@id":"https:\/\/assumpta-eu.org\/lt\/bendruomenes\/italija\/#breadcrumb","itemListElement":[{"@type":"ListItem","position":1,"name":"Home","item":"https:\/\/assumpta-eu.org\/lt\/"},{"@type":"ListItem","position":2,"name":"Bendruomen\u0117s","item":"https:\/\/assumpta-eu.org\/lt\/bendruomenes\/"},{"@type":"ListItem","position":3,"name":"Italija"}]},{"@type":"WebSite","@id":"https:\/\/assumpta-eu.org\/lt\/#website","url":"https:\/\/assumpta-eu.org\/lt\/","name":"Province of Europe of the Religious of the Assumption","description":"Make Christ known and loved","publisher":{"@id":"https:\/\/assumpta-eu.org\/lt\/#organization"},"potentialAction":[{"@type":"SearchAction","target":{"@type":"EntryPoint","urlTemplate":"https:\/\/assumpta-eu.org\/lt\/?s={search_term_string}"},"query-input":{"@type":"PropertyValueSpecification","valueRequired":true,"valueName":"search_term_string"}}],"inLanguage":"lt-LT"},{"@type":"Organization","@id":"https:\/\/assumpta-eu.org\/lt\/#organization","name":"Religious of the Assumption","url":"https:\/\/assumpta-eu.org\/lt\/","logo":{"@type":"ImageObject","inLanguage":"lt-LT","@id":"https:\/\/assumpta-eu.org\/lt\/#\/schema\/logo\/image\/","url":"https:\/\/assumpta-eu.org\/wp-content\/uploads\/2023\/06\/RA-EU-logos-02.png","contentUrl":"https:\/\/assumpta-eu.org\/wp-content\/uploads\/2023\/06\/RA-EU-logos-02.png","width":705,"height":729,"caption":"Religious of the Assumption"},"image":{"@id":"https:\/\/assumpta-eu.org\/lt\/#\/schema\/logo\/image\/"},"sameAs":["http:\/\/www.facebook.com\/assumptionUK","https:\/\/x.com\/AssumptionRA","http:\/\/www.instagram.com\/assumptionuk"]}]}},"_links":{"self":[{"href":"https:\/\/assumpta-eu.org\/lt\/wp-json\/wp\/v2\/pages\/3297","targetHints":{"allow":["GET"]}}],"collection":[{"href":"https:\/\/assumpta-eu.org\/lt\/wp-json\/wp\/v2\/pages"}],"about":[{"href":"https:\/\/assumpta-eu.org\/lt\/wp-json\/wp\/v2\/types\/page"}],"author":[{"embeddable":true,"href":"https:\/\/assumpta-eu.org\/lt\/wp-json\/wp\/v2\/users\/1"}],"replies":[{"embeddable":true,"href":"https:\/\/assumpta-eu.org\/lt\/wp-json\/wp\/v2\/comments?post=3297"}],"version-history":[{"count":8,"href":"https:\/\/assumpta-eu.org\/lt\/wp-json\/wp\/v2\/pages\/3297\/revisions"}],"predecessor-version":[{"id":6260,"href":"https:\/\/assumpta-eu.org\/lt\/wp-json\/wp\/v2\/pages\/3297\/revisions\/6260"}],"up":[{"embeddable":true,"href":"https:\/\/assumpta-eu.org\/lt\/wp-json\/wp\/v2\/pages\/3083"}],"wp:attachment":[{"href":"https:\/\/assumpta-eu.org\/lt\/wp-json\/wp\/v2\/media?parent=3297"}],"curies":[{"name":"wp","href":"https:\/\/api.w.org\/{rel}","templated":true}]}}