{"id":3293,"date":"2023-08-24T13:40:41","date_gmt":"2023-08-24T11:40:41","guid":{"rendered":"https:\/\/assumpta-eu.org\/klimatas-ir-teisingumas\/"},"modified":"2024-09-03T15:04:06","modified_gmt":"2024-09-03T13:04:06","slug":"klimatas-ir-teisingumas","status":"publish","type":"page","link":"https:\/\/assumpta-eu.org\/lt\/misija\/klimatas-ir-teisingumas\/","title":{"rendered":"Klimatas ir teisingumas"},"content":{"rendered":"<p><div class=\"et_d4_element et_pb_section et_pb_section_0 et_pb_section_parallax et_pb_with_background  et_pb_css_mix_blend_mode et_section_regular section_has_divider et_pb_bottom_divider et_pb_top_divider et_block_section\" >\n\t\t\t\t<div class=\"et_pb_top_inside_divider et-no-transition\"><\/div>\n\t\t\t\t<span class=\"et_parallax_bg_wrap et-pb-parallax-wrapper\"><span\n\t\t\t\t\t\tclass=\"et_parallax_bg et_parallax_bg--et_pb_section_0\"\n\t\t\t\t\t\tstyle=\"background-image: url(https:\/\/assumpta-eu.org\/wp-content\/uploads\/2023\/08\/PXL_20220630_131922609.MP_as.jpg);\"\n\t\t\t\t\t><\/span><span\n\t\t\t\t\t\tclass=\"et_parallax_gradient\"\n\t\t\t\t\t\tstyle=\"background-image: linear-gradient( 80deg, rgba(44,0,71,0.88) 0%, rgba(117,88,130,0.5) 100% );\"\n\t\t\t\t\t><\/span><\/span>\n\t\t\t\t\n\t\t\t\t\n\t\t\t\t\n\t\t\t\t\n\t\t\t\t<div class=\"et_d4_element et_pb_row et_pb_row_0 et_pb_equal_columns et_pb_gutters1  et_pb_css_mix_blend_mode et_block_row\">\n\t\t\t\t<div class=\"et_d4_element et_pb_column_4_4 et_pb_column et_pb_column_0  et_pb_css_mix_blend_mode et-last-child et_block_column\">\n\t\t\t\t\n\t\t\t\t\n\t\t\t\t\n\t\t\t\t\n\t\t\t\t<div class=\"et_pb_module et_d4_element et_pb_text et_pb_text_0  et_pb_text_align_left et_pb_bg_layout_light\">\n\t\t\t\t\n\t\t\t\t\n\t\t\t\t\n\t\t\t\t\n\t\t\t\t<div class=\"et_pb_text_inner\"><h1>Misija<\/h1><\/div>\n\t\t\t<\/div><div class=\"et_pb_module et_d4_element et_pb_text et_pb_text_1 et_animated  et_pb_text_align_left et_pb_bg_layout_light\">\n\t\t\t\t\n\t\t\t\t\n\t\t\t\t\n\t\t\t\t\n\t\t\t\t<div class=\"et_pb_text_inner\"><h2>Klimatas ir teisingumas<\/h2><\/div>\n\t\t\t<\/div><div class=\"et_pb_module et_d4_element et_pb_text et_pb_text_2 claro et_animated  et_pb_text_align_left et_pb_bg_layout_light\">\n\t\t\t\t\n\t\t\t\t\n\t\t\t\t\n\t\t\t\t\n\t\t\t\t<div class=\"et_pb_text_inner\"><p><em><span data-contrast=\"auto\" lang=\"EN-US\" class=\"TextRun SCXW102881961 BCX0\"><span class=\"NormalTextRun SCXW102881961 BCX0\">\u201e<span data-contrast=\"auto\" lang=\"EN-GB\" class=\"TextRun SCXW28508394 BCX0\"><span class=\"NormalTextRun SCXW28508394 BCX0\">Drauge su visais, \u012fsipareigojusiais kurti broli\u0161kesn\u012f pasaul\u012f, seserys nori darbuotis vardan teisingumo, kuris yra Evangelijos mokymu persmelktos visuomen\u0117s k\u016brimo s\u0105lyga bei i\u0161rai\u0161ka.<\/span><\/span><\/span><\/span><span data-contrast=\"auto\" lang=\"EN-US\" class=\"TextRun SCXW102881961 BCX0\"><span class=\"NormalTextRun SCXW102881961 BCX0\">\u201d<\/span><\/span><\/em><\/p>\n<p style=\"text-align: right;\"><strong><span data-contrast=\"auto\" xml:lang=\"EN-GB\" lang=\"EN-GB\" class=\"TextRun SCXW28508394 BCX0\"><span class=\"NormalTextRun SCXW28508394 BCX0\">(Gyvenimo Regula, Nr. 79)<\/span><\/span><\/strong><\/p><\/div>\n\t\t\t<\/div>\n\t\t\t<\/div>\n\t\t\t\t\n\t\t\t\t\n\t\t\t\t\n\t\t\t\t\n\t\t\t<\/div>\n\t\t\t\t\n\t\t\t\t<div class=\"et_pb_bottom_inside_divider et-no-transition\"><\/div>\n\t\t\t<\/div><div class=\"et_d4_element et_pb_section et_pb_section_1 et_pb_with_background  et_pb_css_mix_blend_mode et_section_regular et_block_section\" >\n\t\t\t\t\n\t\t\t\t\n\t\t\t\t\n\t\t\t\t\n\t\t\t\t\n\t\t\t\t\n\t\t\t\t<div class=\"et_d4_element et_pb_row et_pb_row_1 et_pb_equal_columns  et_pb_css_mix_blend_mode et_block_row\">\n\t\t\t\t<div class=\"et_d4_element et_pb_column_3_5 et_pb_column et_pb_column_1  et_pb_css_mix_blend_mode et_block_column\">\n\t\t\t\t\n\t\t\t\t\n\t\t\t\t\n\t\t\t\t\n\t\t\t\t<div class=\"et_pb_module et_d4_element et_pb_text et_pb_text_3  et_pb_text_align_left et_pb_bg_layout_light\">\n\t\t\t\t\n\t\t\t\t\n\t\t\t\t\n\t\t\t\t\n\t\t\t\t<div class=\"et_pb_text_inner\"><h4>\u012esipareigojimas keistis<\/h4><\/div>\n\t\t\t<\/div><div class=\"et_pb_module et_d4_element et_pb_text et_pb_text_4 et_animated  et_pb_text_align_left et_pb_bg_layout_light\">\n\t\t\t\t\n\t\t\t\t\n\t\t\t\t\n\t\t\t\t\n\t\t\t\t<div class=\"et_pb_text_inner\"><h2><span>Evangelijos vertyb\u0117s i\u0161\u0161\u016bki\u0173 kupiname pasaulyje<\/span><\/h2><\/div>\n\t\t\t<\/div><div class=\"et_pb_module et_d4_element et_pb_text et_pb_text_5 et_animated  et_pb_text_align_left et_pb_bg_layout_light\">\n\t\t\t\t\n\t\t\t\t\n\t\t\t\t\n\t\t\t\t\n\t\t\t\t<div class=\"et_pb_text_inner\"><p><strong>Susid\u016br\u0119 su pasaulio i\u0161\u0161\u016bkiais<\/strong> pripa\u017e\u012fstame, kad norint <strong>myl\u0117ti savo laikmet\u012f <\/strong> ir bendradarbiauti vykdant socialin\u0119 kait\u0105 pagal Evangelijos vertybes, reikia \u012fsipareigoti siekti <strong>teisingumo, taikos ir k\u016brinijos integralumo<\/strong>. Tokiam \u012fsipareigojimui kvie\u010dia Biblija ir Ba\u017eny\u010dios socialinis mokymas. <\/p>\n<p><strong>Teisingumas, taika, r\u016bpinimasis k\u016brinija ir solidarumas<\/strong> yra m\u016bs\u0173 asmeninio ir bendruomen\u0117s gyvenimo bei misij\u0173 dalis. <em>\u201eLaukiame kvietimo toliau b\u016bti k\u016brybingiems ir imti skonkre\u010di\u0173 veiksm\u0173, suvokiant glaud\u0173 ry\u0161\u012f tarp varg\u0161\u0173 ir m\u016bs\u0173 planetos trapumo.\u201c<\/em> (Kongregacijos Generalin\u0117 kapitula, Lurdas, 2018 m.)<\/p><\/div>\n\t\t\t<\/div>\n\t\t\t<\/div><div class=\"et_d4_element et_pb_column_2_5 et_pb_column et_pb_column_2  et_pb_css_mix_blend_mode et-last-child et_block_column\">\n\t\t\t\t\n\t\t\t\t\n\t\t\t\t\n\t\t\t\t\n\t\t\t\t<div class=\"et_pb_module et_d4_element et_pb_image et_pb_image_0 et_animated et-waypoint\">\n\t\t\t\t\n\t\t\t\t\n\t\t\t\t\n\t\t\t\t\n\t\t\t\t<span class=\"et_pb_image_wrap has-box-shadow-overlay\"><div class=\"box-shadow-overlay\"><\/div><img loading=\"lazy\" decoding=\"async\" width=\"2560\" height=\"1920\" src=\"https:\/\/assumpta-eu.org\/wp-content\/uploads\/2023\/08\/DSCN2155_as.jpg\" alt=\"\" title=\"DSCN2155_as\" srcset=\"https:\/\/assumpta-eu.org\/wp-content\/uploads\/2023\/08\/DSCN2155_as.jpg 2560w, https:\/\/assumpta-eu.org\/wp-content\/uploads\/2023\/08\/DSCN2155_as-1280x960.jpg 1280w, https:\/\/assumpta-eu.org\/wp-content\/uploads\/2023\/08\/DSCN2155_as-980x735.jpg 980w, https:\/\/assumpta-eu.org\/wp-content\/uploads\/2023\/08\/DSCN2155_as-480x360.jpg 480w\" sizes=\"(min-width: 0px) and (max-width: 480px) 480px, (min-width: 481px) and (max-width: 980px) 980px, (min-width: 981px) and (max-width: 1280px) 1280px, (min-width: 1281px) 2560px, 100vw\" class=\"wp-image-467\" \/><\/span>\n\t\t\t<\/div>\n\t\t\t<\/div>\n\t\t\t\t\n\t\t\t\t\n\t\t\t\t\n\t\t\t\t\n\t\t\t<\/div>\n\t\t\t\t\n\t\t\t\t\n\t\t\t<\/div><div class=\"et_d4_element et_pb_section et_pb_section_2 et_pb_with_background  et_pb_css_mix_blend_mode et_section_regular et_block_section\" >\n\t\t\t\t\n\t\t\t\t\n\t\t\t\t\n\t\t\t\t\n\t\t\t\t\n\t\t\t\t\n\t\t\t\t<div class=\"et_d4_element et_pb_row et_pb_row_2  et_pb_css_mix_blend_mode et_block_row\">\n\t\t\t\t<div class=\"et_d4_element et_pb_column_3_5 et_pb_column et_pb_column_3  et_pb_css_mix_blend_mode et_block_column\">\n\t\t\t\t\n\t\t\t\t\n\t\t\t\t\n\t\t\t\t\n\t\t\t\t<div class=\"et_pb_module et_d4_element et_pb_text et_pb_text_6 et_animated  et_pb_text_align_left et_pb_bg_layout_light\">\n\t\t\t\t\n\t\t\t\t\n\t\t\t\t\n\t\t\t\t\n\t\t\t\t<div class=\"et_pb_text_inner\"><blockquote>\n<p>\u201e<span class=\"NormalTextRun SCXW14431040 BCX0\">Naujoji <\/span> <span class=\"NormalTextRun SpellingErrorV2Themed SCXW14431040 BCX0\">kosmin\u0117<\/span> <span class=\"NormalTextRun SCXW14431040 BCX0\">vizija, maitinanti vienuolijos dvasingum\u0105, gyvenimo b\u016bd\u0105 ir ugdym\u0105 atgaivina Marijos Eugenijos patirt\u012f, \u012f\u017evalgas ir apm\u0105stymus, kuriais ji dalijosi su pirmosiomis seserimis\u201c<\/span><\/p>\n<p style=\"text-align: right;\"><strong><span class=\"NormalTextRun SCXW14431040 BCX0\">Ses. Ana Senties<br \/><\/span><\/strong><span class=\"NormalTextRun SCXW14431040 BCX0\">Ekologin\u0117s nuostatos link, 2015 m.<\/span><\/p>\n<\/blockquote><\/div>\n\t\t\t<\/div>\n\t\t\t<\/div><div class=\"et_d4_element et_pb_column_2_5 et_pb_column et_pb_column_4  et_pb_css_mix_blend_mode et-last-child et_block_column et_pb_column_empty\">\n\t\t\t\t\n\t\t\t\t\n\t\t\t\t\n\t\t\t\t\n\t\t\t\t\n\t\t\t<\/div>\n\t\t\t\t\n\t\t\t\t\n\t\t\t\t\n\t\t\t\t\n\t\t\t<\/div>\n\t\t\t\t\n\t\t\t\t\n\t\t\t<\/div><div class=\"et_d4_element et_pb_section et_pb_section_3 et_pb_section_parallax et_pb_with_background  et_pb_css_mix_blend_mode et_section_regular section_has_divider et_pb_bottom_divider et_pb_top_divider et_block_section\" >\n\t\t\t\t<div class=\"et_pb_top_inside_divider et-no-transition\"><\/div>\n\t\t\t\t<span class=\"et_parallax_bg_wrap et-pb-parallax-wrapper\"><span\n\t\t\t\t\t\tclass=\"et_parallax_bg et_parallax_bg--et_pb_section_3\"\n\t\t\t\t\t\tstyle=\"background-image: url(https:\/\/assumpta-eu.org\/wp-content\/uploads\/2023\/08\/IMG_20200818_154502-1_as-rotated.jpg);\"\n\t\t\t\t\t><\/span><span\n\t\t\t\t\t\tclass=\"et_parallax_gradient\"\n\t\t\t\t\t\tstyle=\"background-image: linear-gradient( 90deg, rgba(44,0,71,0.9) 0%, rgba(44, 0, 71, 0.69) 23%, rgba(44,0,71,0.64) 47%, rgba(44,0,71,0) 100% );\"\n\t\t\t\t\t><\/span><\/span>\n\t\t\t\t\n\t\t\t\t\n\t\t\t\t\n\t\t\t\t\n\t\t\t\t<div class=\"et_d4_element et_pb_row et_pb_row_3  et_pb_css_mix_blend_mode et_block_row\">\n\t\t\t\t<div class=\"et_d4_element et_pb_column_4_4 et_pb_column et_pb_column_5  et_pb_css_mix_blend_mode et-last-child et_block_column\">\n\t\t\t\t\n\t\t\t\t\n\t\t\t\t\n\t\t\t\t\n\t\t\t\t<div class=\"et_pb_module et_d4_element et_pb_tabs et_pb_tabs_0 \" >\n\t\t\t\t\n\t\t\t\t\n\t\t\t\t\n\t\t\t\t\n\t\t\t\t<ul class=\"et_pb_tabs_controls clearfix\">\n\t\t\t\t\t<li class=\"et_pb_tab_0 et_pb_tab_active\"><a href=\"#\">KOD\u0116L?<\/a><\/li><li class=\"et_pb_tab_1\"><a href=\"#\">KAIP?<\/a><\/li>\n\t\t\t\t<\/ul>\n\t\t\t\t<div class=\"et_pb_all_tabs\">\n\t\t\t\t\t<div class=\"et_d4_element et_pb_tab et_pb_tab_0 clearfix et_pb_active_content\">\n\t\t\t\t\n\t\t\t\t\n\t\t\t\t\n\t\t\t\t\n\t\t\t\t<div class=\"et_pb_tab_content\"><p>Turime pasitelkti dvasinius i\u0161teklius, kad \u012fveiktume i\u0161\u0161\u016bkius, su kuriais susiduria m\u016bs\u0173 bendri namai. Marija Eugenija m\u0117go kartoti: <em>\u201e\u0160i \u017eem\u0117 yra Dievo \u0161lov\u0117s vieta\u201c<\/em> <\/p>\n<p>Naujos kongregacijos pagrindu Marija Eugenija pasirinko <b><span data-contrast=\"auto\">\u012esik\u016bnijimo sl\u0117pin\u012f<\/span><\/b>. Jame \u017emonija pakyl\u0117jama iki Dievo ir viskas sutaikinama Kristuje. Tai raktas \u012f k\u016brinijos tarpusavio priklausomyb\u0117s suvokim\u0105, nes <em> viskas skirta J\u0117zui Kristui<\/em>. Jis yra m\u016bs\u0173 veiklos, siekiant teisingumo, taikos ir d\u0117mesio k\u016brinijai, pagrindas.   <span data-ccp-props=\"{\"201341983\":0,\"335559739\":160,\"335559740\":259}\"><\/span><\/p>\n<p><em>\u201eDievas yra gerumas, kuris nori save dovanoti\u201c<\/em> (Marija Eugenija, 1879). K\u016brinijoje esama galutinio g\u0117rio, net jei j\u012f subjaurojo \u017emogaus klaidos. Vertiname i\u0161 Dievo gautas dovanas ir puosel\u0117jame gyvyb\u0117s stebukl\u0105. Planetoje, kuriai kelia gr\u0117sm\u0119 klimato ir aplinkos apsaugos problemos, pandemijos, nelygyb\u0117, \u0161iandien atgaiviname buvimo \u017emogumi d\u017eiaugsm\u0105 ir kliaujam\u0117s begaliniu Dievo gerumu.   <\/p><\/div>\n\t\t\t<\/div><div class=\"et_d4_element et_pb_tab et_pb_tab_1 clearfix\">\n\t\t\t\t\n\t\t\t\t\n\t\t\t\t\n\t\t\t\t\n\t\t\t\t<div class=\"et_pb_tab_content\"><b>Dievo Karalyst\u0117s vertyb\u0117s<\/b><\/p>\n<p>Dirbame siekdami visuomen\u0117s, kurioje viskas susij\u0119, poky\u010di\u0173. Kadangi <em>\u201eesame m\u016bs\u0173 bendr\u0173 nam\u0173, \u017eem\u0117s ir kiekvieno k\u016brinio glob\u0117jai\u201c <\/em> (Popie\u017eius Pranci\u0161kus, Fratelli Tutti), m\u016bs\u0173 pasirinkimai negali b\u016bti atsitiktiniai. Atsi\u017evelgiame \u012f savo veiksm\u0173 socialines pasekmes ir poveik\u012f klimatui bei aplinkai, siekiame skatinti dialog\u0105, taik\u0105 ir sutarim\u0105. Gyvendami paprastai, su d\u017eiaugsmingo atsisakymo dvasia, laukiame Dievo Karalyst\u0117s at\u0117jimo ir keliaujame jos link tik\u0117dami, kad visa k\u016brinija yra pa\u0161aukta \u012f gyvenimo pilnatv\u0119.<\/p>\n<p><strong>Malda<\/strong><\/p>\n<p>Dievo Karalyst\u0117s at\u0117jimas prasideda \u0161irdyje ir jam vadovauja \u0160ventoji Dvasia. Maldoje i\u0161girstame, ko i\u0161 m\u016bs\u0173 pra\u0161oma, ir savo silpnume gauname j\u0117g\u0173 atsiliepti. Mes tikime, kad <em>\u201eDievas viskam vadovauja, ir n\u0117ra labiau mylin\u010dios ir i\u0161mintingesn\u0117s rankos, kuri gal\u0117t\u0173 lemti m\u016bs\u0173 gyvenim\u0105.\u201c<\/em> (\u0160v. Marija Eugenija)<\/p>\n<p>Skaityti pla\u010diau: <a href=\"https:\/\/jpic-assumpta.org\/\" target=\"_blank\" rel=\"noreferrer noopener\">https:\/\/jpic-assumpta.org<\/a><\/div>\n\t\t\t<\/div>\n\t\t\t\t<\/div>\n\t\t\t<\/div>\n\t\t\t<\/div>\n\t\t\t\t\n\t\t\t\t\n\t\t\t\t\n\t\t\t\t\n\t\t\t<\/div>\n\t\t\t\t\n\t\t\t\t<div class=\"et_pb_bottom_inside_divider et-no-transition\"><\/div>\n\t\t\t<\/div><\/p>\n","protected":false},"excerpt":{"rendered":"","protected":false},"author":1,"featured_media":0,"parent":3655,"menu_order":0,"comment_status":"closed","ping_status":"closed","template":"","meta":{"_et_pb_use_builder":"on","_et_pb_old_content":"","_et_gb_content_width":"","footnotes":""},"class_list":["post-3293","page","type-page","status-publish","hentry"],"yoast_head":"<!-- This site is optimized with the Yoast SEO plugin v27.5 - https:\/\/yoast.com\/product\/yoast-seo-wordpress\/ -->\n<title>Klimatas ir teisingumas - Religious of the Assumption &gt; Province of Europe<\/title>\n<meta name=\"robots\" content=\"index, follow, max-snippet:-1, max-image-preview:large, max-video-preview:-1\" \/>\n<link rel=\"canonical\" href=\"https:\/\/assumpta-eu.org\/lt\/misija\/klimatas-ir-teisingumas\/\" \/>\n<meta property=\"og:locale\" content=\"lt_LT\" \/>\n<meta property=\"og:type\" content=\"article\" \/>\n<meta property=\"og:title\" content=\"Klimatas ir teisingumas - Religious of the Assumption &gt; Province of Europe\" \/>\n<meta property=\"og:url\" content=\"https:\/\/assumpta-eu.org\/lt\/misija\/klimatas-ir-teisingumas\/\" \/>\n<meta property=\"og:site_name\" content=\"Religious of the Assumption &gt; Province of Europe\" \/>\n<meta property=\"article:publisher\" content=\"http:\/\/www.facebook.com\/assumptionUK\" \/>\n<meta property=\"article:modified_time\" content=\"2024-09-03T13:04:06+00:00\" \/>\n<meta name=\"twitter:card\" content=\"summary_large_image\" \/>\n<meta name=\"twitter:site\" content=\"@AssumptionRA\" \/>\n<meta name=\"twitter:label1\" content=\"Est. reading time\" \/>\n\t<meta name=\"twitter:data1\" content=\"9 minut\u0117s\" \/>\n<script type=\"application\/ld+json\" class=\"yoast-schema-graph\">{\"@context\":\"https:\\\/\\\/schema.org\",\"@graph\":[{\"@type\":\"WebPage\",\"@id\":\"https:\\\/\\\/assumpta-eu.org\\\/lt\\\/misija\\\/klimatas-ir-teisingumas\\\/\",\"url\":\"https:\\\/\\\/assumpta-eu.org\\\/lt\\\/misija\\\/klimatas-ir-teisingumas\\\/\",\"name\":\"Klimatas ir teisingumas - Religious of the Assumption &gt; Province of Europe\",\"isPartOf\":{\"@id\":\"https:\\\/\\\/assumpta-eu.org\\\/lt\\\/#website\"},\"datePublished\":\"2023-08-24T11:40:41+00:00\",\"dateModified\":\"2024-09-03T13:04:06+00:00\",\"breadcrumb\":{\"@id\":\"https:\\\/\\\/assumpta-eu.org\\\/lt\\\/misija\\\/klimatas-ir-teisingumas\\\/#breadcrumb\"},\"inLanguage\":\"lt-LT\",\"potentialAction\":[{\"@type\":\"ReadAction\",\"target\":[\"https:\\\/\\\/assumpta-eu.org\\\/lt\\\/misija\\\/klimatas-ir-teisingumas\\\/\"]}]},{\"@type\":\"BreadcrumbList\",\"@id\":\"https:\\\/\\\/assumpta-eu.org\\\/lt\\\/misija\\\/klimatas-ir-teisingumas\\\/#breadcrumb\",\"itemListElement\":[{\"@type\":\"ListItem\",\"position\":1,\"name\":\"Home\",\"item\":\"https:\\\/\\\/assumpta-eu.org\\\/lt\\\/\"},{\"@type\":\"ListItem\",\"position\":2,\"name\":\"Misija\",\"item\":\"https:\\\/\\\/assumpta-eu.org\\\/lt\\\/misija\\\/\"},{\"@type\":\"ListItem\",\"position\":3,\"name\":\"Klimatas ir teisingumas\"}]},{\"@type\":\"WebSite\",\"@id\":\"https:\\\/\\\/assumpta-eu.org\\\/lt\\\/#website\",\"url\":\"https:\\\/\\\/assumpta-eu.org\\\/lt\\\/\",\"name\":\"Province of Europe of the Religious of the Assumption\",\"description\":\"Make Christ known and loved\",\"publisher\":{\"@id\":\"https:\\\/\\\/assumpta-eu.org\\\/lt\\\/#organization\"},\"potentialAction\":[{\"@type\":\"SearchAction\",\"target\":{\"@type\":\"EntryPoint\",\"urlTemplate\":\"https:\\\/\\\/assumpta-eu.org\\\/lt\\\/?s={search_term_string}\"},\"query-input\":{\"@type\":\"PropertyValueSpecification\",\"valueRequired\":true,\"valueName\":\"search_term_string\"}}],\"inLanguage\":\"lt-LT\"},{\"@type\":\"Organization\",\"@id\":\"https:\\\/\\\/assumpta-eu.org\\\/lt\\\/#organization\",\"name\":\"Religious of the Assumption\",\"url\":\"https:\\\/\\\/assumpta-eu.org\\\/lt\\\/\",\"logo\":{\"@type\":\"ImageObject\",\"inLanguage\":\"lt-LT\",\"@id\":\"https:\\\/\\\/assumpta-eu.org\\\/lt\\\/#\\\/schema\\\/logo\\\/image\\\/\",\"url\":\"https:\\\/\\\/assumpta-eu.org\\\/wp-content\\\/uploads\\\/2023\\\/06\\\/RA-EU-logos-02.png\",\"contentUrl\":\"https:\\\/\\\/assumpta-eu.org\\\/wp-content\\\/uploads\\\/2023\\\/06\\\/RA-EU-logos-02.png\",\"width\":705,\"height\":729,\"caption\":\"Religious of the Assumption\"},\"image\":{\"@id\":\"https:\\\/\\\/assumpta-eu.org\\\/lt\\\/#\\\/schema\\\/logo\\\/image\\\/\"},\"sameAs\":[\"http:\\\/\\\/www.facebook.com\\\/assumptionUK\",\"https:\\\/\\\/x.com\\\/AssumptionRA\",\"http:\\\/\\\/www.instagram.com\\\/assumptionuk\"]}]}<\/script>\n<!-- \/ Yoast SEO plugin. -->","yoast_head_json":{"title":"Klimatas ir teisingumas - Religious of the Assumption &gt; Province of Europe","robots":{"index":"index","follow":"follow","max-snippet":"max-snippet:-1","max-image-preview":"max-image-preview:large","max-video-preview":"max-video-preview:-1"},"canonical":"https:\/\/assumpta-eu.org\/lt\/misija\/klimatas-ir-teisingumas\/","og_locale":"lt_LT","og_type":"article","og_title":"Klimatas ir teisingumas - Religious of the Assumption &gt; Province of Europe","og_url":"https:\/\/assumpta-eu.org\/lt\/misija\/klimatas-ir-teisingumas\/","og_site_name":"Religious of the Assumption &gt; Province of Europe","article_publisher":"http:\/\/www.facebook.com\/assumptionUK","article_modified_time":"2024-09-03T13:04:06+00:00","twitter_card":"summary_large_image","twitter_site":"@AssumptionRA","twitter_misc":{"Est. reading time":"9 minut\u0117s"},"schema":{"@context":"https:\/\/schema.org","@graph":[{"@type":"WebPage","@id":"https:\/\/assumpta-eu.org\/lt\/misija\/klimatas-ir-teisingumas\/","url":"https:\/\/assumpta-eu.org\/lt\/misija\/klimatas-ir-teisingumas\/","name":"Klimatas ir teisingumas - Religious of the Assumption &gt; Province of Europe","isPartOf":{"@id":"https:\/\/assumpta-eu.org\/lt\/#website"},"datePublished":"2023-08-24T11:40:41+00:00","dateModified":"2024-09-03T13:04:06+00:00","breadcrumb":{"@id":"https:\/\/assumpta-eu.org\/lt\/misija\/klimatas-ir-teisingumas\/#breadcrumb"},"inLanguage":"lt-LT","potentialAction":[{"@type":"ReadAction","target":["https:\/\/assumpta-eu.org\/lt\/misija\/klimatas-ir-teisingumas\/"]}]},{"@type":"BreadcrumbList","@id":"https:\/\/assumpta-eu.org\/lt\/misija\/klimatas-ir-teisingumas\/#breadcrumb","itemListElement":[{"@type":"ListItem","position":1,"name":"Home","item":"https:\/\/assumpta-eu.org\/lt\/"},{"@type":"ListItem","position":2,"name":"Misija","item":"https:\/\/assumpta-eu.org\/lt\/misija\/"},{"@type":"ListItem","position":3,"name":"Klimatas ir teisingumas"}]},{"@type":"WebSite","@id":"https:\/\/assumpta-eu.org\/lt\/#website","url":"https:\/\/assumpta-eu.org\/lt\/","name":"Province of Europe of the Religious of the Assumption","description":"Make Christ known and loved","publisher":{"@id":"https:\/\/assumpta-eu.org\/lt\/#organization"},"potentialAction":[{"@type":"SearchAction","target":{"@type":"EntryPoint","urlTemplate":"https:\/\/assumpta-eu.org\/lt\/?s={search_term_string}"},"query-input":{"@type":"PropertyValueSpecification","valueRequired":true,"valueName":"search_term_string"}}],"inLanguage":"lt-LT"},{"@type":"Organization","@id":"https:\/\/assumpta-eu.org\/lt\/#organization","name":"Religious of the Assumption","url":"https:\/\/assumpta-eu.org\/lt\/","logo":{"@type":"ImageObject","inLanguage":"lt-LT","@id":"https:\/\/assumpta-eu.org\/lt\/#\/schema\/logo\/image\/","url":"https:\/\/assumpta-eu.org\/wp-content\/uploads\/2023\/06\/RA-EU-logos-02.png","contentUrl":"https:\/\/assumpta-eu.org\/wp-content\/uploads\/2023\/06\/RA-EU-logos-02.png","width":705,"height":729,"caption":"Religious of the Assumption"},"image":{"@id":"https:\/\/assumpta-eu.org\/lt\/#\/schema\/logo\/image\/"},"sameAs":["http:\/\/www.facebook.com\/assumptionUK","https:\/\/x.com\/AssumptionRA","http:\/\/www.instagram.com\/assumptionuk"]}]}},"_links":{"self":[{"href":"https:\/\/assumpta-eu.org\/lt\/wp-json\/wp\/v2\/pages\/3293","targetHints":{"allow":["GET"]}}],"collection":[{"href":"https:\/\/assumpta-eu.org\/lt\/wp-json\/wp\/v2\/pages"}],"about":[{"href":"https:\/\/assumpta-eu.org\/lt\/wp-json\/wp\/v2\/types\/page"}],"author":[{"embeddable":true,"href":"https:\/\/assumpta-eu.org\/lt\/wp-json\/wp\/v2\/users\/1"}],"replies":[{"embeddable":true,"href":"https:\/\/assumpta-eu.org\/lt\/wp-json\/wp\/v2\/comments?post=3293"}],"version-history":[{"count":19,"href":"https:\/\/assumpta-eu.org\/lt\/wp-json\/wp\/v2\/pages\/3293\/revisions"}],"predecessor-version":[{"id":4805,"href":"https:\/\/assumpta-eu.org\/lt\/wp-json\/wp\/v2\/pages\/3293\/revisions\/4805"}],"up":[{"embeddable":true,"href":"https:\/\/assumpta-eu.org\/lt\/wp-json\/wp\/v2\/pages\/3655"}],"wp:attachment":[{"href":"https:\/\/assumpta-eu.org\/lt\/wp-json\/wp\/v2\/media?parent=3293"}],"curies":[{"name":"wp","href":"https:\/\/api.w.org\/{rel}","templated":true}]}}