{"id":3154,"date":"2023-08-25T07:33:12","date_gmt":"2023-08-25T05:33:12","guid":{"rendered":"https:\/\/assumpta-eu.org\/jaunimas\/"},"modified":"2026-02-17T17:12:19","modified_gmt":"2026-02-17T16:12:19","slug":"jaunimas","status":"publish","type":"page","link":"https:\/\/assumpta-eu.org\/lt\/misija\/jaunimas\/","title":{"rendered":"Jaunimo sielovada"},"content":{"rendered":"<p><div class=\"et_d4_element et_pb_section et_pb_section_0 et_pb_section_parallax et_pb_with_background  et_pb_css_mix_blend_mode et_section_regular section_has_divider et_pb_bottom_divider et_pb_top_divider et_block_section\" >\n\t\t\t\t<div class=\"et_pb_top_inside_divider et-no-transition\"><\/div>\n\t\t\t\t<span class=\"et_parallax_bg_wrap et-pb-parallax-wrapper\"><span\n\t\t\t\t\t\tclass=\"et_parallax_bg et_parallax_bg--et_pb_section_0\"\n\t\t\t\t\t\tstyle=\"background-image: url(https:\/\/assumpta-eu.org\/wp-content\/uploads\/2023\/08\/melanie_as-1-scaled.jpg);\"\n\t\t\t\t\t><\/span><span\n\t\t\t\t\t\tclass=\"et_parallax_gradient\"\n\t\t\t\t\t\tstyle=\"background-image: linear-gradient( 80deg, rgba(44,0,71,0.88) 0%, rgba(117,88,130,0.5) 100% );\"\n\t\t\t\t\t><\/span><\/span>\n\t\t\t\t\n\t\t\t\t\n\t\t\t\t\n\t\t\t\t\n\t\t\t\t<div class=\"et_d4_element et_pb_row et_pb_row_0 et_pb_equal_columns et_pb_gutters1  et_pb_css_mix_blend_mode et_block_row\">\n\t\t\t\t<div class=\"et_d4_element et_pb_column_4_4 et_pb_column et_pb_column_0  et_pb_css_mix_blend_mode et-last-child et_block_column\">\n\t\t\t\t\n\t\t\t\t\n\t\t\t\t\n\t\t\t\t\n\t\t\t\t<div class=\"et_pb_module et_d4_element et_pb_text et_pb_text_0  et_pb_text_align_left et_pb_bg_layout_light\">\n\t\t\t\t\n\t\t\t\t\n\t\t\t\t\n\t\t\t\t\n\t\t\t\t<div class=\"et_pb_text_inner\"><h1>Misija<\/h1><\/div>\n\t\t\t<\/div><div class=\"et_pb_module et_d4_element et_pb_text et_pb_text_1 et_animated  et_pb_text_align_left et_pb_bg_layout_light\">\n\t\t\t\t\n\t\t\t\t\n\t\t\t\t\n\t\t\t\t\n\t\t\t\t<div class=\"et_pb_text_inner\"><h2>Jaunimo sielovada<\/h2><\/div>\n\t\t\t<\/div><div class=\"et_pb_module et_d4_element et_pb_text et_pb_text_2 claro et_animated  et_pb_text_align_left et_pb_bg_layout_light\">\n\t\t\t\t\n\t\t\t\t\n\t\t\t\t\n\t\t\t\t\n\t\t\t\t<div class=\"et_pb_text_inner\"><p><em><span data-contrast=\"auto\" xml:lang=\"EN-US\" lang=\"EN-US\" class=\"TextRun SCXW102881961 BCX0\"><span class=\"NormalTextRun SCXW102881961 BCX0\">\u201e<span class=\"NormalTextRun SCXW5571058 BCX0\">Kaip ir pirmosiomi<\/span>s <span class=\"NormalTextRun SCXW5571058 BCX0\">kongregacijos<\/span> gyvavimo dienomis,<span class=\"NormalTextRun SCXW5571058 BCX0\"> seser\u0173 prioritetu i\u0161lieka jaunimas. Jaunuoliai taps rytdienos visuomene, tod\u0117l seserys turi parengti juos prisiimti atsakomyb\u0119 kuriant evangelin\u0117mis vertyb\u0117mis gr\u012fst\u0105 pasaul\u012f. <\/span><\/span><\/span><span data-contrast=\"auto\" xml:lang=\"EN-US\" lang=\"EN-US\" class=\"TextRun SCXW102881961 BCX0\"><span class=\"NormalTextRun SCXW102881961 BCX0\">\u201c<\/span><\/span><\/em><\/p>\n<p style=\"text-align: right;\"><strong><span data-contrast=\"auto\" xml:lang=\"EN-GB\" lang=\"EN-GB\" class=\"TextRun SCXW28508394 BCX0\"><span class=\"NormalTextRun SCXW28508394 BCX0\"><span class=\"EOP SCXW102881961 BCX0\" data-ccp-props=\"{\"201341983\":0,\"335559739\":160,\"335559740\":259}\"><span data-contrast=\"auto\" lang=\"IT-IT\" class=\"TextRun SCXW268232239 BCX0\"><span class=\"NormalTextRun SCXW268232239 BCX0\">(Gyvenimo Regula,<\/span><\/span><\/span> Nr. 80)<\/span><\/span><\/strong><\/p><\/div>\n\t\t\t<\/div>\n\t\t\t<\/div>\n\t\t\t\t\n\t\t\t\t\n\t\t\t\t\n\t\t\t\t\n\t\t\t<\/div>\n\t\t\t\t\n\t\t\t\t<div class=\"et_pb_bottom_inside_divider et-no-transition\"><\/div>\n\t\t\t<\/div><div class=\"et_d4_element et_pb_section et_pb_section_1 et_pb_with_background  et_pb_css_mix_blend_mode et_section_regular et_block_section\" >\n\t\t\t\t\n\t\t\t\t\n\t\t\t\t\n\t\t\t\t\n\t\t\t\t\n\t\t\t\t\n\t\t\t\t<div class=\"et_d4_element et_pb_row et_pb_row_1 et_pb_equal_columns  et_pb_css_mix_blend_mode et_block_row\">\n\t\t\t\t<div class=\"et_d4_element et_pb_column_3_5 et_pb_column et_pb_column_1  et_pb_css_mix_blend_mode et_block_column\">\n\t\t\t\t\n\t\t\t\t\n\t\t\t\t\n\t\t\t\t\n\t\t\t\t<div class=\"et_pb_module et_d4_element et_pb_text et_pb_text_3  et_pb_text_align_left et_pb_bg_layout_light\">\n\t\t\t\t\n\t\t\t\t\n\t\t\t\t\n\t\t\t\t\n\t\t\t\t<div class=\"et_pb_text_inner\"><h4><span>Jaunimo sielovada<\/span><\/h4>\n<div id=\"gtx-trans\" style=\"position: absolute; left: 352px; top: -3.925px;\">\n<div class=\"gtx-trans-icon\"><\/div>\n<\/div><\/div>\n\t\t\t<\/div><div class=\"et_pb_module et_d4_element et_pb_text et_pb_text_4 et_animated  et_pb_text_align_left et_pb_bg_layout_light\">\n\t\t\t\t\n\t\t\t\t\n\t\t\t\t\n\t\t\t\t\n\t\t\t\t<div class=\"et_pb_text_inner\"><h2>Keliaujame kartu<\/h2><\/div>\n\t\t\t<\/div><div class=\"et_pb_module et_d4_element et_pb_text et_pb_text_5 et_animated  et_pb_text_align_left et_pb_bg_layout_light\">\n\t\t\t\t\n\t\t\t\t\n\t\t\t\t\n\t\t\t\t\n\t\t\t\t<div class=\"et_pb_text_inner\"><p>Siekiame palyd\u0117ti jaunim\u0105 <strong>gyvenimo <\/strong> <strong>prasm\u0117s <\/strong> paie\u0161kose. D\u017eiaugiam\u0117s jaunimo dovana pasauliui ir Ba\u017eny\u010diai.<\/p>\n<blockquote>\n<p><em>\u201e<strong>Esame \u012fsitikinusios<\/strong>, kad m\u016bs\u0173 bendruomenin\u0117 ir tarptautin\u0117 charizma, dvasingumas ir <strong>\u012fsipareigojimas poky\u010diams visuomen\u0117je<\/strong> gali atliepti giliausius \u0161iandienos jaunimo tro\u0161kimus. Tikime, kad kiekvienas \u017emogus turi savo <strong>gyvenimo misij\u0105<\/strong>. Norime kartu keliauti su sutiktais jaunuoliais, lyd\u0117ti juos pa\u0161aukimo paie\u0161kose ir atsiliepti \u012f j\u0173 dvasingumo tro\u0161kim\u0105.\u201c <\/em><\/p>\n<\/blockquote>\n<p style=\"text-align: right;\"><strong>(Kongregacijos Generalin\u0117 kapitula, Lurdas, 2018 m.)<\/strong><\/p><\/div>\n\t\t\t<\/div>\n\t\t\t<\/div><div class=\"et_d4_element et_pb_column_2_5 et_pb_column et_pb_column_2  et_pb_css_mix_blend_mode et-last-child et_block_column\">\n\t\t\t\t\n\t\t\t\t\n\t\t\t\t\n\t\t\t\t\n\t\t\t\t<div class=\"et_pb_module et_d4_element et_pb_image et_pb_image_0 et_animated et-waypoint\">\n\t\t\t\t\n\t\t\t\t\n\t\t\t\t\n\t\t\t\t\n\t\t\t\t<span class=\"et_pb_image_wrap has-box-shadow-overlay\"><div class=\"box-shadow-overlay\"><\/div><img loading=\"lazy\" decoding=\"async\" width=\"2560\" height=\"1920\" src=\"https:\/\/assumpta-eu.org\/wp-content\/uploads\/2023\/08\/relecture-jeunes_as.jpg\" alt=\"\" title=\"relecture jeunes_as\" srcset=\"https:\/\/assumpta-eu.org\/wp-content\/uploads\/2023\/08\/relecture-jeunes_as.jpg 2560w, https:\/\/assumpta-eu.org\/wp-content\/uploads\/2023\/08\/relecture-jeunes_as-1280x960.jpg 1280w, https:\/\/assumpta-eu.org\/wp-content\/uploads\/2023\/08\/relecture-jeunes_as-980x735.jpg 980w, https:\/\/assumpta-eu.org\/wp-content\/uploads\/2023\/08\/relecture-jeunes_as-480x360.jpg 480w\" sizes=\"(min-width: 0px) and (max-width: 480px) 480px, (min-width: 481px) and (max-width: 980px) 980px, (min-width: 981px) and (max-width: 1280px) 1280px, (min-width: 1281px) 2560px, 100vw\" class=\"wp-image-509\" \/><\/span>\n\t\t\t<\/div>\n\t\t\t<\/div>\n\t\t\t\t\n\t\t\t\t\n\t\t\t\t\n\t\t\t\t\n\t\t\t<\/div>\n\t\t\t\t\n\t\t\t\t\n\t\t\t<\/div><div class=\"et_d4_element et_pb_section et_pb_section_2 et_pb_with_background  et_pb_css_mix_blend_mode et_section_regular et_block_section\" >\n\t\t\t\t\n\t\t\t\t\n\t\t\t\t\n\t\t\t\t\n\t\t\t\t\n\t\t\t\t\n\t\t\t\t\n\t\t\t\t\n\t\t\t\t\n\t\t\t<\/div><div class=\"et_d4_element et_pb_section et_pb_section_3 et_pb_section_parallax et_pb_with_background  et_pb_css_mix_blend_mode et_section_regular section_has_divider et_pb_bottom_divider et_pb_top_divider et_block_section\" >\n\t\t\t\t<div class=\"et_pb_top_inside_divider et-no-transition\"><\/div>\n\t\t\t\t<span class=\"et_parallax_bg_wrap et-pb-parallax-wrapper\"><span\n\t\t\t\t\t\tclass=\"et_parallax_bg et_parallax_bg--et_pb_section_3\"\n\t\t\t\t\t\tstyle=\"background-image: url(https:\/\/assumpta-eu.org\/wp-content\/uploads\/2023\/08\/a-263_as.jpg);\"\n\t\t\t\t\t><\/span><span\n\t\t\t\t\t\tclass=\"et_parallax_gradient\"\n\t\t\t\t\t\tstyle=\"background-image: linear-gradient( 90deg, rgba(44,0,71,0.9) 0%, rgba(44, 0, 71, 0.69) 23%, rgba(44,0,71,0.64) 47%, rgba(44,0,71,0) 100% );\"\n\t\t\t\t\t><\/span><\/span>\n\t\t\t\t\n\t\t\t\t\n\t\t\t\t\n\t\t\t\t\n\t\t\t\t<div class=\"et_d4_element et_pb_row et_pb_row_2  et_pb_css_mix_blend_mode et_block_row\">\n\t\t\t\t<div class=\"et_d4_element et_pb_column_4_4 et_pb_column et_pb_column_3  et_pb_css_mix_blend_mode et-last-child et_block_column\">\n\t\t\t\t\n\t\t\t\t\n\t\t\t\t\n\t\t\t\t\n\t\t\t\t<div class=\"et_pb_module et_d4_element et_pb_text et_pb_text_6 et_animated  et_pb_text_align_left et_pb_bg_layout_light\">\n\t\t\t\t\n\t\t\t\t\n\t\t\t\t\n\t\t\t\t\n\t\t\t\t<div class=\"et_pb_text_inner\"><h2><span>Skaityti pla\u010diau...<\/span><\/h2><\/div>\n\t\t\t<\/div><div class=\"et_pb_module et_d4_element et_pb_text et_pb_text_7 claro  et_pb_text_align_left et_pb_bg_layout_light\">\n\t\t\t\t\n\t\t\t\t\n\t\t\t\t\n\t\t\t\t\n\t\t\t\t<div class=\"et_pb_text_inner\"><p><span data-contrast=\"auto\" xml:lang=\"FR-FR\" lang=\"FR-FR\" class=\"TextRun SCXW65146744 BCX0\"><span class=\"NormalTextRun SpellingErrorV2Themed SCXW65146744 BCX0\">Su\u017einokite<\/span> <span class=\"NormalTextRun SCXW65146744 BCX0\">daugia<\/span>u a<span class=\"NormalTextRun SpellingErrorV2Themed SCXW65146744 BCX0\">pi<\/span>e<span class=\"NormalTextRun SCXW65146744 BCX0\"> <\/span><span class=\"NormalTextRun SpellingErrorV2Themed SCXW65146744 BCX0\">\u012fvairias<\/span> vei<span class=\"NormalTextRun SCXW65146744 BCX0\">kla<\/span>s \u2013 r<span class=\"NormalTextRun SpellingErrorV2Themed SCXW65146744 BCX0\">ekolek<\/span>cijas, gr<span class=\"NormalTextRun SCXW65146744 BCX0\">upe<\/span>s, stovyklas, pili<span class=\"NormalTextRun SpellingErrorV2Themed SCXW65146744 BCX0\">grim<\/span>ines k<span class=\"NormalTextRun SpellingErrorV2Themed SCXW65146744 BCX0\">elio<\/span>nes,<span class=\"NormalTextRun SCXW65146744 BCX0\"> <\/span><span class=\"NormalTextRun SpellingErrorV2Themed SCXW65146744 BCX0\">student\u0173<\/span> na<span class=\"NormalTextRun SCXW65146744 BCX0\">mus<\/span> <span class=\"NormalTextRun SpellingErrorV2Themed SCXW65146744 BCX0\">- <\/span><span class=\"NormalTextRun SCXW65146744 BCX0\"> <\/span><span class=\"NormalTextRun ContextualSpellingAndGrammarErrorV2Themed SCXW65146744 BCX0\">Europos provincijoje<\/span><span class=\"NormalTextRun SCXW65146744 BCX0\"> <\/span><\/span><span class=\"EOP SCXW65146744 BCX0\" data-ccp-props=\"{\"201341983\":0,\"335559739\":160,\"335559740\":259}\"> <\/span><\/p><\/div>\n\t\t\t<\/div><div class=\"et_pb_module et_d4_element et_pb_tabs et_pb_tabs_0 \" >\n\t\t\t\t\n\t\t\t\t\n\t\t\t\t\n\t\t\t\t\n\t\t\t\t<ul class=\"et_pb_tabs_controls clearfix\">\n\t\t\t\t\t<li class=\"et_pb_tab_0 et_pb_tab_active\"><a href=\"#\">Anglija<\/a><\/li><li class=\"et_pb_tab_1\"><a href=\"#\">Belgija<\/a><\/li><li class=\"et_pb_tab_2\"><a href=\"#\">Lietuva<\/a><\/li>\n\t\t\t\t<\/ul>\n\t\t\t\t<div class=\"et_pb_all_tabs\">\n\t\t\t\t\t<div class=\"et_d4_element et_pb_tab et_pb_tab_0 clearfix et_pb_active_content\">\n\t\t\t\t\n\t\t\t\t\n\t\t\t\t\n\t\t\t\t\n\t\t\t\t<div class=\"et_pb_tab_content\"><p>Kvie\u010diame \u012f rekolekcijas, piligrimines keliones ir asmenin\u012f palyd\u0117jim\u0105.<\/p>\n<ul>\n<li>Advento ir gav\u0117nios rekolekcij\u0173 dienos<\/li>\n<li>Kas m\u0117nes\u012f vykstantys jaun\u0173 suaugusi\u0173j\u0173 susitikimai<\/li>\n<li>Rekolekcijos<\/li>\n<li>Stovyklos ir piligrimin\u0117s kelion\u0117s<\/li>\n<\/ul>\n<p>Kontaktai: <a href=\"mailto:youth@assumptionreligious.org\">youth@assumptionreligious.org<\/a><\/p><\/div>\n\t\t\t<\/div><div class=\"et_d4_element et_pb_tab et_pb_tab_1 clearfix\">\n\t\t\t\t\n\t\t\t\t\n\t\t\t\t\n\t\t\t\t\n\t\t\t\t<div class=\"et_pb_tab_content\"><p><b><span data-contrast=\"auto\">Kot Silo\u00e9<\/span><\/b><span data-contrast=\"auto\">  <\/span><span><br \/><\/span><span data-contrast=\"auto\"> Tai galimyb\u0117 Tournai universitet\u0173 studentams gyventi bendruomen\u0117je. Kontaktai:   <\/span><a href=\"mailto:assomption@seminaire-tournai.be\"><span data-contrast=\"none\">assomption@seminaire-tournai.be<\/span><\/a><span data-ccp-props=\"{\"201341983\":0,\"335559739\":160,\"335559740\":259}\"> <\/span><\/p>\n<p><span data-contrast=\"auto\"> <\/span><span data-ccp-props=\"{\"201341983\":0,\"335559739\":160,\"335559740\":259}\"> <\/span><\/p>\n<p><b><span data-contrast=\"auto\">Akademin\u0117 sielovada <\/span><\/b><span><br \/><\/span> <span data-contrast=\"auto\">si\u016blo veikl\u0105 \u012fvairi\u0173 Tournai auk\u0161t\u0173j\u0173 mokykl\u0173 studentams <\/span> <span data-ccp-props=\"{\"201341983\":0,\"335559739\":160,\"335559740\":259}\"> <\/span><\/p>\n<p><span data-contrast=\"auto\">\u0160lovinimo choras dalyvauja student\u0173 \u0161v. Mi\u0161iose.   <\/span><a href=\"mailto:assomption@seminaire-tournai.be\"><span data-contrast=\"none\">assomption@seminaire-tournai.be<\/span><\/a><span data-ccp-props=\"{\"201341983\":0,\"335559739\":160,\"335559740\":259}\"> <\/span><\/p>\n<p><span data-contrast=\"auto\"> <\/span><span data-ccp-props=\"{\"201341983\":0,\"335559739\":160,\"335559740\":259}\"> <\/span><\/p>\n<p><b><span data-contrast=\"auto\">Vasar\u0105 vyksta \u012fvairios stovyklos vaikams ir jaunimui. <\/span><\/b><span><br \/><\/span>Apie \u0161iuos renginius skelbiama naujien\u0173 puslapyje. <\/p>\n<p><span data-contrast=\"auto\"> <\/span><span data-ccp-props=\"{\"201341983\":0,\"335559739\":160,\"335559740\":259}\"> <\/span><\/p><\/div>\n\t\t\t<\/div><div class=\"et_d4_element et_pb_tab et_pb_tab_2 clearfix\">\n\t\t\t\t\n\t\t\t\t\n\t\t\t\t\n\t\t\t\t\n\t\t\t\t<div class=\"et_pb_tab_content\"><p style=\"text-align: left;\"><span data-contrast=\"auto\" lang=\"FR-FR\" class=\"TextRun SCXW55429758 BCX0\"><span class=\"NormalTextRun SCXW55429758 BCX0\">Apie jaunimo sielovados renginius, piligrimines keliones ir stovyklas daugiau informacijos naujien\u0173 skiltyje. \u201e<\/span><\/span><strong><span data-contrast=\"auto\" lang=\"FR-FR\" class=\"TextRun MacChromeBold SCXW55429758 BCX0\"><span class=\"NormalTextRun SpellingErrorV2Themed SCXW55429758 BCX0\">Samariet\u0117s<\/span>\u201c b<span class=\"NormalTextRun SCXW55429758 BCX0\">e<\/span>ndru<span class=\"NormalTextRun SpellingErrorV2Themed SCXW55429758 BCX0\">omen\u0119 Vilniuje<\/span><\/span><\/strong><span data-contrast=\"auto\" xml:lang=\"FR-FR\" lang=\"FR-FR\" class=\"TextRun SCXW55429758 BCX0\">s<span class=\"NormalTextRun SCXW55429758 BCX0\">uda<\/span>ro 8<span class=\"NormalTextRun SpellingErrorV2Themed SCXW55429758 BCX0\">-1<\/span>0 me<span class=\"NormalTextRun SCXW55429758 BCX0\">rgi<\/span>n\u0173, k<span class=\"NormalTextRun SpellingErrorV2Themed SCXW55429758 BCX0\">urio<\/span>s vienerius<span class=\"NormalTextRun SCXW55429758 BCX0\"> <\/span><span class=\"NormalTextRun SpellingErrorV2Themed SCXW55429758 BCX0\">ar dvejus<\/span><span class=\"NormalTextRun SCXW55429758 BCX0\"> <\/span><span class=\"NormalTextRun SpellingErrorV2Themed SCXW55429758 BCX0\">me<\/span>tus g<span class=\"NormalTextRun SCXW55429758 BCX0\">yv<\/span>ena k<span class=\"NormalTextRun SpellingErrorV2Themed SCXW55429758 BCX0\">artu<\/span> su s<span class=\"NormalTextRun SCXW55429758 BCX0\">ese<\/span>rimis asumcion<span class=\"NormalTextRun SpellingErrorV2Themed SCXW55429758 BCX0\">ist\u0117m<\/span>is<span class=\"NormalTextRun SCXW55429758 BCX0\"> <\/span><span class=\"NormalTextRun SpellingErrorV2Themed SCXW55429758 BCX0\">(tai dvi atskiros bendruomen\u0117s)<\/span><span class=\"NormalTextRun SCXW55429758 BCX0\">.  <span>Taip pat priimamos student\u0117s i\u0161 u\u017esienio. SVARBU: 2024\/2025 mokslo metais d\u0117l remonto darb\u0173 namuose \u201eSamariet\u0117s\u201c bendruomen\u0117s projektas sustabdomas vieneriems metams. Kvie\u010diame \u012f atnaujintus namus nuo 2025 m. rugs\u0117jo! Kontaktai:  <\/span><a href=\"mailto:vilnius.ra@gmail.com\" target=\"_blank\" rel=\"noopener\">jurgit2005@gmail.com (Ses. Jurgita)<\/a><\/span><\/span><\/p><\/div>\n\t\t\t<\/div>\n\t\t\t\t<\/div>\n\t\t\t<\/div>\n\t\t\t<\/div>\n\t\t\t\t\n\t\t\t\t\n\t\t\t\t\n\t\t\t\t\n\t\t\t<\/div>\n\t\t\t\t\n\t\t\t\t<div class=\"et_pb_bottom_inside_divider et-no-transition\"><\/div>\n\t\t\t<\/div><\/p>\n","protected":false},"excerpt":{"rendered":"","protected":false},"author":1,"featured_media":0,"parent":3655,"menu_order":0,"comment_status":"closed","ping_status":"closed","template":"","meta":{"_et_pb_use_builder":"on","_et_pb_old_content":"","_et_gb_content_width":"","footnotes":""},"class_list":["post-3154","page","type-page","status-publish","hentry"],"yoast_head":"<!-- This site is optimized with the Yoast SEO plugin v27.5 - https:\/\/yoast.com\/product\/yoast-seo-wordpress\/ -->\n<title>Jaunimo sielovada - Religious of the Assumption &gt; Province of Europe<\/title>\n<meta name=\"robots\" content=\"index, follow, max-snippet:-1, max-image-preview:large, max-video-preview:-1\" \/>\n<link rel=\"canonical\" href=\"https:\/\/assumpta-eu.org\/lt\/misija\/jaunimas\/\" \/>\n<meta property=\"og:locale\" content=\"lt_LT\" \/>\n<meta property=\"og:type\" content=\"article\" \/>\n<meta property=\"og:title\" content=\"Jaunimo sielovada - Religious of the Assumption &gt; Province of Europe\" \/>\n<meta property=\"og:url\" content=\"https:\/\/assumpta-eu.org\/lt\/misija\/jaunimas\/\" \/>\n<meta property=\"og:site_name\" content=\"Religious of the Assumption &gt; Province of Europe\" \/>\n<meta property=\"article:publisher\" content=\"http:\/\/www.facebook.com\/assumptionUK\" \/>\n<meta property=\"article:modified_time\" content=\"2026-02-17T16:12:19+00:00\" \/>\n<meta name=\"twitter:card\" content=\"summary_large_image\" \/>\n<meta name=\"twitter:site\" content=\"@AssumptionRA\" \/>\n<meta name=\"twitter:label1\" content=\"Est. reading time\" \/>\n\t<meta name=\"twitter:data1\" content=\"8 minut\u0117s\" \/>\n<script type=\"application\/ld+json\" class=\"yoast-schema-graph\">{\"@context\":\"https:\\\/\\\/schema.org\",\"@graph\":[{\"@type\":\"WebPage\",\"@id\":\"https:\\\/\\\/assumpta-eu.org\\\/lt\\\/misija\\\/jaunimas\\\/\",\"url\":\"https:\\\/\\\/assumpta-eu.org\\\/lt\\\/misija\\\/jaunimas\\\/\",\"name\":\"Jaunimo sielovada - Religious of the Assumption &gt; Province of Europe\",\"isPartOf\":{\"@id\":\"https:\\\/\\\/assumpta-eu.org\\\/lt\\\/#website\"},\"datePublished\":\"2023-08-25T05:33:12+00:00\",\"dateModified\":\"2026-02-17T16:12:19+00:00\",\"breadcrumb\":{\"@id\":\"https:\\\/\\\/assumpta-eu.org\\\/lt\\\/misija\\\/jaunimas\\\/#breadcrumb\"},\"inLanguage\":\"lt-LT\",\"potentialAction\":[{\"@type\":\"ReadAction\",\"target\":[\"https:\\\/\\\/assumpta-eu.org\\\/lt\\\/misija\\\/jaunimas\\\/\"]}]},{\"@type\":\"BreadcrumbList\",\"@id\":\"https:\\\/\\\/assumpta-eu.org\\\/lt\\\/misija\\\/jaunimas\\\/#breadcrumb\",\"itemListElement\":[{\"@type\":\"ListItem\",\"position\":1,\"name\":\"Home\",\"item\":\"https:\\\/\\\/assumpta-eu.org\\\/lt\\\/\"},{\"@type\":\"ListItem\",\"position\":2,\"name\":\"Misija\",\"item\":\"https:\\\/\\\/assumpta-eu.org\\\/lt\\\/misija\\\/\"},{\"@type\":\"ListItem\",\"position\":3,\"name\":\"Jaunimo sielovada\"}]},{\"@type\":\"WebSite\",\"@id\":\"https:\\\/\\\/assumpta-eu.org\\\/lt\\\/#website\",\"url\":\"https:\\\/\\\/assumpta-eu.org\\\/lt\\\/\",\"name\":\"Province of Europe of the Religious of the Assumption\",\"description\":\"Make Christ known and loved\",\"publisher\":{\"@id\":\"https:\\\/\\\/assumpta-eu.org\\\/lt\\\/#organization\"},\"potentialAction\":[{\"@type\":\"SearchAction\",\"target\":{\"@type\":\"EntryPoint\",\"urlTemplate\":\"https:\\\/\\\/assumpta-eu.org\\\/lt\\\/?s={search_term_string}\"},\"query-input\":{\"@type\":\"PropertyValueSpecification\",\"valueRequired\":true,\"valueName\":\"search_term_string\"}}],\"inLanguage\":\"lt-LT\"},{\"@type\":\"Organization\",\"@id\":\"https:\\\/\\\/assumpta-eu.org\\\/lt\\\/#organization\",\"name\":\"Religious of the Assumption\",\"url\":\"https:\\\/\\\/assumpta-eu.org\\\/lt\\\/\",\"logo\":{\"@type\":\"ImageObject\",\"inLanguage\":\"lt-LT\",\"@id\":\"https:\\\/\\\/assumpta-eu.org\\\/lt\\\/#\\\/schema\\\/logo\\\/image\\\/\",\"url\":\"https:\\\/\\\/assumpta-eu.org\\\/wp-content\\\/uploads\\\/2023\\\/06\\\/RA-EU-logos-02.png\",\"contentUrl\":\"https:\\\/\\\/assumpta-eu.org\\\/wp-content\\\/uploads\\\/2023\\\/06\\\/RA-EU-logos-02.png\",\"width\":705,\"height\":729,\"caption\":\"Religious of the Assumption\"},\"image\":{\"@id\":\"https:\\\/\\\/assumpta-eu.org\\\/lt\\\/#\\\/schema\\\/logo\\\/image\\\/\"},\"sameAs\":[\"http:\\\/\\\/www.facebook.com\\\/assumptionUK\",\"https:\\\/\\\/x.com\\\/AssumptionRA\",\"http:\\\/\\\/www.instagram.com\\\/assumptionuk\"]}]}<\/script>\n<!-- \/ Yoast SEO plugin. -->","yoast_head_json":{"title":"Jaunimo sielovada - Religious of the Assumption &gt; Province of Europe","robots":{"index":"index","follow":"follow","max-snippet":"max-snippet:-1","max-image-preview":"max-image-preview:large","max-video-preview":"max-video-preview:-1"},"canonical":"https:\/\/assumpta-eu.org\/lt\/misija\/jaunimas\/","og_locale":"lt_LT","og_type":"article","og_title":"Jaunimo sielovada - Religious of the Assumption &gt; Province of Europe","og_url":"https:\/\/assumpta-eu.org\/lt\/misija\/jaunimas\/","og_site_name":"Religious of the Assumption &gt; Province of Europe","article_publisher":"http:\/\/www.facebook.com\/assumptionUK","article_modified_time":"2026-02-17T16:12:19+00:00","twitter_card":"summary_large_image","twitter_site":"@AssumptionRA","twitter_misc":{"Est. reading time":"8 minut\u0117s"},"schema":{"@context":"https:\/\/schema.org","@graph":[{"@type":"WebPage","@id":"https:\/\/assumpta-eu.org\/lt\/misija\/jaunimas\/","url":"https:\/\/assumpta-eu.org\/lt\/misija\/jaunimas\/","name":"Jaunimo sielovada - Religious of the Assumption &gt; Province of Europe","isPartOf":{"@id":"https:\/\/assumpta-eu.org\/lt\/#website"},"datePublished":"2023-08-25T05:33:12+00:00","dateModified":"2026-02-17T16:12:19+00:00","breadcrumb":{"@id":"https:\/\/assumpta-eu.org\/lt\/misija\/jaunimas\/#breadcrumb"},"inLanguage":"lt-LT","potentialAction":[{"@type":"ReadAction","target":["https:\/\/assumpta-eu.org\/lt\/misija\/jaunimas\/"]}]},{"@type":"BreadcrumbList","@id":"https:\/\/assumpta-eu.org\/lt\/misija\/jaunimas\/#breadcrumb","itemListElement":[{"@type":"ListItem","position":1,"name":"Home","item":"https:\/\/assumpta-eu.org\/lt\/"},{"@type":"ListItem","position":2,"name":"Misija","item":"https:\/\/assumpta-eu.org\/lt\/misija\/"},{"@type":"ListItem","position":3,"name":"Jaunimo sielovada"}]},{"@type":"WebSite","@id":"https:\/\/assumpta-eu.org\/lt\/#website","url":"https:\/\/assumpta-eu.org\/lt\/","name":"Province of Europe of the Religious of the Assumption","description":"Make Christ known and loved","publisher":{"@id":"https:\/\/assumpta-eu.org\/lt\/#organization"},"potentialAction":[{"@type":"SearchAction","target":{"@type":"EntryPoint","urlTemplate":"https:\/\/assumpta-eu.org\/lt\/?s={search_term_string}"},"query-input":{"@type":"PropertyValueSpecification","valueRequired":true,"valueName":"search_term_string"}}],"inLanguage":"lt-LT"},{"@type":"Organization","@id":"https:\/\/assumpta-eu.org\/lt\/#organization","name":"Religious of the Assumption","url":"https:\/\/assumpta-eu.org\/lt\/","logo":{"@type":"ImageObject","inLanguage":"lt-LT","@id":"https:\/\/assumpta-eu.org\/lt\/#\/schema\/logo\/image\/","url":"https:\/\/assumpta-eu.org\/wp-content\/uploads\/2023\/06\/RA-EU-logos-02.png","contentUrl":"https:\/\/assumpta-eu.org\/wp-content\/uploads\/2023\/06\/RA-EU-logos-02.png","width":705,"height":729,"caption":"Religious of the Assumption"},"image":{"@id":"https:\/\/assumpta-eu.org\/lt\/#\/schema\/logo\/image\/"},"sameAs":["http:\/\/www.facebook.com\/assumptionUK","https:\/\/x.com\/AssumptionRA","http:\/\/www.instagram.com\/assumptionuk"]}]}},"_links":{"self":[{"href":"https:\/\/assumpta-eu.org\/lt\/wp-json\/wp\/v2\/pages\/3154","targetHints":{"allow":["GET"]}}],"collection":[{"href":"https:\/\/assumpta-eu.org\/lt\/wp-json\/wp\/v2\/pages"}],"about":[{"href":"https:\/\/assumpta-eu.org\/lt\/wp-json\/wp\/v2\/types\/page"}],"author":[{"embeddable":true,"href":"https:\/\/assumpta-eu.org\/lt\/wp-json\/wp\/v2\/users\/1"}],"replies":[{"embeddable":true,"href":"https:\/\/assumpta-eu.org\/lt\/wp-json\/wp\/v2\/comments?post=3154"}],"version-history":[{"count":23,"href":"https:\/\/assumpta-eu.org\/lt\/wp-json\/wp\/v2\/pages\/3154\/revisions"}],"predecessor-version":[{"id":6938,"href":"https:\/\/assumpta-eu.org\/lt\/wp-json\/wp\/v2\/pages\/3154\/revisions\/6938"}],"up":[{"embeddable":true,"href":"https:\/\/assumpta-eu.org\/lt\/wp-json\/wp\/v2\/pages\/3655"}],"wp:attachment":[{"href":"https:\/\/assumpta-eu.org\/lt\/wp-json\/wp\/v2\/media?parent=3154"}],"curies":[{"name":"wp","href":"https:\/\/api.w.org\/{rel}","templated":true}]}}