{"id":3091,"date":"2023-08-23T13:00:39","date_gmt":"2023-08-23T11:00:39","guid":{"rendered":"https:\/\/assumpta-eu.org\/bendruomenes\/belgija\/"},"modified":"2025-12-18T12:30:58","modified_gmt":"2025-12-18T11:30:58","slug":"belgija","status":"publish","type":"page","link":"https:\/\/assumpta-eu.org\/lt\/bendruomenes\/belgija\/","title":{"rendered":"Belgija"},"content":{"rendered":"<p><div class=\"et_d4_element et_pb_section et_pb_section_0 et_pb_with_background  et_pb_css_mix_blend_mode et_section_regular section_has_divider et_pb_bottom_divider et_pb_top_divider et_block_section\" >\n\t\t\t\t<div class=\"et_pb_top_inside_divider et-no-transition\"><\/div>\n\t\t\t\t\n\t\t\t\t\n\t\t\t\t\n\t\t\t\t\n\t\t\t\t\n\t\t\t\t<div class=\"et_d4_element et_pb_row et_pb_row_0 et_pb_equal_columns et_pb_gutters1  et_pb_css_mix_blend_mode et_block_row\">\n\t\t\t\t<div class=\"et_d4_element et_pb_column_4_4 et_pb_column et_pb_column_0  et_pb_css_mix_blend_mode et-last-child et_block_column\">\n\t\t\t\t\n\t\t\t\t\n\t\t\t\t\n\t\t\t\t\n\t\t\t\t<div class=\"et_pb_module et_d4_element et_pb_text et_pb_text_0  et_pb_text_align_left et_pb_bg_layout_light\">\n\t\t\t\t\n\t\t\t\t\n\t\t\t\t\n\t\t\t\t\n\t\t\t\t<div class=\"et_pb_text_inner\"><h1>Bendruomen\u0117s<\/h1><\/div>\n\t\t\t<\/div><div class=\"et_pb_module et_d4_element et_pb_text et_pb_text_1 et_animated  et_pb_text_align_left et_pb_bg_layout_light\">\n\t\t\t\t\n\t\t\t\t\n\t\t\t\t\n\t\t\t\t\n\t\t\t\t<div class=\"et_pb_text_inner\"><h2><span>Belgija<\/span><\/h2><\/div>\n\t\t\t<\/div><div class=\"et_pb_module et_d4_element et_pb_text et_pb_text_2 et_animated  et_pb_text_align_left et_pb_bg_layout_light\">\n\t\t\t\t\n\t\t\t\t\n\t\t\t\t\n\t\t\t\t\n\t\t\t\t<div class=\"et_pb_text_inner\"><p><span>Nuo 1902 met\u0173<\/span><\/p><\/div>\n\t\t\t<\/div>\n\t\t\t<\/div>\n\t\t\t\t\n\t\t\t\t\n\t\t\t\t\n\t\t\t\t\n\t\t\t<\/div>\n\t\t\t\t\n\t\t\t\t<div class=\"et_pb_bottom_inside_divider et-no-transition\"><\/div>\n\t\t\t<\/div><div class=\"et_d4_element et_pb_section et_pb_section_1 et_pb_with_background  et_pb_css_mix_blend_mode et_section_regular et_block_section\" >\n\t\t\t\t\n\t\t\t\t\n\t\t\t\t\n\t\t\t\t\n\t\t\t\t\n\t\t\t\t\n\t\t\t\t<div class=\"et_d4_element et_pb_row et_pb_row_1  et_pb_css_mix_blend_mode et_block_row\">\n\t\t\t\t<div class=\"et_d4_element et_pb_column_4_4 et_pb_column et_pb_column_1  et_pb_css_mix_blend_mode et-last-child et_block_column\">\n\t\t\t\t\n\t\t\t\t\n\t\t\t\t\n\t\t\t\t\n\t\t\t\t<div class=\"et_pb_module et_d4_element et_pb_accordion et_pb_accordion_0 et_animated\">\n\t\t\t\t\n\t\t\t\t\n\t\t\t\t\n\t\t\t\t\n\t\t\t\t<div class=\"et_pb_toggle et_pb_module et_d4_element et_pb_accordion_item et_pb_accordion_item_0  et_pb_toggle_open\">\n\t\t\t\t\n\t\t\t\t\n\t\t\t\t\n\t\t\t\t\n\t\t\t\t<h5 class=\"et_pb_toggle_title\">Boitsfort bendruomen\u0117<\/h5>\n\t\t\t\t<div class=\"et_pb_toggle_content clearfix\">Religieuses de l'Assomption<br \/>\nCommunaut\u00e9 de Boitsfort<br \/>\nRue Middelbourg 45, 1170 Brussels, Belgija<br \/>\nTel : +32 2660 3759<br \/>\nEmail: <a href=\"mailto:boitsfort@assomption-ra.be\"><span data-contrast=\"none\">boitsfort@assomption-ra.be<\/span><\/a><\/p>\n<p>\u012ekurta 1964 m., kartu su pradine ir vidurine Asumcion mokykla. Iki \u0161i\u0173 dien\u0173 dalyvaujame mokyklos veikloje ir ugdymo misijoje. Taip pat bendruomenei priklauso vyresnio am\u017eiaus seserys gyvenan\u010dios \u0160v. Onos (St. Anne) seneli\u0173 namuose. <\/p>\n<p>Vidurin\u0117 mokykla: <a href=\"http:\/\/www.assomption-edu.be\/\" target=\"_blank\" rel=\"noreferrer noopener\">www.assomption-edu.be<\/a><br \/>\nPradin\u0117 mokykla: <a href=\"https:\/\/assomption-ecole.be\/\" target=\"_blank\" rel=\"noreferrer noopener\">https:\/\/assomption-ecole.be<\/a><span data-contrast=\"auto\" lang=\"FR\" class=\"TextRun SCXW135891627 BCX0\" xml:lang=\"FR\"><span class=\"NormalTextRun SCXW135891627 BCX0\"> <\/span><\/span><span class=\"EOP SCXW135891627 BCX0\" data-ccp-props=\"{\"201341983\":0,\"335551550\":6,\"335551620\":6,\"335559739\":160,\"335559740\":259}\"> <\/span><\/p>\n<div id=\"gtx-trans\" style=\"position: absolute; left: 3px; top: 286.2px;\">\n<div class=\"gtx-trans-icon\"><\/div>\n<\/div><\/div>\n\t\t\t<\/div><div class=\"et_pb_toggle et_pb_module et_d4_element et_pb_accordion_item et_pb_accordion_item_1  et_pb_toggle_close\">\n\t\t\t\t\n\t\t\t\t\n\t\t\t\t\n\t\t\t\t\n\t\t\t\t<h5 class=\"et_pb_toggle_title\">\u0160ventosios Onos rezidencija<\/h5>\n\t\t\t\t<div class=\"et_pb_toggle_content clearfix\"><p>Residence Sainte Anne<br \/>Avenue L\u00e9opold Wiener 20, 1170 Watermael-Boitsfort, Belgija<\/p>\n<p>Nuo 2019 m. \u010dia globojamos kelios seserys. \u201eSeser\u0173, einan\u010di\u0173 Dievo link su d\u017eiaugsmu, ramybe ir gerumu, gyvenimo pavyzdys yra labiausiai \u012ftikinantis liudijimas visuomenei, ie\u0161kan\u010diai gyvenimo prasm\u0117s.\u201c (Gyvenimo Regula, Nr. 126) <\/p><\/div>\n\t\t\t<\/div><div class=\"et_pb_toggle et_pb_module et_d4_element et_pb_accordion_item et_pb_accordion_item_2  et_pb_toggle_close\">\n\t\t\t\t\n\t\t\t\t\n\t\t\t\t\n\t\t\t\t\n\t\t\t\t<h5 class=\"et_pb_toggle_title\">Etterbeek bendruomen\u0117<\/h5>\n\t\t\t\t<div class=\"et_pb_toggle_content clearfix\">Religieuses de l'Assomption<br \/>\nCommunaut\u00e9 d\u2019Etterbeek<br \/>\nRue Peter Benoit 23, 1040 Bruxelles, Belgija<br \/>\nTel: +32 2647 9082<br \/>\n<span data-contrast=\"auto\"><\/span><span data-contrast=\"auto\"><\/span>Email: <a href=\"mailto:etterbeek@assomption-ra.be\"><span data-contrast=\"none\">etterbeek@assomption-ra.be<\/span><\/a><span data-contrast=\"auto\"> <\/span><span data-ccp-props=\"{\"201341983\":0,\"335551550\":6,\"335551620\":6,\"335559739\":160,\"335559740\":259}\"> <\/span><\/p>\n<p>1982 m. buvo \u012fkurta kaip tarptautin\u0117 teologij\u0105 studijuojan\u010di\u0173 seser\u0173 bendruomen\u0117, nuo to laiko m\u016bs\u0173 bendruomen\u0117 tapo bendryst\u0117s vieta mikrorajone ir parapijoje. M\u016bs\u0173 misija sutelkta \u012f \u0161vietimo veikl\u0105, ra\u0161tingumo programas scialiniame centre Welcome-Babbelkot.   <a href=\"https:\/\/welcome-babbelkot.be\" target=\"_blank\" rel=\"noreferrer noopener\">https:\/\/welcome-babbelkot.be<\/a><\/div>\n\t\t\t<\/div><div class=\"et_pb_toggle et_pb_module et_d4_element et_pb_accordion_item et_pb_accordion_item_3  et_pb_toggle_close\">\n\t\t\t\t\n\t\t\t\t\n\t\t\t\t\n\t\t\t\t\n\t\t\t\t<h5 class=\"et_pb_toggle_title\">La Colombi\u00e8re rezidencija<\/h5>\n\t\t\t\t<div class=\"et_pb_toggle_content clearfix\"><p>Rue Maurice Li\u00e9tart, 31,<br \/>1150 Woluwe-Saint-Pierre, Bruxelles<br \/>Belgija<\/p>\n<p>Nuo 2019 m. \u010dia globojamos kelios seserys.<\/p><\/div>\n\t\t\t<\/div><div class=\"et_pb_toggle et_pb_module et_d4_element et_pb_accordion_item et_pb_accordion_item_4  et_pb_toggle_close\">\n\t\t\t\t\n\t\t\t\t\n\t\t\t\t\n\t\t\t\t\n\t\t\t\t<h5 class=\"et_pb_toggle_title\">Turn\u0117 (Tournai) bendruomen\u0117<\/h5>\n\t\t\t\t<div class=\"et_pb_toggle_content clearfix\">Religieuses de l'Assomption<br \/>\nCommunaut\u00e9 de Tournai<br \/>\nRue des J\u00e9suites 28, 7500 Tournai, Belgija<br \/>\nTel: +32 6936 2507<br \/>\n<span data-contrast=\"auto\">Email: <\/span><a href=\"mailto:tournai@assomption-ra.be\"><span data-contrast=\"none\">tournai@assomption-ra.be<\/span><\/a><\/p>\n<p>M\u016bs\u0173 bendruomen\u0117 \u012fsik\u016brusi pa\u010dioje Tournai miesto \u0161irdyje. 2002 m. buvome pakviestos \u012f Tournai atgaivinti mald\u0105 ir liturgij\u0105 seminarijoje \u2013 religinio ugdymo institute. Dirbame vyskupijos jaunimo sielovadoje ir tikybos mokytoj\u0173 bei katechet\u0173 formacijoje. Koply\u010dia yra atvira vis\u0105 dien\u0105 ir visi kvie\u010diami prisijungti prie m\u016bs\u0173 liturgin\u0117s maldos. Skaityti pla\u010diau: <a href=\"http:\/\/www.egliseinfo.be\" target=\"_blank\" rel=\"noreferrer noopener\">www.egliseinfo.be<\/a>.     <\/p>\n<p><span data-contrast=\"auto\">Tournai vyskupijos seminarija ir Kot Silo\u00e9 (student\u0173 bendrabutis): <\/span><a href=\"https:\/\/www.seminaire-tournai.be\/\" target=\"_blank\" rel=\"noreferrer noopener\"><span data-contrast=\"none\">https:\/\/www.seminaire-tournai.be<\/span><\/a><\/div>\n\t\t\t<\/div>\n\t\t\t<\/div>\n\t\t\t<\/div>\n\t\t\t\t\n\t\t\t\t\n\t\t\t\t\n\t\t\t\t\n\t\t\t<\/div>\n\t\t\t\t\n\t\t\t\t\n\t\t\t<\/div><div class=\"et_d4_element et_pb_section et_pb_section_2  et_pb_css_mix_blend_mode et_section_regular section_has_divider et_pb_bottom_divider et_pb_top_divider et_block_section\" >\n\t\t\t\t<div class=\"et_pb_top_inside_divider et-no-transition\"><\/div>\n\t\t\t\t\n\t\t\t\t\n\t\t\t\t\n\t\t\t\t\n\t\t\t\t\n\t\t\t\t<div class=\"et_d4_element et_pb_row et_pb_row_2 et_pb_equal_columns et_pb_gutters1  et_pb_css_mix_blend_mode et_block_row\">\n\t\t\t\t<div class=\"et_d4_element et_pb_column_1_4 et_pb_column et_pb_column_2 et_clickable et_pb_section_video_on_hover et_pb_section_parallax_hover  et_pb_css_mix_blend_mode et_block_column\">\n\t\t\t\t\n\t\t\t\t\n\t\t\t\t\n\t\t\t\t\n\t\t\t\t<div class=\"et_pb_module et_d4_element et_pb_text et_pb_text_3  et_pb_text_align_center et_pb_bg_layout_light\">\n\t\t\t\t\n\t\t\t\t\n\t\t\t\t\n\t\t\t\t\n\t\t\t\t<div class=\"et_pb_text_inner\"><p>Anglija<\/p><\/div>\n\t\t\t<\/div>\n\t\t\t<\/div><div class=\"et_d4_element et_pb_column_1_4 et_pb_column et_pb_column_3 et_clickable et_pb_section_video_on_hover et_pb_section_parallax_hover  et_pb_css_mix_blend_mode et_block_column\">\n\t\t\t\t\n\t\t\t\t\n\t\t\t\t\n\t\t\t\t\n\t\t\t\t<div class=\"et_pb_module et_d4_element et_pb_text et_pb_text_4  et_pb_text_align_center et_pb_bg_layout_light\">\n\t\t\t\t\n\t\t\t\t\n\t\t\t\t\n\t\t\t\t\n\t\t\t\t<div class=\"et_pb_text_inner\"><p>Belgija<\/p><\/div>\n\t\t\t<\/div>\n\t\t\t<\/div><div class=\"et_d4_element et_pb_column_1_4 et_pb_column et_pb_column_4 et_clickable et_pb_section_video_on_hover et_pb_section_parallax_hover  et_pb_css_mix_blend_mode et_block_column\">\n\t\t\t\t\n\t\t\t\t\n\t\t\t\t\n\t\t\t\t\n\t\t\t\t<div class=\"et_pb_module et_d4_element et_pb_text et_pb_text_5  et_pb_text_align_center et_pb_bg_layout_light\">\n\t\t\t\t\n\t\t\t\t\n\t\t\t\t\n\t\t\t\t\n\t\t\t\t<div class=\"et_pb_text_inner\"><p>Italija<\/p><\/div>\n\t\t\t<\/div>\n\t\t\t<\/div><div class=\"et_d4_element et_pb_column_1_4 et_pb_column et_pb_column_5 et_clickable et_pb_section_video_on_hover et_pb_section_parallax_hover  et_pb_css_mix_blend_mode et-last-child et_block_column\">\n\t\t\t\t\n\t\t\t\t\n\t\t\t\t\n\t\t\t\t\n\t\t\t\t<div class=\"et_pb_module et_d4_element et_pb_text et_pb_text_6  et_pb_text_align_center et_pb_bg_layout_light\">\n\t\t\t\t\n\t\t\t\t\n\t\t\t\t\n\t\t\t\t\n\t\t\t\t<div class=\"et_pb_text_inner\"><p>Lietuva<\/p><\/div>\n\t\t\t<\/div>\n\t\t\t<\/div>\n\t\t\t\t\n\t\t\t\t\n\t\t\t\t\n\t\t\t\t\n\t\t\t<\/div>\n\t\t\t\t\n\t\t\t\t<div class=\"et_pb_bottom_inside_divider et-no-transition\"><\/div>\n\t\t\t<\/div><div class=\"et_d4_element et_pb_section et_pb_section_3 et_clickable et_pb_section_video_on_hover et_pb_section_parallax_hover et_pb_with_background  et_pb_css_mix_blend_mode et_section_regular section_has_divider et_pb_bottom_divider et_pb_top_divider et_block_section\" >\n\t\t\t\t\n\t\t\t\t\n\t\t\t\t\n\t\t\t\t\n\t\t\t\t\n\t\t\t\t\n\t\t\t\t<div class=\"et_d4_element et_pb_row et_pb_row_3  et_pb_css_mix_blend_mode et_block_row\">\n\t\t\t\t<div class=\"et_d4_element et_pb_column_4_4 et_pb_column et_pb_column_6  et_pb_css_mix_blend_mode et-last-child et_block_column\">\n\t\t\t\t\n\t\t\t\t\n\t\t\t\t\n\t\t\t\t\n\t\t\t\t<div class=\"et_pb_module et_d4_element et_pb_text et_pb_text_7  et_pb_text_align_center et_pb_bg_layout_light\">\n\t\t\t\t\n\t\t\t\t\n\t\t\t\t\n\t\t\t\t\n\t\t\t\t<div class=\"et_pb_text_inner\"><p>Pasaulyje<\/p><\/div>\n\t\t\t<\/div>\n\t\t\t<\/div>\n\t\t\t\t\n\t\t\t\t\n\t\t\t\t\n\t\t\t\t\n\t\t\t<\/div>\n\t\t\t\t\n\t\t\t\t<div class=\"et_pb_bottom_inside_divider et-no-transition\"><\/div>\n\t\t\t<\/div><\/p>\n","protected":false},"excerpt":{"rendered":"","protected":false},"author":1,"featured_media":0,"parent":3083,"menu_order":0,"comment_status":"closed","ping_status":"closed","template":"","meta":{"_et_pb_use_builder":"on","_et_pb_old_content":"","_et_gb_content_width":"","footnotes":""},"class_list":["post-3091","page","type-page","status-publish","hentry"],"yoast_head":"<!-- This site is optimized with the Yoast SEO plugin v27.5 - https:\/\/yoast.com\/product\/yoast-seo-wordpress\/ -->\n<title>Belgija - Religious of the Assumption &gt; Province of Europe<\/title>\n<meta name=\"robots\" content=\"index, follow, max-snippet:-1, max-image-preview:large, max-video-preview:-1\" \/>\n<link rel=\"canonical\" href=\"https:\/\/assumpta-eu.org\/lt\/bendruomenes\/belgija\/\" \/>\n<meta property=\"og:locale\" content=\"lt_LT\" \/>\n<meta property=\"og:type\" content=\"article\" \/>\n<meta property=\"og:title\" content=\"Belgija - Religious of the Assumption &gt; Province of Europe\" \/>\n<meta property=\"og:url\" content=\"https:\/\/assumpta-eu.org\/lt\/bendruomenes\/belgija\/\" \/>\n<meta property=\"og:site_name\" content=\"Religious of the Assumption &gt; Province of Europe\" \/>\n<meta property=\"article:publisher\" content=\"http:\/\/www.facebook.com\/assumptionUK\" \/>\n<meta property=\"article:modified_time\" content=\"2025-12-18T11:30:58+00:00\" \/>\n<meta name=\"twitter:card\" content=\"summary_large_image\" \/>\n<meta name=\"twitter:site\" content=\"@AssumptionRA\" \/>\n<meta name=\"twitter:label1\" content=\"Est. reading time\" \/>\n\t<meta name=\"twitter:data1\" content=\"8 minut\u0117s\" \/>\n<script type=\"application\/ld+json\" class=\"yoast-schema-graph\">{\"@context\":\"https:\\\/\\\/schema.org\",\"@graph\":[{\"@type\":\"WebPage\",\"@id\":\"https:\\\/\\\/assumpta-eu.org\\\/lt\\\/bendruomenes\\\/belgija\\\/\",\"url\":\"https:\\\/\\\/assumpta-eu.org\\\/lt\\\/bendruomenes\\\/belgija\\\/\",\"name\":\"Belgija - Religious of the Assumption &gt; Province of Europe\",\"isPartOf\":{\"@id\":\"https:\\\/\\\/assumpta-eu.org\\\/lt\\\/#website\"},\"datePublished\":\"2023-08-23T11:00:39+00:00\",\"dateModified\":\"2025-12-18T11:30:58+00:00\",\"breadcrumb\":{\"@id\":\"https:\\\/\\\/assumpta-eu.org\\\/lt\\\/bendruomenes\\\/belgija\\\/#breadcrumb\"},\"inLanguage\":\"lt-LT\",\"potentialAction\":[{\"@type\":\"ReadAction\",\"target\":[\"https:\\\/\\\/assumpta-eu.org\\\/lt\\\/bendruomenes\\\/belgija\\\/\"]}]},{\"@type\":\"BreadcrumbList\",\"@id\":\"https:\\\/\\\/assumpta-eu.org\\\/lt\\\/bendruomenes\\\/belgija\\\/#breadcrumb\",\"itemListElement\":[{\"@type\":\"ListItem\",\"position\":1,\"name\":\"Home\",\"item\":\"https:\\\/\\\/assumpta-eu.org\\\/lt\\\/\"},{\"@type\":\"ListItem\",\"position\":2,\"name\":\"Bendruomen\u0117s\",\"item\":\"https:\\\/\\\/assumpta-eu.org\\\/lt\\\/bendruomenes\\\/\"},{\"@type\":\"ListItem\",\"position\":3,\"name\":\"Belgija\"}]},{\"@type\":\"WebSite\",\"@id\":\"https:\\\/\\\/assumpta-eu.org\\\/lt\\\/#website\",\"url\":\"https:\\\/\\\/assumpta-eu.org\\\/lt\\\/\",\"name\":\"Province of Europe of the Religious of the Assumption\",\"description\":\"Make Christ known and loved\",\"publisher\":{\"@id\":\"https:\\\/\\\/assumpta-eu.org\\\/lt\\\/#organization\"},\"potentialAction\":[{\"@type\":\"SearchAction\",\"target\":{\"@type\":\"EntryPoint\",\"urlTemplate\":\"https:\\\/\\\/assumpta-eu.org\\\/lt\\\/?s={search_term_string}\"},\"query-input\":{\"@type\":\"PropertyValueSpecification\",\"valueRequired\":true,\"valueName\":\"search_term_string\"}}],\"inLanguage\":\"lt-LT\"},{\"@type\":\"Organization\",\"@id\":\"https:\\\/\\\/assumpta-eu.org\\\/lt\\\/#organization\",\"name\":\"Religious of the Assumption\",\"url\":\"https:\\\/\\\/assumpta-eu.org\\\/lt\\\/\",\"logo\":{\"@type\":\"ImageObject\",\"inLanguage\":\"lt-LT\",\"@id\":\"https:\\\/\\\/assumpta-eu.org\\\/lt\\\/#\\\/schema\\\/logo\\\/image\\\/\",\"url\":\"https:\\\/\\\/assumpta-eu.org\\\/wp-content\\\/uploads\\\/2023\\\/06\\\/RA-EU-logos-02.png\",\"contentUrl\":\"https:\\\/\\\/assumpta-eu.org\\\/wp-content\\\/uploads\\\/2023\\\/06\\\/RA-EU-logos-02.png\",\"width\":705,\"height\":729,\"caption\":\"Religious of the Assumption\"},\"image\":{\"@id\":\"https:\\\/\\\/assumpta-eu.org\\\/lt\\\/#\\\/schema\\\/logo\\\/image\\\/\"},\"sameAs\":[\"http:\\\/\\\/www.facebook.com\\\/assumptionUK\",\"https:\\\/\\\/x.com\\\/AssumptionRA\",\"http:\\\/\\\/www.instagram.com\\\/assumptionuk\"]}]}<\/script>\n<!-- \/ Yoast SEO plugin. -->","yoast_head_json":{"title":"Belgija - Religious of the Assumption &gt; Province of Europe","robots":{"index":"index","follow":"follow","max-snippet":"max-snippet:-1","max-image-preview":"max-image-preview:large","max-video-preview":"max-video-preview:-1"},"canonical":"https:\/\/assumpta-eu.org\/lt\/bendruomenes\/belgija\/","og_locale":"lt_LT","og_type":"article","og_title":"Belgija - Religious of the Assumption &gt; Province of Europe","og_url":"https:\/\/assumpta-eu.org\/lt\/bendruomenes\/belgija\/","og_site_name":"Religious of the Assumption &gt; Province of Europe","article_publisher":"http:\/\/www.facebook.com\/assumptionUK","article_modified_time":"2025-12-18T11:30:58+00:00","twitter_card":"summary_large_image","twitter_site":"@AssumptionRA","twitter_misc":{"Est. reading time":"8 minut\u0117s"},"schema":{"@context":"https:\/\/schema.org","@graph":[{"@type":"WebPage","@id":"https:\/\/assumpta-eu.org\/lt\/bendruomenes\/belgija\/","url":"https:\/\/assumpta-eu.org\/lt\/bendruomenes\/belgija\/","name":"Belgija - Religious of the Assumption &gt; Province of Europe","isPartOf":{"@id":"https:\/\/assumpta-eu.org\/lt\/#website"},"datePublished":"2023-08-23T11:00:39+00:00","dateModified":"2025-12-18T11:30:58+00:00","breadcrumb":{"@id":"https:\/\/assumpta-eu.org\/lt\/bendruomenes\/belgija\/#breadcrumb"},"inLanguage":"lt-LT","potentialAction":[{"@type":"ReadAction","target":["https:\/\/assumpta-eu.org\/lt\/bendruomenes\/belgija\/"]}]},{"@type":"BreadcrumbList","@id":"https:\/\/assumpta-eu.org\/lt\/bendruomenes\/belgija\/#breadcrumb","itemListElement":[{"@type":"ListItem","position":1,"name":"Home","item":"https:\/\/assumpta-eu.org\/lt\/"},{"@type":"ListItem","position":2,"name":"Bendruomen\u0117s","item":"https:\/\/assumpta-eu.org\/lt\/bendruomenes\/"},{"@type":"ListItem","position":3,"name":"Belgija"}]},{"@type":"WebSite","@id":"https:\/\/assumpta-eu.org\/lt\/#website","url":"https:\/\/assumpta-eu.org\/lt\/","name":"Province of Europe of the Religious of the Assumption","description":"Make Christ known and loved","publisher":{"@id":"https:\/\/assumpta-eu.org\/lt\/#organization"},"potentialAction":[{"@type":"SearchAction","target":{"@type":"EntryPoint","urlTemplate":"https:\/\/assumpta-eu.org\/lt\/?s={search_term_string}"},"query-input":{"@type":"PropertyValueSpecification","valueRequired":true,"valueName":"search_term_string"}}],"inLanguage":"lt-LT"},{"@type":"Organization","@id":"https:\/\/assumpta-eu.org\/lt\/#organization","name":"Religious of the Assumption","url":"https:\/\/assumpta-eu.org\/lt\/","logo":{"@type":"ImageObject","inLanguage":"lt-LT","@id":"https:\/\/assumpta-eu.org\/lt\/#\/schema\/logo\/image\/","url":"https:\/\/assumpta-eu.org\/wp-content\/uploads\/2023\/06\/RA-EU-logos-02.png","contentUrl":"https:\/\/assumpta-eu.org\/wp-content\/uploads\/2023\/06\/RA-EU-logos-02.png","width":705,"height":729,"caption":"Religious of the Assumption"},"image":{"@id":"https:\/\/assumpta-eu.org\/lt\/#\/schema\/logo\/image\/"},"sameAs":["http:\/\/www.facebook.com\/assumptionUK","https:\/\/x.com\/AssumptionRA","http:\/\/www.instagram.com\/assumptionuk"]}]}},"_links":{"self":[{"href":"https:\/\/assumpta-eu.org\/lt\/wp-json\/wp\/v2\/pages\/3091","targetHints":{"allow":["GET"]}}],"collection":[{"href":"https:\/\/assumpta-eu.org\/lt\/wp-json\/wp\/v2\/pages"}],"about":[{"href":"https:\/\/assumpta-eu.org\/lt\/wp-json\/wp\/v2\/types\/page"}],"author":[{"embeddable":true,"href":"https:\/\/assumpta-eu.org\/lt\/wp-json\/wp\/v2\/users\/1"}],"replies":[{"embeddable":true,"href":"https:\/\/assumpta-eu.org\/lt\/wp-json\/wp\/v2\/comments?post=3091"}],"version-history":[{"count":26,"href":"https:\/\/assumpta-eu.org\/lt\/wp-json\/wp\/v2\/pages\/3091\/revisions"}],"predecessor-version":[{"id":6427,"href":"https:\/\/assumpta-eu.org\/lt\/wp-json\/wp\/v2\/pages\/3091\/revisions\/6427"}],"up":[{"embeddable":true,"href":"https:\/\/assumpta-eu.org\/lt\/wp-json\/wp\/v2\/pages\/3083"}],"wp:attachment":[{"href":"https:\/\/assumpta-eu.org\/lt\/wp-json\/wp\/v2\/media?parent=3091"}],"curies":[{"name":"wp","href":"https:\/\/api.w.org\/{rel}","templated":true}]}}