{"id":3076,"date":"2023-07-10T10:27:35","date_gmt":"2023-07-10T08:27:35","guid":{"rendered":"https:\/\/assumpta-eu.org\/apie-mus\/musu-istorija\/"},"modified":"2024-05-08T16:38:00","modified_gmt":"2024-05-08T14:38:00","slug":"musu-istorija","status":"publish","type":"page","link":"https:\/\/assumpta-eu.org\/lt\/apie-mus\/musu-istorija\/","title":{"rendered":"M\u016bs\u0173 istorija"},"content":{"rendered":"<p><div class=\"et_d4_element et_pb_section et_pb_section_0 et_pb_section_parallax et_pb_with_background  et_pb_css_mix_blend_mode et_section_regular section_has_divider et_pb_bottom_divider et_pb_top_divider et_block_section\" >\n\t\t\t\t<div class=\"et_pb_top_inside_divider et-no-transition\"><\/div>\n\t\t\t\t<span class=\"et_parallax_bg_wrap et-pb-parallax-wrapper\"><span\n\t\t\t\t\t\tclass=\"et_parallax_bg et_parallax_bg--et_pb_section_0\"\n\t\t\t\t\t\tstyle=\"background-image: url(https:\/\/assumpta-eu.org\/wp-content\/uploads\/2023\/07\/priere-MME_comp.jpg);\"\n\t\t\t\t\t><\/span><span\n\t\t\t\t\t\tclass=\"et_parallax_gradient\"\n\t\t\t\t\t\tstyle=\"background-image: linear-gradient( 80deg, rgba(44,0,71,0.88) 0%, rgba(117,88,130,0.5) 100% );\"\n\t\t\t\t\t><\/span><\/span>\n\t\t\t\t\n\t\t\t\t\n\t\t\t\t\n\t\t\t\t\n\t\t\t\t<div class=\"et_d4_element et_pb_row et_pb_row_0 et_pb_equal_columns et_pb_gutters1  et_pb_css_mix_blend_mode et_block_row\">\n\t\t\t\t<div class=\"et_d4_element et_pb_column_4_4 et_pb_column et_pb_column_0  et_pb_css_mix_blend_mode et-last-child et_block_column\">\n\t\t\t\t\n\t\t\t\t\n\t\t\t\t\n\t\t\t\t\n\t\t\t\t<div class=\"et_pb_module et_d4_element et_pb_text et_pb_text_0  et_pb_text_align_left et_pb_bg_layout_light\">\n\t\t\t\t\n\t\t\t\t\n\t\t\t\t\n\t\t\t\t\n\t\t\t\t<div class=\"et_pb_text_inner\"><h1>M\u016bs\u0173 istorija<\/h1><\/div>\n\t\t\t<\/div><div class=\"et_pb_module et_d4_element et_pb_text et_pb_text_1 et_animated  et_pb_text_align_left et_pb_bg_layout_light\">\n\t\t\t\t\n\t\t\t\t\n\t\t\t\t\n\t\t\t\t\n\t\t\t\t<div class=\"et_pb_text_inner\"><h2><span>Tik\u0117jimo \u0161viesos skleidimas<\/span><\/h2><\/div>\n\t\t\t<\/div>\n\t\t\t<\/div>\n\t\t\t\t\n\t\t\t\t\n\t\t\t\t\n\t\t\t\t\n\t\t\t<\/div>\n\t\t\t\t\n\t\t\t\t<div class=\"et_pb_bottom_inside_divider et-no-transition\"><\/div>\n\t\t\t<\/div><div class=\"et_d4_element et_pb_section et_pb_section_1 et_pb_with_background  et_pb_css_mix_blend_mode et_section_regular et_block_section\" >\n\t\t\t\t\n\t\t\t\t\n\t\t\t\t\n\t\t\t\t\n\t\t\t\t\n\t\t\t\t\n\t\t\t\t<div class=\"et_d4_element et_pb_row et_pb_row_1 et_pb_equal_columns  et_pb_css_mix_blend_mode et_block_row\">\n\t\t\t\t<div class=\"et_d4_element et_pb_column_3_5 et_pb_column et_pb_column_1  et_pb_css_mix_blend_mode et_block_column\">\n\t\t\t\t\n\t\t\t\t\n\t\t\t\t\n\t\t\t\t\n\t\t\t\t<div class=\"et_pb_module et_d4_element et_pb_text et_pb_text_2  et_pb_text_align_left et_pb_bg_layout_light\">\n\t\t\t\t\n\t\t\t\t\n\t\t\t\t\n\t\t\t\t\n\t\t\t\t<div class=\"et_pb_text_inner\"><h4><span>Kukli prad\u017eia<\/span><\/h4><\/div>\n\t\t\t<\/div><div class=\"et_pb_module et_d4_element et_pb_text et_pb_text_3 et_animated  et_pb_text_align_left et_pb_bg_layout_light\">\n\t\t\t\t\n\t\t\t\t\n\t\t\t\t\n\t\t\t\t\n\t\t\t\t<div class=\"et_pb_text_inner\"><h2>Naujos bendruomen\u0117s gimimas<\/h2>\n<div id=\"gtx-trans\" style=\"position: absolute; left: -29px; top: 52.5187px;\">\n<div class=\"gtx-trans-icon\"><\/div>\n<\/div><\/div>\n\t\t\t<\/div><div class=\"et_pb_module et_d4_element et_pb_text et_pb_text_4 et_animated  et_pb_text_align_left et_pb_bg_layout_light\">\n\t\t\t\t\n\t\t\t\t\n\t\t\t\t\n\t\t\t\t\n\t\t\t\t<div class=\"et_pb_text_inner\"><p>Marijos Dangun \u0116mimo kongregacij\u0105 <strong>1839 m<\/strong>. Pary\u017eiuje \u012fk\u016br\u0117 <strong>Ona Eugenija Milere<\/strong>, kurios vienuoli\u0161kas vardas buvo <strong>J\u0117zaus Marija Eugenija<\/strong>. \u012ekurti nauj\u0105 kongregacij\u0105, \u012fkv\u0117pt\u0105 Mergel\u0117s Marijos \u0116mimo \u012f Dang\u0173 paslapties, j\u0105 paskatino \u017einomas to meto pamokslininkas kunigas Teodoras Kombalo. Pamokslininkas tro\u0161ko, kad seserys, ugdydamos mergaites ir moteris, dirbt\u0173 visuomen\u0117s pertvarkymo labui.   <\/p>\n<p>Kai 1837 m. Ona Eugenija at\u0117jo pas j\u012f i\u0161pa\u017einties, kunigas Kombalo atpa\u017eino \u0161ioje devyniolikmet\u0117je, trok\u0161tan\u010dioje pa\u0161v\u0119sti savo gyvenim\u0105 Dievui, galim\u0105 naujos kongregacijos steig\u0117j\u0105. Prad\u017eia buvo labai kukli. 1839 m. baland\u017eio 30 d. keturios jaunos merginos apsigyveno Pary\u017eiuje, nedideliame bute Feru (F\u00e9rou) gatv\u0117je, netoli \u0160vento Sulpicijaus ba\u017eny\u010dios. <strong>J\u0173 gyvenimas tek\u0117jo maldos ir tylos, studij\u0173 ir nam\u0173 ruo\u0161os darb\u0173 ritmu.<\/strong> B\u016bdama garbaus am\u017eiaus Marija Eugenija tuos laikus apib\u016bdino kaip \u201e(tam tikr\u0105) dvasi\u0105, kuri \u017eenklino m\u016bs\u0173 kelio prad\u017ei\u0105\u201c.    <\/p><\/div>\n\t\t\t<\/div>\n\t\t\t<\/div><div class=\"et_d4_element et_pb_column_2_5 et_pb_column et_pb_column_2  et_pb_css_mix_blend_mode et-last-child et_block_column\">\n\t\t\t\t\n\t\t\t\t\n\t\t\t\t\n\t\t\t\t\n\t\t\t\t<div class=\"et_pb_module et_d4_element et_pb_image et_pb_image_0 et_animated et-waypoint\">\n\t\t\t\t\n\t\t\t\t\n\t\t\t\t\n\t\t\t\t\n\t\t\t\t<span class=\"et_pb_image_wrap has-box-shadow-overlay\"><div class=\"box-shadow-overlay\"><\/div><img loading=\"lazy\" decoding=\"async\" width=\"1440\" height=\"1920\" src=\"https:\/\/assumpta-eu.org\/wp-content\/uploads\/2023\/07\/DSCN3358_comp-rotated.jpg\" alt=\"\" title=\"DSCN3358_comp\" srcset=\"https:\/\/assumpta-eu.org\/wp-content\/uploads\/2023\/07\/DSCN3358_comp-rotated.jpg 1440w, https:\/\/assumpta-eu.org\/wp-content\/uploads\/2023\/07\/DSCN3358_comp-1280x1707.jpg 1280w, https:\/\/assumpta-eu.org\/wp-content\/uploads\/2023\/07\/DSCN3358_comp-980x1307.jpg 980w, https:\/\/assumpta-eu.org\/wp-content\/uploads\/2023\/07\/DSCN3358_comp-480x640.jpg 480w\" sizes=\"(min-width: 0px) and (max-width: 480px) 480px, (min-width: 481px) and (max-width: 980px) 980px, (min-width: 981px) and (max-width: 1280px) 1280px, (min-width: 1281px) 1440px, 100vw\" class=\"wp-image-278\" \/><\/span>\n\t\t\t<\/div>\n\t\t\t<\/div>\n\t\t\t\t\n\t\t\t\t\n\t\t\t\t\n\t\t\t\t\n\t\t\t<\/div>\n\t\t\t\t\n\t\t\t\t\n\t\t\t<\/div><div class=\"et_d4_element et_pb_section et_pb_section_2 et_pb_with_background  et_pb_css_mix_blend_mode et_section_regular et_block_section\" >\n\t\t\t\t\n\t\t\t\t\n\t\t\t\t\n\t\t\t\t\n\t\t\t\t\n\t\t\t\t\n\t\t\t\t<div class=\"et_d4_element et_pb_row et_pb_row_2  et_pb_css_mix_blend_mode et_block_row\">\n\t\t\t\t<div class=\"et_d4_element et_pb_column_2_5 et_pb_column et_pb_column_3  et_pb_css_mix_blend_mode et_block_column\">\n\t\t\t\t\n\t\t\t\t\n\t\t\t\t\n\t\t\t\t\n\t\t\t\t<div class=\"et_pb_module et_d4_element et_pb_image et_pb_image_1 et_animated et-waypoint\">\n\t\t\t\t\n\t\t\t\t\n\t\t\t\t\n\t\t\t\t\n\t\t\t\t<span class=\"et_pb_image_wrap \"><img loading=\"lazy\" decoding=\"async\" width=\"707\" height=\"600\" src=\"https:\/\/assumpta-eu.org\/wp-content\/uploads\/2023\/07\/Fondo-de-DSC_0440-eliminado_comp-1.png\" alt=\"\" title=\"Fondo de \u201cDSC_0440\u201d eliminado_comp\" srcset=\"https:\/\/assumpta-eu.org\/wp-content\/uploads\/2023\/07\/Fondo-de-DSC_0440-eliminado_comp-1.png 707w, https:\/\/assumpta-eu.org\/wp-content\/uploads\/2023\/07\/Fondo-de-DSC_0440-eliminado_comp-1-480x407.png 480w\" sizes=\"(min-width: 0px) and (max-width: 480px) 480px, (min-width: 481px) 707px, 100vw\" class=\"wp-image-293\" \/><\/span>\n\t\t\t<\/div>\n\t\t\t<\/div><div class=\"et_d4_element et_pb_column_3_5 et_pb_column et_pb_column_4  et_pb_css_mix_blend_mode et-last-child et_block_column\">\n\t\t\t\t\n\t\t\t\t\n\t\t\t\t\n\t\t\t\t\n\t\t\t\t<div class=\"et_pb_module et_d4_element et_pb_text et_pb_text_5 et_animated  et_pb_text_align_left et_pb_bg_layout_light\">\n\t\t\t\t\n\t\t\t\t\n\t\t\t\t\n\t\t\t\t\n\t\t\t\t<div class=\"et_pb_text_inner\"><p>Vasar\u0105 seserys praleido Meudone, prie j\u0173 prisijung\u0117 jauna air\u0117 <strong>Teres\u0117 Emanuel\u0117 (Kate O'Neill)<\/strong>, v\u0117liau kita sesuo \u2013 Marija Teres\u0117. Marija Eugenija ra\u0161\u0117: \u201etarp m\u016bs\u0173 buvo atvirumas ir papras\u010diausias geranori\u0161kumas\u201c. Tai buvo prad\u017eia to, kas kongregacijoje vadinama <strong>\u201e\u0161eimos dvasia\u201c<\/strong> ir iki \u0161iol tai laikoma vienu i\u0161 vienuolijos po\u017eymi\u0173. T\u0117vas Kombalo (Combalot) kasdien ateidavo skaityti paskait\u0173 ir vadovauti j\u0173 studijoms. Per t\u0173 pa\u010di\u0173 met\u0173 advent\u0105 jis supa\u017eindino seseris su Valand\u0173 liturgija, kuri nuo to laiko yra svarbi kongregacijos dvasingumo dalis.     <\/p>\n<p>1841 m. kunigas Kombalo, kuris visada buvo ekscentri\u0161kas ir nenusp\u0117jamas, paliko jas vienas. \u0160i\u0105 sunki\u0105 akimirk\u0105 seser\u0173 sprendimas <strong>laikytis drauge <\/strong> buvo lemtingas. Jos suprato, kad bendruomen\u0117 jau turi savo veid\u0105 ir bendr\u0105 vizij\u0105.   <\/p>\n<p>Pama\u017eu seser\u0173 skai\u010dius augo, jas pripa\u017eino ir Ba\u017eny\u010dios vadovyb\u0117. 1841 m. jos atidar\u0117 nedidel\u0119 mokykl\u0105. <strong>Misija prasid\u0117jo<\/strong>.  <\/p><\/div>\n\t\t\t<\/div>\n\t\t\t<\/div>\n\t\t\t\t\n\t\t\t\t\n\t\t\t\t\n\t\t\t\t\n\t\t\t<\/div>\n\t\t\t\t\n\t\t\t\t\n\t\t\t<\/div><div class=\"et_d4_element et_pb_section et_pb_section_3 et_pb_section_parallax et_pb_with_background  et_pb_css_mix_blend_mode et_section_regular section_has_divider et_pb_bottom_divider et_pb_top_divider et_block_section\" >\n\t\t\t\t<div class=\"et_pb_top_inside_divider et-no-transition\"><\/div>\n\t\t\t\t<span class=\"et_parallax_bg_wrap et-pb-parallax-wrapper\"><span\n\t\t\t\t\t\tclass=\"et_parallax_bg et_parallax_bg--et_pb_section_3\"\n\t\t\t\t\t\tstyle=\"background-image: url(https:\/\/assumpta-eu.org\/wp-content\/uploads\/2023\/07\/DSCN9554-1.jpg);\"\n\t\t\t\t\t><\/span><span\n\t\t\t\t\t\tclass=\"et_parallax_gradient\"\n\t\t\t\t\t\tstyle=\"background-image: linear-gradient( 90deg, rgba(44,0,71,0.9) 0%, rgba(44, 0, 71, 0.69) 23%, rgba(44,0,71,0.64) 47%, rgba(44,0,71,0) 100% );\"\n\t\t\t\t\t><\/span><\/span>\n\t\t\t\t\n\t\t\t\t\n\t\t\t\t\n\t\t\t\t\n\t\t\t\t<div class=\"et_d4_element et_pb_row et_pb_row_3  et_pb_css_mix_blend_mode et_block_row\">\n\t\t\t\t<div class=\"et_d4_element et_pb_column_3_5 et_pb_column et_pb_column_5  et_pb_css_mix_blend_mode et_block_column\">\n\t\t\t\t\n\t\t\t\t\n\t\t\t\t\n\t\t\t\t\n\t\t\t\t<div class=\"et_pb_module et_d4_element et_pb_text et_pb_text_6 et_animated  et_pb_text_align_left et_pb_bg_layout_light\">\n\t\t\t\t\n\t\t\t\t\n\t\t\t\t\n\t\t\t\t\n\t\t\t\t<div class=\"et_pb_text_inner\"><h2><span data-contrast=\"auto\" xml:lang=\"EN-GB\" lang=\"EN-GB\" class=\"TextRun MacChromeBold SCXW135193998 BCX0\"><span class=\"NormalTextRun SCXW135193998 BCX0\">\u201eUgnis, entuziazmas ir didel\u0117 meil\u0117\u201c<\/span><\/span><\/h2><\/div>\n\t\t\t<\/div><div class=\"et_pb_module et_d4_element et_pb_text et_pb_text_7 claro et_animated  et_pb_text_align_left et_pb_bg_layout_light\">\n\t\t\t\t\n\t\t\t\t\n\t\t\t\t\n\t\t\t\t\n\t\t\t\t<div class=\"et_pb_text_inner\"><p>Kongregacijos istorija prasideda nuo \u012fk\u016br\u0117jos <strong>Marijos Eugenijos Milere<\/strong>, ta\u010diau t\u0105 istorij\u0105 k\u016br\u0117 ir daugelis kit\u0173 kartu gyvenusi\u0173 ar v\u0117liau prie bendruomen\u0117s prisijungusi\u0173 seser\u0173. Tai \u017emoni\u0173, kurie dega tro\u0161kimu skleisti Kristaus Karalyst\u0119, istorija. 1841 m. Marija Eugenija, pristatydama kongregacij\u0105 Pary\u017eiaus arkivyskupui, ra\u0161\u0117, kad visk\u0105 pagimd\u0117 \u201eu\u017esidegimas, entuziazmas ir kar\u0161ta meil\u0117 Ba\u017eny\u010diai bei nuo Dievo nutolusiai visuomenei\u201c.  <\/p>\n<p>Pirmosios seserys prie \u012fprast\u0173 neturto, skaistumo ir klusnumo \u012f\u017ead\u0173 prid\u0117jo dar vien\u0105 \u2013 <strong>vis\u0105 savo gyvenim\u0105 pa\u0161v\u0119sti Dievo Karalystei sielose pl\u0117sti.<\/strong> <\/p>\n<p>1848 m. apa\u0161tali\u0161kas uolumas atved\u0117 seseris \u012f misijas Piet\u0173 Afrikoje. Ten jos susid\u016br\u0117 su mil\u017eini\u0161kais i\u0161\u0161\u016bkiais. Galiausiai bendruomen\u0117 nutrauk\u0117 ry\u0161ius su Pary\u017eiumi ir \u012fk\u016br\u0117j\u0105 bei prisitaikiusi prie \u0161alies poreiki\u0173 tapo nauja <strong>\u201eAsumcion seser\u0173 misionieri\u0173\u201c<\/strong> kongregacija.   <\/p>\n<p>Jos iki \u0161iol dirba Piet\u0173 Afrikos respublikoje, Airijoje ir kitose \u0161alyse Afrikos \u017eeyne.  <\/p>\n<p>Kongregacija nei\u0161veng\u0117 sunkum\u0173 steigdama namus tolimuose kra\u0161tuose, bet <strong>nepaisydama i\u0161bandym\u0173 bendruomen\u0117 augo<\/strong>. Atidar\u0117 namus Ri\u010dmonde (Anglija), Sedane ir Nime (Pranc\u016bzija), 1857 m. motininiai namai persik\u0117l\u0117 \u012f Auteuil rajon\u0105 Pary\u017eiuje.Iki Marijos Eugenijos mirties 1898 m. kongregacij\u0105 sudar\u0117 28 bendruomen\u0117s.<\/p><\/div>\n\t\t\t<\/div>\n\t\t\t<\/div><div class=\"et_d4_element et_pb_column_2_5 et_pb_column et_pb_column_6  et_pb_css_mix_blend_mode et-last-child et_block_column et_pb_column_empty\">\n\t\t\t\t\n\t\t\t\t\n\t\t\t\t\n\t\t\t\t\n\t\t\t\t\n\t\t\t<\/div>\n\t\t\t\t\n\t\t\t\t\n\t\t\t\t\n\t\t\t\t\n\t\t\t<\/div>\n\t\t\t\t\n\t\t\t\t<div class=\"et_pb_bottom_inside_divider et-no-transition\"><\/div>\n\t\t\t<\/div><div class=\"et_d4_element et_pb_section et_pb_section_4 et_pb_with_background  et_pb_css_mix_blend_mode et_section_regular section_has_divider et_pb_bottom_divider et_pb_top_divider et_block_section\" >\n\t\t\t\t\n\t\t\t\t\n\t\t\t\t\n\t\t\t\t\n\t\t\t\t\n\t\t\t\t\n\t\t\t\t<div class=\"et_d4_element et_pb_row et_pb_row_4 et_pb_equal_columns  et_pb_css_mix_blend_mode et_block_row\">\n\t\t\t\t<div class=\"et_d4_element et_pb_column_4_4 et_pb_column et_pb_column_7  et_pb_css_mix_blend_mode et-last-child et_block_column\">\n\t\t\t\t\n\t\t\t\t\n\t\t\t\t\n\t\t\t\t\n\t\t\t\t<div class=\"et_pb_module et_d4_element et_pb_text et_pb_text_8 et_animated  et_pb_text_align_center et_pb_bg_layout_light\">\n\t\t\t\t\n\t\t\t\t\n\t\t\t\t\n\t\t\t\t\n\t\t\t\t<div class=\"et_pb_text_inner\"><h2><span data-contrast=\"auto\" xml:lang=\"EN-GB\" lang=\"EN-GB\" class=\"TextRun MacChromeBold SCXW264432957 BCX0\"><span class=\"NormalTextRun SCXW264432957 BCX0\">Ne<\/span>s\u0117km\u0117s, susti<span class=\"NormalTextRun SCXW264432957 BCX0\">pr\u0117<\/span>jimas ir did<span class=\"NormalTextRun SCXW264432957 BCX0\">el<\/span>i \u017eingsniai \u012f priek\u012f<\/span><span class=\"EOP SCXW264432957 BCX0\" data-ccp-props=\"{\"201341983\":0,\"335559739\":160,\"335559740\":259}\"> <\/span><\/h2><\/div>\n\t\t\t<\/div><div class=\"et_pb_module et_d4_element et_pb_text et_pb_text_9 et_animated  et_pb_text_align_center et_pb_bg_layout_light\">\n\t\t\t\t\n\t\t\t\t\n\t\t\t\t\n\t\t\t\t\n\t\t\t\t<div class=\"et_pb_text_inner\"><p>V\u0117liau kongregacijos istorijoje b\u016bta ir nes\u0117kmi\u0173, ir <strong>dideli\u0173 \u017eingsni\u0173 \u012f priek\u012f<\/strong>. XX a. prad\u017eioje antireliginiai \u012fstatymai privert\u0117 kongregacij\u0105 palikti Pranc\u016bzij\u0105. Vald\u017eia konfiskavo turt\u0105 ir pardav\u0117 j\u012f var\u017eytin\u0117se. Dal\u012f vienuolijos nam\u0173 nupirko seser\u0173 bi\u010diuliai ir i\u0161laik\u0117 j\u012f, kol kongregacija gal\u0117jo gr\u012f\u017eti \u012f Pranc\u016bzij\u0105, ta\u010diau daugelis buvo prarasti visam laikui.<\/p>\n<p>1906 m. Motinos namai buvo perkelti \u012f <strong>Val Notre-Dame, Belgijoje<\/strong>. Kongregacija toliau augo. Pama\u017eu, nepastebimai, d\u0117v\u0117damos pasaulie\u010di\u0173 drabu\u017eius, seserys gr\u012f\u017eo \u012f Pranc\u016bzij\u0105, o 1953 m. galutinai persik\u0117l\u0117 atgal \u012f Motinos namus. Tuo pat metu buvo \u012fkurtos naujos bendruomen\u0117s Danijoje, Argentinoje, Brazilijoje ir JAV. Po Antrojo Pasaulinio karo misionieri\u0161kas uolumas sugr\u0105\u017eino kongregacij\u0105 \u012f Afrik\u0105, kur ir <strong>\u0161iandien vienuolikoje \u0161ali\u0173 gyvuoja Asumcion bendruomen\u0117s ir mokyklos<\/strong>. Per t\u0105 pat\u012f laikotarp\u012f kongregacija i\u0161augo Azijos \u0161alyse: prie jau \u012fkurt\u0173 nam\u0173 Filipinuose prisid\u0117jo namai Japonijoje, Tailande ir Indijoje.     <\/p><\/div>\n\t\t\t<\/div>\n\t\t\t<\/div>\n\t\t\t\t\n\t\t\t\t\n\t\t\t\t\n\t\t\t\t\n\t\t\t<\/div><div class=\"et_d4_element et_pb_row et_pb_row_5 et_animated  et_pb_css_mix_blend_mode et_block_row\">\n\t\t\t\t<div class=\"et_d4_element et_pb_column_4_4 et_pb_column et_pb_column_8  et_pb_css_mix_blend_mode et-last-child et_block_column\">\n\t\t\t\t\n\t\t\t\t\n\t\t\t\t\n\t\t\t\t\n\t\t\t\t<div class=\"et_pb_module et_d4_element et_pb_text et_pb_text_10 claro et_animated  et_pb_text_align_center et_pb_bg_layout_light\">\n\t\t\t\t\n\t\t\t\t\n\t\t\t\t\n\t\t\t\t\n\t\t\t\t<div class=\"et_pb_text_inner\"><div class=\"group w-full text-gray-800 dark:text-gray-100 border-b border-black\/10 dark:border-gray-900\/50 bg-gray-50 dark:bg-&#091;#444654&#093;\">\n<div class=\"flex p-4 gap-4 text-base md:gap-6 md:max-w-2xl lg:max-w-&#091;38rem&#093; xl:max-w-3xl md:py-6 lg:px-0 m-auto\">\n<div class=\"relative flex w-&#091;calc(100%-50px)&#093; flex-col gap-1 md:gap-3 lg:w-&#091;calc(100%-115px)&#093;\">\n<div class=\"flex flex-grow flex-col gap-3\">\n<div class=\"min-h-&#091;20px&#093; flex items-start overflow-x-auto whitespace-pre-wrap break-words flex-col gap-4\">\n<div class=\"markdown prose w-full break-words dark:prose-invert light\">\n<p>\u0160iandien daugiau nei <strong>1000 kongregacijos seser\u0173 yra i\u0161sibars\u010diusios 32 \u0161alyse<\/strong>. Su dar didesniu d\u017eiaugsmu galime pakartoti Marijos Eugenijos \u017eod\u017eius: \u201e\u017dvelgdama \u012f kongregacijos prad\u017ei\u0105 ir matydama tai, k\u0105 Vie\u0161pats padar\u0117 d\u0117l m\u016bs\u0173, esu persmelkta vienos minties: gyvenime viskas ateina i\u0161 J\u0117zaus Kristaus, viskas priklauso J\u0117zui Kristui, viskas turi b\u016bti d\u0117l J\u0117zaus Kristaus.\u201c <\/p>\n<\/div>\n<\/div>\n<\/div>\n<\/div>\n<\/div>\n<\/div><\/div>\n\t\t\t<\/div>\n\t\t\t<\/div>\n\t\t\t\t\n\t\t\t\t\n\t\t\t\t\n\t\t\t\t\n\t\t\t<\/div>\n\t\t\t\t\n\t\t\t\t<div class=\"et_pb_bottom_inside_divider et-no-transition\"><\/div>\n\t\t\t<\/div><\/p>\n","protected":false},"excerpt":{"rendered":"","protected":false},"author":1,"featured_media":0,"parent":3059,"menu_order":0,"comment_status":"closed","ping_status":"closed","template":"","meta":{"_et_pb_use_builder":"on","_et_pb_old_content":"","_et_gb_content_width":"","footnotes":""},"class_list":["post-3076","page","type-page","status-publish","hentry"],"yoast_head":"<!-- This site is optimized with the Yoast SEO plugin v27.5 - https:\/\/yoast.com\/product\/yoast-seo-wordpress\/ -->\n<title>M\u016bs\u0173 istorija - Religious of the Assumption &gt; Province of Europe<\/title>\n<meta name=\"robots\" content=\"index, follow, max-snippet:-1, max-image-preview:large, max-video-preview:-1\" \/>\n<link rel=\"canonical\" href=\"https:\/\/assumpta-eu.org\/lt\/apie-mus\/musu-istorija\/\" \/>\n<meta property=\"og:locale\" content=\"lt_LT\" \/>\n<meta property=\"og:type\" content=\"article\" \/>\n<meta property=\"og:title\" content=\"M\u016bs\u0173 istorija - Religious of the Assumption &gt; Province of Europe\" \/>\n<meta property=\"og:url\" content=\"https:\/\/assumpta-eu.org\/lt\/apie-mus\/musu-istorija\/\" \/>\n<meta property=\"og:site_name\" content=\"Religious of the Assumption &gt; Province of Europe\" \/>\n<meta property=\"article:publisher\" content=\"http:\/\/www.facebook.com\/assumptionUK\" \/>\n<meta property=\"article:modified_time\" content=\"2024-05-08T14:38:00+00:00\" \/>\n<meta name=\"twitter:card\" content=\"summary_large_image\" \/>\n<meta name=\"twitter:site\" content=\"@AssumptionRA\" \/>\n<meta name=\"twitter:label1\" content=\"Est. reading time\" \/>\n\t<meta name=\"twitter:data1\" content=\"12 minu\u010di\u0173\" \/>\n<script type=\"application\/ld+json\" class=\"yoast-schema-graph\">{\"@context\":\"https:\\\/\\\/schema.org\",\"@graph\":[{\"@type\":\"WebPage\",\"@id\":\"https:\\\/\\\/assumpta-eu.org\\\/lt\\\/apie-mus\\\/musu-istorija\\\/\",\"url\":\"https:\\\/\\\/assumpta-eu.org\\\/lt\\\/apie-mus\\\/musu-istorija\\\/\",\"name\":\"M\u016bs\u0173 istorija - Religious of the Assumption &gt; Province of Europe\",\"isPartOf\":{\"@id\":\"https:\\\/\\\/assumpta-eu.org\\\/lt\\\/#website\"},\"datePublished\":\"2023-07-10T08:27:35+00:00\",\"dateModified\":\"2024-05-08T14:38:00+00:00\",\"breadcrumb\":{\"@id\":\"https:\\\/\\\/assumpta-eu.org\\\/lt\\\/apie-mus\\\/musu-istorija\\\/#breadcrumb\"},\"inLanguage\":\"lt-LT\",\"potentialAction\":[{\"@type\":\"ReadAction\",\"target\":[\"https:\\\/\\\/assumpta-eu.org\\\/lt\\\/apie-mus\\\/musu-istorija\\\/\"]}]},{\"@type\":\"BreadcrumbList\",\"@id\":\"https:\\\/\\\/assumpta-eu.org\\\/lt\\\/apie-mus\\\/musu-istorija\\\/#breadcrumb\",\"itemListElement\":[{\"@type\":\"ListItem\",\"position\":1,\"name\":\"Home\",\"item\":\"https:\\\/\\\/assumpta-eu.org\\\/lt\\\/\"},{\"@type\":\"ListItem\",\"position\":2,\"name\":\"Apie mus\",\"item\":\"https:\\\/\\\/assumpta-eu.org\\\/lt\\\/apie-mus\\\/\"},{\"@type\":\"ListItem\",\"position\":3,\"name\":\"M\u016bs\u0173 istorija\"}]},{\"@type\":\"WebSite\",\"@id\":\"https:\\\/\\\/assumpta-eu.org\\\/lt\\\/#website\",\"url\":\"https:\\\/\\\/assumpta-eu.org\\\/lt\\\/\",\"name\":\"Province of Europe of the Religious of the Assumption\",\"description\":\"Make Christ known and loved\",\"publisher\":{\"@id\":\"https:\\\/\\\/assumpta-eu.org\\\/lt\\\/#organization\"},\"potentialAction\":[{\"@type\":\"SearchAction\",\"target\":{\"@type\":\"EntryPoint\",\"urlTemplate\":\"https:\\\/\\\/assumpta-eu.org\\\/lt\\\/?s={search_term_string}\"},\"query-input\":{\"@type\":\"PropertyValueSpecification\",\"valueRequired\":true,\"valueName\":\"search_term_string\"}}],\"inLanguage\":\"lt-LT\"},{\"@type\":\"Organization\",\"@id\":\"https:\\\/\\\/assumpta-eu.org\\\/lt\\\/#organization\",\"name\":\"Religious of the Assumption\",\"url\":\"https:\\\/\\\/assumpta-eu.org\\\/lt\\\/\",\"logo\":{\"@type\":\"ImageObject\",\"inLanguage\":\"lt-LT\",\"@id\":\"https:\\\/\\\/assumpta-eu.org\\\/lt\\\/#\\\/schema\\\/logo\\\/image\\\/\",\"url\":\"https:\\\/\\\/assumpta-eu.org\\\/wp-content\\\/uploads\\\/2023\\\/06\\\/RA-EU-logos-02.png\",\"contentUrl\":\"https:\\\/\\\/assumpta-eu.org\\\/wp-content\\\/uploads\\\/2023\\\/06\\\/RA-EU-logos-02.png\",\"width\":705,\"height\":729,\"caption\":\"Religious of the Assumption\"},\"image\":{\"@id\":\"https:\\\/\\\/assumpta-eu.org\\\/lt\\\/#\\\/schema\\\/logo\\\/image\\\/\"},\"sameAs\":[\"http:\\\/\\\/www.facebook.com\\\/assumptionUK\",\"https:\\\/\\\/x.com\\\/AssumptionRA\",\"http:\\\/\\\/www.instagram.com\\\/assumptionuk\"]}]}<\/script>\n<!-- \/ Yoast SEO plugin. -->","yoast_head_json":{"title":"M\u016bs\u0173 istorija - Religious of the Assumption &gt; Province of Europe","robots":{"index":"index","follow":"follow","max-snippet":"max-snippet:-1","max-image-preview":"max-image-preview:large","max-video-preview":"max-video-preview:-1"},"canonical":"https:\/\/assumpta-eu.org\/lt\/apie-mus\/musu-istorija\/","og_locale":"lt_LT","og_type":"article","og_title":"M\u016bs\u0173 istorija - Religious of the Assumption &gt; Province of Europe","og_url":"https:\/\/assumpta-eu.org\/lt\/apie-mus\/musu-istorija\/","og_site_name":"Religious of the Assumption &gt; Province of Europe","article_publisher":"http:\/\/www.facebook.com\/assumptionUK","article_modified_time":"2024-05-08T14:38:00+00:00","twitter_card":"summary_large_image","twitter_site":"@AssumptionRA","twitter_misc":{"Est. reading time":"12 minu\u010di\u0173"},"schema":{"@context":"https:\/\/schema.org","@graph":[{"@type":"WebPage","@id":"https:\/\/assumpta-eu.org\/lt\/apie-mus\/musu-istorija\/","url":"https:\/\/assumpta-eu.org\/lt\/apie-mus\/musu-istorija\/","name":"M\u016bs\u0173 istorija - Religious of the Assumption &gt; Province of Europe","isPartOf":{"@id":"https:\/\/assumpta-eu.org\/lt\/#website"},"datePublished":"2023-07-10T08:27:35+00:00","dateModified":"2024-05-08T14:38:00+00:00","breadcrumb":{"@id":"https:\/\/assumpta-eu.org\/lt\/apie-mus\/musu-istorija\/#breadcrumb"},"inLanguage":"lt-LT","potentialAction":[{"@type":"ReadAction","target":["https:\/\/assumpta-eu.org\/lt\/apie-mus\/musu-istorija\/"]}]},{"@type":"BreadcrumbList","@id":"https:\/\/assumpta-eu.org\/lt\/apie-mus\/musu-istorija\/#breadcrumb","itemListElement":[{"@type":"ListItem","position":1,"name":"Home","item":"https:\/\/assumpta-eu.org\/lt\/"},{"@type":"ListItem","position":2,"name":"Apie mus","item":"https:\/\/assumpta-eu.org\/lt\/apie-mus\/"},{"@type":"ListItem","position":3,"name":"M\u016bs\u0173 istorija"}]},{"@type":"WebSite","@id":"https:\/\/assumpta-eu.org\/lt\/#website","url":"https:\/\/assumpta-eu.org\/lt\/","name":"Province of Europe of the Religious of the Assumption","description":"Make Christ known and loved","publisher":{"@id":"https:\/\/assumpta-eu.org\/lt\/#organization"},"potentialAction":[{"@type":"SearchAction","target":{"@type":"EntryPoint","urlTemplate":"https:\/\/assumpta-eu.org\/lt\/?s={search_term_string}"},"query-input":{"@type":"PropertyValueSpecification","valueRequired":true,"valueName":"search_term_string"}}],"inLanguage":"lt-LT"},{"@type":"Organization","@id":"https:\/\/assumpta-eu.org\/lt\/#organization","name":"Religious of the Assumption","url":"https:\/\/assumpta-eu.org\/lt\/","logo":{"@type":"ImageObject","inLanguage":"lt-LT","@id":"https:\/\/assumpta-eu.org\/lt\/#\/schema\/logo\/image\/","url":"https:\/\/assumpta-eu.org\/wp-content\/uploads\/2023\/06\/RA-EU-logos-02.png","contentUrl":"https:\/\/assumpta-eu.org\/wp-content\/uploads\/2023\/06\/RA-EU-logos-02.png","width":705,"height":729,"caption":"Religious of the Assumption"},"image":{"@id":"https:\/\/assumpta-eu.org\/lt\/#\/schema\/logo\/image\/"},"sameAs":["http:\/\/www.facebook.com\/assumptionUK","https:\/\/x.com\/AssumptionRA","http:\/\/www.instagram.com\/assumptionuk"]}]}},"_links":{"self":[{"href":"https:\/\/assumpta-eu.org\/lt\/wp-json\/wp\/v2\/pages\/3076","targetHints":{"allow":["GET"]}}],"collection":[{"href":"https:\/\/assumpta-eu.org\/lt\/wp-json\/wp\/v2\/pages"}],"about":[{"href":"https:\/\/assumpta-eu.org\/lt\/wp-json\/wp\/v2\/types\/page"}],"author":[{"embeddable":true,"href":"https:\/\/assumpta-eu.org\/lt\/wp-json\/wp\/v2\/users\/1"}],"replies":[{"embeddable":true,"href":"https:\/\/assumpta-eu.org\/lt\/wp-json\/wp\/v2\/comments?post=3076"}],"version-history":[{"count":8,"href":"https:\/\/assumpta-eu.org\/lt\/wp-json\/wp\/v2\/pages\/3076\/revisions"}],"predecessor-version":[{"id":3470,"href":"https:\/\/assumpta-eu.org\/lt\/wp-json\/wp\/v2\/pages\/3076\/revisions\/3470"}],"up":[{"embeddable":true,"href":"https:\/\/assumpta-eu.org\/lt\/wp-json\/wp\/v2\/pages\/3059"}],"wp:attachment":[{"href":"https:\/\/assumpta-eu.org\/lt\/wp-json\/wp\/v2\/media?parent=3076"}],"curies":[{"name":"wp","href":"https:\/\/api.w.org\/{rel}","templated":true}]}}