{"id":3064,"date":"2023-08-23T09:20:25","date_gmt":"2023-08-23T07:20:25","guid":{"rendered":"https:\/\/assumpta-eu.org\/apie-mus\/svetoji-marija-eugenija\/"},"modified":"2024-06-18T17:33:30","modified_gmt":"2024-06-18T15:33:30","slug":"svetoji-marija-eugenija","status":"publish","type":"page","link":"https:\/\/assumpta-eu.org\/lt\/apie-mus\/svetoji-marija-eugenija\/","title":{"rendered":"\u0160ventoji Marija Eugenija"},"content":{"rendered":"<p><div class=\"et_d4_element et_pb_section et_pb_section_0 et_pb_with_background  et_pb_css_mix_blend_mode et_section_regular section_has_divider et_pb_bottom_divider et_pb_top_divider et_block_section\" >\n\t\t\t\t<div class=\"et_pb_top_inside_divider et-no-transition\"><\/div>\n\t\t\t\t\n\t\t\t\t\n\t\t\t\t\n\t\t\t\t\n\t\t\t\t\n\t\t\t\t<div class=\"et_d4_element et_pb_row et_pb_row_0 et_pb_equal_columns et_pb_gutters1  et_pb_css_mix_blend_mode et_block_row\">\n\t\t\t\t<div class=\"et_d4_element et_pb_column_4_4 et_pb_column et_pb_column_0  et_pb_css_mix_blend_mode et-last-child et_block_column\">\n\t\t\t\t\n\t\t\t\t\n\t\t\t\t\n\t\t\t\t\n\t\t\t\t<div class=\"et_pb_module et_d4_element et_pb_text et_pb_text_0  et_pb_text_align_left et_pb_bg_layout_light\">\n\t\t\t\t\n\t\t\t\t\n\t\t\t\t\n\t\t\t\t\n\t\t\t\t<div class=\"et_pb_text_inner\"><h1>\u0160ventoji Marija Eugenija<\/h1><\/div>\n\t\t\t<\/div><div class=\"et_pb_module et_d4_element et_pb_text et_pb_text_1 et_animated  et_pb_text_align_left et_pb_bg_layout_light\">\n\t\t\t\t\n\t\t\t\t\n\t\t\t\t\n\t\t\t\t\n\t\t\t\t<div class=\"et_pb_text_inner\"><h2><span>Meil\u0117s ir tarnyst\u0117s istorija<\/span><\/h2><\/div>\n\t\t\t<\/div><div class=\"et_pb_module et_d4_element et_pb_text et_pb_text_2 claro et_animated  et_pb_text_align_left et_pb_bg_layout_light\">\n\t\t\t\t\n\t\t\t\t\n\t\t\t\t\n\t\t\t\t\n\t\t\t\t<div class=\"et_pb_text_inner\"><p><span data-contrast=\"auto\" xml:lang=\"EN-GB\" lang=\"EN-GB\" class=\"TextRun MacChromeBold SCXW123565253 BCX0\"><span class=\"NormalTextRun SCXW123565253 BCX0\">\u0160ventoji Marija Eugenija<\/span><\/span><span data-contrast=\"auto\" xml:lang=\"EN-GB\" lang=\"EN-GB\" class=\"TextRun SCXW123565253 BCX0\"><span class=\"NormalTextRun SCXW123565253 BCX0\"> buvo i\u0161skirtin\u0117 asmenyb\u0117. Nuo pat kongregacijos \u012fk\u016brimo 1839 m. ji penkiasde\u0161imt penkerius metus vadovavo Marijos \u0116mimo \u012f Dang\u0173 vienuolijai. <strong>Ji suprato, kad kiekvien\u0105 i\u0161 m\u016bs\u0173 Dievas pa\u0161auk\u0117 savitai tarnystei.<\/strong> Savo pavyzd\u017eiu ji \u012fkv\u0117p\u0117 daugyb\u0119 \u017emoni\u0173 siekti Dievo Karalyst\u0117s \u012fgyvendinant ugdymo misij\u0105.  <\/span><\/span><span class=\"EOP SCXW123565253 BCX0\" data-ccp-props=\"{\"201341983\":0,\"335559739\":160,\"335559740\":259}\"> <\/span><\/p><\/div>\n\t\t\t<\/div>\n\t\t\t<\/div>\n\t\t\t\t\n\t\t\t\t\n\t\t\t\t\n\t\t\t\t\n\t\t\t<\/div>\n\t\t\t\t\n\t\t\t\t<div class=\"et_pb_bottom_inside_divider et-no-transition\"><\/div>\n\t\t\t<\/div><div class=\"et_d4_element et_pb_section et_pb_section_1 et_pb_with_background  et_pb_css_mix_blend_mode et_section_regular et_block_section\" >\n\t\t\t\t\n\t\t\t\t\n\t\t\t\t\n\t\t\t\t\n\t\t\t\t\n\t\t\t\t\n\t\t\t\t<div class=\"et_d4_element et_pb_row et_pb_row_1 et_pb_equal_columns  et_pb_css_mix_blend_mode et_block_row\">\n\t\t\t\t<div class=\"et_d4_element et_pb_column_3_5 et_pb_column et_pb_column_1  et_pb_css_mix_blend_mode et_block_column\">\n\t\t\t\t\n\t\t\t\t\n\t\t\t\t\n\t\t\t\t\n\t\t\t\t<div class=\"et_pb_module et_d4_element et_pb_text et_pb_text_3  et_pb_text_align_left et_pb_bg_layout_light\">\n\t\t\t\t\n\t\t\t\t\n\t\t\t\t\n\t\t\t\t\n\t\t\t\t<div class=\"et_pb_text_inner\"><h4><span data-contrast=\"auto\" xml:lang=\"EN-GB\" lang=\"EN-GB\" class=\"TextRun MacChromeBold SCXW117742268 BCX0\"><span class=\"NormalTextRun SCXW117742268 BCX0\">Jaunyst\u0117 ir i\u0161silavinimas<\/span><\/span><span class=\"EOP SCXW117742268 BCX0\" data-ccp-props=\"{\"201341983\":0,\"335559739\":160,\"335559740\":259}\"> <\/span><\/h4><\/div>\n\t\t\t<\/div><div class=\"et_pb_module et_d4_element et_pb_text et_pb_text_4 et_animated  et_pb_text_align_left et_pb_bg_layout_light\">\n\t\t\t\t\n\t\t\t\t\n\t\t\t\t\n\t\t\t\t\n\t\t\t\t<div class=\"et_pb_text_inner\"><h2>Susitikimas su Dievu<\/h2><\/div>\n\t\t\t<\/div><div class=\"et_pb_module et_d4_element et_pb_text et_pb_text_5 et_animated  et_pb_text_align_left et_pb_bg_layout_light\">\n\t\t\t\t\n\t\t\t\t\n\t\t\t\t\n\t\t\t\t\n\t\t\t\t<div class=\"et_pb_text_inner\"><p><strong>Ona Eugenija Milere<\/strong> (Anne Eug\u00e9nie Milleret), v\u0117liau tapusi <strong>\u0160vent\u0105ja J\u0117zaus Marija Eugenija, <\/strong> Marijos Dangun \u0116mimo seser\u0173 kongregacijos \u012fk\u016br\u0117ja, gim\u0117 1817 m. <strong>Mece <\/strong> (Metz), \u0160iaur\u0117s Pranc\u016bzijoje. Jos \u0161eima buvo pasiturinti, politi\u0161kai veikli, bet nereliginga. Nors \u0161eima buvo nepraktikuojanti, bet jie pakrik\u0161tijo On\u0105 Eugenij\u0105 \u0161eimos dvaro koply\u010dioje, o <strong>1829 m. Kal\u0117d\u0173 dien\u0105<\/strong> ji pri\u0117m\u0117 Pirm\u0105j\u0105 Komunij\u0105. Tai buvo ypatinga dvasin\u0117 patirtis: ji pajuto Dievo neapr\u0117piamum\u0105 ir \u201emeil\u0117s ry\u0161\u012f\u201c su Juo.  <\/p>\n<p>B\u016bdama trylikos ji mat\u0117 t\u0117vo finansin\u012f \u017elugim\u0105, t\u0117v\u0173 skyrybas. Nors XIX a. oficiali\u0173 skyryb\u0173 nebuvo, bet ji su savo mama persik\u0117l\u0117 gyventi \u012f <strong>Pary\u017ei\u0173<\/strong>, o t\u0117vas su broliu liko Mece. Po dvej\u0173 met\u0173 per choleros epidemij\u0105 mir\u0117 motina. Penkiolikmet\u0117 <strong>Ona Eugenija<\/strong> liko viena. Netekusi \u0161eimos palaikymo ji svarst\u0117, kokia jos gyvenimo prasm\u0117, kas gal\u0117t\u0173 j\u0105 padaryti laiminga? Jai nepatiko nei pavir\u0161utini\u0161kas mies\u010dioni\u0161kas gyvenimas, nei pernelyg pamaldus krik\u0161\u010dioni\u0161kas aukl\u0117jimas, kuriame tik\u0117jimas netur\u0117jo nieko bendro su gyvenimu.   <\/p><\/div>\n\t\t\t<\/div>\n\t\t\t<\/div><div class=\"et_d4_element et_pb_column_2_5 et_pb_column et_pb_column_2  et_pb_css_mix_blend_mode et-last-child et_block_column\">\n\t\t\t\t\n\t\t\t\t\n\t\t\t\t\n\t\t\t\t\n\t\t\t\t<div class=\"et_pb_module et_d4_element et_pb_image et_pb_image_0 et_animated et-waypoint\">\n\t\t\t\t\n\t\t\t\t\n\t\t\t\t\n\t\t\t\t\n\t\t\t\t<span class=\"et_pb_image_wrap has-box-shadow-overlay\"><div class=\"box-shadow-overlay\"><\/div><img loading=\"lazy\" decoding=\"async\" width=\"852\" height=\"1460\" src=\"https:\/\/assumpta-eu.org\/wp-content\/uploads\/2023\/10\/St.-Marie_Eugenie.jpg\" alt=\"\" title=\"St.-Marie_Eugenie\" srcset=\"https:\/\/assumpta-eu.org\/wp-content\/uploads\/2023\/10\/St.-Marie_Eugenie.jpg 852w, https:\/\/assumpta-eu.org\/wp-content\/uploads\/2023\/10\/St.-Marie_Eugenie-480x823.jpg 480w\" sizes=\"(min-width: 0px) and (max-width: 480px) 480px, (min-width: 481px) 852px, 100vw\" class=\"wp-image-603\" \/><\/span>\n\t\t\t<\/div>\n\t\t\t<\/div>\n\t\t\t\t\n\t\t\t\t\n\t\t\t\t\n\t\t\t\t\n\t\t\t<\/div>\n\t\t\t\t\n\t\t\t\t\n\t\t\t<\/div><div class=\"et_d4_element et_pb_section et_pb_section_2 et_pb_with_background  et_pb_css_mix_blend_mode et_section_regular et_block_section\" >\n\t\t\t\t\n\t\t\t\t\n\t\t\t\t\n\t\t\t\t\n\t\t\t\t\n\t\t\t\t\n\t\t\t\t<div class=\"et_d4_element et_pb_row et_pb_row_2  et_pb_css_mix_blend_mode et_block_row\">\n\t\t\t\t<div class=\"et_d4_element et_pb_column_2_5 et_pb_column et_pb_column_3  et_pb_css_mix_blend_mode et_block_column\">\n\t\t\t\t\n\t\t\t\t\n\t\t\t\t\n\t\t\t\t\n\t\t\t\t<div class=\"et_pb_module et_d4_element et_pb_image et_pb_image_1 et_animated et-waypoint\">\n\t\t\t\t\n\t\t\t\t\n\t\t\t\t\n\t\t\t\t\n\t\t\t\t<span class=\"et_pb_image_wrap \"><img loading=\"lazy\" decoding=\"async\" width=\"1242\" height=\"681\" src=\"https:\/\/assumpta-eu.org\/wp-content\/uploads\/2023\/08\/DSCN0540_65-1.jpg\" alt=\"\" title=\"DSCN0540_65\" srcset=\"https:\/\/assumpta-eu.org\/wp-content\/uploads\/2023\/08\/DSCN0540_65-1.jpg 1242w, https:\/\/assumpta-eu.org\/wp-content\/uploads\/2023\/08\/DSCN0540_65-1-980x537.jpg 980w, https:\/\/assumpta-eu.org\/wp-content\/uploads\/2023\/08\/DSCN0540_65-1-480x263.jpg 480w\" sizes=\"(min-width: 0px) and (max-width: 480px) 480px, (min-width: 481px) and (max-width: 980px) 980px, (min-width: 981px) 1242px, 100vw\" class=\"wp-image-346\" \/><\/span>\n\t\t\t<\/div>\n\t\t\t<\/div><div class=\"et_d4_element et_pb_column_3_5 et_pb_column et_pb_column_4  et_pb_css_mix_blend_mode et-last-child et_block_column\">\n\t\t\t\t\n\t\t\t\t\n\t\t\t\t\n\t\t\t\t\n\t\t\t\t<div class=\"et_pb_module et_d4_element et_pb_text et_pb_text_6  et_pb_text_align_left et_pb_bg_layout_light\">\n\t\t\t\t\n\t\t\t\t\n\t\t\t\t\n\t\t\t\t\n\t\t\t\t<div class=\"et_pb_text_inner\"><h4><span data-contrast=\"auto\" xml:lang=\"EN-GB\" lang=\"EN-GB\" class=\"TextRun MacChromeBold SCXW160781119 BCX0\"><span class=\"NormalTextRun SCXW160781119 BCX0\">Suvokimas, kad \u201ekiekvienas i\u0161 m\u016bs\u0173 turi misij\u0105 \u017eem\u0117je\u201c<\/span><\/span><span class=\"EOP SCXW160781119 BCX0\" data-ccp-props=\"{\"201341983\":0,\"335559739\":160,\"335559740\":259}\"> <\/span><\/h4><\/div>\n\t\t\t<\/div><div class=\"et_pb_module et_d4_element et_pb_text et_pb_text_7 et_animated  et_pb_text_align_left et_pb_bg_layout_light\">\n\t\t\t\t\n\t\t\t\t\n\t\t\t\t\n\t\t\t\t\n\t\t\t\t<div class=\"et_pb_text_inner\"><h2>Dievi\u0161kasis \u012fsiver\u017eimas<\/h2><\/div>\n\t\t\t<\/div><div class=\"et_pb_module et_d4_element et_pb_text et_pb_text_8 et_animated  et_pb_text_align_left et_pb_bg_layout_light\">\n\t\t\t\t\n\t\t\t\t\n\t\t\t\t\n\t\t\t\t\n\t\t\t\t<div class=\"et_pb_text_inner\"><p><strong>Tada \u012fsiterp\u0117 Dievas<\/strong>. 1836 m. ji dalyvavo gav\u0117nios rekolekcijose, kurias <strong>Pary\u017eiaus Notre-Dame katedroje<\/strong> ved\u0117 dominikonas <strong>t\u0117vas Lakorderas<\/strong> (Lacordaire). Jis prabilo \u012f jos \u0161ird\u012f. Ona Eugenija suprato, kad turi atiduoti savo gyvenim\u0105 Dievui. Ji ra\u0161\u0117 t\u0117vui Lakorderui: <strong>\u201eKiekvienas i\u0161 m\u016bs\u0173 turi misij\u0105 \u017eem\u0117je\u201c<\/strong>. Bet kokia buvo jos misija? Kunigas patar\u0117 b\u016bti kantriai, skaityti ir melstis. V\u0117liau ji sutiko        <strong>kunig\u0105 Kombalo (Combalot) <\/strong>, kuris i\u0161d\u0117st\u0117 jai savo sumanym\u0105 \u012fkurti vienuolij\u0105, skirt\u0105 mergin\u0173 ugdymui. \u0160is sumanymas, kupinas Evangelijos vertybi\u0173 ir tro\u0161kimo atnaujinti visuomen\u0119, buvo \u012fgyvendintas <strong>1839 m. baland\u017eio 30 d<span style=\"\">.<\/span><\/strong> <\/p><\/div>\n\t\t\t<\/div>\n\t\t\t<\/div>\n\t\t\t\t\n\t\t\t\t\n\t\t\t\t\n\t\t\t\t\n\t\t\t<\/div>\n\t\t\t\t\n\t\t\t\t\n\t\t\t<\/div><div class=\"et_d4_element et_pb_section et_pb_section_3 et_pb_with_background  et_pb_css_mix_blend_mode et_section_regular section_has_divider et_pb_bottom_divider et_pb_top_divider et_block_section\" >\n\t\t\t\t<div class=\"et_pb_top_inside_divider et-no-transition\"><\/div>\n\t\t\t\t\n\t\t\t\t\n\t\t\t\t\n\t\t\t\t\n\t\t\t\t\n\t\t\t\t<div class=\"et_d4_element et_pb_row et_pb_row_3  et_pb_css_mix_blend_mode et_block_row\">\n\t\t\t\t<div class=\"et_d4_element et_pb_column_1_3 et_pb_column et_pb_column_5  et_pb_css_mix_blend_mode et_block_column et_pb_column_empty\">\n\t\t\t\t\n\t\t\t\t\n\t\t\t\t\n\t\t\t\t\n\t\t\t\t\n\t\t\t<\/div><div class=\"et_d4_element et_pb_column_2_3 et_pb_column et_pb_column_6  et_pb_css_mix_blend_mode et-last-child et_block_column\">\n\t\t\t\t\n\t\t\t\t\n\t\t\t\t\n\t\t\t\t\n\t\t\t\t<div class=\"et_pb_module et_d4_element et_pb_text et_pb_text_9 et_animated  et_pb_text_align_left et_pb_bg_layout_light\">\n\t\t\t\t\n\t\t\t\t\n\t\t\t\t\n\t\t\t\t\n\t\t\t\t<div class=\"et_pb_text_inner\"><h2><span data-contrast=\"auto\" xml:lang=\"EN-GB\" lang=\"EN-GB\" class=\"TextRun MacChromeBold SCXW253858085 BCX0\"><span class=\"NormalTextRun SCXW253858085 BCX0\">Dviej\u0173 did\u017ei\u0173 draugys\u010di\u0173 \u012ftaka<\/span><\/span><span class=\"EOP SCXW253858085 BCX0\" data-ccp-props=\"{\"201341983\":0,\"335559739\":160,\"335559740\":259}\"> <\/span><\/h2><\/div>\n\t\t\t<\/div><div class=\"et_pb_module et_d4_element et_pb_text et_pb_text_10 claro et_animated  et_pb_text_align_left et_pb_bg_layout_light\">\n\t\t\t\t\n\t\t\t\t\n\t\t\t\t\n\t\t\t\t\n\t\t\t\t<div class=\"et_pb_text_inner\"><p><strong>Jauna moteris, dabar jau sesuo Marija Eugenija, tapo nenuilstan\u010dia steig\u0117ja. <\/strong><span>Jos de\u0161ini\u0105ja ranka ir i\u0161tikima bendra\u017eyge tapo <\/span> <strong>sesuo Kotryna O'Neil (Kate O'Neill). <\/strong><span> Kitas artimas bi\u010diulis ir pagalbininkas buvo t\u0117vas Emmanuelis d'Alzonas (Emmanuel d\u2019Alzon), su kuriuo j\u0105 supa\u017eindino kunigas Kombalo dar prie\u0161 \u012fkuriant kongregacij\u0105. Kai santykiai su kun. Kombalo tapo labai sud\u0117tingi, ji gal\u0117jo kreiptis pagalbos     <\/span><strong>\u012f t. d'Alzon\u0105. <\/strong><span> Nors juos skyr\u0117 500 myli\u0173 atstumas, jis sutiko jai pagelb\u0117ti, <\/span><strong>taip u\u017esimezg\u0117 draugyst\u0117 ir bendradarbiavimas, kuris t\u0119s\u0117si iki pat jo mirties.<\/strong><span> Jiedu vienas kit\u0105 lyd\u0117jo \u0161ventumo keliu. <\/span><strong>T\u0117vas d'Alzonas 1845 m. skatinamas Marijos Eugenijos \u012fk\u016br\u0117 vyr\u0173 kongregacij\u0105 \u2013 Augustin\u0173 asumcionist\u0173 vienuolij\u0105.<\/strong><\/p><\/div>\n\t\t\t<\/div>\n\t\t\t<\/div>\n\t\t\t\t\n\t\t\t\t\n\t\t\t\t\n\t\t\t\t\n\t\t\t<\/div>\n\t\t\t\t\n\t\t\t\t<div class=\"et_pb_bottom_inside_divider et-no-transition\"><\/div>\n\t\t\t<\/div><div class=\"et_d4_element et_pb_section et_pb_section_4 et_pb_with_background  et_pb_css_mix_blend_mode et_section_regular section_has_divider et_pb_bottom_divider et_pb_top_divider et_block_section\" >\n\t\t\t\t\n\t\t\t\t\n\t\t\t\t\n\t\t\t\t\n\t\t\t\t\n\t\t\t\t\n\t\t\t\t<div class=\"et_d4_element et_pb_row et_pb_row_4 et_pb_equal_columns  et_pb_css_mix_blend_mode et_block_row\">\n\t\t\t\t<div class=\"et_d4_element et_pb_column_4_4 et_pb_column et_pb_column_7  et_pb_css_mix_blend_mode et-last-child et_block_column\">\n\t\t\t\t\n\t\t\t\t\n\t\t\t\t\n\t\t\t\t\n\t\t\t\t<div class=\"et_pb_module et_d4_element et_pb_text et_pb_text_11 et_animated  et_pb_text_align_center et_pb_bg_layout_light\">\n\t\t\t\t\n\t\t\t\t\n\t\t\t\t\n\t\t\t\t\n\t\t\t\t<div class=\"et_pb_text_inner\"><h2><span data-contrast=\"auto\" xml:lang=\"EN-GB\" lang=\"EN-GB\" class=\"TextRun MacChromeBold SCXW216398469 BCX0\"><span class=\"NormalTextRun SCXW216398469 BCX0\">Augan\u010dios kongregacijos lyder\u0117<\/span><\/span><span class=\"EOP SCXW216398469 BCX0\" data-ccp-props=\"{\"201341983\":0,\"335559739\":160,\"335559740\":259}\"> <\/span><\/h2><\/div>\n\t\t\t<\/div><div class=\"et_pb_module et_d4_element et_pb_text et_pb_text_12 et_animated  et_pb_text_align_center et_pb_bg_layout_light\">\n\t\t\t\t\n\t\t\t\t\n\t\t\t\t\n\t\t\t\t\n\t\t\t\t<div class=\"et_pb_text_inner\"><p><strong>Marija Eugenija penkiasde\u0161imt penkerius metus vadovavo Mergel\u0117s Marijos \u0116mimo \u012f dang\u0173 vienuolijai.<\/strong> <span>Pirmiausia ji r\u016bpinosi savo seserimis:<\/span> <strong>j\u0173 i\u0161laikymu, ugdymu, veikla.<\/strong><span> Laikai buvo sunk\u016bs. Daugiau kaip du \u0161imtai seser\u0173 mir\u0117 anks\u010diau u\u017e Marij\u0105 Eugenij\u0105, da\u017eniausiai nuo tuberkulioz\u0117s. \u012ek\u016br\u0117ja nuolat keliavo i\u0161 vienos bendruomen\u0117s \u012f kit\u0105,  <\/span><strong>dr\u0105sino, guod\u0117 ir \u012fkv\u0117p\u0117 savo seseris.<\/strong><span> Kongregacijai augant, jas kviet\u0117 steigti vis daugiau bendruomeni\u0173. Savo misij\u0105 Marija Eugenija suvok\u0117 kaip  <\/span><strong>tarnyst\u0119 Ba\u017eny\u010dioje ir d\u0117l Ba\u017eny\u010dios,<\/strong><span> jos i\u0161tikimyb\u0117 Ba\u017eny\u010diai buvo absoliuti. Paskutiniuosius gyvenimo metus, kai sveikata prad\u0117jo silpti, ji praleido vis labiau pasitraukdama \u012f nuo\u0161al\u0119.   <\/span><strong>Aplinkinius \u017eav\u0117jo jos \u0161velnumas ir kantryb\u0117.<\/strong><span> Ji sak\u0117: <\/span><strong>\u201eA\u0161 \u017evelgiu \u012f savo Vie\u0161pat\u012f, \u017evelgdami \u012f J\u012f, mes i\u0161mokstame myl\u0117ti\u201c. <\/strong> <span>Marija Eugenija mir\u0117 1898 m. kovo 10 d.<\/span> <span>apsupta seser\u0173. 1975 m. Marija Eugenija buvo paskelbta palaimint\u0105ja, o<\/span> <strong>2007 m. bir\u017eelio 3 d. popie\u017eius Benediktas XVI j\u0105 kanonizavo \u2013 paskelb\u0117 \u0161vent\u0105ja.<\/strong><\/p><\/div>\n\t\t\t<\/div><div class=\"et_pb_button_module_wrapper et_pb_button_0_wrapper et_pb_button_alignment_center et_pb_module \">\n\t\t\t\t<a class=\"et_pb_button et_d4_element et_pb_button_0 et_pb_bg_layout_light et_block_module\" href=\"https:\/\/assumpta.org\/en\/saint-marie-eugenie\/archives\" target=\"_blank\">Skaityti pla\u010diau...<\/a>\n\t\t\t<\/div>\n\t\t\t<\/div>\n\t\t\t\t\n\t\t\t\t\n\t\t\t\t\n\t\t\t\t\n\t\t\t<\/div>\n\t\t\t\t\n\t\t\t\t<div class=\"et_pb_bottom_inside_divider et-no-transition\"><\/div>\n\t\t\t<\/div><\/p>\n","protected":false},"excerpt":{"rendered":"","protected":false},"author":1,"featured_media":0,"parent":3059,"menu_order":0,"comment_status":"closed","ping_status":"closed","template":"","meta":{"_et_pb_use_builder":"on","_et_pb_old_content":"","_et_gb_content_width":"","footnotes":""},"class_list":["post-3064","page","type-page","status-publish","hentry"],"yoast_head":"<!-- This site is optimized with the Yoast SEO plugin v27.5 - https:\/\/yoast.com\/product\/yoast-seo-wordpress\/ -->\n<title>\u0160ventoji Marija Eugenija - Religious of the Assumption &gt; Province of Europe<\/title>\n<meta name=\"robots\" content=\"index, follow, max-snippet:-1, max-image-preview:large, max-video-preview:-1\" \/>\n<link rel=\"canonical\" href=\"https:\/\/assumpta-eu.org\/lt\/apie-mus\/svetoji-marija-eugenija\/\" \/>\n<meta property=\"og:locale\" content=\"lt_LT\" \/>\n<meta property=\"og:type\" content=\"article\" \/>\n<meta property=\"og:title\" content=\"\u0160ventoji Marija Eugenija - Religious of the Assumption &gt; Province of Europe\" \/>\n<meta property=\"og:url\" content=\"https:\/\/assumpta-eu.org\/lt\/apie-mus\/svetoji-marija-eugenija\/\" \/>\n<meta property=\"og:site_name\" content=\"Religious of the Assumption &gt; Province of Europe\" \/>\n<meta property=\"article:publisher\" content=\"http:\/\/www.facebook.com\/assumptionUK\" \/>\n<meta property=\"article:modified_time\" content=\"2024-06-18T15:33:30+00:00\" \/>\n<meta name=\"twitter:card\" content=\"summary_large_image\" \/>\n<meta name=\"twitter:site\" content=\"@AssumptionRA\" \/>\n<meta name=\"twitter:label1\" content=\"Est. reading time\" \/>\n\t<meta name=\"twitter:data1\" content=\"12 minu\u010di\u0173\" \/>\n<script type=\"application\/ld+json\" class=\"yoast-schema-graph\">{\"@context\":\"https:\\\/\\\/schema.org\",\"@graph\":[{\"@type\":\"WebPage\",\"@id\":\"https:\\\/\\\/assumpta-eu.org\\\/lt\\\/apie-mus\\\/svetoji-marija-eugenija\\\/\",\"url\":\"https:\\\/\\\/assumpta-eu.org\\\/lt\\\/apie-mus\\\/svetoji-marija-eugenija\\\/\",\"name\":\"\u0160ventoji Marija Eugenija - Religious of the Assumption &gt; Province of Europe\",\"isPartOf\":{\"@id\":\"https:\\\/\\\/assumpta-eu.org\\\/lt\\\/#website\"},\"datePublished\":\"2023-08-23T07:20:25+00:00\",\"dateModified\":\"2024-06-18T15:33:30+00:00\",\"breadcrumb\":{\"@id\":\"https:\\\/\\\/assumpta-eu.org\\\/lt\\\/apie-mus\\\/svetoji-marija-eugenija\\\/#breadcrumb\"},\"inLanguage\":\"lt-LT\",\"potentialAction\":[{\"@type\":\"ReadAction\",\"target\":[\"https:\\\/\\\/assumpta-eu.org\\\/lt\\\/apie-mus\\\/svetoji-marija-eugenija\\\/\"]}]},{\"@type\":\"BreadcrumbList\",\"@id\":\"https:\\\/\\\/assumpta-eu.org\\\/lt\\\/apie-mus\\\/svetoji-marija-eugenija\\\/#breadcrumb\",\"itemListElement\":[{\"@type\":\"ListItem\",\"position\":1,\"name\":\"Home\",\"item\":\"https:\\\/\\\/assumpta-eu.org\\\/lt\\\/\"},{\"@type\":\"ListItem\",\"position\":2,\"name\":\"Apie mus\",\"item\":\"https:\\\/\\\/assumpta-eu.org\\\/lt\\\/apie-mus\\\/\"},{\"@type\":\"ListItem\",\"position\":3,\"name\":\"\u0160ventoji Marija Eugenija\"}]},{\"@type\":\"WebSite\",\"@id\":\"https:\\\/\\\/assumpta-eu.org\\\/lt\\\/#website\",\"url\":\"https:\\\/\\\/assumpta-eu.org\\\/lt\\\/\",\"name\":\"Province of Europe of the Religious of the Assumption\",\"description\":\"Make Christ known and loved\",\"publisher\":{\"@id\":\"https:\\\/\\\/assumpta-eu.org\\\/lt\\\/#organization\"},\"potentialAction\":[{\"@type\":\"SearchAction\",\"target\":{\"@type\":\"EntryPoint\",\"urlTemplate\":\"https:\\\/\\\/assumpta-eu.org\\\/lt\\\/?s={search_term_string}\"},\"query-input\":{\"@type\":\"PropertyValueSpecification\",\"valueRequired\":true,\"valueName\":\"search_term_string\"}}],\"inLanguage\":\"lt-LT\"},{\"@type\":\"Organization\",\"@id\":\"https:\\\/\\\/assumpta-eu.org\\\/lt\\\/#organization\",\"name\":\"Religious of the Assumption\",\"url\":\"https:\\\/\\\/assumpta-eu.org\\\/lt\\\/\",\"logo\":{\"@type\":\"ImageObject\",\"inLanguage\":\"lt-LT\",\"@id\":\"https:\\\/\\\/assumpta-eu.org\\\/lt\\\/#\\\/schema\\\/logo\\\/image\\\/\",\"url\":\"https:\\\/\\\/assumpta-eu.org\\\/wp-content\\\/uploads\\\/2023\\\/06\\\/RA-EU-logos-02.png\",\"contentUrl\":\"https:\\\/\\\/assumpta-eu.org\\\/wp-content\\\/uploads\\\/2023\\\/06\\\/RA-EU-logos-02.png\",\"width\":705,\"height\":729,\"caption\":\"Religious of the Assumption\"},\"image\":{\"@id\":\"https:\\\/\\\/assumpta-eu.org\\\/lt\\\/#\\\/schema\\\/logo\\\/image\\\/\"},\"sameAs\":[\"http:\\\/\\\/www.facebook.com\\\/assumptionUK\",\"https:\\\/\\\/x.com\\\/AssumptionRA\",\"http:\\\/\\\/www.instagram.com\\\/assumptionuk\"]}]}<\/script>\n<!-- \/ Yoast SEO plugin. -->","yoast_head_json":{"title":"\u0160ventoji Marija Eugenija - Religious of the Assumption &gt; Province of Europe","robots":{"index":"index","follow":"follow","max-snippet":"max-snippet:-1","max-image-preview":"max-image-preview:large","max-video-preview":"max-video-preview:-1"},"canonical":"https:\/\/assumpta-eu.org\/lt\/apie-mus\/svetoji-marija-eugenija\/","og_locale":"lt_LT","og_type":"article","og_title":"\u0160ventoji Marija Eugenija - Religious of the Assumption &gt; Province of Europe","og_url":"https:\/\/assumpta-eu.org\/lt\/apie-mus\/svetoji-marija-eugenija\/","og_site_name":"Religious of the Assumption &gt; Province of Europe","article_publisher":"http:\/\/www.facebook.com\/assumptionUK","article_modified_time":"2024-06-18T15:33:30+00:00","twitter_card":"summary_large_image","twitter_site":"@AssumptionRA","twitter_misc":{"Est. reading time":"12 minu\u010di\u0173"},"schema":{"@context":"https:\/\/schema.org","@graph":[{"@type":"WebPage","@id":"https:\/\/assumpta-eu.org\/lt\/apie-mus\/svetoji-marija-eugenija\/","url":"https:\/\/assumpta-eu.org\/lt\/apie-mus\/svetoji-marija-eugenija\/","name":"\u0160ventoji Marija Eugenija - Religious of the Assumption &gt; Province of Europe","isPartOf":{"@id":"https:\/\/assumpta-eu.org\/lt\/#website"},"datePublished":"2023-08-23T07:20:25+00:00","dateModified":"2024-06-18T15:33:30+00:00","breadcrumb":{"@id":"https:\/\/assumpta-eu.org\/lt\/apie-mus\/svetoji-marija-eugenija\/#breadcrumb"},"inLanguage":"lt-LT","potentialAction":[{"@type":"ReadAction","target":["https:\/\/assumpta-eu.org\/lt\/apie-mus\/svetoji-marija-eugenija\/"]}]},{"@type":"BreadcrumbList","@id":"https:\/\/assumpta-eu.org\/lt\/apie-mus\/svetoji-marija-eugenija\/#breadcrumb","itemListElement":[{"@type":"ListItem","position":1,"name":"Home","item":"https:\/\/assumpta-eu.org\/lt\/"},{"@type":"ListItem","position":2,"name":"Apie mus","item":"https:\/\/assumpta-eu.org\/lt\/apie-mus\/"},{"@type":"ListItem","position":3,"name":"\u0160ventoji Marija Eugenija"}]},{"@type":"WebSite","@id":"https:\/\/assumpta-eu.org\/lt\/#website","url":"https:\/\/assumpta-eu.org\/lt\/","name":"Province of Europe of the Religious of the Assumption","description":"Make Christ known and loved","publisher":{"@id":"https:\/\/assumpta-eu.org\/lt\/#organization"},"potentialAction":[{"@type":"SearchAction","target":{"@type":"EntryPoint","urlTemplate":"https:\/\/assumpta-eu.org\/lt\/?s={search_term_string}"},"query-input":{"@type":"PropertyValueSpecification","valueRequired":true,"valueName":"search_term_string"}}],"inLanguage":"lt-LT"},{"@type":"Organization","@id":"https:\/\/assumpta-eu.org\/lt\/#organization","name":"Religious of the Assumption","url":"https:\/\/assumpta-eu.org\/lt\/","logo":{"@type":"ImageObject","inLanguage":"lt-LT","@id":"https:\/\/assumpta-eu.org\/lt\/#\/schema\/logo\/image\/","url":"https:\/\/assumpta-eu.org\/wp-content\/uploads\/2023\/06\/RA-EU-logos-02.png","contentUrl":"https:\/\/assumpta-eu.org\/wp-content\/uploads\/2023\/06\/RA-EU-logos-02.png","width":705,"height":729,"caption":"Religious of the Assumption"},"image":{"@id":"https:\/\/assumpta-eu.org\/lt\/#\/schema\/logo\/image\/"},"sameAs":["http:\/\/www.facebook.com\/assumptionUK","https:\/\/x.com\/AssumptionRA","http:\/\/www.instagram.com\/assumptionuk"]}]}},"_links":{"self":[{"href":"https:\/\/assumpta-eu.org\/lt\/wp-json\/wp\/v2\/pages\/3064","targetHints":{"allow":["GET"]}}],"collection":[{"href":"https:\/\/assumpta-eu.org\/lt\/wp-json\/wp\/v2\/pages"}],"about":[{"href":"https:\/\/assumpta-eu.org\/lt\/wp-json\/wp\/v2\/types\/page"}],"author":[{"embeddable":true,"href":"https:\/\/assumpta-eu.org\/lt\/wp-json\/wp\/v2\/users\/1"}],"replies":[{"embeddable":true,"href":"https:\/\/assumpta-eu.org\/lt\/wp-json\/wp\/v2\/comments?post=3064"}],"version-history":[{"count":10,"href":"https:\/\/assumpta-eu.org\/lt\/wp-json\/wp\/v2\/pages\/3064\/revisions"}],"predecessor-version":[{"id":4298,"href":"https:\/\/assumpta-eu.org\/lt\/wp-json\/wp\/v2\/pages\/3064\/revisions\/4298"}],"up":[{"embeddable":true,"href":"https:\/\/assumpta-eu.org\/lt\/wp-json\/wp\/v2\/pages\/3059"}],"wp:attachment":[{"href":"https:\/\/assumpta-eu.org\/lt\/wp-json\/wp\/v2\/media?parent=3064"}],"curies":[{"name":"wp","href":"https:\/\/api.w.org\/{rel}","templated":true}]}}