{"id":3322,"date":"2023-08-25T07:33:12","date_gmt":"2023-08-25T05:33:12","guid":{"rendered":"https:\/\/assumpta-eu.org\/mission\/jeunes\/"},"modified":"2026-02-17T17:11:23","modified_gmt":"2026-02-17T16:11:23","slug":"jeunes","status":"publish","type":"page","link":"https:\/\/assumpta-eu.org\/fr\/mission\/jeunes\/","title":{"rendered":"Jeunes"},"content":{"rendered":"<p><div class=\"et_d4_element et_pb_section et_pb_section_0 et_pb_section_parallax et_pb_with_background  et_pb_css_mix_blend_mode et_section_regular section_has_divider et_pb_bottom_divider et_pb_top_divider et_block_section\" >\n\t\t\t\t<div class=\"et_pb_top_inside_divider et-no-transition\"><\/div>\n\t\t\t\t<span class=\"et_parallax_bg_wrap et-pb-parallax-wrapper\"><span\n\t\t\t\t\t\tclass=\"et_parallax_bg et_parallax_bg--et_pb_section_0\"\n\t\t\t\t\t\tstyle=\"background-image: url(https:\/\/assumpta-eu.org\/wp-content\/uploads\/2023\/08\/melanie_as-1-scaled.jpg);\"\n\t\t\t\t\t><\/span><span\n\t\t\t\t\t\tclass=\"et_parallax_gradient\"\n\t\t\t\t\t\tstyle=\"background-image: linear-gradient( 80deg, rgba(44,0,71,0.88) 0%, rgba(117,88,130,0.5) 100% );\"\n\t\t\t\t\t><\/span><\/span>\n\t\t\t\t\n\t\t\t\t\n\t\t\t\t\n\t\t\t\t\n\t\t\t\t<div class=\"et_d4_element et_pb_row et_pb_row_0 et_pb_equal_columns et_pb_gutters1  et_pb_css_mix_blend_mode et_block_row\">\n\t\t\t\t<div class=\"et_d4_element et_pb_column_4_4 et_pb_column et_pb_column_0  et_pb_css_mix_blend_mode et-last-child et_block_column\">\n\t\t\t\t\n\t\t\t\t\n\t\t\t\t\n\t\t\t\t\n\t\t\t\t<div class=\"et_pb_module et_d4_element et_pb_text et_pb_text_0  et_pb_text_align_left et_pb_bg_layout_light\">\n\t\t\t\t\n\t\t\t\t\n\t\t\t\t\n\t\t\t\t\n\t\t\t\t<div class=\"et_pb_text_inner\"><h1>Mission<\/h1><\/div>\n\t\t\t<\/div><div class=\"et_pb_module et_d4_element et_pb_text et_pb_text_1 et_animated  et_pb_text_align_left et_pb_bg_layout_light\">\n\t\t\t\t\n\t\t\t\t\n\t\t\t\t\n\t\t\t\t\n\t\t\t\t<div class=\"et_pb_text_inner\"><h2>Jeunes<\/h2><\/div>\n\t\t\t<\/div><div class=\"et_pb_module et_d4_element et_pb_text et_pb_text_2 claro et_animated  et_pb_text_align_left et_pb_bg_layout_light\">\n\t\t\t\t\n\t\t\t\t\n\t\t\t\t\n\t\t\t\t\n\t\t\t\t<div class=\"et_pb_text_inner\"><p><em><span data-contrast=\"auto\" xml:lang=\"EN-US\" lang=\"EN-US\" class=\"TextRun SCXW102881961 BCX0\"><span class=\"NormalTextRun SCXW102881961 BCX0\">\u201c<span class=\"NormalTextRun SCXW5571058 BCX0\">Comme aux premiers jours de la Congr\u00e9gation, <\/span><span class=\"NormalTextRun SCXW5571058 BCX0\">les jeunes<\/span><span class=\"NormalTextRun SCXW5571058 BCX0\"> sont pour elles une priorit\u00e9 : ils constituent la soci\u00e9t\u00e9 de demain et doivent \u00eatre rendus capables d\u2019assumer des responsabilit\u00e9s dans la construction d\u2019un monde plus \u00e9vang\u00e9lique. <\/span><\/span><\/span><span data-contrast=\"auto\" xml:lang=\"EN-US\" lang=\"EN-US\" class=\"TextRun SCXW102881961 BCX0\"><span class=\"NormalTextRun SCXW102881961 BCX0\">\u201d<\/span><\/span><\/em><\/p>\n<p style=\"text-align: right;\"><strong><span data-contrast=\"auto\" xml:lang=\"EN-GB\" lang=\"EN-GB\" class=\"TextRun SCXW28508394 BCX0\"><span class=\"NormalTextRun SCXW28508394 BCX0\"><span class=\"EOP SCXW102881961 BCX0\" data-ccp-props=\"{\"201341983\":0,\"335559739\":160,\"335559740\":259}\"><span data-contrast=\"auto\" lang=\"IT-IT\" class=\"TextRun SCXW268232239 BCX0\"><span class=\"NormalTextRun SCXW268232239 BCX0\">R\u00e8gle de vie des Religieuses de l'Assomption<\/span><\/span><\/span> No. 80<\/span><\/span><\/strong><\/p><\/div>\n\t\t\t<\/div>\n\t\t\t<\/div>\n\t\t\t\t\n\t\t\t\t\n\t\t\t\t\n\t\t\t\t\n\t\t\t<\/div>\n\t\t\t\t\n\t\t\t\t<div class=\"et_pb_bottom_inside_divider et-no-transition\"><\/div>\n\t\t\t<\/div><div class=\"et_d4_element et_pb_section et_pb_section_1 et_pb_with_background  et_pb_css_mix_blend_mode et_section_regular et_block_section\" >\n\t\t\t\t\n\t\t\t\t\n\t\t\t\t\n\t\t\t\t\n\t\t\t\t\n\t\t\t\t\n\t\t\t\t<div class=\"et_d4_element et_pb_row et_pb_row_1 et_pb_equal_columns  et_pb_css_mix_blend_mode et_block_row\">\n\t\t\t\t<div class=\"et_d4_element et_pb_column_3_5 et_pb_column et_pb_column_1  et_pb_css_mix_blend_mode et_block_column\">\n\t\t\t\t\n\t\t\t\t\n\t\t\t\t\n\t\t\t\t\n\t\t\t\t<div class=\"et_pb_module et_d4_element et_pb_text et_pb_text_3  et_pb_text_align_left et_pb_bg_layout_light\">\n\t\t\t\t\n\t\t\t\t\n\t\t\t\t\n\t\t\t\t\n\t\t\t\t<div class=\"et_pb_text_inner\"><h4><span>Pastorale des jeunes<\/span><\/h4>\n<div id=\"gtx-trans\" style=\"position: absolute; left: 352px; top: -3.925px;\">\n<div class=\"gtx-trans-icon\"><\/div>\n<\/div><\/div>\n\t\t\t<\/div><div class=\"et_pb_module et_d4_element et_pb_text et_pb_text_4 et_animated  et_pb_text_align_left et_pb_bg_layout_light\">\n\t\t\t\t\n\t\t\t\t\n\t\t\t\t\n\t\t\t\t\n\t\t\t\t<div class=\"et_pb_text_inner\"><h2>Cheminer ensemble<\/h2><\/div>\n\t\t\t<\/div><div class=\"et_pb_module et_d4_element et_pb_text et_pb_text_5 et_animated  et_pb_text_align_left et_pb_bg_layout_light\">\n\t\t\t\t\n\t\t\t\t\n\t\t\t\t\n\t\t\t\t\n\t\t\t\t<div class=\"et_pb_text_inner\"><p>Par nos activit\u00e9s, nous voulons aider les jeunes \u00e0 <strong>trouver <\/strong> <strong>un sens <\/strong>\u00e0 leur vie et contribuer \u00e0 leur formation humaine et spirituelle. Nous nous r\u00e9jouissons du don que les jeunes repr\u00e9sentent pour l'\u00c9glise et le monde d'aujourd'hui.<\/p>\n<blockquote>\n<p><em><strong>\u00ab Nous sommes convaincues <\/strong>que notre charisme peut r\u00e9pondre aux d\u00e9sirs les plus profonds des jeunes d\u2019aujourd\u2019hui, par sa dimension communautaire, son caract\u00e8re international, sa forte spiritualit\u00e9 et son engagement dans la <strong>transformation de la soci\u00e9t\u00e9. <\/strong> Nous croyons que chaque personne a<strong> une mission dans la vie <\/strong> ; nous voulons cheminer, en Assomption Ensemble, avec les jeunes que nous rencontrons, pour les accompagner dans la recherche de leur vocation et r\u00e9pondre \u00e0 leur soif de spiritualit\u00e9. \u00bb <\/em><\/p>\n<\/blockquote>\n<p style=\"text-align: right;\"><strong>Chapitre G\u00e9n\u00e9ral de la Congr\u00e9gation, Lourdes 2018<\/strong><\/p><\/div>\n\t\t\t<\/div>\n\t\t\t<\/div><div class=\"et_d4_element et_pb_column_2_5 et_pb_column et_pb_column_2  et_pb_css_mix_blend_mode et-last-child et_block_column\">\n\t\t\t\t\n\t\t\t\t\n\t\t\t\t\n\t\t\t\t\n\t\t\t\t<div class=\"et_pb_module et_d4_element et_pb_image et_pb_image_0 et_animated et-waypoint\">\n\t\t\t\t\n\t\t\t\t\n\t\t\t\t\n\t\t\t\t\n\t\t\t\t<span class=\"et_pb_image_wrap has-box-shadow-overlay\"><div class=\"box-shadow-overlay\"><\/div><img loading=\"lazy\" decoding=\"async\" width=\"2560\" height=\"1920\" src=\"https:\/\/assumpta-eu.org\/wp-content\/uploads\/2023\/08\/relecture-jeunes_as.jpg\" alt=\"\" title=\"relecture jeunes_as\" srcset=\"https:\/\/assumpta-eu.org\/wp-content\/uploads\/2023\/08\/relecture-jeunes_as.jpg 2560w, https:\/\/assumpta-eu.org\/wp-content\/uploads\/2023\/08\/relecture-jeunes_as-1280x960.jpg 1280w, https:\/\/assumpta-eu.org\/wp-content\/uploads\/2023\/08\/relecture-jeunes_as-980x735.jpg 980w, https:\/\/assumpta-eu.org\/wp-content\/uploads\/2023\/08\/relecture-jeunes_as-480x360.jpg 480w\" sizes=\"(min-width: 0px) and (max-width: 480px) 480px, (min-width: 481px) and (max-width: 980px) 980px, (min-width: 981px) and (max-width: 1280px) 1280px, (min-width: 1281px) 2560px, 100vw\" class=\"wp-image-509\" \/><\/span>\n\t\t\t<\/div>\n\t\t\t<\/div>\n\t\t\t\t\n\t\t\t\t\n\t\t\t\t\n\t\t\t\t\n\t\t\t<\/div>\n\t\t\t\t\n\t\t\t\t\n\t\t\t<\/div><div class=\"et_d4_element et_pb_section et_pb_section_2 et_pb_with_background  et_pb_css_mix_blend_mode et_section_regular et_block_section\" >\n\t\t\t\t\n\t\t\t\t\n\t\t\t\t\n\t\t\t\t\n\t\t\t\t\n\t\t\t\t\n\t\t\t\t\n\t\t\t\t\n\t\t\t\t\n\t\t\t<\/div><div class=\"et_d4_element et_pb_section et_pb_section_3 et_pb_section_parallax et_pb_with_background  et_pb_css_mix_blend_mode et_section_regular section_has_divider et_pb_bottom_divider et_pb_top_divider et_block_section\" >\n\t\t\t\t<div class=\"et_pb_top_inside_divider et-no-transition\"><\/div>\n\t\t\t\t<span class=\"et_parallax_bg_wrap et-pb-parallax-wrapper\"><span\n\t\t\t\t\t\tclass=\"et_parallax_bg et_parallax_bg--et_pb_section_3\"\n\t\t\t\t\t\tstyle=\"background-image: url(https:\/\/assumpta-eu.org\/wp-content\/uploads\/2023\/08\/a-263_as.jpg);\"\n\t\t\t\t\t><\/span><span\n\t\t\t\t\t\tclass=\"et_parallax_gradient\"\n\t\t\t\t\t\tstyle=\"background-image: linear-gradient( 90deg, rgba(44,0,71,0.9) 0%, rgba(44, 0, 71, 0.69) 23%, rgba(44,0,71,0.64) 47%, rgba(44,0,71,0) 100% );\"\n\t\t\t\t\t><\/span><\/span>\n\t\t\t\t\n\t\t\t\t\n\t\t\t\t\n\t\t\t\t\n\t\t\t\t<div class=\"et_d4_element et_pb_row et_pb_row_2  et_pb_css_mix_blend_mode et_block_row\">\n\t\t\t\t<div class=\"et_d4_element et_pb_column_4_4 et_pb_column et_pb_column_3  et_pb_css_mix_blend_mode et-last-child et_block_column\">\n\t\t\t\t\n\t\t\t\t\n\t\t\t\t\n\t\t\t\t\n\t\t\t\t<div class=\"et_pb_module et_d4_element et_pb_text et_pb_text_6 et_animated  et_pb_text_align_left et_pb_bg_layout_light\">\n\t\t\t\t\n\t\t\t\t\n\t\t\t\t\n\t\t\t\t\n\t\t\t\t<div class=\"et_pb_text_inner\"><h2><span>Explore<\/span><\/h2><\/div>\n\t\t\t<\/div><div class=\"et_pb_module et_d4_element et_pb_text et_pb_text_7 claro  et_pb_text_align_left et_pb_bg_layout_light\">\n\t\t\t\t\n\t\t\t\t\n\t\t\t\t\n\t\t\t\t\n\t\t\t\t<div class=\"et_pb_text_inner\"><p><span data-contrast=\"auto\" xml:lang=\"FR-FR\" lang=\"FR-FR\" class=\"TextRun SCXW65146744 BCX0\"><span class=\"NormalTextRun SpellingErrorV2Themed SCXW65146744 BCX0\">Renseignez-vous <\/span><span class=\"NormalTextRun SCXW65146744 BCX0\">sur les <\/span><span class=\"NormalTextRun SpellingErrorV2Themed SCXW65146744 BCX0\">diff\u00e9rentes<\/span><span class=\"NormalTextRun SCXW65146744 BCX0\"> <\/span><span class=\"NormalTextRun SpellingErrorV2Themed SCXW65146744 BCX0\">activit\u00e9s<\/span><span class=\"NormalTextRun SCXW65146744 BCX0\"> - <\/span><span class=\"NormalTextRun SpellingErrorV2Themed SCXW65146744 BCX0\">retraites<\/span><span class=\"NormalTextRun SCXW65146744 BCX0\">, groupes, camps, <\/span><span class=\"NormalTextRun SpellingErrorV2Themed SCXW65146744 BCX0\">p\u00e8lerinages et<\/span><span class=\"NormalTextRun SpellingErrorV2Themed SCXW65146744 BCX0\">maisons<\/span><span class=\"NormalTextRun SCXW65146744 BCX0\"> <\/span><span class=\"NormalTextRun SpellingErrorV2Themed SCXW65146744 BCX0\">d'\u00e9tudiants<\/span><span class=\"NormalTextRun SCXW65146744 BCX0\">dans la<\/span><span class=\"NormalTextRun SpellingErrorV2Themed SCXW65146744 BCX0\">province<\/span><span class=\"NormalTextRun SCXW65146744 BCX0\"> <\/span><span class=\"NormalTextRun ContextualSpellingAndGrammarErrorV2Themed SCXW65146744 BCX0\">d'Europe :<\/span><span class=\"NormalTextRun SCXW65146744 BCX0\"> <\/span><\/span><span class=\"EOP SCXW65146744 BCX0\" data-ccp-props=\"{\"201341983\":0,\"335559739\":160,\"335559740\":259}\"> <\/span><\/p><\/div>\n\t\t\t<\/div><div class=\"et_pb_module et_d4_element et_pb_tabs et_pb_tabs_0 \" >\n\t\t\t\t\n\t\t\t\t\n\t\t\t\t\n\t\t\t\t\n\t\t\t\t<ul class=\"et_pb_tabs_controls clearfix\">\n\t\t\t\t\t<li class=\"et_pb_tab_0 et_pb_tab_active\"><a href=\"#\">Royaume-Uni<\/a><\/li><li class=\"et_pb_tab_1\"><a href=\"#\">Belgique<\/a><\/li><li class=\"et_pb_tab_2\"><a href=\"#\">Lituanie<\/a><\/li>\n\t\t\t\t<\/ul>\n\t\t\t\t<div class=\"et_pb_all_tabs\">\n\t\t\t\t\t<div class=\"et_d4_element et_pb_tab et_pb_tab_0 clearfix et_pb_active_content\">\n\t\t\t\t\n\t\t\t\t\n\t\t\t\t\n\t\t\t\t\n\t\t\t\t<div class=\"et_pb_tab_content\"><span data-contrast=\"auto\">Nous offrons des possibilit\u00e9s de retraite, de p\u00e8lerinage et d\u2019accompagnement pour les jeunes.<\/span><span data-ccp-props=\"{\" 201341983=\"\" :0=\"\" 335559739=\"\" :160=\"\" 335559740=\"\" :259=\"\"> <\/span><\/p>\n<ul>\n<li data-leveltext=\"\u00b7\" data-font=\"Symbol\" data-listid=\"5\" data-list-defn-props=\"{\" 335552541=\"\" :1=\"\" 335559684=\"\" :-2=\"\" 335559685=\"\" :720=\"\" 335559991=\"\" :360=\"\" 469769226=\"\" :=\"\" symbol=\"\" 469769242=\"\" 8226=\"\" 469777803=\"\" left=\"\" 469777804=\"\" 469777815=\"\" hybridmultilevel=\"\" aria-setsize=\"-1\" data-aria-posinset=\"1\" data-aria-level=\"1\"><span data-contrast=\"auto\">Jours de <\/span><span data-contrast=\"auto\">retraite <\/span><span data-contrast=\"auto\">en Avent et en Car\u00eame<\/span><span data-ccp-props=\"{\" 201341983=\"\" :0=\"\" 335559739=\"\" :160=\"\" 335559740=\"\" :259=\"\"> <\/span><\/li>\n<li data-leveltext=\"\u00b7\" data-font=\"Symbol\" data-listid=\"5\" data-list-defn-props=\"{\" 335552541=\"\" :1=\"\" 335559684=\"\" :-2=\"\" 335559685=\"\" :720=\"\" 335559991=\"\" :360=\"\" 469769226=\"\" :=\"\" symbol=\"\" 469769242=\"\" 8226=\"\" 469777803=\"\" left=\"\" 469777804=\"\" 469777815=\"\" hybridmultilevel=\"\" aria-setsize=\"-1\" data-aria-posinset=\"1\" data-aria-level=\"1\">P\u00e8lerinages<\/li>\n<li data-leveltext=\"\u00b7\" data-font=\"Symbol\" data-listid=\"5\" data-list-defn-props=\"{\" 335552541=\"\" :1=\"\" 335559684=\"\" :-2=\"\" 335559685=\"\" :720=\"\" 335559991=\"\" :360=\"\" 469769226=\"\" :=\"\" symbol=\"\" 469769242=\"\" 8226=\"\" 469777803=\"\" left=\"\" 469777804=\"\" 469777815=\"\" hybridmultilevel=\"\" aria-setsize=\"-1\" data-aria-posinset=\"1\" data-aria-level=\"1\">Activit\u00e9s pour jeunes adultes<\/li>\n<li data-leveltext=\"\u00b7\" data-font=\"Symbol\" data-listid=\"5\" data-list-defn-props=\"{\" 335552541=\"\" :1=\"\" 335559684=\"\" :-2=\"\" 335559685=\"\" :720=\"\" 335559991=\"\" :360=\"\" 469769226=\"\" :=\"\" symbol=\"\" 469769242=\"\" 8226=\"\" 469777803=\"\" left=\"\" 469777804=\"\" 469777815=\"\" hybridmultilevel=\"\" aria-setsize=\"-1\" data-aria-posinset=\"3\" data-aria-level=\"1\"><span data-contrast=\"auto\">P\u00e8lerinages <\/span><span data-contrast=\"auto\">d\u2019une journ\u00e9e<\/span> pendant l'\u00e9t\u00e9<span data-ccp-props=\"{\" 201341983=\"\" :0=\"\" 335559739=\"\" :160=\"\" 335559740=\"\" :259=\"\"> <\/span><\/li>\n<\/ul>\n<p><span data-contrast=\"auto\">Pour en savoir plus contactez nous \u00e0 l\u2019adresse <\/span><a href=\"mailto:youth@assumptionreligious.org\"><span data-contrast=\"none\">youth@assumptionreligious.org<\/span><\/a><span data-ccp-props=\"{\" 201341983=\"\" :0=\"\" 335559739=\"\" :160=\"\" 335559740=\"\" :259=\"\"> <\/span><\/div>\n\t\t\t<\/div><div class=\"et_d4_element et_pb_tab et_pb_tab_1 clearfix\">\n\t\t\t\t\n\t\t\t\t\n\t\t\t\t\n\t\t\t\t\n\t\t\t\t<div class=\"et_pb_tab_content\"><p><b><span data-contrast=\"auto\">Kot Silo\u00e9<\/span><\/b><span data-contrast=\"auto\">  <\/span><span><br \/><\/span><span data-contrast=\"auto\"> Le Kot Silo\u00e9 offre aux \u00e9tudiants des Hautes \u00c9coles de Tournai de vivre dans un cadre propice aux \u00e9tudes et \u00e0 la vie communautaire. En faire partie suppose que l\u2019on soit ouvert \u00e0 une vie communautaire inspir\u00e9e de l\u2019\u00c9vangile (partage, messe du mercredi soir, 3 week-ends communautaires). Contacts :   <\/span><a href=\"mailto:assomption@seminaire-tournai.be\"><span data-contrast=\"none\">assomption@seminaire-tournai.be<\/span><\/a><span data-ccp-props=\"{\"201341983\":0,\"335559739\":160,\"335559740\":259}\"> <\/span><\/p>\n<p><span data-contrast=\"auto\"> <\/span><span data-ccp-props=\"{\"201341983\":0,\"335559739\":160,\"335559740\":259}\"> <\/span><\/p>\n<p><b><span data-contrast=\"auto\">Aum\u00f4nerie des \u00e9tudiants de Tournai <\/span><\/b><span><br \/><\/span> <span data-contrast=\"auto\">L'aum\u00f4nerie propose des activit\u00e9s pour les \u00e9tudiants des diff\u00e9rentes Hautes \u00c9coles de Tournai. <\/span> <span data-ccp-props=\"{\"201341983\":0,\"335559739\":160,\"335559740\":259}\"> <\/span><\/p>\n<p><span data-contrast=\"auto\">Une petite chorale avec des musiciens anime la messe des \u00e9tudiants du mercredi (18h30 durant l\u2019ann\u00e9e scolaire) R\u00e9guli\u00e8rement, un temps de convivialit\u00e9 est propos\u00e9 autour d\u2019un repas pris en toute simplicit\u00e9. Contacts :   <\/span><a href=\"mailto:assomption@seminaire-tournai.be\"><span data-contrast=\"none\">assomption@seminaire-tournai.be<\/span><\/a><span data-ccp-props=\"{\"201341983\":0,\"335559739\":160,\"335559740\":259}\"> <\/span><\/p>\n<p><span data-contrast=\"auto\"> <\/span><span data-ccp-props=\"{\"201341983\":0,\"335559739\":160,\"335559740\":259}\"> <\/span><\/p>\n<p><b><span data-contrast=\"auto\">Camps d\u2019\u00e9t\u00e9 <\/span><\/b><span><br \/><\/span>D\u00e9but juillet, un camp v\u00e9lo entraine les adolescents sur les routes de Belgique avec le soutien de grands jeunes, le camp biblique r\u00e9unit des enfants autour d\u2019un des r\u00e9cits de la Bible. D\u2019autres propositions sont \u00e0 d\u00e9couvrir dans nos \u00e9v\u00e8nements... <\/p>\n<p><span data-contrast=\"auto\"> <\/span><span data-ccp-props=\"{\"201341983\":0,\"335559739\":160,\"335559740\":259}\"> <\/span><\/p><\/div>\n\t\t\t<\/div><div class=\"et_d4_element et_pb_tab et_pb_tab_2 clearfix\">\n\t\t\t\t\n\t\t\t\t\n\t\t\t\t\n\t\t\t\t\n\t\t\t\t<div class=\"et_pb_tab_content\"><p style=\"text-align: left;\"><span data-contrast=\"auto\" lang=\"FR-FR\" class=\"TextRun SCXW55429758 BCX0\"><span class=\"NormalTextRun SCXW55429758 BCX0\">La <\/span><\/span><strong><span data-contrast=\"auto\" lang=\"FR-FR\" class=\"TextRun MacChromeBold SCXW55429758 BCX0\"><span class=\"NormalTextRun SpellingErrorV2Themed SCXW55429758 BCX0\">communaut\u00e9 <\/span> <span class=\"NormalTextRun SCXW55429758 BCX0\"> <\/span> <span class=\"NormalTextRun SpellingErrorV2Themed SCXW55429758 BCX0\">\u00ab Samaritaine \u00bb<\/span><\/span><\/strong><span data-contrast=\"auto\" xml:lang=\"FR-FR\" lang=\"FR-FR\" class=\"TextRun SCXW55429758 BCX0\"><span class=\"NormalTextRun SCXW55429758 BCX0\">de Vilnius <\/span><span class=\"NormalTextRun SpellingErrorV2Themed SCXW55429758 BCX0\">:<\/span><span class=\"NormalTextRun SCXW55429758 BCX0\">8 \u00e0 <\/span><span class=\"NormalTextRun SpellingErrorV2Themed SCXW55429758 BCX0\">10<\/span><span class=\"NormalTextRun SCXW55429758 BCX0\"> <\/span><span class=\"NormalTextRun SpellingErrorV2Themed SCXW55429758 BCX0\">filles<\/span><span class=\"NormalTextRun SCXW55429758 BCX0\"> <\/span><span class=\"NormalTextRun SpellingErrorV2Themed SCXW55429758 BCX0\">qui <\/span><span class=\"NormalTextRun SCXW55429758 BCX0\">vivent<\/span><span class=\"NormalTextRun SpellingErrorV2Themed SCXW55429758 BCX0\">avec <\/span><span class=\"NormalTextRun SCXW55429758 BCX0\"> les s\u0153urs pendant une ou <\/span><span class=\"NormalTextRun SpellingErrorV2Themed SCXW55429758 BCX0\">deux<\/span><span class=\"NormalTextRun SCXW55429758 BCX0\"> <\/span><span class=\"NormalTextRun SpellingErrorV2Themed SCXW55429758 BCX0\">ann\u00e9es<\/span><span class=\"NormalTextRun SCXW55429758 BCX0\">.  <span>En savoir plus sur la communaut\u00e9 et comment la rejoindre ici :  <\/span><a href=\"mailto:vilnius.ra@gmail.com\" target=\"_blank\" rel=\"noopener\">vilnius.ra@gmail.com<\/a><\/span><\/span><\/p><\/div>\n\t\t\t<\/div>\n\t\t\t\t<\/div>\n\t\t\t<\/div>\n\t\t\t<\/div>\n\t\t\t\t\n\t\t\t\t\n\t\t\t\t\n\t\t\t\t\n\t\t\t<\/div>\n\t\t\t\t\n\t\t\t\t<div class=\"et_pb_bottom_inside_divider et-no-transition\"><\/div>\n\t\t\t<\/div><\/p>\n","protected":false},"excerpt":{"rendered":"","protected":false},"author":1,"featured_media":0,"parent":2806,"menu_order":0,"comment_status":"closed","ping_status":"closed","template":"","meta":{"_et_pb_use_builder":"on","_et_pb_old_content":"","_et_gb_content_width":"","footnotes":""},"class_list":["post-3322","page","type-page","status-publish","hentry"],"yoast_head":"<!-- This site is optimized with the Yoast SEO plugin v27.6 - https:\/\/yoast.com\/product\/yoast-seo-wordpress\/ -->\n<title>Jeunes - Religious of the Assumption &gt; Province of Europe<\/title>\n<meta name=\"robots\" content=\"index, follow, max-snippet:-1, max-image-preview:large, max-video-preview:-1\" \/>\n<link rel=\"canonical\" href=\"https:\/\/assumpta-eu.org\/fr\/mission\/jeunes\/\" \/>\n<meta property=\"og:locale\" content=\"fr_FR\" \/>\n<meta property=\"og:type\" content=\"article\" \/>\n<meta property=\"og:title\" content=\"Jeunes - Religious of the Assumption &gt; Province of Europe\" \/>\n<meta property=\"og:url\" content=\"https:\/\/assumpta-eu.org\/fr\/mission\/jeunes\/\" \/>\n<meta property=\"og:site_name\" content=\"Religious of the Assumption &gt; Province of Europe\" \/>\n<meta property=\"article:publisher\" content=\"http:\/\/www.facebook.com\/assumptionUK\" \/>\n<meta property=\"article:modified_time\" content=\"2026-02-17T16:11:23+00:00\" \/>\n<meta name=\"twitter:card\" content=\"summary_large_image\" \/>\n<meta name=\"twitter:site\" content=\"@AssumptionRA\" \/>\n<meta name=\"twitter:label1\" content=\"Dur\u00e9e de lecture estim\u00e9e\" \/>\n\t<meta name=\"twitter:data1\" content=\"9 minutes\" \/>\n<script type=\"application\/ld+json\" class=\"yoast-schema-graph\">{\"@context\":\"https:\\\/\\\/schema.org\",\"@graph\":[{\"@type\":\"WebPage\",\"@id\":\"https:\\\/\\\/assumpta-eu.org\\\/fr\\\/mission\\\/jeunes\\\/\",\"url\":\"https:\\\/\\\/assumpta-eu.org\\\/fr\\\/mission\\\/jeunes\\\/\",\"name\":\"Jeunes - Religious of the Assumption &gt; Province of Europe\",\"isPartOf\":{\"@id\":\"https:\\\/\\\/assumpta-eu.org\\\/fr\\\/#website\"},\"datePublished\":\"2023-08-25T05:33:12+00:00\",\"dateModified\":\"2026-02-17T16:11:23+00:00\",\"breadcrumb\":{\"@id\":\"https:\\\/\\\/assumpta-eu.org\\\/fr\\\/mission\\\/jeunes\\\/#breadcrumb\"},\"inLanguage\":\"fr-FR\",\"potentialAction\":[{\"@type\":\"ReadAction\",\"target\":[\"https:\\\/\\\/assumpta-eu.org\\\/fr\\\/mission\\\/jeunes\\\/\"]}]},{\"@type\":\"BreadcrumbList\",\"@id\":\"https:\\\/\\\/assumpta-eu.org\\\/fr\\\/mission\\\/jeunes\\\/#breadcrumb\",\"itemListElement\":[{\"@type\":\"ListItem\",\"position\":1,\"name\":\"Home\",\"item\":\"https:\\\/\\\/assumpta-eu.org\\\/fr\\\/\"},{\"@type\":\"ListItem\",\"position\":2,\"name\":\"Mission\",\"item\":\"https:\\\/\\\/assumpta-eu.org\\\/fr\\\/mission\\\/\"},{\"@type\":\"ListItem\",\"position\":3,\"name\":\"Jeunes\"}]},{\"@type\":\"WebSite\",\"@id\":\"https:\\\/\\\/assumpta-eu.org\\\/fr\\\/#website\",\"url\":\"https:\\\/\\\/assumpta-eu.org\\\/fr\\\/\",\"name\":\"Province of Europe of the Religious of the Assumption\",\"description\":\"Make Christ known and loved\",\"publisher\":{\"@id\":\"https:\\\/\\\/assumpta-eu.org\\\/fr\\\/#organization\"},\"potentialAction\":[{\"@type\":\"SearchAction\",\"target\":{\"@type\":\"EntryPoint\",\"urlTemplate\":\"https:\\\/\\\/assumpta-eu.org\\\/fr\\\/?s={search_term_string}\"},\"query-input\":{\"@type\":\"PropertyValueSpecification\",\"valueRequired\":true,\"valueName\":\"search_term_string\"}}],\"inLanguage\":\"fr-FR\"},{\"@type\":\"Organization\",\"@id\":\"https:\\\/\\\/assumpta-eu.org\\\/fr\\\/#organization\",\"name\":\"Religious of the Assumption\",\"url\":\"https:\\\/\\\/assumpta-eu.org\\\/fr\\\/\",\"logo\":{\"@type\":\"ImageObject\",\"inLanguage\":\"fr-FR\",\"@id\":\"https:\\\/\\\/assumpta-eu.org\\\/fr\\\/#\\\/schema\\\/logo\\\/image\\\/\",\"url\":\"https:\\\/\\\/assumpta-eu.org\\\/wp-content\\\/uploads\\\/2023\\\/06\\\/RA-EU-logos-02.png\",\"contentUrl\":\"https:\\\/\\\/assumpta-eu.org\\\/wp-content\\\/uploads\\\/2023\\\/06\\\/RA-EU-logos-02.png\",\"width\":705,\"height\":729,\"caption\":\"Religious of the Assumption\"},\"image\":{\"@id\":\"https:\\\/\\\/assumpta-eu.org\\\/fr\\\/#\\\/schema\\\/logo\\\/image\\\/\"},\"sameAs\":[\"http:\\\/\\\/www.facebook.com\\\/assumptionUK\",\"https:\\\/\\\/x.com\\\/AssumptionRA\",\"http:\\\/\\\/www.instagram.com\\\/assumptionuk\"]}]}<\/script>\n<!-- \/ Yoast SEO plugin. -->","yoast_head_json":{"title":"Jeunes - Religious of the Assumption &gt; Province of Europe","robots":{"index":"index","follow":"follow","max-snippet":"max-snippet:-1","max-image-preview":"max-image-preview:large","max-video-preview":"max-video-preview:-1"},"canonical":"https:\/\/assumpta-eu.org\/fr\/mission\/jeunes\/","og_locale":"fr_FR","og_type":"article","og_title":"Jeunes - Religious of the Assumption &gt; Province of Europe","og_url":"https:\/\/assumpta-eu.org\/fr\/mission\/jeunes\/","og_site_name":"Religious of the Assumption &gt; Province of Europe","article_publisher":"http:\/\/www.facebook.com\/assumptionUK","article_modified_time":"2026-02-17T16:11:23+00:00","twitter_card":"summary_large_image","twitter_site":"@AssumptionRA","twitter_misc":{"Dur\u00e9e de lecture estim\u00e9e":"9 minutes"},"schema":{"@context":"https:\/\/schema.org","@graph":[{"@type":"WebPage","@id":"https:\/\/assumpta-eu.org\/fr\/mission\/jeunes\/","url":"https:\/\/assumpta-eu.org\/fr\/mission\/jeunes\/","name":"Jeunes - Religious of the Assumption &gt; Province of Europe","isPartOf":{"@id":"https:\/\/assumpta-eu.org\/fr\/#website"},"datePublished":"2023-08-25T05:33:12+00:00","dateModified":"2026-02-17T16:11:23+00:00","breadcrumb":{"@id":"https:\/\/assumpta-eu.org\/fr\/mission\/jeunes\/#breadcrumb"},"inLanguage":"fr-FR","potentialAction":[{"@type":"ReadAction","target":["https:\/\/assumpta-eu.org\/fr\/mission\/jeunes\/"]}]},{"@type":"BreadcrumbList","@id":"https:\/\/assumpta-eu.org\/fr\/mission\/jeunes\/#breadcrumb","itemListElement":[{"@type":"ListItem","position":1,"name":"Home","item":"https:\/\/assumpta-eu.org\/fr\/"},{"@type":"ListItem","position":2,"name":"Mission","item":"https:\/\/assumpta-eu.org\/fr\/mission\/"},{"@type":"ListItem","position":3,"name":"Jeunes"}]},{"@type":"WebSite","@id":"https:\/\/assumpta-eu.org\/fr\/#website","url":"https:\/\/assumpta-eu.org\/fr\/","name":"Province of Europe of the Religious of the Assumption","description":"Make Christ known and loved","publisher":{"@id":"https:\/\/assumpta-eu.org\/fr\/#organization"},"potentialAction":[{"@type":"SearchAction","target":{"@type":"EntryPoint","urlTemplate":"https:\/\/assumpta-eu.org\/fr\/?s={search_term_string}"},"query-input":{"@type":"PropertyValueSpecification","valueRequired":true,"valueName":"search_term_string"}}],"inLanguage":"fr-FR"},{"@type":"Organization","@id":"https:\/\/assumpta-eu.org\/fr\/#organization","name":"Religious of the Assumption","url":"https:\/\/assumpta-eu.org\/fr\/","logo":{"@type":"ImageObject","inLanguage":"fr-FR","@id":"https:\/\/assumpta-eu.org\/fr\/#\/schema\/logo\/image\/","url":"https:\/\/assumpta-eu.org\/wp-content\/uploads\/2023\/06\/RA-EU-logos-02.png","contentUrl":"https:\/\/assumpta-eu.org\/wp-content\/uploads\/2023\/06\/RA-EU-logos-02.png","width":705,"height":729,"caption":"Religious of the Assumption"},"image":{"@id":"https:\/\/assumpta-eu.org\/fr\/#\/schema\/logo\/image\/"},"sameAs":["http:\/\/www.facebook.com\/assumptionUK","https:\/\/x.com\/AssumptionRA","http:\/\/www.instagram.com\/assumptionuk"]}]}},"_links":{"self":[{"href":"https:\/\/assumpta-eu.org\/fr\/wp-json\/wp\/v2\/pages\/3322","targetHints":{"allow":["GET"]}}],"collection":[{"href":"https:\/\/assumpta-eu.org\/fr\/wp-json\/wp\/v2\/pages"}],"about":[{"href":"https:\/\/assumpta-eu.org\/fr\/wp-json\/wp\/v2\/types\/page"}],"author":[{"embeddable":true,"href":"https:\/\/assumpta-eu.org\/fr\/wp-json\/wp\/v2\/users\/1"}],"replies":[{"embeddable":true,"href":"https:\/\/assumpta-eu.org\/fr\/wp-json\/wp\/v2\/comments?post=3322"}],"version-history":[{"count":5,"href":"https:\/\/assumpta-eu.org\/fr\/wp-json\/wp\/v2\/pages\/3322\/revisions"}],"predecessor-version":[{"id":6937,"href":"https:\/\/assumpta-eu.org\/fr\/wp-json\/wp\/v2\/pages\/3322\/revisions\/6937"}],"up":[{"embeddable":true,"href":"https:\/\/assumpta-eu.org\/fr\/wp-json\/wp\/v2\/pages\/2806"}],"wp:attachment":[{"href":"https:\/\/assumpta-eu.org\/fr\/wp-json\/wp\/v2\/media?parent=3322"}],"curies":[{"name":"wp","href":"https:\/\/api.w.org\/{rel}","templated":true}]}}