{"id":3315,"date":"2023-08-24T17:50:02","date_gmt":"2023-08-24T15:50:02","guid":{"rendered":"https:\/\/assumpta-eu.org\/mission\/oeuvres-educatives\/"},"modified":"2026-02-17T17:16:45","modified_gmt":"2026-02-17T16:16:45","slug":"oeuvres-educatives","status":"publish","type":"page","link":"https:\/\/assumpta-eu.org\/fr\/mission\/oeuvres-educatives\/","title":{"rendered":"\u0152uvres \u00e9ducatives"},"content":{"rendered":"<p><div class=\"et_d4_element et_pb_section et_pb_section_0 et_pb_section_parallax et_pb_with_background  et_pb_css_mix_blend_mode et_section_regular section_has_divider et_pb_bottom_divider et_pb_top_divider et_block_section\" >\n\t\t\t\t<div class=\"et_pb_top_inside_divider et-no-transition\"><\/div>\n\t\t\t\t<span class=\"et_parallax_bg_wrap et-pb-parallax-wrapper\"><span\n\t\t\t\t\t\tclass=\"et_parallax_bg et_parallax_bg--et_pb_section_0\"\n\t\t\t\t\t\tstyle=\"background-image: url(https:\/\/assumpta-eu.org\/wp-content\/uploads\/2023\/08\/babelkot-125_as.jpg);\"\n\t\t\t\t\t><\/span><span\n\t\t\t\t\t\tclass=\"et_parallax_gradient\"\n\t\t\t\t\t\tstyle=\"background-image: linear-gradient( 80deg, rgba(44,0,71,0.88) 0%, rgba(117,88,130,0.5) 100% );\"\n\t\t\t\t\t><\/span><\/span>\n\t\t\t\t\n\t\t\t\t\n\t\t\t\t\n\t\t\t\t\n\t\t\t\t<div class=\"et_d4_element et_pb_row et_pb_row_0 et_pb_equal_columns et_pb_gutters1  et_pb_css_mix_blend_mode et_block_row\">\n\t\t\t\t<div class=\"et_d4_element et_pb_column_4_4 et_pb_column et_pb_column_0  et_pb_css_mix_blend_mode et-last-child et_block_column\">\n\t\t\t\t\n\t\t\t\t\n\t\t\t\t\n\t\t\t\t\n\t\t\t\t<div class=\"et_pb_module et_d4_element et_pb_text et_pb_text_0  et_pb_text_align_left et_pb_bg_layout_light\">\n\t\t\t\t\n\t\t\t\t\n\t\t\t\t\n\t\t\t\t\n\t\t\t\t<div class=\"et_pb_text_inner\"><h1>Mission<\/h1><\/div>\n\t\t\t<\/div><div class=\"et_pb_module et_d4_element et_pb_text et_pb_text_1 et_animated  et_pb_text_align_left et_pb_bg_layout_light\">\n\t\t\t\t\n\t\t\t\t\n\t\t\t\t\n\t\t\t\t\n\t\t\t\t<div class=\"et_pb_text_inner\"><h2>\u0152uvres \u00e9ducatives<\/h2><\/div>\n\t\t\t<\/div><div class=\"et_pb_module et_d4_element et_pb_text et_pb_text_2 claro et_animated  et_pb_text_align_left et_pb_bg_layout_light\">\n\t\t\t\t\n\t\t\t\t\n\t\t\t\t\n\t\t\t\t\n\t\t\t\t<div class=\"et_pb_text_inner\"><p><em>La mission sp\u00e9cifique que l\u2019\u00c9glise confie \u00e0 la Congr\u00e9gation est de tout r\u00e9capituler dans le Christ par l\u2019\u00e9ducation.<\/em><\/p>\n<p style=\"text-align: right;\"><strong><span data-contrast=\"auto\" xml:lang=\"IT-IT\" lang=\"IT-IT\" class=\"TextRun SCXW268232239 BCX0\"><span class=\"NormalTextRun SCXW268232239 BCX0\">R\u00e8gle de vie des Religieuses de l'Assomption n. 76<\/span><\/span><\/strong><\/p><\/div>\n\t\t\t<\/div>\n\t\t\t<\/div>\n\t\t\t\t\n\t\t\t\t\n\t\t\t\t\n\t\t\t\t\n\t\t\t<\/div>\n\t\t\t\t\n\t\t\t\t<div class=\"et_pb_bottom_inside_divider et-no-transition\"><\/div>\n\t\t\t<\/div><div class=\"et_d4_element et_pb_section et_pb_section_1 et_pb_with_background  et_pb_css_mix_blend_mode et_section_regular et_block_section\" >\n\t\t\t\t\n\t\t\t\t\n\t\t\t\t\n\t\t\t\t\n\t\t\t\t\n\t\t\t\t\n\t\t\t\t<div class=\"et_d4_element et_pb_row et_pb_row_1 et_pb_equal_columns  et_pb_css_mix_blend_mode et_block_row\">\n\t\t\t\t<div class=\"et_d4_element et_pb_column_3_5 et_pb_column et_pb_column_1  et_pb_css_mix_blend_mode et_block_column\">\n\t\t\t\t\n\t\t\t\t\n\t\t\t\t\n\t\t\t\t\n\t\t\t\t<div class=\"et_pb_module et_d4_element et_pb_text et_pb_text_3  et_pb_text_align_left et_pb_bg_layout_light\">\n\t\t\t\t\n\t\t\t\t\n\t\t\t\t\n\t\t\t\t\n\t\t\t\t<div class=\"et_pb_text_inner\"><h4><span>Vision<\/span><\/h4><\/div>\n\t\t\t<\/div><div class=\"et_pb_module et_d4_element et_pb_text et_pb_text_4 et_animated  et_pb_text_align_left et_pb_bg_layout_light\">\n\t\t\t\t\n\t\t\t\t\n\t\t\t\t\n\t\t\t\t\n\t\t\t\t<div class=\"et_pb_text_inner\"><h2><span>\u00c9ducation transformatrice<\/span><\/h2><\/div>\n\t\t\t<\/div><div class=\"et_pb_module et_d4_element et_pb_text et_pb_text_5 et_animated  et_pb_text_align_left et_pb_bg_layout_light\">\n\t\t\t\t\n\t\t\t\t\n\t\t\t\t\n\t\t\t\t\n\t\t\t\t<div class=\"et_pb_text_inner\"><p><strong>La missio<\/strong>n de l\u2019Assomption est une <strong>\u00e9ducation transformatrice<\/strong>. C\u2019est une transformation progressive, personnelle et int\u00e9grale, qui permet \u00e0 chacun d\u2019\u00eatre ce qui est dans le c\u0153ur de Dieu <em>avec la plus grande pl\u00e9nitude possible<\/em>. Ce processus de transformation, qui concerne la personne individuelle et la communaut\u00e9, conduit \u00e0 participer activement \u00e0 la <strong>transformation de la soci\u00e9t\u00e9<\/strong>. Son but est <em> l\u2019extension du Royaume de Dieu en soi et dans les autres<\/em>. <\/p><\/div>\n\t\t\t<\/div>\n\t\t\t<\/div><div class=\"et_d4_element et_pb_column_2_5 et_pb_column et_pb_column_2  et_pb_css_mix_blend_mode et-last-child et_block_column\">\n\t\t\t\t\n\t\t\t\t\n\t\t\t\t\n\t\t\t\t\n\t\t\t\t<div class=\"et_pb_module et_d4_element et_pb_image et_pb_image_0 et_animated et-waypoint\">\n\t\t\t\t\n\t\t\t\t\n\t\t\t\t\n\t\t\t\t\n\t\t\t\t<span class=\"et_pb_image_wrap has-box-shadow-overlay\"><div class=\"box-shadow-overlay\"><\/div><img loading=\"lazy\" decoding=\"async\" width=\"2560\" height=\"1920\" src=\"https:\/\/assumpta-eu.org\/wp-content\/uploads\/2023\/08\/1-mai-2014-029_as.jpg\" alt=\"\" title=\"1 mai 2014 029_as\" srcset=\"https:\/\/assumpta-eu.org\/wp-content\/uploads\/2023\/08\/1-mai-2014-029_as.jpg 2560w, https:\/\/assumpta-eu.org\/wp-content\/uploads\/2023\/08\/1-mai-2014-029_as-1280x960.jpg 1280w, https:\/\/assumpta-eu.org\/wp-content\/uploads\/2023\/08\/1-mai-2014-029_as-980x735.jpg 980w, https:\/\/assumpta-eu.org\/wp-content\/uploads\/2023\/08\/1-mai-2014-029_as-480x360.jpg 480w\" sizes=\"(min-width: 0px) and (max-width: 480px) 480px, (min-width: 481px) and (max-width: 980px) 980px, (min-width: 981px) and (max-width: 1280px) 1280px, (min-width: 1281px) 2560px, 100vw\" class=\"wp-image-495\" \/><\/span>\n\t\t\t<\/div>\n\t\t\t<\/div>\n\t\t\t\t\n\t\t\t\t\n\t\t\t\t\n\t\t\t\t\n\t\t\t<\/div>\n\t\t\t\t\n\t\t\t\t\n\t\t\t<\/div><div class=\"et_d4_element et_pb_section et_pb_section_2 et_pb_with_background  et_pb_css_mix_blend_mode et_section_regular et_block_section\" >\n\t\t\t\t\n\t\t\t\t\n\t\t\t\t\n\t\t\t\t\n\t\t\t\t\n\t\t\t\t\n\t\t\t\t<div class=\"et_d4_element et_pb_row et_pb_row_2 et_pb_equal_columns  et_pb_css_mix_blend_mode et_block_row\">\n\t\t\t\t<div class=\"et_d4_element et_pb_column_2_5 et_pb_column et_pb_column_3  et_pb_css_mix_blend_mode et_block_column\">\n\t\t\t\t\n\t\t\t\t\n\t\t\t\t\n\t\t\t\t\n\t\t\t\t<div class=\"et_pb_module et_d4_element et_pb_image et_pb_image_1 et_animated et-waypoint\">\n\t\t\t\t\n\t\t\t\t\n\t\t\t\t\n\t\t\t\t\n\t\t\t\t<span class=\"et_pb_image_wrap has-box-shadow-overlay\"><div class=\"box-shadow-overlay\"><\/div><img loading=\"lazy\" decoding=\"async\" width=\"960\" height=\"955\" src=\"https:\/\/assumpta-eu.org\/wp-content\/uploads\/2023\/08\/53668340_304270900485840_8533643543732813824_o_as.jpg\" alt=\"\" title=\"53668340_304270900485840_8533643543732813824_o_as\" srcset=\"https:\/\/assumpta-eu.org\/wp-content\/uploads\/2023\/08\/53668340_304270900485840_8533643543732813824_o_as.jpg 960w, https:\/\/assumpta-eu.org\/wp-content\/uploads\/2023\/08\/53668340_304270900485840_8533643543732813824_o_as-480x478.jpg 480w\" sizes=\"(min-width: 0px) and (max-width: 480px) 480px, (min-width: 481px) 960px, 100vw\" class=\"wp-image-496\" \/><\/span>\n\t\t\t<\/div>\n\t\t\t<\/div><div class=\"et_d4_element et_pb_column_3_5 et_pb_column et_pb_column_4  et_pb_css_mix_blend_mode et-last-child et_block_column\">\n\t\t\t\t\n\t\t\t\t\n\t\t\t\t\n\t\t\t\t\n\t\t\t\t<div class=\"et_pb_module et_d4_element et_pb_text et_pb_text_6 et_animated  et_pb_text_align_left et_pb_bg_layout_light\">\n\t\t\t\t\n\t\t\t\t\n\t\t\t\t\n\t\t\t\t\n\t\t\t\t<div class=\"et_pb_text_inner\"><p>Marie Eug\u00e9nie parle de l\u2019importance d\u2019une \u00e9ducation capable de <em>christianiser les intelligences<\/em>. Elle voulait donner aux \u00e9l\u00e8ves une formation large et solide et d\u2019avoir une <strong> influence positive dans leur milieu<\/strong>. <\/p>\n<p>Dans les premi\u00e8res ann\u00e9es de la congr\u00e9gation, la mission \u00e9ducative s\u2019exprimait \u00e0 travers la fondation d\u2019\u00e9coles pour \u00e9duquer les classes dirigeantes. Au fil du temps, l\u2019action \u00e9ducative a subi des transformations pour r\u00e9pondre aux besoins r\u00e9els de la soci\u00e9t\u00e9 o\u00f9 nous sommes appel\u00e9es \u00e0 vivre. Les \u00e9coles sont devenues mixtes, et de nombreuses initiatives d\u2019\u00e9ducation informelle ont vu le jour. <strong><\/strong>   <\/p><\/div>\n\t\t\t<\/div>\n\t\t\t<\/div>\n\t\t\t\t\n\t\t\t\t\n\t\t\t\t\n\t\t\t\t\n\t\t\t<\/div>\n\t\t\t\t\n\t\t\t\t\n\t\t\t<\/div><div class=\"et_d4_element et_pb_section et_pb_section_3 et_pb_section_parallax et_pb_with_background  et_pb_css_mix_blend_mode et_section_regular section_has_divider et_pb_bottom_divider et_pb_top_divider et_block_section\" >\n\t\t\t\t<div class=\"et_pb_top_inside_divider et-no-transition\"><\/div>\n\t\t\t\t<span class=\"et_parallax_bg_wrap et-pb-parallax-wrapper\"><span\n\t\t\t\t\t\tclass=\"et_parallax_bg et_parallax_bg--et_pb_section_3\"\n\t\t\t\t\t\tstyle=\"background-image: url(https:\/\/assumpta-eu.org\/wp-content\/uploads\/2023\/08\/carnevale_as.jpg);\"\n\t\t\t\t\t><\/span><span\n\t\t\t\t\t\tclass=\"et_parallax_gradient\"\n\t\t\t\t\t\tstyle=\"background-image: linear-gradient( 90deg, rgba(44,0,71,0.9) 0%, rgba(44, 0, 71, 0.69) 23%, rgba(44,0,71,0.64) 47%, rgba(44,0,71,0) 100% );\"\n\t\t\t\t\t><\/span><\/span>\n\t\t\t\t\n\t\t\t\t\n\t\t\t\t\n\t\t\t\t\n\t\t\t\t<div class=\"et_d4_element et_pb_row et_pb_row_3  et_pb_css_mix_blend_mode et_block_row\">\n\t\t\t\t<div class=\"et_d4_element et_pb_column_3_5 et_pb_column et_pb_column_5  et_pb_css_mix_blend_mode et_block_column\">\n\t\t\t\t\n\t\t\t\t\n\t\t\t\t\n\t\t\t\t\n\t\t\t\t<div class=\"et_pb_module et_d4_element et_pb_text et_pb_text_7 et_animated  et_pb_text_align_left et_pb_bg_layout_light\">\n\t\t\t\t\n\t\t\t\t\n\t\t\t\t\n\t\t\t\t\n\t\t\t\t<div class=\"et_pb_text_inner\"><h2><span data-contrast=\"auto\" xml:lang=\"EN-GB\" lang=\"EN-GB\" class=\"TextRun MacChromeBold SCXW135193998 BCX0\"><span class=\"NormalTextRun SCXW135193998 BCX0\">Nos projets \u00e9ducatifs<\/span><\/span><\/h2><\/div>\n\t\t\t<\/div>\n\t\t\t<\/div><div class=\"et_d4_element et_pb_column_2_5 et_pb_column et_pb_column_6  et_pb_css_mix_blend_mode et-last-child et_block_column et_pb_column_empty\">\n\t\t\t\t\n\t\t\t\t\n\t\t\t\t\n\t\t\t\t\n\t\t\t\t\n\t\t\t<\/div>\n\t\t\t\t\n\t\t\t\t\n\t\t\t\t\n\t\t\t\t\n\t\t\t<\/div><div class=\"et_d4_element et_pb_row et_pb_row_4 et_animated  et_pb_css_mix_blend_mode et_block_row\">\n\t\t\t\t<div class=\"et_d4_element et_pb_column_4_4 et_pb_column et_pb_column_7  et_pb_css_mix_blend_mode et-last-child et_block_column\">\n\t\t\t\t\n\t\t\t\t\n\t\t\t\t\n\t\t\t\t\n\t\t\t\t<div class=\"et_pb_module et_d4_element et_pb_tabs et_pb_tabs_0 \" >\n\t\t\t\t\n\t\t\t\t\n\t\t\t\t\n\t\t\t\t\n\t\t\t\t<ul class=\"et_pb_tabs_controls clearfix\">\n\t\t\t\t\t<li class=\"et_pb_tab_0 et_pb_tab_active\"><a href=\"#\">Royaume-Uni<\/a><\/li><li class=\"et_pb_tab_1\"><a href=\"#\">Belgique<\/a><\/li><li class=\"et_pb_tab_2\"><a href=\"#\">Lituanie<\/a><\/li><li class=\"et_pb_tab_3\"><a href=\"#\">Italie<\/a><\/li><li class=\"et_pb_tab_4\"><a href=\"#\">Danemark<\/a><\/li>\n\t\t\t\t<\/ul>\n\t\t\t\t<div class=\"et_pb_all_tabs\">\n\t\t\t\t\t<div class=\"et_d4_element et_pb_tab et_pb_tab_0 clearfix et_pb_active_content\">\n\t\t\t\t\n\t\t\t\t\n\t\t\t\t\n\t\t\t\t\n\t\t\t\t<div class=\"et_pb_tab_content\"><p><strong>Newcastle et Middlesbrough<\/strong><br \/>Kids Kabin est un centre cr\u00e9atif pour les enfants \u00e2g\u00e9s de 8 \u00e0 16 ans. Le projet vise \u00e0 favoriser le d\u00e9veloppement de leurs talents et de leurs comp\u00e9tences, afin de permettre une plus grande int\u00e9gration et participation \u00e0 la vie sociale. <a class=\"Hyperlink SCXW186611922 BCX0\" href=\"http:\/\/www.kidskabin.org.uk\/\" target=\"_blank\" rel=\"noreferrer noopener\">www.kidskabin.org.uk<\/a><\/p><\/div>\n\t\t\t<\/div><div class=\"et_d4_element et_pb_tab et_pb_tab_1 clearfix\">\n\t\t\t\t\n\t\t\t\t\n\t\t\t\t\n\t\t\t\t\n\t\t\t\t<div class=\"et_pb_tab_content\"><p><span data-contrast=\"auto\"><strong>Bruxelles<\/strong><br \/>Welcome Babbelkot, un projet \u00e9ducatif dans un quartier populaire visant \u00e0 favoriser l\u2019int\u00e9gration des familles, des enfants et des jeunes issus de l\u2019immigration <\/span><a href=\"http:\/\/www.welcome-babbelkot.be\/\" target=\"_blank\" rel=\"noreferrer noopener\"><span data-contrast=\"none\">www.welcome-babbelkot.be<\/span><\/a>.<\/p>\n<p><strong>Bruxelles<\/strong><br \/>Assomption Boitsfort, une \u00e9cole secondaire qui vise l\u2019\u00e9ducation int\u00e9grale de la personne, o\u00f9 l\u2019intelligence, le c\u0153ur et deviendront la force d\u2019une action significative \u00e0 la fois au niveau personnel et communautaire. <br \/>Primaire: <a href=\"http:\/\/www.assomption-ecole.be\/\" target=\"_blank\" rel=\"noreferrer noopener\">www.assomption-ecole.be<\/a><br \/>Secondaire: <a href=\"http:\/\/www.assomption-edu.be\/\" target=\"_blank\" rel=\"noreferrer noopener\">www.assomption-edu.be<\/a>\u00a0<\/p><\/div>\n\t\t\t<\/div><div class=\"et_d4_element et_pb_tab et_pb_tab_2 clearfix\">\n\t\t\t\t\n\t\t\t\t\n\t\t\t\t\n\t\t\t\t\n\t\t\t\t<div class=\"et_pb_tab_content\"><p><strong>Vilnius<\/strong><br \/>\u00c9cole du Bienheureux Th\u00e9ophile Matulionis, \u00e9cole primaire et secondaire, avec un projet particulier d\u2019inclusion. Dans chaque classe, il y a des \u00e9l\u00e8ves ayant des besoins sp\u00e9ciaux. Il existe \u00e9galement deux classes sp\u00e9ciales pour les \u00e9l\u00e8ves handicap\u00e9s ou ayant de graves difficult\u00e9s d\u2019apprentissage <a href=\"http:\/\/www.ptmg.lt\/\" target=\"_blank\" rel=\"noreferrer noopener\"> www.ptmg.lt<\/a>.<\/p><\/div>\n\t\t\t<\/div><div class=\"et_d4_element et_pb_tab et_pb_tab_3 clearfix\">\n\t\t\t\t\n\t\t\t\t\n\t\t\t\t\n\t\t\t\t\n\t\t\t\t<div class=\"et_pb_tab_content\"><p><strong>Como<br \/><\/strong><span data-contrast=\"auto\">Istituto San Carpoforo, un institut bilingue (anglais et italien), attentif \u00e0 l\u2019inclusion et \u00e0 la croissance de chaque \u00e9l\u00e8ve <\/span><a href=\"http:\/\/www.istitutosancarpoforo.com\/\" target=\"_blank\" rel=\"noreferrer noopener\">www.istitutosancarpoforo.com<\/a>.<\/p><\/div>\n\t\t\t<\/div><div class=\"et_d4_element et_pb_tab et_pb_tab_4 clearfix\">\n\t\t\t\t\n\t\t\t\t\n\t\t\t\t\n\t\t\t\t\n\t\t\t\t<div class=\"et_pb_tab_content\"><p class=\"p1\">L'\u00e9cole Asumcion de Copenhague a \u00e9t\u00e9 cr\u00e9\u00e9e en 1903 en tant qu'\u00e9cole internationale fran\u00e7aise. C'est la plus ancienne \u00e9cole internationale du Danemark. L'\u00e9cole compte aujourd'hui deux sections : danois et international (anglais). Il n'y a plus de communaut\u00e9 de s\u0153urs de l'Assomption au Danemark, mais l'\u00e9cole affirme sa volont\u00e9 de faire partie du r\u00e9seau des \u00e9coles assomptionnistes et de mettre en \u0153uvre leur \u00e9thique et leur vision de l'\u00e9ducation. Pour les deux \u00e9coles, l'accent est mis sur la compr\u00e9hension et le respect mutuels entre les nombreuses nationalit\u00e9s pr\u00e9sentes dans les deux \u00e9coles. L'objectif de l'\u00e9cole internationale est de fournir une \u00e9ducation solide, en anglais, afin de permettre aux \u00e9tudiants de retourner dans leur propre syst\u00e8me national ou de continuer dans une autre \u00e9cole internationale. L'\u00e9ducation dispens\u00e9e est, avant tout, dans l'esprit chr\u00e9tien ; une grande importance est accord\u00e9e au d\u00e9veloppement religieux et moral de chaque \u00e9l\u00e8ve <a href=\"https:\/\/rygaards.com\/\" target=\"_blank\" rel=\"noreferrer noopener\">https:\/\/rygaards.com\/<\/a>.<\/p><\/div>\n\t\t\t<\/div>\n\t\t\t\t<\/div>\n\t\t\t<\/div>\n\t\t\t<\/div>\n\t\t\t\t\n\t\t\t\t\n\t\t\t\t\n\t\t\t\t\n\t\t\t<\/div>\n\t\t\t\t\n\t\t\t\t<div class=\"et_pb_bottom_inside_divider et-no-transition\"><\/div>\n\t\t\t<\/div><\/p>\n","protected":false},"excerpt":{"rendered":"","protected":false},"author":1,"featured_media":0,"parent":2806,"menu_order":0,"comment_status":"closed","ping_status":"closed","template":"","meta":{"_et_pb_use_builder":"on","_et_pb_old_content":"","_et_gb_content_width":"","footnotes":""},"class_list":["post-3315","page","type-page","status-publish","hentry"],"yoast_head":"<!-- This site is optimized with the Yoast SEO plugin v27.6 - https:\/\/yoast.com\/product\/yoast-seo-wordpress\/ -->\n<title>\u0152uvres \u00e9ducatives - Religious of the Assumption &gt; Province of Europe<\/title>\n<meta name=\"robots\" content=\"index, follow, max-snippet:-1, max-image-preview:large, max-video-preview:-1\" \/>\n<link rel=\"canonical\" href=\"https:\/\/assumpta-eu.org\/fr\/mission\/oeuvres-educatives\/\" \/>\n<meta property=\"og:locale\" content=\"fr_FR\" \/>\n<meta property=\"og:type\" content=\"article\" \/>\n<meta property=\"og:title\" content=\"\u0152uvres \u00e9ducatives - Religious of the Assumption &gt; Province of Europe\" \/>\n<meta property=\"og:url\" content=\"https:\/\/assumpta-eu.org\/fr\/mission\/oeuvres-educatives\/\" \/>\n<meta property=\"og:site_name\" content=\"Religious of the Assumption &gt; Province of Europe\" \/>\n<meta property=\"article:publisher\" content=\"http:\/\/www.facebook.com\/assumptionUK\" \/>\n<meta property=\"article:modified_time\" content=\"2026-02-17T16:16:45+00:00\" \/>\n<meta name=\"twitter:card\" content=\"summary_large_image\" \/>\n<meta name=\"twitter:site\" content=\"@AssumptionRA\" \/>\n<meta name=\"twitter:label1\" content=\"Dur\u00e9e de lecture estim\u00e9e\" \/>\n\t<meta name=\"twitter:data1\" content=\"11 minutes\" \/>\n<script type=\"application\/ld+json\" class=\"yoast-schema-graph\">{\"@context\":\"https:\\\/\\\/schema.org\",\"@graph\":[{\"@type\":\"WebPage\",\"@id\":\"https:\\\/\\\/assumpta-eu.org\\\/fr\\\/mission\\\/oeuvres-educatives\\\/\",\"url\":\"https:\\\/\\\/assumpta-eu.org\\\/fr\\\/mission\\\/oeuvres-educatives\\\/\",\"name\":\"\u0152uvres \u00e9ducatives - Religious of the Assumption &gt; Province of Europe\",\"isPartOf\":{\"@id\":\"https:\\\/\\\/assumpta-eu.org\\\/fr\\\/#website\"},\"datePublished\":\"2023-08-24T15:50:02+00:00\",\"dateModified\":\"2026-02-17T16:16:45+00:00\",\"breadcrumb\":{\"@id\":\"https:\\\/\\\/assumpta-eu.org\\\/fr\\\/mission\\\/oeuvres-educatives\\\/#breadcrumb\"},\"inLanguage\":\"fr-FR\",\"potentialAction\":[{\"@type\":\"ReadAction\",\"target\":[\"https:\\\/\\\/assumpta-eu.org\\\/fr\\\/mission\\\/oeuvres-educatives\\\/\"]}]},{\"@type\":\"BreadcrumbList\",\"@id\":\"https:\\\/\\\/assumpta-eu.org\\\/fr\\\/mission\\\/oeuvres-educatives\\\/#breadcrumb\",\"itemListElement\":[{\"@type\":\"ListItem\",\"position\":1,\"name\":\"Home\",\"item\":\"https:\\\/\\\/assumpta-eu.org\\\/fr\\\/\"},{\"@type\":\"ListItem\",\"position\":2,\"name\":\"Mission\",\"item\":\"https:\\\/\\\/assumpta-eu.org\\\/fr\\\/mission\\\/\"},{\"@type\":\"ListItem\",\"position\":3,\"name\":\"\u0152uvres \u00e9ducatives\"}]},{\"@type\":\"WebSite\",\"@id\":\"https:\\\/\\\/assumpta-eu.org\\\/fr\\\/#website\",\"url\":\"https:\\\/\\\/assumpta-eu.org\\\/fr\\\/\",\"name\":\"Province of Europe of the Religious of the Assumption\",\"description\":\"Make Christ known and loved\",\"publisher\":{\"@id\":\"https:\\\/\\\/assumpta-eu.org\\\/fr\\\/#organization\"},\"potentialAction\":[{\"@type\":\"SearchAction\",\"target\":{\"@type\":\"EntryPoint\",\"urlTemplate\":\"https:\\\/\\\/assumpta-eu.org\\\/fr\\\/?s={search_term_string}\"},\"query-input\":{\"@type\":\"PropertyValueSpecification\",\"valueRequired\":true,\"valueName\":\"search_term_string\"}}],\"inLanguage\":\"fr-FR\"},{\"@type\":\"Organization\",\"@id\":\"https:\\\/\\\/assumpta-eu.org\\\/fr\\\/#organization\",\"name\":\"Religious of the Assumption\",\"url\":\"https:\\\/\\\/assumpta-eu.org\\\/fr\\\/\",\"logo\":{\"@type\":\"ImageObject\",\"inLanguage\":\"fr-FR\",\"@id\":\"https:\\\/\\\/assumpta-eu.org\\\/fr\\\/#\\\/schema\\\/logo\\\/image\\\/\",\"url\":\"https:\\\/\\\/assumpta-eu.org\\\/wp-content\\\/uploads\\\/2023\\\/06\\\/RA-EU-logos-02.png\",\"contentUrl\":\"https:\\\/\\\/assumpta-eu.org\\\/wp-content\\\/uploads\\\/2023\\\/06\\\/RA-EU-logos-02.png\",\"width\":705,\"height\":729,\"caption\":\"Religious of the Assumption\"},\"image\":{\"@id\":\"https:\\\/\\\/assumpta-eu.org\\\/fr\\\/#\\\/schema\\\/logo\\\/image\\\/\"},\"sameAs\":[\"http:\\\/\\\/www.facebook.com\\\/assumptionUK\",\"https:\\\/\\\/x.com\\\/AssumptionRA\",\"http:\\\/\\\/www.instagram.com\\\/assumptionuk\"]}]}<\/script>\n<!-- \/ Yoast SEO plugin. -->","yoast_head_json":{"title":"\u0152uvres \u00e9ducatives - Religious of the Assumption &gt; Province of Europe","robots":{"index":"index","follow":"follow","max-snippet":"max-snippet:-1","max-image-preview":"max-image-preview:large","max-video-preview":"max-video-preview:-1"},"canonical":"https:\/\/assumpta-eu.org\/fr\/mission\/oeuvres-educatives\/","og_locale":"fr_FR","og_type":"article","og_title":"\u0152uvres \u00e9ducatives - Religious of the Assumption &gt; Province of Europe","og_url":"https:\/\/assumpta-eu.org\/fr\/mission\/oeuvres-educatives\/","og_site_name":"Religious of the Assumption &gt; Province of Europe","article_publisher":"http:\/\/www.facebook.com\/assumptionUK","article_modified_time":"2026-02-17T16:16:45+00:00","twitter_card":"summary_large_image","twitter_site":"@AssumptionRA","twitter_misc":{"Dur\u00e9e de lecture estim\u00e9e":"11 minutes"},"schema":{"@context":"https:\/\/schema.org","@graph":[{"@type":"WebPage","@id":"https:\/\/assumpta-eu.org\/fr\/mission\/oeuvres-educatives\/","url":"https:\/\/assumpta-eu.org\/fr\/mission\/oeuvres-educatives\/","name":"\u0152uvres \u00e9ducatives - Religious of the Assumption &gt; Province of Europe","isPartOf":{"@id":"https:\/\/assumpta-eu.org\/fr\/#website"},"datePublished":"2023-08-24T15:50:02+00:00","dateModified":"2026-02-17T16:16:45+00:00","breadcrumb":{"@id":"https:\/\/assumpta-eu.org\/fr\/mission\/oeuvres-educatives\/#breadcrumb"},"inLanguage":"fr-FR","potentialAction":[{"@type":"ReadAction","target":["https:\/\/assumpta-eu.org\/fr\/mission\/oeuvres-educatives\/"]}]},{"@type":"BreadcrumbList","@id":"https:\/\/assumpta-eu.org\/fr\/mission\/oeuvres-educatives\/#breadcrumb","itemListElement":[{"@type":"ListItem","position":1,"name":"Home","item":"https:\/\/assumpta-eu.org\/fr\/"},{"@type":"ListItem","position":2,"name":"Mission","item":"https:\/\/assumpta-eu.org\/fr\/mission\/"},{"@type":"ListItem","position":3,"name":"\u0152uvres \u00e9ducatives"}]},{"@type":"WebSite","@id":"https:\/\/assumpta-eu.org\/fr\/#website","url":"https:\/\/assumpta-eu.org\/fr\/","name":"Province of Europe of the Religious of the Assumption","description":"Make Christ known and loved","publisher":{"@id":"https:\/\/assumpta-eu.org\/fr\/#organization"},"potentialAction":[{"@type":"SearchAction","target":{"@type":"EntryPoint","urlTemplate":"https:\/\/assumpta-eu.org\/fr\/?s={search_term_string}"},"query-input":{"@type":"PropertyValueSpecification","valueRequired":true,"valueName":"search_term_string"}}],"inLanguage":"fr-FR"},{"@type":"Organization","@id":"https:\/\/assumpta-eu.org\/fr\/#organization","name":"Religious of the Assumption","url":"https:\/\/assumpta-eu.org\/fr\/","logo":{"@type":"ImageObject","inLanguage":"fr-FR","@id":"https:\/\/assumpta-eu.org\/fr\/#\/schema\/logo\/image\/","url":"https:\/\/assumpta-eu.org\/wp-content\/uploads\/2023\/06\/RA-EU-logos-02.png","contentUrl":"https:\/\/assumpta-eu.org\/wp-content\/uploads\/2023\/06\/RA-EU-logos-02.png","width":705,"height":729,"caption":"Religious of the Assumption"},"image":{"@id":"https:\/\/assumpta-eu.org\/fr\/#\/schema\/logo\/image\/"},"sameAs":["http:\/\/www.facebook.com\/assumptionUK","https:\/\/x.com\/AssumptionRA","http:\/\/www.instagram.com\/assumptionuk"]}]}},"_links":{"self":[{"href":"https:\/\/assumpta-eu.org\/fr\/wp-json\/wp\/v2\/pages\/3315","targetHints":{"allow":["GET"]}}],"collection":[{"href":"https:\/\/assumpta-eu.org\/fr\/wp-json\/wp\/v2\/pages"}],"about":[{"href":"https:\/\/assumpta-eu.org\/fr\/wp-json\/wp\/v2\/types\/page"}],"author":[{"embeddable":true,"href":"https:\/\/assumpta-eu.org\/fr\/wp-json\/wp\/v2\/users\/1"}],"replies":[{"embeddable":true,"href":"https:\/\/assumpta-eu.org\/fr\/wp-json\/wp\/v2\/comments?post=3315"}],"version-history":[{"count":4,"href":"https:\/\/assumpta-eu.org\/fr\/wp-json\/wp\/v2\/pages\/3315\/revisions"}],"predecessor-version":[{"id":6941,"href":"https:\/\/assumpta-eu.org\/fr\/wp-json\/wp\/v2\/pages\/3315\/revisions\/6941"}],"up":[{"embeddable":true,"href":"https:\/\/assumpta-eu.org\/fr\/wp-json\/wp\/v2\/pages\/2806"}],"wp:attachment":[{"href":"https:\/\/assumpta-eu.org\/fr\/wp-json\/wp\/v2\/media?parent=3315"}],"curies":[{"name":"wp","href":"https:\/\/api.w.org\/{rel}","templated":true}]}}