{"id":2997,"date":"2023-08-23T13:00:18","date_gmt":"2023-08-23T11:00:18","guid":{"rendered":"https:\/\/assumpta-eu.org\/communautes\/royaume-uni\/"},"modified":"2024-12-09T12:28:54","modified_gmt":"2024-12-09T11:28:54","slug":"royaume-uni","status":"publish","type":"page","link":"https:\/\/assumpta-eu.org\/fr\/communautes\/royaume-uni\/","title":{"rendered":"Royaume-Uni"},"content":{"rendered":"<p><div class=\"et_d4_element et_pb_section et_pb_section_0 et_pb_with_background  et_pb_css_mix_blend_mode et_section_regular section_has_divider et_pb_bottom_divider et_pb_top_divider et_block_section\" >\n\t\t\t\t<div class=\"et_pb_top_inside_divider et-no-transition\"><\/div>\n\t\t\t\t\n\t\t\t\t\n\t\t\t\t\n\t\t\t\t\n\t\t\t\t\n\t\t\t\t<div class=\"et_d4_element et_pb_row et_pb_row_0 et_pb_equal_columns et_pb_gutters1  et_pb_css_mix_blend_mode et_block_row\">\n\t\t\t\t<div class=\"et_d4_element et_pb_column_4_4 et_pb_column et_pb_column_0  et_pb_css_mix_blend_mode et-last-child et_block_column\">\n\t\t\t\t\n\t\t\t\t\n\t\t\t\t\n\t\t\t\t\n\t\t\t\t<div class=\"et_pb_module et_d4_element et_pb_text et_pb_text_0  et_pb_text_align_left et_pb_bg_layout_light\">\n\t\t\t\t\n\t\t\t\t\n\t\t\t\t\n\t\t\t\t\n\t\t\t\t<div class=\"et_pb_text_inner\"><h1>Communaut\u00e9s<\/h1><\/div>\n\t\t\t<\/div><div class=\"et_pb_module et_d4_element et_pb_text et_pb_text_1 et_animated  et_pb_text_align_left et_pb_bg_layout_light\">\n\t\t\t\t\n\t\t\t\t\n\t\t\t\t\n\t\t\t\t\n\t\t\t\t<div class=\"et_pb_text_inner\"><h2><span>Royaume-Uni<\/span><\/h2>\n<p><span>Depuis 1850<\/span><\/p><\/div>\n\t\t\t<\/div>\n\t\t\t<\/div>\n\t\t\t\t\n\t\t\t\t\n\t\t\t\t\n\t\t\t\t\n\t\t\t<\/div>\n\t\t\t\t\n\t\t\t\t<div class=\"et_pb_bottom_inside_divider et-no-transition\"><\/div>\n\t\t\t<\/div><div class=\"et_d4_element et_pb_section et_pb_section_1 et_pb_with_background  et_pb_css_mix_blend_mode et_section_regular et_block_section\" >\n\t\t\t\t\n\t\t\t\t\n\t\t\t\t\n\t\t\t\t\n\t\t\t\t\n\t\t\t\t\n\t\t\t\t<div class=\"et_d4_element et_pb_row et_pb_row_1  et_pb_css_mix_blend_mode et_block_row\">\n\t\t\t\t<div class=\"et_d4_element et_pb_column_4_4 et_pb_column et_pb_column_1  et_pb_css_mix_blend_mode et-last-child et_block_column\">\n\t\t\t\t\n\t\t\t\t\n\t\t\t\t\n\t\t\t\t\n\t\t\t\t<div class=\"et_pb_module et_d4_element et_pb_accordion et_pb_accordion_0 et_animated\">\n\t\t\t\t\n\t\t\t\t\n\t\t\t\t\n\t\t\t\t\n\t\t\t\t<div class=\"et_pb_toggle et_pb_module et_d4_element et_pb_accordion_item et_pb_accordion_item_0  et_pb_toggle_open\">\n\t\t\t\t\n\t\t\t\t\n\t\t\t\t\n\t\t\t\t\n\t\t\t\t<h5 class=\"et_pb_toggle_title\">Communaut\u00e9 de Kensington<\/h5>\n\t\t\t\t<div class=\"et_pb_toggle_content clearfix\"><span data-contrast=\"auto\">Convent of the Assumption, 20 Kensington Square, London W8 5HH<\/span><span data-ccp-props=\"{\" 201341983=\"\" :0=\"\" 335559739=\"\" 335559740=\"\" :259=\"\"> <\/span><\/p>\n<p><span data-contrast=\"auto\">Tel: <a href=\"tel:+%20442073614756\" target=\"_blank\" rel=\"noopener\">+ 44 (0)20 7361 4756<\/a><\/span><br \/>\n<span data-contrast=\"auto\">Courriel : <\/span><a href=\"mailto:enquiries@assumptionreligious.org\"><span data-contrast=\"none\">enquiries@assumptionreligious.org<\/span><\/a><span data-ccp-props=\"{\" 201341983=\"\" :0=\"\" 335559739=\"\" 335559740=\"\" :259=\"\"> <\/span><\/p>\n<p><b><span data-contrast=\"auto\">Maison fond\u00e9e <\/span><\/b><span data-contrast=\"auto\">en 1859 en tant que Maison d\u2019Adoration et de R\u00e9paration. Peu apr\u00e8s une \u00e9cole a \u00e9t\u00e9 ouverte, puis, en 1946, un coll\u00e8ge de formation pour futurs enseignants et ensuite un centre \u0153cum\u00e9nique. Maintenant c\u2019est une maison d\u2019accueil, \u00ab Milleret House \u00bb qui a ouvert ses portes en 2010. <\/span><span data-ccp-props=\"{\" 201341983=\"\" :0=\"\" 335559739=\"\" :160=\"\" 335559740=\"\" :259=\"\"> <\/span><\/p>\n<p><b><span data-contrast=\"none\">Mission :<\/span><\/b><span data-contrast=\"none\"> l\u2019hospitalit\u00e9 biblique, en faisant conna\u00eetre et aimer J\u00e9sus-Christ dans le centre de Londres, par la pri\u00e8re et l\u2019\u00e9ducation transformatrice.<\/span><span data-ccp-props=\"{\" 201341983=\"\" :0=\"\" 335559739=\"\" :160=\"\" 335559740=\"\" :259=\"\"> <\/span><\/p>\n<ul>\n<li><span data-contrast=\"none\"> <\/span><b><span data-contrast=\"none\">Milleret House <\/span><\/b><span data-contrast=\"none\"> \u2013 espace de r\u00e9flexion, en particulier pour les jeunes, et la formation des adultes.<\/span><span data-ccp-props=\"{\" 201341983=\"\" :0=\"\" 335559739=\"\" :160=\"\" 335559740=\"\" :259=\"\"><\/span><\/li>\n<li><span data-contrast=\"none\"> <\/span><b><span data-contrast=\"none\">Apostolat de la chapelle <\/span><\/b><span data-contrast=\"none\">\u2013 Adoration, Office, Eucharistie, assembl\u00e9e du dimanche<\/span><span data-ccp-props=\"{\" 201341983=\"\" :0=\"\" 335559739=\"\" :160=\"\" 335559740=\"\" :259=\"\"><\/span><\/li>\n<li><span data-contrast=\"none\"> <\/span><b><span data-contrast=\"none\">Jeunes adultes et b\u00e9n\u00e9voles de l\u2019Assomption - <\/span><\/b><span data-contrast=\"none\">pour plus de d\u00e9tails sur les \u00e9v\u00e9nements pour les jeunes, contactez: <\/span><a href=\"mailto:youth@assumptionreligious.org\"><span data-contrast=\"none\">youth@assumptionreligious.org<\/span><\/a><\/li>\n<\/ul>\n<p><b><span data-contrast=\"auto\">Horaire de la pri\u00e8re <\/span><\/b><span data-ccp-props=\"{\" 201341983=\"\" :0=\"\" 335559739=\"\" 335559740=\"\" :259=\"\"> <\/span><\/p>\n<p><span data-contrast=\"auto\">Chapelle ouverte : tous les jours de 9h \u00e0 19h<\/span><span data-ccp-props=\"{\" 201341983=\"\" :0=\"\" 335559739=\"\" 335559740=\"\" :259=\"\"><br \/>\n<\/span><span data-contrast=\"auto\">Adoration eucharistique : 15h30-17h<\/span><span data-ccp-props=\"{\" 201341983=\"\" :0=\"\" 335559739=\"\" 335559740=\"\" :259=\"\"><br \/>\n<\/span><span data-contrast=\"auto\">Messe dominicale : 10h<\/span><span data-ccp-props=\"{\" 201341983=\"\" :0=\"\" 335559739=\"\" 335559740=\"\" :259=\"\"> <\/span><\/div>\n\t\t\t<\/div><div class=\"et_pb_toggle et_pb_module et_d4_element et_pb_accordion_item et_pb_accordion_item_1  et_pb_toggle_close\">\n\t\t\t\t\n\t\t\t\t\n\t\t\t\t\n\t\t\t\t\n\t\t\t\t<h5 class=\"et_pb_toggle_title\">Communaut\u00e9 de St Catherine\u2019s<\/h5>\n\t\t\t\t<div class=\"et_pb_toggle_content clearfix\"><p><span data-contrast=\"auto\">7 Pembridge Square, London, W2 4EQ<\/span><span data-ccp-props=\"{\"201341983\":0,\"335559739\":0,\"335559740\":259}\"> <\/span><\/p>\n<p><span data-contrast=\"auto\">Courriel : <\/span><a href=\"mailto:stcatherines@assumptionreligious.org\"><span data-contrast=\"none\">stcatherines@assumptionreligious.org<\/span><\/a><span data-contrast=\"auto\"> <\/span><span data-ccp-props=\"{\"201341983\":0,\"335559739\":0,\"335559740\":259}\"> <\/span><\/p>\n<p><b><span data-contrast=\"auto\">Fond\u00e9e<\/span><\/b><span data-contrast=\"auto\"> en 1993 pour donner des soins physiques et m\u00e9dicaux sp\u00e9cialis\u00e9s aux s\u0153urs malades et \u00e2g\u00e9es en Angleterre. <\/span> <span data-ccp-props=\"{\"201341983\":0,\"335559739\":160,\"335559740\":259}\"> <\/span><\/p>\n<p><span data-contrast=\"none\">Notre <\/span><b><span data-contrast=\"none\">mission <\/span><\/b> <span data-contrast=\"none\">Notre mission est celle du t\u00e9moignage dans un monde s\u00e9culier o\u00f9 les personnes \u00e2g\u00e9es, malades et handicap\u00e9es sont souvent n\u00e9glig\u00e9es. Nous le montrons par notre solidarit\u00e9, notre amour mutuel et notre engagement envers les valeurs du Royaume. Par notre choix de contemplation et de pri\u00e8re, nous t\u00e9moignons d\u2019un monde o\u00f9 Dieu prend la premi\u00e8re place.  <\/span><span data-ccp-props=\"{\"201341983\":0,\"335559739\":160,\"335559740\":259}\"> <\/span><\/p><\/div>\n\t\t\t<\/div><div class=\"et_pb_toggle et_pb_module et_d4_element et_pb_accordion_item et_pb_accordion_item_2  et_pb_toggle_close\">\n\t\t\t\t\n\t\t\t\t\n\t\t\t\t\n\t\t\t\t\n\t\t\t\t<h5 class=\"et_pb_toggle_title\">Communaut\u00e9 de Twickenham<\/h5>\n\t\t\t\t<div class=\"et_pb_toggle_content clearfix\"><p><span data-contrast=\"auto\">Convent of the Assumption, 259 Waldegrave Road, Twickenham TW1 4SY<\/span><span data-contrast=\"auto\"><br \/><\/span><span data-contrast=\"auto\">Courriel : <\/span><a href=\"mailto:twickenham@assumptionreligious.org\"><span data-contrast=\"none\">twickenham@assumptionreligious.org<\/span><\/a><\/p>\n<p>Suite \u00e0 une invitation de l\u2019Universit\u00e9 catholique St Mary\u2019s, la communaut\u00e9 a \u00e9t\u00e9 <b>fond\u00e9e<\/b> en 2016 et est situ\u00e9e juste en face de l\u2019Universit\u00e9. Notre <b>mission<\/b> est d\u2019\u00eatre une pr\u00e9sence de pri\u00e8re et d\u2019aider \u00e0 promouvoir l\u2019\u00e9thique catholique de l\u2019universit\u00e9. Nous sommes disponibles pour aider \u00e0 l\u2019aum\u00f4nerie, organiser des heures de pri\u00e8re dans la chapelle de l\u2019universit\u00e9 et accueillir les \u00e9tudiants pour les repas et la pri\u00e8re au couvent. La maison voisine est am\u00e9nag\u00e9e pour l\u2019accueil et l\u2019h\u00e9bergement d\u2019\u00e9tudiantes et jeunes professionnelles.   <\/p>\n<p><b><span data-contrast=\"auto\">Horaire de la pri\u00e8re au couvent:<\/span><\/b><b><span data-contrast=\"auto\"> <\/span><\/b><span data-ccp-props=\"{\"201341983\":0,\"335559739\":0,\"335559740\":259}\"> <\/span><\/p>\n<p><span data-contrast=\"auto\">Laudes : 8h<\/span><span data-contrast=\"auto\"><br \/><\/span>Milieu du jour et office des lectures: 12h25<br \/><span data-contrast=\"auto\">V\u00eapres : 17h30 (sauf jeudi : 17h15 dans la chapelle de l'universit\u00e9 de St Mary\u2019s)<\/span><span data-ccp-props=\"{\"134233117\":false,\"134233118\":false,\"201341983\":0,\"335551550\":1,\"335551620\":1,\"335559685\":0,\"335559737\":0,\"335559738\":0,\"335559739\":0,\"335559740\":259}\"><br \/><\/span><span data-contrast=\"auto\">Adoration eucharistique : 16h - 17h30<\/span><span data-ccp-props=\"{\"201341983\":0,\"335559739\":0,\"335559740\":259}\"> <\/span><\/p><\/div>\n\t\t\t<\/div><div class=\"et_pb_toggle et_pb_module et_d4_element et_pb_accordion_item et_pb_accordion_item_3  et_pb_toggle_close\">\n\t\t\t\t\n\t\t\t\t\n\t\t\t\t\n\t\t\t\t\n\t\t\t\t<h5 class=\"et_pb_toggle_title\">Communaut\u00e9 de Wanstead<\/h5>\n\t\t\t\t<div class=\"et_pb_toggle_content clearfix\"><p><span data-contrast=\"auto\">13 The Avenue, Wanstead, London E11 2EE<\/span><span data-ccp-props=\"{\"201341983\":0,\"335559739\":0,\"335559740\":259}\"> <\/span><\/p>\n<p><span data-contrast=\"auto\">Courriel : <\/span><a href=\"mailto:wanstead@assumptionreligious.org\"><span data-contrast=\"none\">wanstead@assumptionreligious.org<\/span><\/a><span data-contrast=\"auto\"> <\/span><span data-ccp-props=\"{\"201341983\":0,\"335559739\":0,\"335559740\":259}\"> <\/span><\/p>\n<p><b><span data-contrast=\"auto\">Maison fond\u00e9e <\/span><\/b><span data-contrast=\"auto\">en 2009 dans l\u2019est de Londres. Nous sommes situ\u00e9es dans l\u2019est de Londres, quartier ethniquement diversifi\u00e9.  <\/span><span data-contrast=\"none\">Notre premi\u00e8re <\/span><b><span data-contrast=\"none\">mission<\/span><\/b><span data-contrast=\"none\"> est la pri\u00e8re et le t\u00e9moignage d\u2019une communaut\u00e9 religieuse, \u00e0 travers notre insertion dans deux communaut\u00e9s paroissiales : Notre-Dame de Lourdes \u00e0 Wanstead et l\u2019\u00c9glise vietnamienne \u00e0 Bow. Notre contribution pastorale couvre les retraites, la direction spirituelle, la cat\u00e9ch\u00e8se, le minist\u00e8re, l\u2019amiti\u00e9 et l\u2019engagement dans la communaut\u00e9 des personnes mal entendantes. <\/span><span data-ccp-props=\"{\"201341983\":0,\"335559739\":160,\"335559740\":259}\"> <\/span><\/p><\/div>\n\t\t\t<\/div>\n\t\t\t<\/div>\n\t\t\t<\/div>\n\t\t\t\t\n\t\t\t\t\n\t\t\t\t\n\t\t\t\t\n\t\t\t<\/div>\n\t\t\t\t\n\t\t\t\t\n\t\t\t<\/div><div class=\"et_d4_element et_pb_section et_pb_section_2  et_pb_css_mix_blend_mode et_section_regular section_has_divider et_pb_bottom_divider et_pb_top_divider et_block_section\" >\n\t\t\t\t<div class=\"et_pb_top_inside_divider et-no-transition\"><\/div>\n\t\t\t\t\n\t\t\t\t\n\t\t\t\t\n\t\t\t\t\n\t\t\t\t\n\t\t\t\t<div class=\"et_d4_element et_pb_row et_pb_row_2 et_pb_equal_columns et_pb_gutters1  et_pb_css_mix_blend_mode et_block_row\">\n\t\t\t\t<div class=\"et_d4_element et_pb_column_1_4 et_pb_column et_pb_column_2 et_clickable et_pb_section_video_on_hover et_pb_section_parallax_hover  et_pb_css_mix_blend_mode et_block_column\">\n\t\t\t\t\n\t\t\t\t\n\t\t\t\t\n\t\t\t\t\n\t\t\t\t<div class=\"et_pb_module et_d4_element et_pb_text et_pb_text_2  et_pb_text_align_center et_pb_bg_layout_light\">\n\t\t\t\t\n\t\t\t\t\n\t\t\t\t\n\t\t\t\t\n\t\t\t\t<div class=\"et_pb_text_inner\"><p>Royaume-Uni<\/p><\/div>\n\t\t\t<\/div>\n\t\t\t<\/div><div class=\"et_d4_element et_pb_column_1_4 et_pb_column et_pb_column_3 et_clickable et_pb_section_video_on_hover et_pb_section_parallax_hover  et_pb_css_mix_blend_mode et_block_column\">\n\t\t\t\t\n\t\t\t\t\n\t\t\t\t\n\t\t\t\t\n\t\t\t\t<div class=\"et_pb_module et_d4_element et_pb_text et_pb_text_3  et_pb_text_align_center et_pb_bg_layout_light\">\n\t\t\t\t\n\t\t\t\t\n\t\t\t\t\n\t\t\t\t\n\t\t\t\t<div class=\"et_pb_text_inner\"><p>Belgique<\/p><\/div>\n\t\t\t<\/div>\n\t\t\t<\/div><div class=\"et_d4_element et_pb_column_1_4 et_pb_column et_pb_column_4 et_clickable et_pb_section_video_on_hover et_pb_section_parallax_hover  et_pb_css_mix_blend_mode et_block_column\">\n\t\t\t\t\n\t\t\t\t\n\t\t\t\t\n\t\t\t\t\n\t\t\t\t<div class=\"et_pb_module et_d4_element et_pb_text et_pb_text_4  et_pb_text_align_center et_pb_bg_layout_light\">\n\t\t\t\t\n\t\t\t\t\n\t\t\t\t\n\t\t\t\t\n\t\t\t\t<div class=\"et_pb_text_inner\"><p>Italie<\/p><\/div>\n\t\t\t<\/div>\n\t\t\t<\/div><div class=\"et_d4_element et_pb_column_1_4 et_pb_column et_pb_column_5 et_clickable et_pb_section_video_on_hover et_pb_section_parallax_hover  et_pb_css_mix_blend_mode et-last-child et_block_column\">\n\t\t\t\t\n\t\t\t\t\n\t\t\t\t\n\t\t\t\t\n\t\t\t\t<div class=\"et_pb_module et_d4_element et_pb_text et_pb_text_5  et_pb_text_align_center et_pb_bg_layout_light\">\n\t\t\t\t\n\t\t\t\t\n\t\t\t\t\n\t\t\t\t\n\t\t\t\t<div class=\"et_pb_text_inner\"><p>Lituanie<\/p><\/div>\n\t\t\t<\/div>\n\t\t\t<\/div>\n\t\t\t\t\n\t\t\t\t\n\t\t\t\t\n\t\t\t\t\n\t\t\t<\/div>\n\t\t\t\t\n\t\t\t\t<div class=\"et_pb_bottom_inside_divider et-no-transition\"><\/div>\n\t\t\t<\/div><div class=\"et_d4_element et_pb_section et_pb_section_3 et_clickable et_pb_section_video_on_hover et_pb_section_parallax_hover et_pb_with_background  et_pb_css_mix_blend_mode et_section_regular section_has_divider et_pb_bottom_divider et_pb_top_divider et_block_section\" >\n\t\t\t\t\n\t\t\t\t\n\t\t\t\t\n\t\t\t\t\n\t\t\t\t\n\t\t\t\t\n\t\t\t\t<div class=\"et_d4_element et_pb_row et_pb_row_3  et_pb_css_mix_blend_mode et_block_row\">\n\t\t\t\t<div class=\"et_d4_element et_pb_column_4_4 et_pb_column et_pb_column_6  et_pb_css_mix_blend_mode et-last-child et_block_column\">\n\t\t\t\t\n\t\t\t\t\n\t\t\t\t\n\t\t\t\t\n\t\t\t\t<div class=\"et_pb_module et_d4_element et_pb_text et_pb_text_6  et_pb_text_align_center et_pb_bg_layout_light\">\n\t\t\t\t\n\t\t\t\t\n\t\t\t\t\n\t\t\t\t\n\t\t\t\t<div class=\"et_pb_text_inner\"><p>Dans le monde<\/p><\/div>\n\t\t\t<\/div>\n\t\t\t<\/div>\n\t\t\t\t\n\t\t\t\t\n\t\t\t\t\n\t\t\t\t\n\t\t\t<\/div>\n\t\t\t\t\n\t\t\t\t<div class=\"et_pb_bottom_inside_divider et-no-transition\"><\/div>\n\t\t\t<\/div><\/p>\n","protected":false},"excerpt":{"rendered":"","protected":false},"author":1,"featured_media":0,"parent":2570,"menu_order":0,"comment_status":"closed","ping_status":"closed","template":"","meta":{"_et_pb_use_builder":"on","_et_pb_old_content":"","_et_gb_content_width":"","footnotes":""},"class_list":["post-2997","page","type-page","status-publish","hentry"],"yoast_head":"<!-- This site is optimized with the Yoast SEO plugin v27.6 - https:\/\/yoast.com\/product\/yoast-seo-wordpress\/ -->\n<title>Royaume-Uni - Religious of the Assumption &gt; Province of Europe<\/title>\n<meta name=\"robots\" content=\"index, follow, max-snippet:-1, max-image-preview:large, max-video-preview:-1\" \/>\n<link rel=\"canonical\" href=\"https:\/\/assumpta-eu.org\/fr\/communautes\/royaume-uni\/\" \/>\n<meta property=\"og:locale\" content=\"fr_FR\" \/>\n<meta property=\"og:type\" content=\"article\" \/>\n<meta property=\"og:title\" content=\"Royaume-Uni - Religious of the Assumption &gt; Province of Europe\" \/>\n<meta property=\"og:url\" content=\"https:\/\/assumpta-eu.org\/fr\/communautes\/royaume-uni\/\" \/>\n<meta property=\"og:site_name\" content=\"Religious of the Assumption &gt; Province of Europe\" \/>\n<meta property=\"article:publisher\" content=\"http:\/\/www.facebook.com\/assumptionUK\" \/>\n<meta property=\"article:modified_time\" content=\"2024-12-09T11:28:54+00:00\" \/>\n<meta name=\"twitter:card\" content=\"summary_large_image\" \/>\n<meta name=\"twitter:site\" content=\"@AssumptionRA\" \/>\n<meta name=\"twitter:label1\" content=\"Dur\u00e9e de lecture estim\u00e9e\" \/>\n\t<meta name=\"twitter:data1\" content=\"9 minutes\" \/>\n<script type=\"application\/ld+json\" class=\"yoast-schema-graph\">{\"@context\":\"https:\\\/\\\/schema.org\",\"@graph\":[{\"@type\":\"WebPage\",\"@id\":\"https:\\\/\\\/assumpta-eu.org\\\/fr\\\/communautes\\\/royaume-uni\\\/\",\"url\":\"https:\\\/\\\/assumpta-eu.org\\\/fr\\\/communautes\\\/royaume-uni\\\/\",\"name\":\"Royaume-Uni - Religious of the Assumption &gt; Province of Europe\",\"isPartOf\":{\"@id\":\"https:\\\/\\\/assumpta-eu.org\\\/fr\\\/#website\"},\"datePublished\":\"2023-08-23T11:00:18+00:00\",\"dateModified\":\"2024-12-09T11:28:54+00:00\",\"breadcrumb\":{\"@id\":\"https:\\\/\\\/assumpta-eu.org\\\/fr\\\/communautes\\\/royaume-uni\\\/#breadcrumb\"},\"inLanguage\":\"fr-FR\",\"potentialAction\":[{\"@type\":\"ReadAction\",\"target\":[\"https:\\\/\\\/assumpta-eu.org\\\/fr\\\/communautes\\\/royaume-uni\\\/\"]}]},{\"@type\":\"BreadcrumbList\",\"@id\":\"https:\\\/\\\/assumpta-eu.org\\\/fr\\\/communautes\\\/royaume-uni\\\/#breadcrumb\",\"itemListElement\":[{\"@type\":\"ListItem\",\"position\":1,\"name\":\"Home\",\"item\":\"https:\\\/\\\/assumpta-eu.org\\\/fr\\\/\"},{\"@type\":\"ListItem\",\"position\":2,\"name\":\"Communaut\u00e9s\",\"item\":\"https:\\\/\\\/assumpta-eu.org\\\/fr\\\/communautes\\\/\"},{\"@type\":\"ListItem\",\"position\":3,\"name\":\"Royaume-Uni\"}]},{\"@type\":\"WebSite\",\"@id\":\"https:\\\/\\\/assumpta-eu.org\\\/fr\\\/#website\",\"url\":\"https:\\\/\\\/assumpta-eu.org\\\/fr\\\/\",\"name\":\"Province of Europe of the Religious of the Assumption\",\"description\":\"Make Christ known and loved\",\"publisher\":{\"@id\":\"https:\\\/\\\/assumpta-eu.org\\\/fr\\\/#organization\"},\"potentialAction\":[{\"@type\":\"SearchAction\",\"target\":{\"@type\":\"EntryPoint\",\"urlTemplate\":\"https:\\\/\\\/assumpta-eu.org\\\/fr\\\/?s={search_term_string}\"},\"query-input\":{\"@type\":\"PropertyValueSpecification\",\"valueRequired\":true,\"valueName\":\"search_term_string\"}}],\"inLanguage\":\"fr-FR\"},{\"@type\":\"Organization\",\"@id\":\"https:\\\/\\\/assumpta-eu.org\\\/fr\\\/#organization\",\"name\":\"Religious of the Assumption\",\"url\":\"https:\\\/\\\/assumpta-eu.org\\\/fr\\\/\",\"logo\":{\"@type\":\"ImageObject\",\"inLanguage\":\"fr-FR\",\"@id\":\"https:\\\/\\\/assumpta-eu.org\\\/fr\\\/#\\\/schema\\\/logo\\\/image\\\/\",\"url\":\"https:\\\/\\\/assumpta-eu.org\\\/wp-content\\\/uploads\\\/2023\\\/06\\\/RA-EU-logos-02.png\",\"contentUrl\":\"https:\\\/\\\/assumpta-eu.org\\\/wp-content\\\/uploads\\\/2023\\\/06\\\/RA-EU-logos-02.png\",\"width\":705,\"height\":729,\"caption\":\"Religious of the Assumption\"},\"image\":{\"@id\":\"https:\\\/\\\/assumpta-eu.org\\\/fr\\\/#\\\/schema\\\/logo\\\/image\\\/\"},\"sameAs\":[\"http:\\\/\\\/www.facebook.com\\\/assumptionUK\",\"https:\\\/\\\/x.com\\\/AssumptionRA\",\"http:\\\/\\\/www.instagram.com\\\/assumptionuk\"]}]}<\/script>\n<!-- \/ Yoast SEO plugin. -->","yoast_head_json":{"title":"Royaume-Uni - Religious of the Assumption &gt; Province of Europe","robots":{"index":"index","follow":"follow","max-snippet":"max-snippet:-1","max-image-preview":"max-image-preview:large","max-video-preview":"max-video-preview:-1"},"canonical":"https:\/\/assumpta-eu.org\/fr\/communautes\/royaume-uni\/","og_locale":"fr_FR","og_type":"article","og_title":"Royaume-Uni - Religious of the Assumption &gt; Province of Europe","og_url":"https:\/\/assumpta-eu.org\/fr\/communautes\/royaume-uni\/","og_site_name":"Religious of the Assumption &gt; Province of Europe","article_publisher":"http:\/\/www.facebook.com\/assumptionUK","article_modified_time":"2024-12-09T11:28:54+00:00","twitter_card":"summary_large_image","twitter_site":"@AssumptionRA","twitter_misc":{"Dur\u00e9e de lecture estim\u00e9e":"9 minutes"},"schema":{"@context":"https:\/\/schema.org","@graph":[{"@type":"WebPage","@id":"https:\/\/assumpta-eu.org\/fr\/communautes\/royaume-uni\/","url":"https:\/\/assumpta-eu.org\/fr\/communautes\/royaume-uni\/","name":"Royaume-Uni - Religious of the Assumption &gt; Province of Europe","isPartOf":{"@id":"https:\/\/assumpta-eu.org\/fr\/#website"},"datePublished":"2023-08-23T11:00:18+00:00","dateModified":"2024-12-09T11:28:54+00:00","breadcrumb":{"@id":"https:\/\/assumpta-eu.org\/fr\/communautes\/royaume-uni\/#breadcrumb"},"inLanguage":"fr-FR","potentialAction":[{"@type":"ReadAction","target":["https:\/\/assumpta-eu.org\/fr\/communautes\/royaume-uni\/"]}]},{"@type":"BreadcrumbList","@id":"https:\/\/assumpta-eu.org\/fr\/communautes\/royaume-uni\/#breadcrumb","itemListElement":[{"@type":"ListItem","position":1,"name":"Home","item":"https:\/\/assumpta-eu.org\/fr\/"},{"@type":"ListItem","position":2,"name":"Communaut\u00e9s","item":"https:\/\/assumpta-eu.org\/fr\/communautes\/"},{"@type":"ListItem","position":3,"name":"Royaume-Uni"}]},{"@type":"WebSite","@id":"https:\/\/assumpta-eu.org\/fr\/#website","url":"https:\/\/assumpta-eu.org\/fr\/","name":"Province of Europe of the Religious of the Assumption","description":"Make Christ known and loved","publisher":{"@id":"https:\/\/assumpta-eu.org\/fr\/#organization"},"potentialAction":[{"@type":"SearchAction","target":{"@type":"EntryPoint","urlTemplate":"https:\/\/assumpta-eu.org\/fr\/?s={search_term_string}"},"query-input":{"@type":"PropertyValueSpecification","valueRequired":true,"valueName":"search_term_string"}}],"inLanguage":"fr-FR"},{"@type":"Organization","@id":"https:\/\/assumpta-eu.org\/fr\/#organization","name":"Religious of the Assumption","url":"https:\/\/assumpta-eu.org\/fr\/","logo":{"@type":"ImageObject","inLanguage":"fr-FR","@id":"https:\/\/assumpta-eu.org\/fr\/#\/schema\/logo\/image\/","url":"https:\/\/assumpta-eu.org\/wp-content\/uploads\/2023\/06\/RA-EU-logos-02.png","contentUrl":"https:\/\/assumpta-eu.org\/wp-content\/uploads\/2023\/06\/RA-EU-logos-02.png","width":705,"height":729,"caption":"Religious of the Assumption"},"image":{"@id":"https:\/\/assumpta-eu.org\/fr\/#\/schema\/logo\/image\/"},"sameAs":["http:\/\/www.facebook.com\/assumptionUK","https:\/\/x.com\/AssumptionRA","http:\/\/www.instagram.com\/assumptionuk"]}]}},"_links":{"self":[{"href":"https:\/\/assumpta-eu.org\/fr\/wp-json\/wp\/v2\/pages\/2997","targetHints":{"allow":["GET"]}}],"collection":[{"href":"https:\/\/assumpta-eu.org\/fr\/wp-json\/wp\/v2\/pages"}],"about":[{"href":"https:\/\/assumpta-eu.org\/fr\/wp-json\/wp\/v2\/types\/page"}],"author":[{"embeddable":true,"href":"https:\/\/assumpta-eu.org\/fr\/wp-json\/wp\/v2\/users\/1"}],"replies":[{"embeddable":true,"href":"https:\/\/assumpta-eu.org\/fr\/wp-json\/wp\/v2\/comments?post=2997"}],"version-history":[{"count":10,"href":"https:\/\/assumpta-eu.org\/fr\/wp-json\/wp\/v2\/pages\/2997\/revisions"}],"predecessor-version":[{"id":5166,"href":"https:\/\/assumpta-eu.org\/fr\/wp-json\/wp\/v2\/pages\/2997\/revisions\/5166"}],"up":[{"embeddable":true,"href":"https:\/\/assumpta-eu.org\/fr\/wp-json\/wp\/v2\/pages\/2570"}],"wp:attachment":[{"href":"https:\/\/assumpta-eu.org\/fr\/wp-json\/wp\/v2\/media?parent=2997"}],"curies":[{"name":"wp","href":"https:\/\/api.w.org\/{rel}","templated":true}]}}