{"id":2845,"date":"2023-08-24T13:40:41","date_gmt":"2023-08-24T11:40:41","guid":{"rendered":"https:\/\/assumpta-eu.org\/mission\/climat-et-justice\/"},"modified":"2024-09-02T15:23:39","modified_gmt":"2024-09-02T13:23:39","slug":"climat-et-justice","status":"publish","type":"page","link":"https:\/\/assumpta-eu.org\/fr\/mission\/climat-et-justice\/","title":{"rendered":"Climat et justice"},"content":{"rendered":"<p><div class=\"et_d4_element et_pb_section et_pb_section_0 et_pb_section_parallax et_pb_with_background  et_pb_css_mix_blend_mode et_section_regular section_has_divider et_pb_bottom_divider et_pb_top_divider et_block_section\" >\n\t\t\t\t<div class=\"et_pb_top_inside_divider et-no-transition\"><\/div>\n\t\t\t\t<span class=\"et_parallax_bg_wrap et-pb-parallax-wrapper\"><span\n\t\t\t\t\t\tclass=\"et_parallax_bg et_parallax_bg--et_pb_section_0\"\n\t\t\t\t\t\tstyle=\"background-image: url(https:\/\/assumpta-eu.org\/wp-content\/uploads\/2023\/08\/PXL_20220630_131922609.MP_as.jpg);\"\n\t\t\t\t\t><\/span><span\n\t\t\t\t\t\tclass=\"et_parallax_gradient\"\n\t\t\t\t\t\tstyle=\"background-image: linear-gradient( 80deg, rgba(44,0,71,0.88) 0%, rgba(117,88,130,0.5) 100% );\"\n\t\t\t\t\t><\/span><\/span>\n\t\t\t\t\n\t\t\t\t\n\t\t\t\t\n\t\t\t\t\n\t\t\t\t<div class=\"et_d4_element et_pb_row et_pb_row_0 et_pb_equal_columns et_pb_gutters1  et_pb_css_mix_blend_mode et_block_row\">\n\t\t\t\t<div class=\"et_d4_element et_pb_column_4_4 et_pb_column et_pb_column_0  et_pb_css_mix_blend_mode et-last-child et_block_column\">\n\t\t\t\t\n\t\t\t\t\n\t\t\t\t\n\t\t\t\t\n\t\t\t\t<div class=\"et_pb_module et_d4_element et_pb_text et_pb_text_0  et_pb_text_align_left et_pb_bg_layout_light\">\n\t\t\t\t\n\t\t\t\t\n\t\t\t\t\n\t\t\t\t\n\t\t\t\t<div class=\"et_pb_text_inner\"><h1>Mission<\/h1><\/div>\n\t\t\t<\/div><div class=\"et_pb_module et_d4_element et_pb_text et_pb_text_1 et_animated  et_pb_text_align_left et_pb_bg_layout_light\">\n\t\t\t\t\n\t\t\t\t\n\t\t\t\t\n\t\t\t\t\n\t\t\t\t<div class=\"et_pb_text_inner\"><h2>Climat &amp; Justice<\/h2><\/div>\n\t\t\t<\/div><div class=\"et_pb_module et_d4_element et_pb_text et_pb_text_2 claro et_animated  et_pb_text_align_left et_pb_bg_layout_light\">\n\t\t\t\t\n\t\t\t\t\n\t\t\t\t\n\t\t\t\t\n\t\t\t\t<div class=\"et_pb_text_inner\"><p><em><span data-contrast=\"auto\" lang=\"EN-US\" class=\"TextRun SCXW102881961 BCX0\"><span class=\"NormalTextRun SCXW102881961 BCX0\">\u201c<span data-contrast=\"auto\" lang=\"EN-GB\" class=\"TextRun SCXW28508394 BCX0\"><span class=\"NormalTextRun SCXW28508394 BCX0\">En lien avec tous ceux qui s\u2019engagent \u00e0 construire un monde plus fraternel, les s\u0153urs veulent travailler \u00e0 l\u2019\u00e9v\u00e8nement de la justice, condition et expression d\u2019une soci\u00e9t\u00e9 p\u00e9n\u00e9tr\u00e9 par l\u2019\u00c9vangile.<\/span><\/span><\/span><\/span><span data-contrast=\"auto\" lang=\"EN-US\" class=\"TextRun SCXW102881961 BCX0\"><span class=\"NormalTextRun SCXW102881961 BCX0\">\u201d<\/span><\/span><\/em><\/p>\n<p style=\"text-align: right;\"><strong><span data-contrast=\"auto\" xml:lang=\"EN-GB\" lang=\"EN-GB\" class=\"TextRun SCXW28508394 BCX0\"><span class=\"NormalTextRun SCXW28508394 BCX0\">R\u00e8gle de Vie des Religieuses de l'Assomption n. 79<\/span><\/span><\/strong><\/p><\/div>\n\t\t\t<\/div>\n\t\t\t<\/div>\n\t\t\t\t\n\t\t\t\t\n\t\t\t\t\n\t\t\t\t\n\t\t\t<\/div>\n\t\t\t\t\n\t\t\t\t<div class=\"et_pb_bottom_inside_divider et-no-transition\"><\/div>\n\t\t\t<\/div><div class=\"et_d4_element et_pb_section et_pb_section_1 et_pb_with_background  et_pb_css_mix_blend_mode et_section_regular et_block_section\" >\n\t\t\t\t\n\t\t\t\t\n\t\t\t\t\n\t\t\t\t\n\t\t\t\t\n\t\t\t\t\n\t\t\t\t<div class=\"et_d4_element et_pb_row et_pb_row_1 et_pb_equal_columns  et_pb_css_mix_blend_mode et_block_row\">\n\t\t\t\t<div class=\"et_d4_element et_pb_column_3_5 et_pb_column et_pb_column_1  et_pb_css_mix_blend_mode et_block_column\">\n\t\t\t\t\n\t\t\t\t\n\t\t\t\t\n\t\t\t\t\n\t\t\t\t<div class=\"et_pb_module et_d4_element et_pb_text et_pb_text_3  et_pb_text_align_left et_pb_bg_layout_light\">\n\t\t\t\t\n\t\t\t\t\n\t\t\t\t\n\t\t\t\t\n\t\t\t\t<div class=\"et_pb_text_inner\"><h4>Engagement au changement<\/h4><\/div>\n\t\t\t<\/div><div class=\"et_pb_module et_d4_element et_pb_text et_pb_text_4 et_animated  et_pb_text_align_left et_pb_bg_layout_light\">\n\t\t\t\t\n\t\t\t\t\n\t\t\t\t\n\t\t\t\t\n\t\t\t\t<div class=\"et_pb_text_inner\"><h2><span>Les valeurs de l\u2019\u00c9vangile dans les d\u00e9fis du monde<\/span><\/h2><\/div>\n\t\t\t<\/div><div class=\"et_pb_module et_d4_element et_pb_text et_pb_text_5 et_animated  et_pb_text_align_left et_pb_bg_layout_light\">\n\t\t\t\t\n\t\t\t\t\n\t\t\t\t\n\t\t\t\t\n\t\t\t\t<div class=\"et_pb_text_inner\"><p><strong>Face aux d\u00e9fis de notre monde<\/strong>, nous reconnaissons \u00e0 l\u2019Assomption qu'aujourd'hui <strong>aimer notre temps <\/strong> et collaborer \u00e0 la transformation sociale selon les valeurs \u00e9vang\u00e9liques exige un engagement r\u00e9solu pour <strong>la justice, la paix et le soin de la cr\u00e9ation<\/strong>. Cet engagement est enracin\u00e9 dans les sources bibliques et dans la doctrine sociale de l'\u00c9glise. <\/p>\n<p><strong>La justice, la paix, le soin de la cr\u00e9ation et la solidarit\u00e9 <\/strong> font partie de nos projets de vie personnelle et communautaire et de nos missions. \u00ab <em>Nous entendons l\u2019appel \u00e0 continuer \u00e0 \u00eatre cr\u00e9atives et mener des actions efficaces, conscientes de la relation intime entre les pauvres et la fragilit\u00e9 de notre plan\u00e8te.<\/em> \u00bb (Chapitre G\u00e9n\u00e9ral 2018)<\/p><\/div>\n\t\t\t<\/div>\n\t\t\t<\/div><div class=\"et_d4_element et_pb_column_2_5 et_pb_column et_pb_column_2  et_pb_css_mix_blend_mode et-last-child et_block_column\">\n\t\t\t\t\n\t\t\t\t\n\t\t\t\t\n\t\t\t\t\n\t\t\t\t<div class=\"et_pb_module et_d4_element et_pb_image et_pb_image_0 et_animated et-waypoint\">\n\t\t\t\t\n\t\t\t\t\n\t\t\t\t\n\t\t\t\t\n\t\t\t\t<span class=\"et_pb_image_wrap has-box-shadow-overlay\"><div class=\"box-shadow-overlay\"><\/div><img loading=\"lazy\" decoding=\"async\" width=\"2560\" height=\"1920\" src=\"https:\/\/assumpta-eu.org\/wp-content\/uploads\/2023\/08\/DSCN2155_as.jpg\" alt=\"\" title=\"DSCN2155_as\" srcset=\"https:\/\/assumpta-eu.org\/wp-content\/uploads\/2023\/08\/DSCN2155_as.jpg 2560w, https:\/\/assumpta-eu.org\/wp-content\/uploads\/2023\/08\/DSCN2155_as-1280x960.jpg 1280w, https:\/\/assumpta-eu.org\/wp-content\/uploads\/2023\/08\/DSCN2155_as-980x735.jpg 980w, https:\/\/assumpta-eu.org\/wp-content\/uploads\/2023\/08\/DSCN2155_as-480x360.jpg 480w\" sizes=\"(min-width: 0px) and (max-width: 480px) 480px, (min-width: 481px) and (max-width: 980px) 980px, (min-width: 981px) and (max-width: 1280px) 1280px, (min-width: 1281px) 2560px, 100vw\" class=\"wp-image-467\" \/><\/span>\n\t\t\t<\/div>\n\t\t\t<\/div>\n\t\t\t\t\n\t\t\t\t\n\t\t\t\t\n\t\t\t\t\n\t\t\t<\/div>\n\t\t\t\t\n\t\t\t\t\n\t\t\t<\/div><div class=\"et_d4_element et_pb_section et_pb_section_2 et_pb_with_background  et_pb_css_mix_blend_mode et_section_regular et_block_section\" >\n\t\t\t\t\n\t\t\t\t\n\t\t\t\t\n\t\t\t\t\n\t\t\t\t\n\t\t\t\t\n\t\t\t\t<div class=\"et_d4_element et_pb_row et_pb_row_2  et_pb_css_mix_blend_mode et_block_row\">\n\t\t\t\t<div class=\"et_d4_element et_pb_column_3_5 et_pb_column et_pb_column_3  et_pb_css_mix_blend_mode et_block_column\">\n\t\t\t\t\n\t\t\t\t\n\t\t\t\t\n\t\t\t\t\n\t\t\t\t<div class=\"et_pb_module et_d4_element et_pb_text et_pb_text_6 et_animated  et_pb_text_align_left et_pb_bg_layout_light\">\n\t\t\t\t\n\t\t\t\t\n\t\t\t\t\n\t\t\t\t\n\t\t\t\t<div class=\"et_pb_text_inner\"><blockquote>\n<p><span class=\"NormalTextRun SCXW14431040 BCX0\">La nouvelle <\/span><span class=\"NormalTextRun SpellingErrorV2Themed SCXW14431040 BCX0\">cosmovision <\/span><span class=\"NormalTextRun SCXW14431040 BCX0\">qui dynamise la spiritualit\u00e9, le style de vie et l\u2019\u00e9ducation \u00e0 l\u2019Assomption font revivre ainsi les intuitions et les r\u00e9flexions de Marie-Eug\u00e9nie et des premi\u00e8res s\u0153urs de l\u2019Assomption.<\/span><\/p>\n<p style=\"text-align: right;\"><strong><span class=\"NormalTextRun SCXW14431040 BCX0\">Sr Ana Senties<br \/><\/span><\/strong><span class=\"NormalTextRun SCXW14431040 BCX0\">Vers une Eco Assumption, 2015<\/span><\/p>\n<\/blockquote><\/div>\n\t\t\t<\/div>\n\t\t\t<\/div><div class=\"et_d4_element et_pb_column_2_5 et_pb_column et_pb_column_4  et_pb_css_mix_blend_mode et-last-child et_block_column et_pb_column_empty\">\n\t\t\t\t\n\t\t\t\t\n\t\t\t\t\n\t\t\t\t\n\t\t\t\t\n\t\t\t<\/div>\n\t\t\t\t\n\t\t\t\t\n\t\t\t\t\n\t\t\t\t\n\t\t\t<\/div>\n\t\t\t\t\n\t\t\t\t\n\t\t\t<\/div><div class=\"et_d4_element et_pb_section et_pb_section_3 et_pb_section_parallax et_pb_with_background  et_pb_css_mix_blend_mode et_section_regular section_has_divider et_pb_bottom_divider et_pb_top_divider et_block_section\" >\n\t\t\t\t<div class=\"et_pb_top_inside_divider et-no-transition\"><\/div>\n\t\t\t\t<span class=\"et_parallax_bg_wrap et-pb-parallax-wrapper\"><span\n\t\t\t\t\t\tclass=\"et_parallax_bg et_parallax_bg--et_pb_section_3\"\n\t\t\t\t\t\tstyle=\"background-image: url(https:\/\/assumpta-eu.org\/wp-content\/uploads\/2023\/08\/IMG_20200818_154502-1_as-rotated.jpg);\"\n\t\t\t\t\t><\/span><span\n\t\t\t\t\t\tclass=\"et_parallax_gradient\"\n\t\t\t\t\t\tstyle=\"background-image: linear-gradient( 90deg, rgba(44,0,71,0.9) 0%, rgba(44, 0, 71, 0.69) 23%, rgba(44,0,71,0.64) 47%, rgba(44,0,71,0) 100% );\"\n\t\t\t\t\t><\/span><\/span>\n\t\t\t\t\n\t\t\t\t\n\t\t\t\t\n\t\t\t\t\n\t\t\t\t<div class=\"et_d4_element et_pb_row et_pb_row_3  et_pb_css_mix_blend_mode et_block_row\">\n\t\t\t\t<div class=\"et_d4_element et_pb_column_4_4 et_pb_column et_pb_column_5  et_pb_css_mix_blend_mode et-last-child et_block_column\">\n\t\t\t\t\n\t\t\t\t\n\t\t\t\t\n\t\t\t\t\n\t\t\t\t<div class=\"et_pb_module et_d4_element et_pb_tabs et_pb_tabs_0 \" >\n\t\t\t\t\n\t\t\t\t\n\t\t\t\t\n\t\t\t\t\n\t\t\t\t<ul class=\"et_pb_tabs_controls clearfix\">\n\t\t\t\t\t<li class=\"et_pb_tab_0 et_pb_tab_active\"><a href=\"#\">Pourquoi ?<\/a><\/li><li class=\"et_pb_tab_1\"><a href=\"#\">Comment ?<\/a><\/li>\n\t\t\t\t<\/ul>\n\t\t\t\t<div class=\"et_pb_all_tabs\">\n\t\t\t\t\t<div class=\"et_d4_element et_pb_tab et_pb_tab_0 clearfix et_pb_active_content\">\n\t\t\t\t\n\t\t\t\t\n\t\t\t\t\n\t\t\t\t\n\t\t\t\t<div class=\"et_pb_tab_content\"><p>Nous devons nous plonger dans nos ressources spirituelles afin de r\u00e9pondre aux d\u00e9fis auxquels notre maison commune est confront\u00e9e. \u201cLa terre est un lieu de Gloire pour Dieu\u201d disait Marie-Eug\u00e9nie.<em><\/em> <\/p>\n<p><b><span data-contrast=\"auto\">L\u2019Incarnation : <\/span><\/b> ce myst\u00e8re a \u00e9t\u00e9 choisi par Marie Eug\u00e9nie pour la nouvelle congr\u00e9gation. Nous y voyons le myst\u00e8re par lequel l\u2019humanit\u00e9 est divinis\u00e9e et toutes choses sont r\u00e9concili\u00e9es dans le Christ. C\u2019est la cl\u00e9 du but et de l\u2019esp\u00e9rance de la communaut\u00e9 de la cr\u00e9ation, car \u00ab <em>tout est pour J\u00e9sus-Christ<\/em> \u00bb. C\u2019est le fondement de notre travail pour la justice, la paix et le soin de la cr\u00e9ation.   <span data-ccp-props=\"{\"201341983\":0,\"335559739\":160,\"335559740\":259}\"><\/span><\/p>\n<p><em>\u00ab Dieu est bont\u00e9 qui d\u00e9sire se donner \u00bb (Marie Eug\u00e9nie 1879). Il y a une bont\u00e9 ultime dans la cr\u00e9ation, m\u00eame si elle est d\u00e9figur\u00e9e par l\u2019\u00e9chec humain, nous appr\u00e9cions les dons que nous recevons de Dieu et favorisons le miracle de la vie. Aujourd\u2019hui, dans une plan\u00e8te confront\u00e9e \u00e0 de multiples urgences, au climat, \u00e0 l\u2019environnement, \u00e0 des in\u00e9galit\u00e9s d\u00e9sesp\u00e9r\u00e9es et \u00e0 la r\u00e9cente pand\u00e9mie, nous retrouvons la joie d\u2019\u00eatre des humains et l\u2019esp\u00e9rance dans la bont\u00e9 ind\u00e9fectible de Dieu.<\/em>   <\/p><\/div>\n\t\t\t<\/div><div class=\"et_d4_element et_pb_tab et_pb_tab_1 clearfix\">\n\t\t\t\t\n\t\t\t\t\n\t\t\t\t\n\t\t\t\t\n\t\t\t\t<div class=\"et_pb_tab_content\"><b><span data-contrast=\"auto\">Valeurs du Royaume<\/span><\/b><\/p>\n<p>Nous travaillons pour une transformation de la soci\u00e9t\u00e9 dans laquelle tout est interconnect\u00e9. Comme \u00ab <em>nous sommes les gardiens de notre maison commune, de la terre et de chaque cr\u00e9ature<\/em> \u00bb (Fratelli Tutti) nos choix doivent \u00eatre \u00e9clair\u00e9s. Nous consid\u00e9rons l\u2019impact qu'ils ont sur le climat et l\u2019environnement, et les cons\u00e9quences sociales de nos actions, conscientes de la d\u00e9gradation \u00e0 laquelle tant de nos semblables sont soumis. Si nous vivons notre vie dans un esprit de d\u00e9gagement joyeux, confiants dans la bont\u00e9 et la mis\u00e9ricorde de Dieu, avec simplicit\u00e9, et vivant simplement, nous pouvons cheminer joyeusement vers la venue du Royaume de Dieu.<\/p>\n<p><b><span data-contrast=\"auto\">Pri\u00e8re :<\/span><\/b><\/p>\n<p>Aujourd\u2019hui, et tous les jours, la venue du Royaume commence dans le c\u0153ur. Elle est dirig\u00e9e par l\u2019Esprit. Dans la pri\u00e8re, nous \u00e9coutons ce qu\u2019Il nous demande. Dans notre faiblesse, Dieu nous donne alors la force de faire ce qui nous est demand\u00e9. Aujourd\u2019hui, nous devons rester en Dieu, dans l\u2019adoration et la confiance. \u00ab <em>C\u2019est Dieu qui conduit tout et jamais main plus amoureuse ni plus sage ne saurait conduire nos destin\u00e9e<\/em>s \u00bb. (Sainte Marie Eug\u00e9nie)<\/p>\n<p><span data-contrast=\"auto\">Pour plus de nouvelles et de mises \u00e0 jour consulter le Secr\u00e9tariat international JPIC de la famille de l\u2019Assomption : <\/span><a href=\"https:\/\/jpic-assumpta.org\/\" target=\"_blank\" rel=\"noreferrer noopener\"><span data-contrast=\"none\">https:\/\/jpic-assumpta.org<\/span><\/a><\/div>\n\t\t\t<\/div>\n\t\t\t\t<\/div>\n\t\t\t<\/div>\n\t\t\t<\/div>\n\t\t\t\t\n\t\t\t\t\n\t\t\t\t\n\t\t\t\t\n\t\t\t<\/div>\n\t\t\t\t\n\t\t\t\t<div class=\"et_pb_bottom_inside_divider et-no-transition\"><\/div>\n\t\t\t<\/div><\/p>\n","protected":false},"excerpt":{"rendered":"","protected":false},"author":1,"featured_media":0,"parent":2806,"menu_order":0,"comment_status":"closed","ping_status":"closed","template":"","meta":{"_et_pb_use_builder":"on","_et_pb_old_content":"","_et_gb_content_width":"","footnotes":""},"class_list":["post-2845","page","type-page","status-publish","hentry"],"yoast_head":"<!-- This site is optimized with the Yoast SEO plugin v27.6 - https:\/\/yoast.com\/product\/yoast-seo-wordpress\/ -->\n<title>Climat et justice - Religious of the Assumption &gt; Province of Europe<\/title>\n<meta name=\"robots\" content=\"index, follow, max-snippet:-1, max-image-preview:large, max-video-preview:-1\" \/>\n<link rel=\"canonical\" href=\"https:\/\/assumpta-eu.org\/fr\/mission\/climat-et-justice\/\" \/>\n<meta property=\"og:locale\" content=\"fr_FR\" \/>\n<meta property=\"og:type\" content=\"article\" \/>\n<meta property=\"og:title\" content=\"Climat et justice - Religious of the Assumption &gt; Province of Europe\" \/>\n<meta property=\"og:url\" content=\"https:\/\/assumpta-eu.org\/fr\/mission\/climat-et-justice\/\" \/>\n<meta property=\"og:site_name\" content=\"Religious of the Assumption &gt; Province of Europe\" \/>\n<meta property=\"article:publisher\" content=\"http:\/\/www.facebook.com\/assumptionUK\" \/>\n<meta property=\"article:modified_time\" content=\"2024-09-02T13:23:39+00:00\" \/>\n<meta name=\"twitter:card\" content=\"summary_large_image\" \/>\n<meta name=\"twitter:site\" content=\"@AssumptionRA\" \/>\n<meta name=\"twitter:label1\" content=\"Dur\u00e9e de lecture estim\u00e9e\" \/>\n\t<meta name=\"twitter:data1\" content=\"10 minutes\" \/>\n<script type=\"application\/ld+json\" class=\"yoast-schema-graph\">{\"@context\":\"https:\\\/\\\/schema.org\",\"@graph\":[{\"@type\":\"WebPage\",\"@id\":\"https:\\\/\\\/assumpta-eu.org\\\/fr\\\/mission\\\/climat-et-justice\\\/\",\"url\":\"https:\\\/\\\/assumpta-eu.org\\\/fr\\\/mission\\\/climat-et-justice\\\/\",\"name\":\"Climat et justice - Religious of the Assumption &gt; Province of Europe\",\"isPartOf\":{\"@id\":\"https:\\\/\\\/assumpta-eu.org\\\/fr\\\/#website\"},\"datePublished\":\"2023-08-24T11:40:41+00:00\",\"dateModified\":\"2024-09-02T13:23:39+00:00\",\"breadcrumb\":{\"@id\":\"https:\\\/\\\/assumpta-eu.org\\\/fr\\\/mission\\\/climat-et-justice\\\/#breadcrumb\"},\"inLanguage\":\"fr-FR\",\"potentialAction\":[{\"@type\":\"ReadAction\",\"target\":[\"https:\\\/\\\/assumpta-eu.org\\\/fr\\\/mission\\\/climat-et-justice\\\/\"]}]},{\"@type\":\"BreadcrumbList\",\"@id\":\"https:\\\/\\\/assumpta-eu.org\\\/fr\\\/mission\\\/climat-et-justice\\\/#breadcrumb\",\"itemListElement\":[{\"@type\":\"ListItem\",\"position\":1,\"name\":\"Home\",\"item\":\"https:\\\/\\\/assumpta-eu.org\\\/fr\\\/\"},{\"@type\":\"ListItem\",\"position\":2,\"name\":\"Mission\",\"item\":\"https:\\\/\\\/assumpta-eu.org\\\/fr\\\/mission\\\/\"},{\"@type\":\"ListItem\",\"position\":3,\"name\":\"Climat et justice\"}]},{\"@type\":\"WebSite\",\"@id\":\"https:\\\/\\\/assumpta-eu.org\\\/fr\\\/#website\",\"url\":\"https:\\\/\\\/assumpta-eu.org\\\/fr\\\/\",\"name\":\"Province of Europe of the Religious of the Assumption\",\"description\":\"Make Christ known and loved\",\"publisher\":{\"@id\":\"https:\\\/\\\/assumpta-eu.org\\\/fr\\\/#organization\"},\"potentialAction\":[{\"@type\":\"SearchAction\",\"target\":{\"@type\":\"EntryPoint\",\"urlTemplate\":\"https:\\\/\\\/assumpta-eu.org\\\/fr\\\/?s={search_term_string}\"},\"query-input\":{\"@type\":\"PropertyValueSpecification\",\"valueRequired\":true,\"valueName\":\"search_term_string\"}}],\"inLanguage\":\"fr-FR\"},{\"@type\":\"Organization\",\"@id\":\"https:\\\/\\\/assumpta-eu.org\\\/fr\\\/#organization\",\"name\":\"Religious of the Assumption\",\"url\":\"https:\\\/\\\/assumpta-eu.org\\\/fr\\\/\",\"logo\":{\"@type\":\"ImageObject\",\"inLanguage\":\"fr-FR\",\"@id\":\"https:\\\/\\\/assumpta-eu.org\\\/fr\\\/#\\\/schema\\\/logo\\\/image\\\/\",\"url\":\"https:\\\/\\\/assumpta-eu.org\\\/wp-content\\\/uploads\\\/2023\\\/06\\\/RA-EU-logos-02.png\",\"contentUrl\":\"https:\\\/\\\/assumpta-eu.org\\\/wp-content\\\/uploads\\\/2023\\\/06\\\/RA-EU-logos-02.png\",\"width\":705,\"height\":729,\"caption\":\"Religious of the Assumption\"},\"image\":{\"@id\":\"https:\\\/\\\/assumpta-eu.org\\\/fr\\\/#\\\/schema\\\/logo\\\/image\\\/\"},\"sameAs\":[\"http:\\\/\\\/www.facebook.com\\\/assumptionUK\",\"https:\\\/\\\/x.com\\\/AssumptionRA\",\"http:\\\/\\\/www.instagram.com\\\/assumptionuk\"]}]}<\/script>\n<!-- \/ Yoast SEO plugin. -->","yoast_head_json":{"title":"Climat et justice - Religious of the Assumption &gt; Province of Europe","robots":{"index":"index","follow":"follow","max-snippet":"max-snippet:-1","max-image-preview":"max-image-preview:large","max-video-preview":"max-video-preview:-1"},"canonical":"https:\/\/assumpta-eu.org\/fr\/mission\/climat-et-justice\/","og_locale":"fr_FR","og_type":"article","og_title":"Climat et justice - Religious of the Assumption &gt; Province of Europe","og_url":"https:\/\/assumpta-eu.org\/fr\/mission\/climat-et-justice\/","og_site_name":"Religious of the Assumption &gt; Province of Europe","article_publisher":"http:\/\/www.facebook.com\/assumptionUK","article_modified_time":"2024-09-02T13:23:39+00:00","twitter_card":"summary_large_image","twitter_site":"@AssumptionRA","twitter_misc":{"Dur\u00e9e de lecture estim\u00e9e":"10 minutes"},"schema":{"@context":"https:\/\/schema.org","@graph":[{"@type":"WebPage","@id":"https:\/\/assumpta-eu.org\/fr\/mission\/climat-et-justice\/","url":"https:\/\/assumpta-eu.org\/fr\/mission\/climat-et-justice\/","name":"Climat et justice - Religious of the Assumption &gt; Province of Europe","isPartOf":{"@id":"https:\/\/assumpta-eu.org\/fr\/#website"},"datePublished":"2023-08-24T11:40:41+00:00","dateModified":"2024-09-02T13:23:39+00:00","breadcrumb":{"@id":"https:\/\/assumpta-eu.org\/fr\/mission\/climat-et-justice\/#breadcrumb"},"inLanguage":"fr-FR","potentialAction":[{"@type":"ReadAction","target":["https:\/\/assumpta-eu.org\/fr\/mission\/climat-et-justice\/"]}]},{"@type":"BreadcrumbList","@id":"https:\/\/assumpta-eu.org\/fr\/mission\/climat-et-justice\/#breadcrumb","itemListElement":[{"@type":"ListItem","position":1,"name":"Home","item":"https:\/\/assumpta-eu.org\/fr\/"},{"@type":"ListItem","position":2,"name":"Mission","item":"https:\/\/assumpta-eu.org\/fr\/mission\/"},{"@type":"ListItem","position":3,"name":"Climat et justice"}]},{"@type":"WebSite","@id":"https:\/\/assumpta-eu.org\/fr\/#website","url":"https:\/\/assumpta-eu.org\/fr\/","name":"Province of Europe of the Religious of the Assumption","description":"Make Christ known and loved","publisher":{"@id":"https:\/\/assumpta-eu.org\/fr\/#organization"},"potentialAction":[{"@type":"SearchAction","target":{"@type":"EntryPoint","urlTemplate":"https:\/\/assumpta-eu.org\/fr\/?s={search_term_string}"},"query-input":{"@type":"PropertyValueSpecification","valueRequired":true,"valueName":"search_term_string"}}],"inLanguage":"fr-FR"},{"@type":"Organization","@id":"https:\/\/assumpta-eu.org\/fr\/#organization","name":"Religious of the Assumption","url":"https:\/\/assumpta-eu.org\/fr\/","logo":{"@type":"ImageObject","inLanguage":"fr-FR","@id":"https:\/\/assumpta-eu.org\/fr\/#\/schema\/logo\/image\/","url":"https:\/\/assumpta-eu.org\/wp-content\/uploads\/2023\/06\/RA-EU-logos-02.png","contentUrl":"https:\/\/assumpta-eu.org\/wp-content\/uploads\/2023\/06\/RA-EU-logos-02.png","width":705,"height":729,"caption":"Religious of the Assumption"},"image":{"@id":"https:\/\/assumpta-eu.org\/fr\/#\/schema\/logo\/image\/"},"sameAs":["http:\/\/www.facebook.com\/assumptionUK","https:\/\/x.com\/AssumptionRA","http:\/\/www.instagram.com\/assumptionuk"]}]}},"_links":{"self":[{"href":"https:\/\/assumpta-eu.org\/fr\/wp-json\/wp\/v2\/pages\/2845","targetHints":{"allow":["GET"]}}],"collection":[{"href":"https:\/\/assumpta-eu.org\/fr\/wp-json\/wp\/v2\/pages"}],"about":[{"href":"https:\/\/assumpta-eu.org\/fr\/wp-json\/wp\/v2\/types\/page"}],"author":[{"embeddable":true,"href":"https:\/\/assumpta-eu.org\/fr\/wp-json\/wp\/v2\/users\/1"}],"replies":[{"embeddable":true,"href":"https:\/\/assumpta-eu.org\/fr\/wp-json\/wp\/v2\/comments?post=2845"}],"version-history":[{"count":3,"href":"https:\/\/assumpta-eu.org\/fr\/wp-json\/wp\/v2\/pages\/2845\/revisions"}],"predecessor-version":[{"id":4775,"href":"https:\/\/assumpta-eu.org\/fr\/wp-json\/wp\/v2\/pages\/2845\/revisions\/4775"}],"up":[{"embeddable":true,"href":"https:\/\/assumpta-eu.org\/fr\/wp-json\/wp\/v2\/pages\/2806"}],"wp:attachment":[{"href":"https:\/\/assumpta-eu.org\/fr\/wp-json\/wp\/v2\/media?parent=2845"}],"curies":[{"name":"wp","href":"https:\/\/api.w.org\/{rel}","templated":true}]}}