{"id":2839,"date":"2023-08-23T09:20:25","date_gmt":"2023-08-23T07:20:25","guid":{"rendered":"https:\/\/assumpta-eu.org\/about-us\/sainte-marie-eugenie\/"},"modified":"2026-05-04T11:47:15","modified_gmt":"2026-05-04T09:47:15","slug":"sainte-marie-eugenie","status":"publish","type":"page","link":"https:\/\/assumpta-eu.org\/fr\/about-us\/sainte-marie-eugenie\/","title":{"rendered":"Sainte Marie Eug\u00e9nie"},"content":{"rendered":"<div class=\"et_pb_section_0 et_pb_section et_section_regular et_block_section section_has_divider et_pb_top_divider et_pb_bottom_divider\"><div class=\"et_pb_top_inside_divider et-no-transition\"><\/div>\n<div class=\"et_pb_row_0 et_pb_row et_pb_equal_columns et_pb_gutters1 et_block_row\">\n<div class=\"et_pb_column_0 et_pb_column et_pb_column_4_4 et-last-child et_block_column et_pb_css_mix_blend_mode_passthrough\">\n<div class=\"et_pb_text_0 et_pb_text et_pb_bg_layout_light et_pb_module et_block_module preset--module--divi-text--e6504a1b-67eb-4b3d-b023-bcab277610b6\"><div class=\"et_pb_text_inner\"><h1>Sainte Marie Eug\u00e9nie<\/h1>\n<\/div><\/div>\n\n<div class=\"et_pb_text_1 et_pb_text et_pb_bg_layout_light et_animated et_pb_module et_block_module preset--module--divi-text--c16985e1-e0d6-4022-964d-e2bfc04fa633\"><div class=\"et_pb_text_inner\"><h2><span>Un h\u00e9ritage d\u2019amour et de service<\/span><\/h2>\n<\/div><\/div>\n\n<div class=\"et_pb_text_2 et_pb_text et_pb_bg_layout_light et_animated et_pb_module et_block_module claro preset--module--divi-text--1f09816e-184e-4ce5-a4cf-b39c52c423ca\"><div class=\"et_pb_text_inner\"><p><span data-contrast=\"auto\" xml:lang=\"EN-GB\" lang=\"EN-GB\" class=\"TextRun MacChromeBold SCXW123565253 BCX0\"><span class=\"NormalTextRun SCXW123565253 BCX0\">Sainte Marie Eug\u00e9nie<\/span><\/span><span data-contrast=\"auto\" xml:lang=\"EN-GB\" lang=\"EN-GB\" class=\"TextRun SCXW123565253 BCX0\"><span class=\"NormalTextRun SCXW123565253 BCX0\"> \u00e9tait une femme exceptionnelle. Elle a \u00e9t\u00e9 \u00e0 la t\u00eate de la congr\u00e9gation pendant cinquante-cinq ans \u00e0 partir de sa fondation en 1839. Venant d'un milieu non pratiquant, elle a d\u00e9couvert le Christ et son \u00c9glise et <strong>a compris que chacun de nous \u00e9tait appel\u00e9 par Dieu \u00e0 le servir de mani\u00e8re particuli\u00e8re<\/strong>. Elle est devenue ainsi source d\u2019inspiration pour d\u2019innombrables personnes cherchant \u00e0 construire le Royaume de Dieu par l'\u00e9ducation.  <\/span><\/span><span class=\"EOP SCXW123565253 BCX0\" data-ccp-props=\"{\"201341983\":0,\"335559739\":160,\"335559740\":259}\"> <\/span><\/p>\n<\/div><\/div>\n<\/div>\n<\/div>\n<div class=\"et_pb_bottom_inside_divider et-no-transition\"><\/div><\/div>\n\n<div class=\"et_pb_section_1 et_pb_section et_section_regular et_block_section\">\n<div class=\"et_pb_row_1 et_pb_row et_pb_equal_columns et_block_row\">\n<div class=\"et_pb_column_1 et_pb_column et_pb_column_3_5 et_block_column et_pb_css_mix_blend_mode_passthrough\">\n<div class=\"et_pb_text_3 et_pb_text et_pb_bg_layout_light et_pb_module et_block_module preset--module--divi-text--e6504a1b-67eb-4b3d-b023-bcab277610b6\"><div class=\"et_pb_text_inner\"><h4><span data-contrast=\"auto\" xml:lang=\"EN-GB\" lang=\"EN-GB\" class=\"TextRun MacChromeBold SCXW117742268 BCX0\"><span class=\"NormalTextRun SCXW117742268 BCX0\">Vie et \u00e9ducation<\/span><\/span><span class=\"EOP SCXW117742268 BCX0\" data-ccp-props=\"{\"201341983\":0,\"335559739\":160,\"335559740\":259}\"> <\/span><\/h4>\n<\/div><\/div>\n\n<div class=\"et_pb_text_4 et_pb_text et_pb_bg_layout_light et_animated et_pb_module et_block_module preset--module--divi-text--b327cbe4-b1d5-4b66-ad37-40c8f2f061ba\"><div class=\"et_pb_text_inner\"><h2>Rencontres avec Dieu<\/h2>\n<\/div><\/div>\n\n<div class=\"et_pb_text_5 et_pb_text et_pb_bg_layout_light et_animated et_pb_module et_block_module preset--module--divi-text--1f09816e-184e-4ce5-a4cf-b39c52c423ca\"><div class=\"et_pb_text_inner\"><p><strong>Anne Eug\u00e9nie Milleret<\/strong>, qui deviendra <strong>S\u0153ur Marie Eug\u00e9nie de J\u00e9sus <\/strong> fondatrice des Religieuses de l'Assomption, est n\u00e9e \u00e0 <strong>Metz<\/strong> dans le nord-est de la France, en 1817. Sa famille \u00e9tait privil\u00e9gi\u00e9e, riche, engag\u00e9e politiquement mais non pratiquante. Elle fut baptis\u00e9e cependant et fit sa premi\u00e8re communion <strong>le jour de No\u00ebl 1829<\/strong> \u00e0 l'\u00e2ge de douze ans ; ce fut une exp\u00e9rience spirituelle extraordinaire : elle eut le sentiment de l'immensit\u00e9 de Dieu et y re\u00e7ut \" un lien d'amour \" avec Lui.  <\/p>\n<p>\u00c0 treize ans sa vie heureuse est boulevers\u00e9e : son p\u00e8re fait faillite, ses parents se s\u00e9parent et elle s'installe \u00e0 <strong>Paris<\/strong> avec sa m\u00e8re. Deux ans plus tard, sa m\u00e8re meurt du chol\u00e9ra et \u00e0 l'\u00e2ge de quinze ans, <strong>Anne Eug\u00e9nie<\/strong> se retrouve seule. Priv\u00e9e de soutien, elle se demande quel est le sens de sa vie, et cherche ce qui pourra la rendre heureuse. La vie superficielle et mondaine qu'elle m\u00e8ne ne lui suffit pas, pas plus qu'une vie chr\u00e9tienne trop pieuse et \u00e9triqu\u00e9e, qui ne met pas la foi en action.   <\/p>\n<\/div><\/div>\n<\/div>\n\n<div class=\"et_pb_column_2 et_pb_column et_pb_column_2_5 et-last-child et_block_column et_pb_css_mix_blend_mode_passthrough\">\n<div class=\"et_pb_image_0 et_pb_image et_animated et_pb_module et_block_module\"><span class=\"et_pb_image_wrap\"><img loading=\"lazy\" decoding=\"async\" src=\"https:\/\/assumpta-eu.org\/wp-content\/uploads\/2023\/10\/St.-Marie_Eugenie.jpg\" width=\"852\" height=\"1460\" srcset=\"https:\/\/assumpta-eu.org\/wp-content\/uploads\/2023\/10\/St.-Marie_Eugenie.jpg 852w, https:\/\/assumpta-eu.org\/wp-content\/uploads\/2023\/10\/St.-Marie_Eugenie-480x823.jpg 480w\" sizes=\"(min-width: 0px) and (max-width: 480px) 480px, (min-width: 481px) 852px, 100vw\" class=\"wp-image-603\" title=\"St.-Marie_Eugenie\" \/><\/span><\/div>\n<\/div>\n<\/div>\n<\/div>\n\n<div class=\"et_pb_section_2 et_pb_section et_section_regular et_block_section\">\n<div class=\"et_pb_row_2 et_pb_row et_block_row\">\n<div class=\"et_pb_column_3 et_pb_column et_pb_column_2_5 et_block_column et_pb_css_mix_blend_mode_passthrough\">\n<div class=\"et_pb_image_1 et_pb_image et_animated et_pb_module et_block_module\"><span class=\"et_pb_image_wrap\"><img loading=\"lazy\" decoding=\"async\" src=\"https:\/\/assumpta-eu.org\/wp-content\/uploads\/2023\/08\/DSCN0540_65-1.jpg\" width=\"1242\" height=\"681\" srcset=\"https:\/\/assumpta-eu.org\/wp-content\/uploads\/2023\/08\/DSCN0540_65-1.jpg 1242w, https:\/\/assumpta-eu.org\/wp-content\/uploads\/2023\/08\/DSCN0540_65-1-980x537.jpg 980w, https:\/\/assumpta-eu.org\/wp-content\/uploads\/2023\/08\/DSCN0540_65-1-480x263.jpg 480w\" sizes=\"(min-width: 0px) and (max-width: 480px) 480px, (min-width: 481px) and (max-width: 980px) 980px, (min-width: 981px) 1242px, 100vw\" class=\"wp-image-346\" title=\"DSCN0540_65\" \/><\/span><\/div>\n<\/div>\n\n<div class=\"et_pb_column_4 et_pb_column et_pb_column_3_5 et-last-child et_block_column et_pb_css_mix_blend_mode_passthrough\">\n<div class=\"et_pb_text_6 et_pb_text et_pb_bg_layout_light et_pb_module et_block_module preset--module--divi-text--e6504a1b-67eb-4b3d-b023-bcab277610b6\"><div class=\"et_pb_text_inner\"><h4><span data-contrast=\"auto\" xml:lang=\"EN-GB\" lang=\"EN-GB\" class=\"TextRun MacChromeBold SCXW160781119 BCX0\"><span class=\"NormalTextRun SCXW160781119 BCX0\">La d\u00e9couverte que \"chacun de nous a une mission sur terre\"<\/span><\/span><span class=\"EOP SCXW160781119 BCX0\" data-ccp-props=\"{\"201341983\":0,\"335559739\":160,\"335559740\":259}\"> <\/span><\/h4>\n<\/div><\/div>\n\n<div class=\"et_pb_text_7 et_pb_text et_pb_bg_layout_light et_animated et_pb_module et_block_module preset--module--divi-text--b327cbe4-b1d5-4b66-ad37-40c8f2f061ba\"><div class=\"et_pb_text_inner\"><h2>Une intervention divine<\/h2>\n<\/div><\/div>\n\n<div class=\"et_pb_text_8 et_pb_text et_pb_bg_layout_light et_animated et_pb_module et_block_module preset--module--divi-text--1f09816e-184e-4ce5-a4cf-b39c52c423ca\"><div class=\"et_pb_text_inner\"><p><strong>C'est alors que Dieu intervient<\/strong>. En 1836, elle assiste aux conf\u00e9rences de Car\u00eame pr\u00each\u00e9es par le <strong>P\u00e8re Lacordaire<\/strong> dans la cath\u00e9drale <strong>Notre-Dame de Paris<\/strong>. Il parle \u00e0 son c\u0153ur. Elle passe du doute \u00e0 la Foi et comprend qu'elle doit donner sa vie \u00e0 Dieu. Elle \u00e9crit \u00e0 Lacordaire : <strong>\"Chacun de nous a une mission sur terre\"<\/strong>. Mais quelle est la sienne ? Il lui conseille la patience, la lecture et la pri\u00e8re. Ce n'est que l'ann\u00e9e suivante que son chemin croisa        <strong>celui du P\u00e8re Combalot <\/strong>, qui lui parle de l'id\u00e9e de fonder une Congr\u00e9gation au service de l'\u00e9ducation des jeunes filles en vue d'une transformation sociale \u00e9clair\u00e9e par les valeurs de l\u2019\u00c9vangile. Le projet nait le <strong>30<span style=\"\">e<\/span> avril 1839<\/strong> dans la petitesse et la pauvret\u00e9. <\/p>\n<\/div><\/div>\n<\/div>\n<\/div>\n<\/div>\n\n<div class=\"et_pb_section_3 et_pb_section et_section_regular et_block_section section_has_divider et_pb_top_divider et_pb_bottom_divider\"><div class=\"et_pb_top_inside_divider et-no-transition\"><\/div>\n<div class=\"et_pb_row_3 et_pb_row et_block_row\">\n<div class=\"et_pb_column_5 et_pb_column et_pb_column_1_3 et_block_column et_pb_column_empty et_pb_css_mix_blend_mode_passthrough\"><\/div>\n\n<div class=\"et_pb_column_6 et_pb_column et_pb_column_2_3 et-last-child et_block_column et_pb_css_mix_blend_mode_passthrough\">\n<div class=\"et_pb_text_9 et_pb_text et_pb_bg_layout_light et_animated et_pb_module et_block_module preset--module--divi-text--b327cbe4-b1d5-4b66-ad37-40c8f2f061ba\"><div class=\"et_pb_text_inner\"><h2><span data-contrast=\"auto\" xml:lang=\"EN-GB\" lang=\"EN-GB\" class=\"TextRun MacChromeBold SCXW253858085 BCX0\"><span class=\"NormalTextRun SCXW253858085 BCX0\">Inspir\u00e9e par deux grandes amiti\u00e9s<\/span><\/span><span class=\"EOP SCXW253858085 BCX0\" data-ccp-props=\"{\"201341983\":0,\"335559739\":160,\"335559740\":259}\"> <\/span><\/h2>\n<\/div><\/div>\n\n<div class=\"et_pb_text_10 et_pb_text et_pb_bg_layout_light et_animated et_pb_module et_block_module claro\"><div class=\"et_pb_text_inner\"><p><strong>Cette jeune femme, devenue S\u0153ur Marie Eug\u00e9nie, devient une fondatrice infatigable.<\/strong> <span>Elle est aid\u00e9e par une<\/span> <strong>forte amiti\u00e9<\/strong><span> avec l'une des toutes premi\u00e8res s\u0153urs, Kate O'Neill, qui deviendra S\u0153ur Th\u00e9r\u00e8se Emmanuel, cofondatrice de la Congr\u00e9gation. Le deuxi\u00e8me ami proche fut le P\u00e8re Emmanuel d'Alzon, qui lui avait \u00e9t\u00e9 pr\u00e9sent\u00e9 par l\u2019abb\u00e9 Combalot avant la cr\u00e9ation de la Congr\u00e9gation. Ainsi, lorsque la relation avec Combalot devient trop difficile, elle peut se tourner vers     <\/span><strong>d'Alzon pour obtenir de l'aide. <\/strong><span> Bien qu'ils vivent \u00e0 800 km l'un de l'autre, il accepte de l'aider et de la soutenir et c'est ainsi que commence une amiti\u00e9 <\/span><strong>et un partenariat qui durera jusqu'\u00e0 la mort du P\u00e8re d\u2019Alzon, pr\u00e8s de 40 ans plus tard.<\/strong><span> Elle l'encouragea \u00e0 fonder une congr\u00e9gation d'hommes : les Augustins de l'Assomption, en 1845. <\/span><strong>Mais surtout, ils s'aidaient mutuellement \u00e0 devenir saints.<\/strong><\/p>\n<\/div><\/div>\n<\/div>\n<\/div>\n<div class=\"et_pb_bottom_inside_divider et-no-transition\"><\/div><\/div>\n\n<div class=\"et_pb_section_4 et_pb_section et_section_regular et_block_section section_has_divider et_pb_bottom_divider\">\n<div class=\"et_pb_row_4 et_pb_row et_pb_equal_columns et_block_row\">\n<div class=\"et_pb_column_7 et_pb_column et_pb_column_4_4 et-last-child et_block_column et_pb_css_mix_blend_mode_passthrough\">\n<div class=\"et_pb_text_11 et_pb_text et_pb_bg_layout_light et_animated et_pb_module et_block_module preset--module--divi-text--b327cbe4-b1d5-4b66-ad37-40c8f2f061ba\"><div class=\"et_pb_text_inner\"><h2><span data-contrast=\"auto\" xml:lang=\"EN-GB\" lang=\"EN-GB\" class=\"TextRun MacChromeBold SCXW216398469 BCX0\"><span class=\"NormalTextRun SCXW216398469 BCX0\">Sup\u00e9rieure d'une Congr\u00e9gation en pleine expansion<\/span><\/span><span class=\"EOP SCXW216398469 BCX0\" data-ccp-props=\"{\"201341983\":0,\"335559739\":160,\"335559740\":259}\"> <\/span><\/h2>\n<\/div><\/div>\n\n<div class=\"et_pb_text_12 et_pb_text et_pb_bg_layout_light et_animated et_pb_module et_block_module preset--module--divi-text--1f09816e-184e-4ce5-a4cf-b39c52c423ca\"><div class=\"et_pb_text_inner\"><p><strong>Marie Eug\u00e9nie a dirig\u00e9 l'Assomption pendant cinquante-cinq ans.<\/strong> <span>Sa premi\u00e8re priorit\u00e9 \u00e9tait pour ses s\u0153urs :<\/span> <strong>leur bonheur, leur formation, leur travail, leur saintet\u00e9.<\/strong><span> Elle se pr\u00e9occupait de leur sant\u00e9 - plus de deux cents s\u0153urs mourront avant elle souvent jeunes, beaucoup de la tuberculose. Elle voyageait constamment de communaut\u00e9 en communaut\u00e9,  <\/span><strong>encourageant, consolant et stimulant.<\/strong><span> Au fur et \u00e0 mesure que la Congr\u00e9gation se faisait conna\u00eetre, elle fut invit\u00e9e \u00e0 cr\u00e9er de plus en plus de communaut\u00e9s.  <\/span><strong>Elle consid\u00e9rait que son travail \u00e9tait toujours dans et pour l'\u00c9glise,<\/strong><span> et sa loyaut\u00e9 envers elle \u00e9tait absolue malgr\u00e9 les incompr\u00e9hensions et oppositions qu\u2019elle rencontra parfois. Les derni\u00e8res ann\u00e9es de sa vie, sa sant\u00e9 se d\u00e9grade peu \u00e0 peu. Ceux qui l'entouraient \u00e9taient frapp\u00e9s par   <\/span><strong>sa bont\u00e9 et sa patience.<\/strong><span> Un jour, tenant en mains son crucifix, elle dit : <\/span><strong>\"Je regarde mon Seigneur. C'est en le regardant que nous apprenons \u00e0 aimer\". <\/strong> <span>Elle meurt, entour\u00e9e de ses s\u0153urs, le 10 mars 1898.<\/span> <strong>Sainte Marie Eug\u00e9nie a \u00e9t\u00e9 reconnue par l\u2019\u00c9glise :<\/strong> <span>elle est b\u00e9atifi\u00e9e en 1975 et canonis\u00e9e par le Pape Beno\u00eet XVI le 3 juin 2007.<\/span><\/p>\n<\/div><\/div>\n\n<div class=\"et_pb_module et_pb_button_module_wrapper et_pb_button_0_wrapper\"><a class=\"et_pb_button_0 et_pb_button et_pb_bg_layout_light et_pb_module et_block_module\" href=\"https:\/\/assumpta.org\/fr\/sainte-marie-eugenie\/les-archives\" target=\"_blank\">En savoir plus<\/a><\/div>\n<\/div>\n<\/div>\n<div class=\"et_pb_bottom_inside_divider et-no-transition\"><\/div><\/div>","protected":false},"excerpt":{"rendered":"","protected":false},"author":1,"featured_media":0,"parent":2410,"menu_order":0,"comment_status":"closed","ping_status":"closed","template":"","meta":{"footnotes":""},"class_list":["post-2839","page","type-page","status-publish","hentry"],"yoast_head":"<!-- This site is optimized with the Yoast SEO plugin v27.6 - https:\/\/yoast.com\/product\/yoast-seo-wordpress\/ -->\n<title>Sainte Marie Eug\u00e9nie - Religious of the Assumption &gt; Province of Europe<\/title>\n<meta name=\"robots\" content=\"index, follow, max-snippet:-1, max-image-preview:large, max-video-preview:-1\" \/>\n<link rel=\"canonical\" href=\"https:\/\/assumpta-eu.org\/fr\/about-us\/sainte-marie-eugenie\/\" \/>\n<meta property=\"og:locale\" content=\"fr_FR\" \/>\n<meta property=\"og:type\" content=\"article\" \/>\n<meta property=\"og:title\" content=\"Sainte Marie Eug\u00e9nie - Religious of the Assumption &gt; Province of Europe\" \/>\n<meta property=\"og:url\" content=\"https:\/\/assumpta-eu.org\/fr\/about-us\/sainte-marie-eugenie\/\" \/>\n<meta property=\"og:site_name\" content=\"Religious of the Assumption &gt; Province of Europe\" \/>\n<meta property=\"article:publisher\" content=\"http:\/\/www.facebook.com\/assumptionUK\" \/>\n<meta property=\"article:modified_time\" content=\"2026-05-04T09:47:15+00:00\" \/>\n<meta name=\"twitter:card\" content=\"summary_large_image\" \/>\n<meta name=\"twitter:site\" content=\"@AssumptionRA\" \/>\n<script type=\"application\/ld+json\" class=\"yoast-schema-graph\">{\"@context\":\"https:\\\/\\\/schema.org\",\"@graph\":[{\"@type\":\"WebPage\",\"@id\":\"https:\\\/\\\/assumpta-eu.org\\\/fr\\\/about-us\\\/sainte-marie-eugenie\\\/\",\"url\":\"https:\\\/\\\/assumpta-eu.org\\\/fr\\\/about-us\\\/sainte-marie-eugenie\\\/\",\"name\":\"Sainte Marie Eug\u00e9nie - Religious of the Assumption &gt; Province of Europe\",\"isPartOf\":{\"@id\":\"https:\\\/\\\/assumpta-eu.org\\\/fr\\\/#website\"},\"datePublished\":\"2023-08-23T07:20:25+00:00\",\"dateModified\":\"2026-05-04T09:47:15+00:00\",\"breadcrumb\":{\"@id\":\"https:\\\/\\\/assumpta-eu.org\\\/fr\\\/about-us\\\/sainte-marie-eugenie\\\/#breadcrumb\"},\"inLanguage\":\"fr-FR\",\"potentialAction\":[{\"@type\":\"ReadAction\",\"target\":[\"https:\\\/\\\/assumpta-eu.org\\\/fr\\\/about-us\\\/sainte-marie-eugenie\\\/\"]}]},{\"@type\":\"BreadcrumbList\",\"@id\":\"https:\\\/\\\/assumpta-eu.org\\\/fr\\\/about-us\\\/sainte-marie-eugenie\\\/#breadcrumb\",\"itemListElement\":[{\"@type\":\"ListItem\",\"position\":1,\"name\":\"Home\",\"item\":\"https:\\\/\\\/assumpta-eu.org\\\/fr\\\/\"},{\"@type\":\"ListItem\",\"position\":2,\"name\":\"Qui sommes-nous\",\"item\":\"https:\\\/\\\/assumpta-eu.org\\\/fr\\\/about-us\\\/\"},{\"@type\":\"ListItem\",\"position\":3,\"name\":\"Sainte Marie Eug\u00e9nie\"}]},{\"@type\":\"WebSite\",\"@id\":\"https:\\\/\\\/assumpta-eu.org\\\/fr\\\/#website\",\"url\":\"https:\\\/\\\/assumpta-eu.org\\\/fr\\\/\",\"name\":\"Province of Europe of the Religious of the Assumption\",\"description\":\"Make Christ known and loved\",\"publisher\":{\"@id\":\"https:\\\/\\\/assumpta-eu.org\\\/fr\\\/#organization\"},\"potentialAction\":[{\"@type\":\"SearchAction\",\"target\":{\"@type\":\"EntryPoint\",\"urlTemplate\":\"https:\\\/\\\/assumpta-eu.org\\\/fr\\\/?s={search_term_string}\"},\"query-input\":{\"@type\":\"PropertyValueSpecification\",\"valueRequired\":true,\"valueName\":\"search_term_string\"}}],\"inLanguage\":\"fr-FR\"},{\"@type\":\"Organization\",\"@id\":\"https:\\\/\\\/assumpta-eu.org\\\/fr\\\/#organization\",\"name\":\"Religious of the Assumption\",\"url\":\"https:\\\/\\\/assumpta-eu.org\\\/fr\\\/\",\"logo\":{\"@type\":\"ImageObject\",\"inLanguage\":\"fr-FR\",\"@id\":\"https:\\\/\\\/assumpta-eu.org\\\/fr\\\/#\\\/schema\\\/logo\\\/image\\\/\",\"url\":\"https:\\\/\\\/assumpta-eu.org\\\/wp-content\\\/uploads\\\/2023\\\/06\\\/RA-EU-logos-02.png\",\"contentUrl\":\"https:\\\/\\\/assumpta-eu.org\\\/wp-content\\\/uploads\\\/2023\\\/06\\\/RA-EU-logos-02.png\",\"width\":705,\"height\":729,\"caption\":\"Religious of the Assumption\"},\"image\":{\"@id\":\"https:\\\/\\\/assumpta-eu.org\\\/fr\\\/#\\\/schema\\\/logo\\\/image\\\/\"},\"sameAs\":[\"http:\\\/\\\/www.facebook.com\\\/assumptionUK\",\"https:\\\/\\\/x.com\\\/AssumptionRA\",\"http:\\\/\\\/www.instagram.com\\\/assumptionuk\"]}]}<\/script>\n<!-- \/ Yoast SEO plugin. -->","yoast_head_json":{"title":"Sainte Marie Eug\u00e9nie - Religious of the Assumption &gt; Province of Europe","robots":{"index":"index","follow":"follow","max-snippet":"max-snippet:-1","max-image-preview":"max-image-preview:large","max-video-preview":"max-video-preview:-1"},"canonical":"https:\/\/assumpta-eu.org\/fr\/about-us\/sainte-marie-eugenie\/","og_locale":"fr_FR","og_type":"article","og_title":"Sainte Marie Eug\u00e9nie - Religious of the Assumption &gt; Province of Europe","og_url":"https:\/\/assumpta-eu.org\/fr\/about-us\/sainte-marie-eugenie\/","og_site_name":"Religious of the Assumption &gt; Province of Europe","article_publisher":"http:\/\/www.facebook.com\/assumptionUK","article_modified_time":"2026-05-04T09:47:15+00:00","twitter_card":"summary_large_image","twitter_site":"@AssumptionRA","schema":{"@context":"https:\/\/schema.org","@graph":[{"@type":"WebPage","@id":"https:\/\/assumpta-eu.org\/fr\/about-us\/sainte-marie-eugenie\/","url":"https:\/\/assumpta-eu.org\/fr\/about-us\/sainte-marie-eugenie\/","name":"Sainte Marie Eug\u00e9nie - Religious of the Assumption &gt; Province of Europe","isPartOf":{"@id":"https:\/\/assumpta-eu.org\/fr\/#website"},"datePublished":"2023-08-23T07:20:25+00:00","dateModified":"2026-05-04T09:47:15+00:00","breadcrumb":{"@id":"https:\/\/assumpta-eu.org\/fr\/about-us\/sainte-marie-eugenie\/#breadcrumb"},"inLanguage":"fr-FR","potentialAction":[{"@type":"ReadAction","target":["https:\/\/assumpta-eu.org\/fr\/about-us\/sainte-marie-eugenie\/"]}]},{"@type":"BreadcrumbList","@id":"https:\/\/assumpta-eu.org\/fr\/about-us\/sainte-marie-eugenie\/#breadcrumb","itemListElement":[{"@type":"ListItem","position":1,"name":"Home","item":"https:\/\/assumpta-eu.org\/fr\/"},{"@type":"ListItem","position":2,"name":"Qui sommes-nous","item":"https:\/\/assumpta-eu.org\/fr\/about-us\/"},{"@type":"ListItem","position":3,"name":"Sainte Marie Eug\u00e9nie"}]},{"@type":"WebSite","@id":"https:\/\/assumpta-eu.org\/fr\/#website","url":"https:\/\/assumpta-eu.org\/fr\/","name":"Province of Europe of the Religious of the Assumption","description":"Make Christ known and loved","publisher":{"@id":"https:\/\/assumpta-eu.org\/fr\/#organization"},"potentialAction":[{"@type":"SearchAction","target":{"@type":"EntryPoint","urlTemplate":"https:\/\/assumpta-eu.org\/fr\/?s={search_term_string}"},"query-input":{"@type":"PropertyValueSpecification","valueRequired":true,"valueName":"search_term_string"}}],"inLanguage":"fr-FR"},{"@type":"Organization","@id":"https:\/\/assumpta-eu.org\/fr\/#organization","name":"Religious of the Assumption","url":"https:\/\/assumpta-eu.org\/fr\/","logo":{"@type":"ImageObject","inLanguage":"fr-FR","@id":"https:\/\/assumpta-eu.org\/fr\/#\/schema\/logo\/image\/","url":"https:\/\/assumpta-eu.org\/wp-content\/uploads\/2023\/06\/RA-EU-logos-02.png","contentUrl":"https:\/\/assumpta-eu.org\/wp-content\/uploads\/2023\/06\/RA-EU-logos-02.png","width":705,"height":729,"caption":"Religious of the Assumption"},"image":{"@id":"https:\/\/assumpta-eu.org\/fr\/#\/schema\/logo\/image\/"},"sameAs":["http:\/\/www.facebook.com\/assumptionUK","https:\/\/x.com\/AssumptionRA","http:\/\/www.instagram.com\/assumptionuk"]}]}},"_links":{"self":[{"href":"https:\/\/assumpta-eu.org\/fr\/wp-json\/wp\/v2\/pages\/2839","targetHints":{"allow":["GET"]}}],"collection":[{"href":"https:\/\/assumpta-eu.org\/fr\/wp-json\/wp\/v2\/pages"}],"about":[{"href":"https:\/\/assumpta-eu.org\/fr\/wp-json\/wp\/v2\/types\/page"}],"author":[{"embeddable":true,"href":"https:\/\/assumpta-eu.org\/fr\/wp-json\/wp\/v2\/users\/1"}],"replies":[{"embeddable":true,"href":"https:\/\/assumpta-eu.org\/fr\/wp-json\/wp\/v2\/comments?post=2839"}],"version-history":[{"count":13,"href":"https:\/\/assumpta-eu.org\/fr\/wp-json\/wp\/v2\/pages\/2839\/revisions"}],"predecessor-version":[{"id":7114,"href":"https:\/\/assumpta-eu.org\/fr\/wp-json\/wp\/v2\/pages\/2839\/revisions\/7114"}],"up":[{"embeddable":true,"href":"https:\/\/assumpta-eu.org\/fr\/wp-json\/wp\/v2\/pages\/2410"}],"wp:attachment":[{"href":"https:\/\/assumpta-eu.org\/fr\/wp-json\/wp\/v2\/media?parent=2839"}],"curies":[{"name":"wp","href":"https:\/\/api.w.org\/{rel}","templated":true}]}}