{"id":2801,"date":"2023-08-25T10:42:41","date_gmt":"2023-08-25T08:42:41","guid":{"rendered":"https:\/\/assumpta-eu.org\/devenir-soeur\/"},"modified":"2024-08-20T11:46:30","modified_gmt":"2024-08-20T09:46:30","slug":"devenir-soeur","status":"publish","type":"page","link":"https:\/\/assumpta-eu.org\/fr\/se-joindre-a-nous\/devenir-soeur\/","title":{"rendered":"Devenir s\u0153ur"},"content":{"rendered":"<p><div class=\"et_d4_element et_pb_section et_pb_section_0 et_pb_section_parallax et_pb_with_background  et_pb_css_mix_blend_mode et_section_regular section_has_divider et_pb_bottom_divider et_pb_top_divider et_block_section\" >\n\t\t\t\t<div class=\"et_pb_top_inside_divider et-no-transition\"><\/div>\n\t\t\t\t<span class=\"et_parallax_bg_wrap et-pb-parallax-wrapper\"><span\n\t\t\t\t\t\tclass=\"et_parallax_bg et_parallax_bg--et_pb_section_0\"\n\t\t\t\t\t\tstyle=\"background-image: url(https:\/\/assumpta-eu.org\/wp-content\/uploads\/2023\/08\/IGP9520_as-scaled.jpg);\"\n\t\t\t\t\t><\/span><span\n\t\t\t\t\t\tclass=\"et_parallax_gradient\"\n\t\t\t\t\t\tstyle=\"background-image: linear-gradient( 80deg, #ffd23f 0%, rgba(255,210,63,0.1) 99% );\"\n\t\t\t\t\t><\/span><\/span>\n\t\t\t\t\n\t\t\t\t\n\t\t\t\t\n\t\t\t\t\n\t\t\t\t<div class=\"et_d4_element et_pb_row et_pb_row_0 et_pb_equal_columns et_pb_gutters1  et_pb_css_mix_blend_mode et_block_row\">\n\t\t\t\t<div class=\"et_d4_element et_pb_column_4_4 et_pb_column et_pb_column_0  et_pb_css_mix_blend_mode et-last-child et_block_column\">\n\t\t\t\t\n\t\t\t\t\n\t\t\t\t\n\t\t\t\t\n\t\t\t\t<div class=\"et_pb_module et_d4_element et_pb_text et_pb_text_0  et_pb_text_align_left et_pb_bg_layout_light\">\n\t\t\t\t\n\t\t\t\t\n\t\t\t\t\n\t\t\t\t\n\t\t\t\t<div class=\"et_pb_text_inner\"><h4>Se joindre \u00e0 nous<\/h4><\/div>\n\t\t\t<\/div><div class=\"et_pb_module et_d4_element et_pb_text et_pb_text_1 et_animated  et_pb_text_align_left et_pb_bg_layout_light\">\n\t\t\t\t\n\t\t\t\t\n\t\t\t\t\n\t\t\t\t\n\t\t\t\t<div class=\"et_pb_text_inner\"><h2>Devenir s\u0153ur<\/h2><\/div>\n\t\t\t<\/div><div class=\"et_pb_module et_d4_element et_pb_text et_pb_text_2 claro et_animated  et_pb_text_align_left et_pb_bg_layout_light\">\n\t\t\t\t\n\t\t\t\t\n\t\t\t\t\n\t\t\t\t\n\t\t\t\t<div class=\"et_pb_text_inner\">Tu te poses peut-\u00eatre la question suivante : \u00ab Quelle est ma mission dans la vie ? <br \/>Quelle est la gr\u00e2ce sp\u00e9ciale que Dieu m'a donn\u00e9e ? \u00bb As-tu d\u00e9j\u00e0 pens\u00e9 que Dieu t'invite peut-\u00eatre \u00e0 la vie religieuse ?<\/div>\n\t\t\t<\/div>\n\t\t\t<\/div>\n\t\t\t\t\n\t\t\t\t\n\t\t\t\t\n\t\t\t\t\n\t\t\t<\/div>\n\t\t\t\t\n\t\t\t\t<div class=\"et_pb_bottom_inside_divider et-no-transition\"><\/div>\n\t\t\t<\/div><div class=\"et_d4_element et_pb_section et_pb_section_1 et_pb_with_background  et_pb_css_mix_blend_mode et_section_regular et_block_section\" >\n\t\t\t\t\n\t\t\t\t\n\t\t\t\t\n\t\t\t\t\n\t\t\t\t\n\t\t\t\t\n\t\t\t\t<div class=\"et_d4_element et_pb_row et_pb_row_1 et_pb_equal_columns  et_pb_css_mix_blend_mode et_block_row\">\n\t\t\t\t<div class=\"et_d4_element et_pb_column_3_5 et_pb_column et_pb_column_1  et_pb_css_mix_blend_mode et_block_column\">\n\t\t\t\t\n\t\t\t\t\n\t\t\t\t\n\t\t\t\t\n\t\t\t\t<div class=\"et_pb_module et_d4_element et_pb_text et_pb_text_3  et_pb_text_align_left et_pb_bg_layout_light\">\n\t\t\t\t\n\t\t\t\t\n\t\t\t\t\n\t\t\t\t\n\t\t\t\t<div class=\"et_pb_text_inner\"><h4>Dieu invite<\/h4><\/div>\n\t\t\t<\/div><div class=\"et_pb_module et_d4_element et_pb_text et_pb_text_4 et_animated  et_pb_text_align_left et_pb_bg_layout_light\">\n\t\t\t\t\n\t\t\t\t\n\t\t\t\t\n\t\t\t\t\n\t\t\t\t<div class=\"et_pb_text_inner\"><h2><strong>Est-tu appel\u00e9e \u00e0 la vie religieuse ?<\/strong><\/h2><\/div>\n\t\t\t<\/div><div class=\"et_pb_module et_d4_element et_pb_text et_pb_text_5 et_animated  et_pb_text_align_left et_pb_bg_layout_light\">\n\t\t\t\t\n\t\t\t\t\n\t\t\t\t\n\t\t\t\t\n\t\t\t\t<div class=\"et_pb_text_inner\"><p><span>L'appel \u00e0 entrer dans la vie religieuse<\/span> <strong>vient de Dieu<\/strong>.<span>Il est impossible de dire exactement comment une personne ressentira cet appel, car Dieu est Dieu, et Il agit parfois de mani\u00e8re tr\u00e8s surprenante. Cependant, il y a des signes qui reviennent fr\u00e9quemment. J\u00e9sus est-il quelqu'un de    <\/span><strong>tr\u00e8s important pour to<\/strong><span>i ? As-tu l'impression que Dieu te demande quelque chose de plus ? Ressens-tu   <\/span><strong>une sainte inqui\u00e9tude,<\/strong><span>un sentiment de malaise, une impression r\u00e9currente que ton engagement ou ta carri\u00e8re actuels ne sont pas suffisants ? Si tu r\u00e9ponds \"Oui\" \u00e0 ces questions ; si \u00eatre amie des s\u0153urs, ou offrir une ann\u00e9e de ta vie pour aider \u00e0 leur mission ne te semble pas suffisant, alors peut-\u00eatre que  <\/span><strong>Dieu t\u2019appelle \u00e0 devenir religieuse<\/strong><span>.<\/span><\/p><\/div>\n\t\t\t<\/div>\n\t\t\t<\/div><div class=\"et_d4_element et_pb_column_2_5 et_pb_column et_pb_column_2  et_pb_css_mix_blend_mode et-last-child et_block_column\">\n\t\t\t\t\n\t\t\t\t\n\t\t\t\t\n\t\t\t\t\n\t\t\t\t<div class=\"et_pb_module et_d4_element et_pb_image et_pb_image_0 et_animated et-waypoint\">\n\t\t\t\t\n\t\t\t\t\n\t\t\t\t\n\t\t\t\t\n\t\t\t\t<span class=\"et_pb_image_wrap has-box-shadow-overlay\"><div class=\"box-shadow-overlay\"><\/div><img loading=\"lazy\" decoding=\"async\" width=\"1707\" height=\"2560\" src=\"https:\/\/assumpta-eu.org\/wp-content\/uploads\/2023\/08\/IMG_5127_as-scaled.jpg\" alt=\"\" title=\"IMG_5127_as\" srcset=\"https:\/\/assumpta-eu.org\/wp-content\/uploads\/2023\/08\/IMG_5127_as-scaled.jpg 1707w, https:\/\/assumpta-eu.org\/wp-content\/uploads\/2023\/08\/IMG_5127_as-1280x1920.jpg 1280w, https:\/\/assumpta-eu.org\/wp-content\/uploads\/2023\/08\/IMG_5127_as-980x1470.jpg 980w, https:\/\/assumpta-eu.org\/wp-content\/uploads\/2023\/08\/IMG_5127_as-480x720.jpg 480w\" sizes=\"(min-width: 0px) and (max-width: 480px) 480px, (min-width: 481px) and (max-width: 980px) 980px, (min-width: 981px) and (max-width: 1280px) 1280px, (min-width: 1281px) 1707px, 100vw\" class=\"wp-image-534\" \/><\/span>\n\t\t\t<\/div>\n\t\t\t<\/div>\n\t\t\t\t\n\t\t\t\t\n\t\t\t\t\n\t\t\t\t\n\t\t\t<\/div><div class=\"et_d4_element et_pb_row et_pb_row_2  et_pb_css_mix_blend_mode et_block_row\">\n\t\t\t\t<div class=\"et_d4_element et_pb_column_1_4 et_pb_column et_pb_column_3  et_pb_css_mix_blend_mode et_block_column et_pb_column_empty\">\n\t\t\t\t\n\t\t\t\t\n\t\t\t\t\n\t\t\t\t\n\t\t\t\t\n\t\t\t<\/div><div class=\"et_d4_element et_pb_column_1_2 et_pb_column et_pb_column_4  et_pb_css_mix_blend_mode et_block_column\">\n\t\t\t\t\n\t\t\t\t\n\t\t\t\t\n\t\t\t\t\n\t\t\t\t<div class=\"et_pb_module et_d4_element et_pb_text et_pb_text_6 et_animated  et_pb_text_align_center et_pb_bg_layout_light\">\n\t\t\t\t\n\t\t\t\t\n\t\t\t\t\n\t\t\t\t\n\t\t\t\t<div class=\"et_pb_text_inner\"><p><em><strong><span data-contrast=\"auto\" xml:lang=\"EN-GB\" lang=\"EN-GB\" class=\"TextRun SCXW673823 BCX0\">\u00ab <span class=\"NormalTextRun SCXW673823 BCX0\">J'ai suppli\u00e9 Notre Seigneur de me dire ce qu'il voulait de<\/span> <span class=\"NormalTextRun ContextualSpellingAndGrammarErrorV2Themed SCXW673823 BCX0\">moi<\/span>, <span class=\"NormalTextRun SCXW673823 BCX0\">et voici ce qui m'est venu : 'Il faut que je te suffise<\/span>'. \u00bb <\/span><\/strong><\/em><\/p>\n<p style=\"text-align: right;\"><span data-contrast=\"auto\" xml:lang=\"EN-GB\" lang=\"EN-GB\" class=\"TextRun SCXW673823 BCX0\"><span class=\"NormalTextRun SCXW673823 BCX0\">(St Marie Eug\u00e9nie 1849)<\/span><\/span><span class=\"EOP SCXW673823 BCX0\" data-ccp-props=\"{\"201341983\":0,\"335559739\":160,\"335559740\":259}\"> <\/span><\/p><\/div>\n\t\t\t<\/div>\n\t\t\t<\/div><div class=\"et_d4_element et_pb_column_1_4 et_pb_column et_pb_column_5  et_pb_css_mix_blend_mode et-last-child et_block_column et_pb_column_empty\">\n\t\t\t\t\n\t\t\t\t\n\t\t\t\t\n\t\t\t\t\n\t\t\t\t\n\t\t\t<\/div>\n\t\t\t\t\n\t\t\t\t\n\t\t\t\t\n\t\t\t\t\n\t\t\t<\/div>\n\t\t\t\t\n\t\t\t\t\n\t\t\t<\/div><div class=\"et_d4_element et_pb_section et_pb_section_2 et_pb_with_background  et_pb_css_mix_blend_mode et_section_regular et_block_section\" >\n\t\t\t\t\n\t\t\t\t\n\t\t\t\t\n\t\t\t\t\n\t\t\t\t\n\t\t\t\t\n\t\t\t\t<div class=\"et_d4_element et_pb_row et_pb_row_3  et_pb_css_mix_blend_mode et_block_row\">\n\t\t\t\t<div class=\"et_d4_element et_pb_column_4_4 et_pb_column et_pb_column_6  et_pb_css_mix_blend_mode et-last-child et_block_column\">\n\t\t\t\t\n\t\t\t\t\n\t\t\t\t\n\t\t\t\t\n\t\t\t\t<div class=\"et_pb_module et_d4_element et_pb_image et_pb_image_1 et_animated et-waypoint\">\n\t\t\t\t\n\t\t\t\t\n\t\t\t\t\n\t\t\t\t\n\t\t\t\t<span class=\"et_pb_image_wrap has-box-shadow-overlay\"><div class=\"box-shadow-overlay\"><\/div><img loading=\"lazy\" decoding=\"async\" width=\"2048\" height=\"1495\" src=\"https:\/\/assumpta-eu.org\/wp-content\/uploads\/2024\/04\/Etapes-Vocation-WEB_Plan-de-travail-1-2048x1495-1.jpg\" alt=\"\" title=\"Imprimer\" srcset=\"https:\/\/assumpta-eu.org\/wp-content\/uploads\/2024\/04\/Etapes-Vocation-WEB_Plan-de-travail-1-2048x1495-1.jpg 2048w, https:\/\/assumpta-eu.org\/wp-content\/uploads\/2024\/04\/Etapes-Vocation-WEB_Plan-de-travail-1-2048x1495-1-1280x934.jpg 1280w, https:\/\/assumpta-eu.org\/wp-content\/uploads\/2024\/04\/Etapes-Vocation-WEB_Plan-de-travail-1-2048x1495-1-980x715.jpg 980w, https:\/\/assumpta-eu.org\/wp-content\/uploads\/2024\/04\/Etapes-Vocation-WEB_Plan-de-travail-1-2048x1495-1-480x350.jpg 480w\" sizes=\"(min-width: 0px) and (max-width: 480px) 480px, (min-width: 481px) and (max-width: 980px) 980px, (min-width: 981px) and (max-width: 1280px) 1280px, (min-width: 1281px) 2048px, 100vw\" class=\"wp-image-1155\" \/><\/span>\n\t\t\t<\/div><div class=\"et_pb_module et_d4_element et_pb_text et_pb_text_7  et_pb_text_align_left et_pb_bg_layout_light\">\n\t\t\t\t\n\t\t\t\t\n\t\t\t\t\n\t\t\t\t\n\t\t\t\t<div class=\"et_pb_text_inner\"><p style=\"text-align: right;\"><span>\u00a9 Religieuses de l'Assomption, Province de France<\/span><\/p><\/div>\n\t\t\t<\/div>\n\t\t\t<\/div>\n\t\t\t\t\n\t\t\t\t\n\t\t\t\t\n\t\t\t\t\n\t\t\t<\/div>\n\t\t\t\t\n\t\t\t\t\n\t\t\t<\/div><div class=\"et_d4_element et_pb_section et_pb_section_3 et_pb_section_parallax et_pb_with_background  et_pb_css_mix_blend_mode et_section_regular section_has_divider et_pb_bottom_divider et_pb_top_divider et_block_section\" >\n\t\t\t\t<div class=\"et_pb_top_inside_divider et-no-transition\"><\/div>\n\t\t\t\t<span class=\"et_parallax_bg_wrap et-pb-parallax-wrapper\"><span\n\t\t\t\t\t\tclass=\"et_parallax_bg et_parallax_bg--et_pb_section_3\"\n\t\t\t\t\t\tstyle=\"background-image: url(https:\/\/assumpta-eu.org\/wp-content\/uploads\/2023\/08\/IMG9214_as-scaled.jpg);\"\n\t\t\t\t\t><\/span><span\n\t\t\t\t\t\tclass=\"et_parallax_gradient\"\n\t\t\t\t\t\tstyle=\"background-image: linear-gradient( 90deg, rgba(44,0,71,0.9) 0%, rgba(44, 0, 71, 0.69) 23%, rgba(44,0,71,0.64) 47%, rgba(44,0,71,0) 100% );\"\n\t\t\t\t\t><\/span><\/span>\n\t\t\t\t\n\t\t\t\t\n\t\t\t\t\n\t\t\t\t\n\t\t\t\t<div class=\"et_d4_element et_pb_row et_pb_row_4  et_pb_css_mix_blend_mode et_block_row\">\n\t\t\t\t<div class=\"et_d4_element et_pb_column_4_4 et_pb_column et_pb_column_7  et_pb_css_mix_blend_mode et-last-child et_block_column\">\n\t\t\t\t\n\t\t\t\t\n\t\t\t\t\n\t\t\t\t\n\t\t\t\t<div class=\"et_pb_module et_d4_element et_pb_text et_pb_text_8 et_animated  et_pb_text_align_left et_pb_bg_layout_light\">\n\t\t\t\t\n\t\t\t\t\n\t\t\t\t\n\t\t\t\t\n\t\t\t\t<div class=\"et_pb_text_inner\"><h2><span>Questions fr\u00e9quemment pos\u00e9es<\/span><\/h2><\/div>\n\t\t\t<\/div><div class=\"et_pb_module et_d4_element et_pb_accordion et_pb_accordion_0 et_animated\">\n\t\t\t\t\n\t\t\t\t\n\t\t\t\t\n\t\t\t\t\n\t\t\t\t<div class=\"et_pb_toggle et_pb_module et_d4_element et_pb_accordion_item et_pb_accordion_item_0  et_pb_toggle_open\">\n\t\t\t\t\n\t\t\t\t\n\t\t\t\t\n\t\t\t\t\n\t\t\t\t<h5 class=\"et_pb_toggle_title\">Qu&#039;est-ce qui peut m&#039;aider \u00e0 discerner ma vocation ? <\/h5>\n\t\t\t\t<div class=\"et_pb_toggle_content clearfix\"><p><span data-contrast=\"auto\" xml:lang=\"EN-GB\" lang=\"EN-GB\" class=\"TextRun SCXW89619612 BCX0\"><span class=\"NormalTextRun SCXW89619612 BCX0\">La chose la plus importante \u00e0 ce stade est de prier. Demander au Seigneur de te montrer le chemin - demander cette gr\u00e2ce souvent et avec une r\u00e9elle confiance. Ensuite, \u00e9couter. Chercher de l\u2019aide : il est difficile de trouver son chemin sans en parler avec une personne de confiance. Un accompagnateur spirituel, un aum\u00f4nier d'universit\u00e9, un pr\u00eatre ou une s\u0153ur - n'importe laquelle de ces personnes pourrait     <\/span><span class=\"NormalTextRun SCXW89619612 BCX0\">t\u2019aider<\/span><span class=\"NormalTextRun SCXW89619612 BCX0\"> sur le chemin de ton discernement. Il s'agit de se poser la question : comment aimerais-tu vivre ton avenir ? Discerner n'est pas facile, mais en commen\u00e7ant \u00e0 mieux te conna\u00eetre et \u00e0 mieux conna\u00eetre ta relation avec Dieu, tu y trouveras une libert\u00e9 d'esprit,   <\/span><span class=\"NormalTextRun SCXW89619612 BCX0\">une paix<\/span> <span class=\"NormalTextRun SCXW89619612 BCX0\">et une joie profonde<\/span>.<\/span><span class=\"EOP SCXW89619612 BCX0\" data-ccp-props=\"{\"201341983\":0,\"335559739\":160,\"335559740\":259}\"> <\/span><\/p><\/div>\n\t\t\t<\/div><div class=\"et_pb_toggle et_pb_module et_d4_element et_pb_accordion_item et_pb_accordion_item_1  et_pb_toggle_close\">\n\t\t\t\t\n\t\t\t\t\n\t\t\t\t\n\t\t\t\t\n\t\t\t\t<h5 class=\"et_pb_toggle_title\">Qu&#039;est-ce que l&#039;Assomption offre aux personnes qui, comme moi, sont en recherche ? <\/h5>\n\t\t\t\t<div class=\"et_pb_toggle_content clearfix\"><p><span data-contrast=\"auto\" xml:lang=\"EN-GB\" lang=\"EN-GB\" class=\"TextRun SCXW267844938 BCX0\"><span class=\"NormalTextRun SCXW267844938 BCX0\">Il y a plusieurs choses. Si tu souhaites habiter aupr\u00e8s de l'une de nos communaut\u00e9s, nous serons ravies de t\u2019accueillir. Nous aimons partager notre vie \u00e0 l'Assomption avec les personnes qui viennent nous rendre visite, que ce soit pour une soir\u00e9e ou pour   <\/span><span class=\"NormalTextRun SCXW267844938 BCX0\">un temps plus long.<\/span><span class=\"NormalTextRun SCXW267844938 BCX0\">Nous avons aussi des s\u0153urs qui sont pr\u00eates \u00e0 te rencontrer et \u00e0 parler r\u00e9guli\u00e8rement avec toi pendant que tu cherches ton chemin. <\/span><\/span><span class=\"EOP SCXW267844938 BCX0\" data-ccp-props=\"{\"201341983\":0,\"335559739\":160,\"335559740\":259}\"> <\/span><\/p><\/div>\n\t\t\t<\/div><div class=\"et_pb_toggle et_pb_module et_d4_element et_pb_accordion_item et_pb_accordion_item_2  et_pb_toggle_close\">\n\t\t\t\t\n\t\t\t\t\n\t\t\t\t\n\t\t\t\t\n\t\t\t\t<h5 class=\"et_pb_toggle_title\">De quoi ai-je besoin pour entrer \u00e0 l&#039;Assomption ? <\/h5>\n\t\t\t\t<div class=\"et_pb_toggle_content clearfix\"><p><span data-contrast=\"auto\" xml:lang=\"EN-GB\" lang=\"EN-GB\" class=\"TextRun SCXW22391562 BCX0\"><span class=\"NormalTextRun SCXW22391562 BCX0\">La chose la plus importante dont tu as besoin est un amour personnel de J\u00e9sus-Christ. Ensuite, tu dois avoir le d\u00e9sir de vivre et de travailler avec d'autres personnes pour aider \u00e0 construire le Royaume de Dieu. En pratique, tu dois \u00eatre une catholique, baptis\u00e9e et pratiquante. Tu dois \u00eatre libre de faire des v\u0153ux - ce qui signifie que si tu as d\u00e9j\u00e0 \u00e9t\u00e9 mari\u00e9e, tu dois \u00eatre veuve ou avoir un d\u00e9cret d'annulation de mariage.     <\/span><span class=\"NormalTextRun SCXW22391562 BCX0\">Tu dois \u00eatre en bonne sant\u00e9<\/span> <span class=\"NormalTextRun SCXW22391562 BCX0\">physiqu<\/span>e et m<span class=\"NormalTextRun SCXW22391562 BCX0\">enta<\/span>le et ne pas <span class=\"NormalTextRun SCXW22391562 BCX0\">\u00eatre endett\u00e9e<\/span>.<\/span><span class=\"EOP SCXW22391562 BCX0\" data-ccp-props=\"{\"201341983\":0,\"335559739\":160,\"335559740\":259}\"> <\/span><\/p><\/div>\n\t\t\t<\/div>\n\t\t\t<\/div>\n\t\t\t<\/div>\n\t\t\t\t\n\t\t\t\t\n\t\t\t\t\n\t\t\t\t\n\t\t\t<\/div>\n\t\t\t\t\n\t\t\t\t<div class=\"et_pb_bottom_inside_divider et-no-transition\"><\/div>\n\t\t\t<\/div><div class=\"et_d4_element et_pb_section et_pb_section_4 et_pb_with_background  et_pb_css_mix_blend_mode et_section_regular section_has_divider et_pb_bottom_divider et_pb_top_divider et_block_section\" >\n\t\t\t\t\n\t\t\t\t\n\t\t\t\t\n\t\t\t\t\n\t\t\t\t\n\t\t\t\t\n\t\t\t\t<div class=\"et_d4_element et_pb_row et_pb_row_5  et_pb_css_mix_blend_mode et_block_row\">\n\t\t\t\t<div class=\"et_d4_element et_pb_column_4_4 et_pb_column et_pb_column_8  et_pb_css_mix_blend_mode et-last-child et_block_column\">\n\t\t\t\t\n\t\t\t\t\n\t\t\t\t\n\t\t\t\t\n\t\t\t\t<div class=\"et_pb_module et_d4_element et_pb_image et_pb_image_2 et_animated et-waypoint\">\n\t\t\t\t\n\t\t\t\t\n\t\t\t\t\n\t\t\t\t\n\t\t\t\t<span class=\"et_pb_image_wrap has-box-shadow-overlay\"><div class=\"box-shadow-overlay\"><\/div><img loading=\"lazy\" decoding=\"async\" width=\"1024\" height=\"1024\" src=\"https:\/\/assumpta-eu.org\/wp-content\/uploads\/2024\/04\/Illu-finale-1024x1024-1.jpg\" alt=\"\" title=\"Horaires\" srcset=\"https:\/\/assumpta-eu.org\/wp-content\/uploads\/2024\/04\/Illu-finale-1024x1024-1.jpg 1024w, https:\/\/assumpta-eu.org\/wp-content\/uploads\/2024\/04\/Illu-finale-1024x1024-1-980x980.jpg 980w, https:\/\/assumpta-eu.org\/wp-content\/uploads\/2024\/04\/Illu-finale-1024x1024-1-480x480.jpg 480w\" sizes=\"(min-width: 0px) and (max-width: 480px) 480px, (min-width: 481px) and (max-width: 980px) 980px, (min-width: 981px) 1024px, 100vw\" class=\"wp-image-1748\" \/><\/span>\n\t\t\t<\/div><div class=\"et_pb_module et_d4_element et_pb_text et_pb_text_9  et_pb_text_align_left et_pb_bg_layout_light\">\n\t\t\t\t\n\t\t\t\t\n\t\t\t\t\n\t\t\t\t\n\t\t\t\t<div class=\"et_pb_text_inner\"><p style=\"text-align: right;\"><span>\u00a9 Religieuses de l'Assomption, Province de France<\/span><\/p><\/div>\n\t\t\t<\/div>\n\t\t\t<\/div>\n\t\t\t\t\n\t\t\t\t\n\t\t\t\t\n\t\t\t\t\n\t\t\t<\/div><div class=\"et_d4_element et_pb_row et_pb_row_6  et_pb_css_mix_blend_mode et_block_row\">\n\t\t\t\t<div class=\"et_d4_element et_pb_column_4_4 et_pb_column et_pb_column_9  et_pb_css_mix_blend_mode et-last-child et_block_column\">\n\t\t\t\t\n\t\t\t\t\n\t\t\t\t\n\t\t\t\t\n\t\t\t\t<div class=\"et_pb_button_module_wrapper et_pb_button_0_wrapper et_pb_button_alignment_center et_pb_module \">\n\t\t\t\t<a class=\"et_pb_button et_d4_element et_pb_button_0 et_pb_bg_layout_light et_block_module\" href=\"mailto:vocations@assumpta-eu.org\" target=\"_blank\">Devenir s\u0153ur<\/a>\n\t\t\t<\/div>\n\t\t\t<\/div>\n\t\t\t\t\n\t\t\t\t\n\t\t\t\t\n\t\t\t\t\n\t\t\t<\/div>\n\t\t\t\t\n\t\t\t\t<div class=\"et_pb_bottom_inside_divider et-no-transition\"><\/div>\n\t\t\t<\/div><\/p>\n","protected":false},"excerpt":{"rendered":"","protected":false},"author":1,"featured_media":0,"parent":2848,"menu_order":0,"comment_status":"closed","ping_status":"closed","template":"","meta":{"_et_pb_use_builder":"on","_et_pb_old_content":"","_et_gb_content_width":"","footnotes":""},"class_list":["post-2801","page","type-page","status-publish","hentry"],"yoast_head":"<!-- This site is optimized with the Yoast SEO plugin v27.6 - https:\/\/yoast.com\/product\/yoast-seo-wordpress\/ -->\n<title>Devenir s\u0153ur - Religious of the Assumption &gt; Province of Europe<\/title>\n<meta name=\"robots\" content=\"index, follow, max-snippet:-1, max-image-preview:large, max-video-preview:-1\" \/>\n<link rel=\"canonical\" href=\"https:\/\/assumpta-eu.org\/fr\/se-joindre-a-nous\/devenir-soeur\/\" \/>\n<meta property=\"og:locale\" content=\"fr_FR\" \/>\n<meta property=\"og:type\" content=\"article\" \/>\n<meta property=\"og:title\" content=\"Devenir s\u0153ur - Religious of the Assumption &gt; Province of Europe\" \/>\n<meta property=\"og:url\" content=\"https:\/\/assumpta-eu.org\/fr\/se-joindre-a-nous\/devenir-soeur\/\" \/>\n<meta property=\"og:site_name\" content=\"Religious of the Assumption &gt; Province of Europe\" \/>\n<meta property=\"article:publisher\" content=\"http:\/\/www.facebook.com\/assumptionUK\" \/>\n<meta property=\"article:modified_time\" content=\"2024-08-20T09:46:30+00:00\" \/>\n<meta name=\"twitter:card\" content=\"summary_large_image\" \/>\n<meta name=\"twitter:site\" content=\"@AssumptionRA\" \/>\n<meta name=\"twitter:label1\" content=\"Dur\u00e9e de lecture estim\u00e9e\" \/>\n\t<meta name=\"twitter:data1\" content=\"12 minutes\" \/>\n<script type=\"application\/ld+json\" class=\"yoast-schema-graph\">{\"@context\":\"https:\\\/\\\/schema.org\",\"@graph\":[{\"@type\":\"WebPage\",\"@id\":\"https:\\\/\\\/assumpta-eu.org\\\/fr\\\/se-joindre-a-nous\\\/devenir-soeur\\\/\",\"url\":\"https:\\\/\\\/assumpta-eu.org\\\/fr\\\/se-joindre-a-nous\\\/devenir-soeur\\\/\",\"name\":\"Devenir s\u0153ur - Religious of the Assumption &gt; Province of Europe\",\"isPartOf\":{\"@id\":\"https:\\\/\\\/assumpta-eu.org\\\/fr\\\/#website\"},\"datePublished\":\"2023-08-25T08:42:41+00:00\",\"dateModified\":\"2024-08-20T09:46:30+00:00\",\"breadcrumb\":{\"@id\":\"https:\\\/\\\/assumpta-eu.org\\\/fr\\\/se-joindre-a-nous\\\/devenir-soeur\\\/#breadcrumb\"},\"inLanguage\":\"fr-FR\",\"potentialAction\":[{\"@type\":\"ReadAction\",\"target\":[\"https:\\\/\\\/assumpta-eu.org\\\/fr\\\/se-joindre-a-nous\\\/devenir-soeur\\\/\"]}]},{\"@type\":\"BreadcrumbList\",\"@id\":\"https:\\\/\\\/assumpta-eu.org\\\/fr\\\/se-joindre-a-nous\\\/devenir-soeur\\\/#breadcrumb\",\"itemListElement\":[{\"@type\":\"ListItem\",\"position\":1,\"name\":\"Home\",\"item\":\"https:\\\/\\\/assumpta-eu.org\\\/fr\\\/\"},{\"@type\":\"ListItem\",\"position\":2,\"name\":\"Se joindre \u00e0 nous\",\"item\":\"https:\\\/\\\/assumpta-eu.org\\\/fr\\\/se-joindre-a-nous\\\/\"},{\"@type\":\"ListItem\",\"position\":3,\"name\":\"Devenir s\u0153ur\"}]},{\"@type\":\"WebSite\",\"@id\":\"https:\\\/\\\/assumpta-eu.org\\\/fr\\\/#website\",\"url\":\"https:\\\/\\\/assumpta-eu.org\\\/fr\\\/\",\"name\":\"Province of Europe of the Religious of the Assumption\",\"description\":\"Make Christ known and loved\",\"publisher\":{\"@id\":\"https:\\\/\\\/assumpta-eu.org\\\/fr\\\/#organization\"},\"potentialAction\":[{\"@type\":\"SearchAction\",\"target\":{\"@type\":\"EntryPoint\",\"urlTemplate\":\"https:\\\/\\\/assumpta-eu.org\\\/fr\\\/?s={search_term_string}\"},\"query-input\":{\"@type\":\"PropertyValueSpecification\",\"valueRequired\":true,\"valueName\":\"search_term_string\"}}],\"inLanguage\":\"fr-FR\"},{\"@type\":\"Organization\",\"@id\":\"https:\\\/\\\/assumpta-eu.org\\\/fr\\\/#organization\",\"name\":\"Religious of the Assumption\",\"url\":\"https:\\\/\\\/assumpta-eu.org\\\/fr\\\/\",\"logo\":{\"@type\":\"ImageObject\",\"inLanguage\":\"fr-FR\",\"@id\":\"https:\\\/\\\/assumpta-eu.org\\\/fr\\\/#\\\/schema\\\/logo\\\/image\\\/\",\"url\":\"https:\\\/\\\/assumpta-eu.org\\\/wp-content\\\/uploads\\\/2023\\\/06\\\/RA-EU-logos-02.png\",\"contentUrl\":\"https:\\\/\\\/assumpta-eu.org\\\/wp-content\\\/uploads\\\/2023\\\/06\\\/RA-EU-logos-02.png\",\"width\":705,\"height\":729,\"caption\":\"Religious of the Assumption\"},\"image\":{\"@id\":\"https:\\\/\\\/assumpta-eu.org\\\/fr\\\/#\\\/schema\\\/logo\\\/image\\\/\"},\"sameAs\":[\"http:\\\/\\\/www.facebook.com\\\/assumptionUK\",\"https:\\\/\\\/x.com\\\/AssumptionRA\",\"http:\\\/\\\/www.instagram.com\\\/assumptionuk\"]}]}<\/script>\n<!-- \/ Yoast SEO plugin. -->","yoast_head_json":{"title":"Devenir s\u0153ur - Religious of the Assumption &gt; Province of Europe","robots":{"index":"index","follow":"follow","max-snippet":"max-snippet:-1","max-image-preview":"max-image-preview:large","max-video-preview":"max-video-preview:-1"},"canonical":"https:\/\/assumpta-eu.org\/fr\/se-joindre-a-nous\/devenir-soeur\/","og_locale":"fr_FR","og_type":"article","og_title":"Devenir s\u0153ur - Religious of the Assumption &gt; Province of Europe","og_url":"https:\/\/assumpta-eu.org\/fr\/se-joindre-a-nous\/devenir-soeur\/","og_site_name":"Religious of the Assumption &gt; Province of Europe","article_publisher":"http:\/\/www.facebook.com\/assumptionUK","article_modified_time":"2024-08-20T09:46:30+00:00","twitter_card":"summary_large_image","twitter_site":"@AssumptionRA","twitter_misc":{"Dur\u00e9e de lecture estim\u00e9e":"12 minutes"},"schema":{"@context":"https:\/\/schema.org","@graph":[{"@type":"WebPage","@id":"https:\/\/assumpta-eu.org\/fr\/se-joindre-a-nous\/devenir-soeur\/","url":"https:\/\/assumpta-eu.org\/fr\/se-joindre-a-nous\/devenir-soeur\/","name":"Devenir s\u0153ur - Religious of the Assumption &gt; Province of Europe","isPartOf":{"@id":"https:\/\/assumpta-eu.org\/fr\/#website"},"datePublished":"2023-08-25T08:42:41+00:00","dateModified":"2024-08-20T09:46:30+00:00","breadcrumb":{"@id":"https:\/\/assumpta-eu.org\/fr\/se-joindre-a-nous\/devenir-soeur\/#breadcrumb"},"inLanguage":"fr-FR","potentialAction":[{"@type":"ReadAction","target":["https:\/\/assumpta-eu.org\/fr\/se-joindre-a-nous\/devenir-soeur\/"]}]},{"@type":"BreadcrumbList","@id":"https:\/\/assumpta-eu.org\/fr\/se-joindre-a-nous\/devenir-soeur\/#breadcrumb","itemListElement":[{"@type":"ListItem","position":1,"name":"Home","item":"https:\/\/assumpta-eu.org\/fr\/"},{"@type":"ListItem","position":2,"name":"Se joindre \u00e0 nous","item":"https:\/\/assumpta-eu.org\/fr\/se-joindre-a-nous\/"},{"@type":"ListItem","position":3,"name":"Devenir s\u0153ur"}]},{"@type":"WebSite","@id":"https:\/\/assumpta-eu.org\/fr\/#website","url":"https:\/\/assumpta-eu.org\/fr\/","name":"Province of Europe of the Religious of the Assumption","description":"Make Christ known and loved","publisher":{"@id":"https:\/\/assumpta-eu.org\/fr\/#organization"},"potentialAction":[{"@type":"SearchAction","target":{"@type":"EntryPoint","urlTemplate":"https:\/\/assumpta-eu.org\/fr\/?s={search_term_string}"},"query-input":{"@type":"PropertyValueSpecification","valueRequired":true,"valueName":"search_term_string"}}],"inLanguage":"fr-FR"},{"@type":"Organization","@id":"https:\/\/assumpta-eu.org\/fr\/#organization","name":"Religious of the Assumption","url":"https:\/\/assumpta-eu.org\/fr\/","logo":{"@type":"ImageObject","inLanguage":"fr-FR","@id":"https:\/\/assumpta-eu.org\/fr\/#\/schema\/logo\/image\/","url":"https:\/\/assumpta-eu.org\/wp-content\/uploads\/2023\/06\/RA-EU-logos-02.png","contentUrl":"https:\/\/assumpta-eu.org\/wp-content\/uploads\/2023\/06\/RA-EU-logos-02.png","width":705,"height":729,"caption":"Religious of the Assumption"},"image":{"@id":"https:\/\/assumpta-eu.org\/fr\/#\/schema\/logo\/image\/"},"sameAs":["http:\/\/www.facebook.com\/assumptionUK","https:\/\/x.com\/AssumptionRA","http:\/\/www.instagram.com\/assumptionuk"]}]}},"_links":{"self":[{"href":"https:\/\/assumpta-eu.org\/fr\/wp-json\/wp\/v2\/pages\/2801","targetHints":{"allow":["GET"]}}],"collection":[{"href":"https:\/\/assumpta-eu.org\/fr\/wp-json\/wp\/v2\/pages"}],"about":[{"href":"https:\/\/assumpta-eu.org\/fr\/wp-json\/wp\/v2\/types\/page"}],"author":[{"embeddable":true,"href":"https:\/\/assumpta-eu.org\/fr\/wp-json\/wp\/v2\/users\/1"}],"replies":[{"embeddable":true,"href":"https:\/\/assumpta-eu.org\/fr\/wp-json\/wp\/v2\/comments?post=2801"}],"version-history":[{"count":39,"href":"https:\/\/assumpta-eu.org\/fr\/wp-json\/wp\/v2\/pages\/2801\/revisions"}],"predecessor-version":[{"id":4707,"href":"https:\/\/assumpta-eu.org\/fr\/wp-json\/wp\/v2\/pages\/2801\/revisions\/4707"}],"up":[{"embeddable":true,"href":"https:\/\/assumpta-eu.org\/fr\/wp-json\/wp\/v2\/pages\/2848"}],"wp:attachment":[{"href":"https:\/\/assumpta-eu.org\/fr\/wp-json\/wp\/v2\/media?parent=2801"}],"curies":[{"name":"wp","href":"https:\/\/api.w.org\/{rel}","templated":true}]}}