{"id":2686,"date":"2023-08-23T13:00:39","date_gmt":"2023-08-23T11:00:39","guid":{"rendered":"https:\/\/assumpta-eu.org\/communautes\/belgique\/"},"modified":"2025-12-18T12:34:00","modified_gmt":"2025-12-18T11:34:00","slug":"belgique","status":"publish","type":"page","link":"https:\/\/assumpta-eu.org\/fr\/communautes\/belgique\/","title":{"rendered":"Belgique"},"content":{"rendered":"<p><div class=\"et_d4_element et_pb_section et_pb_section_0 et_pb_with_background  et_pb_css_mix_blend_mode et_section_regular section_has_divider et_pb_bottom_divider et_pb_top_divider et_block_section\" >\n\t\t\t\t<div class=\"et_pb_top_inside_divider et-no-transition\"><\/div>\n\t\t\t\t\n\t\t\t\t\n\t\t\t\t\n\t\t\t\t\n\t\t\t\t\n\t\t\t\t<div class=\"et_d4_element et_pb_row et_pb_row_0 et_pb_equal_columns et_pb_gutters1  et_pb_css_mix_blend_mode et_block_row\">\n\t\t\t\t<div class=\"et_d4_element et_pb_column_4_4 et_pb_column et_pb_column_0  et_pb_css_mix_blend_mode et-last-child et_block_column\">\n\t\t\t\t\n\t\t\t\t\n\t\t\t\t\n\t\t\t\t\n\t\t\t\t<div class=\"et_pb_module et_d4_element et_pb_text et_pb_text_0  et_pb_text_align_left et_pb_bg_layout_light\">\n\t\t\t\t\n\t\t\t\t\n\t\t\t\t\n\t\t\t\t\n\t\t\t\t<div class=\"et_pb_text_inner\"><h1>Communaut\u00e9s<\/h1><\/div>\n\t\t\t<\/div><div class=\"et_pb_module et_d4_element et_pb_text et_pb_text_1 et_animated  et_pb_text_align_left et_pb_bg_layout_light\">\n\t\t\t\t\n\t\t\t\t\n\t\t\t\t\n\t\t\t\t\n\t\t\t\t<div class=\"et_pb_text_inner\"><h2><span>Belgique<\/span><\/h2><\/div>\n\t\t\t<\/div><div class=\"et_pb_module et_d4_element et_pb_text et_pb_text_2 et_animated  et_pb_text_align_left et_pb_bg_layout_light\">\n\t\t\t\t\n\t\t\t\t\n\t\t\t\t\n\t\t\t\t\n\t\t\t\t<div class=\"et_pb_text_inner\"><p><span>Depuis 1902<\/span><\/p><\/div>\n\t\t\t<\/div>\n\t\t\t<\/div>\n\t\t\t\t\n\t\t\t\t\n\t\t\t\t\n\t\t\t\t\n\t\t\t<\/div>\n\t\t\t\t\n\t\t\t\t<div class=\"et_pb_bottom_inside_divider et-no-transition\"><\/div>\n\t\t\t<\/div><div class=\"et_d4_element et_pb_section et_pb_section_1 et_pb_with_background  et_pb_css_mix_blend_mode et_section_regular et_block_section\" >\n\t\t\t\t\n\t\t\t\t\n\t\t\t\t\n\t\t\t\t\n\t\t\t\t\n\t\t\t\t\n\t\t\t\t<div class=\"et_d4_element et_pb_row et_pb_row_1  et_pb_css_mix_blend_mode et_block_row\">\n\t\t\t\t<div class=\"et_d4_element et_pb_column_4_4 et_pb_column et_pb_column_1  et_pb_css_mix_blend_mode et-last-child et_block_column\">\n\t\t\t\t\n\t\t\t\t\n\t\t\t\t\n\t\t\t\t\n\t\t\t\t<div class=\"et_pb_module et_d4_element et_pb_accordion et_pb_accordion_0 et_animated\">\n\t\t\t\t\n\t\t\t\t\n\t\t\t\t\n\t\t\t\t\n\t\t\t\t<div class=\"et_pb_toggle et_pb_module et_d4_element et_pb_accordion_item et_pb_accordion_item_0  et_pb_toggle_open\">\n\t\t\t\t\n\t\t\t\t\n\t\t\t\t\n\t\t\t\t\n\t\t\t\t<h5 class=\"et_pb_toggle_title\">Communaut\u00e9 de Boitsfort<\/h5>\n\t\t\t\t<div class=\"et_pb_toggle_content clearfix\">Religieuses de l'Assomption<br \/>\nCommunaut\u00e9 de Boitsfort<br \/>\nRue Middelbourg 45, 1170 Brussels, Belgium<br \/>\nTel : +32 2660 3759<br \/>\nEmail: <a href=\"mailto:boitsfort@assomption-ra.be\"><span data-contrast=\"none\">boitsfort@assomption-ra.be<\/span><\/a><\/p>\n<p>Fond\u00e9e en 1964 pour une \u00e9cole primaire et secondaire. Nous sommes actives dans l\u2019\u00e9cole et collaborons \u00e0 son projet d\u2019\u00e9ducation int\u00e9grale. Nous soutenons \u00e9galement les s\u0153urs a\u00een\u00e9es qui sont \u00e0 Sainte Anne. La chapelle, lieu source, est ouverte l\u2019apr\u00e8s-midi.   <\/p>\n<p>\u00c9cole secondaire <a href=\"http:\/\/www.assomption-edu.be\/\" target=\"_blank\" rel=\"noreferrer noopener\"><span data-contrast=\"none\" lang=\"FR\" class=\"TextRun Underlined SCXW135891627 BCX0\"><span class=\"NormalTextRun SCXW135891627 BCX0\" data-ccp-charstyle=\"Hyperlink\">www.assomption-edu.be<\/span><\/span><\/a><span data-contrast=\"auto\" lang=\"FR\" class=\"TextRun SCXW135891627 BCX0\"><span class=\"NormalTextRun SCXW135891627 BCX0\"><br \/>\n\u00c9cole fondamentale <\/span><\/span><a href=\"https:\/\/assomption-ecole.be\/\" target=\"_blank\" rel=\"noreferrer noopener\"><span data-contrast=\"none\" lang=\"FR\" class=\"TextRun Underlined SCXW135891627 BCX0\"><span class=\"NormalTextRun SCXW135891627 BCX0\" data-ccp-charstyle=\"Hyperlink\">https:\/\/assomption-ecole.be<\/span><\/span><\/a><span data-contrast=\"auto\" lang=\"FR\" class=\"TextRun SCXW135891627 BCX0\" xml:lang=\"FR\"><span class=\"NormalTextRun SCXW135891627 BCX0\"> <\/span><\/span><span class=\"EOP SCXW135891627 BCX0\" data-ccp-props=\"{\"201341983\":0,\"335551550\":6,\"335551620\":6,\"335559739\":160,\"335559740\":259}\"> <\/span><\/p>\n<div id=\"gtx-trans\" style=\"position: absolute; left: 3px; top: 286.2px;\">\n<div class=\"gtx-trans-icon\"><\/div>\n<\/div><\/div>\n\t\t\t<\/div><div class=\"et_pb_toggle et_pb_module et_d4_element et_pb_accordion_item et_pb_accordion_item_1  et_pb_toggle_close\">\n\t\t\t\t\n\t\t\t\t\n\t\t\t\t\n\t\t\t\t\n\t\t\t\t<h5 class=\"et_pb_toggle_title\">R\u00e9sidence Saint Anne<\/h5>\n\t\t\t\t<div class=\"et_pb_toggle_content clearfix\"><p>Residence Sainte Anne<br \/>Avenue L\u00e9opold Wiener 20, 1170 Watermael-Boitsfort, Belgium<\/p>\n<p>Maison de retraite proche de la communaut\u00e9 de Boitsfort, les s\u0153urs y sont depuis 2019. R\u00e8gle de Vie 126 : \u201cL\u2019exemple d\u2019une vie qui s\u2019achemine vers Dieu, dans la joie, la s\u00e9r\u00e9nit\u00e9 et la bont\u00e9, est la parole la plus convaincante pour une soci\u00e9t\u00e9 en qu\u00eate de sens...\u201d <\/p><\/div>\n\t\t\t<\/div><div class=\"et_pb_toggle et_pb_module et_d4_element et_pb_accordion_item et_pb_accordion_item_2  et_pb_toggle_close\">\n\t\t\t\t\n\t\t\t\t\n\t\t\t\t\n\t\t\t\t\n\t\t\t\t<h5 class=\"et_pb_toggle_title\">Communaut\u00e9 d&#039;Etterbeek<\/h5>\n\t\t\t\t<div class=\"et_pb_toggle_content clearfix\"><p>Religieuses de l'Assomption<br \/>Communaut\u00e9 d\u2019Etterbeek<br \/>Rue Peter Benoit 23, 1040 Bruxelles, Belgique<br \/>Tel: +32 2647 9082<br \/><span data-contrast=\"auto\"><\/span><span data-contrast=\"auto\"><\/span>Courriel : <a href=\"mailto:etterbeek@assomption-ra.be\"><span data-contrast=\"none\">etterbeek@assomption-ra.be<\/span><\/a><span data-contrast=\"auto\"> <\/span><span data-ccp-props=\"{\" 201341983=\"\" :0=\"\" 335551550=\"\" :6=\"\" 335551620=\"\" 335559739=\"\" :160=\"\" 335559740=\"\" :259=\"\"> <\/span><\/p>\n<p>Fond\u00e9e en 1982 pour \u00eatre communaut\u00e9 internationale d\u2019\u00e9tudiantes, la communaut\u00e9 s\u2019est depuis orient\u00e9e vers le quartier et la paroisse. Notre mission est centr\u00e9e sur l'action \u00e9ducative et l'alphab\u00e9tisation, l'aide scolaire, l'animation d\u2019enfants, l'\u00e9ducation \u00e0 la sant\u00e9 cours Bibliques. L\u2019asbl Welcome-Babbelkot est port\u00e9e par la communaut\u00e9 en lien \u00e9troit avec la paroisse. Il associe un grand nombre de b\u00e9n\u00e9voles, jeunes et moins jeunes. <a href=\"https:\/\/welcome-babbelkot.be\" target=\"_blank\" rel=\"noreferrer noopener\">https:\/\/welcome-babbelkot.be<\/a><\/p><\/div>\n\t\t\t<\/div><div class=\"et_pb_toggle et_pb_module et_d4_element et_pb_accordion_item et_pb_accordion_item_3  et_pb_toggle_close\">\n\t\t\t\t\n\t\t\t\t\n\t\t\t\t\n\t\t\t\t\n\t\t\t\t<h5 class=\"et_pb_toggle_title\">Residence La Colombi\u00e8re<\/h5>\n\t\t\t\t<div class=\"et_pb_toggle_content clearfix\"><p>Rue Maurice Li\u00e9tart, 31,<br \/>1150 Woluwe-Saint-Pierre, Brussels<br \/>Belgium<\/p>\n<p>Maison de retraite, les s\u0153urs y sont depuis 2025.<\/p><\/div>\n\t\t\t<\/div><div class=\"et_pb_toggle et_pb_module et_d4_element et_pb_accordion_item et_pb_accordion_item_4  et_pb_toggle_close\">\n\t\t\t\t\n\t\t\t\t\n\t\t\t\t\n\t\t\t\t\n\t\t\t\t<h5 class=\"et_pb_toggle_title\">Communaut\u00e9 de Tournai<\/h5>\n\t\t\t\t<div class=\"et_pb_toggle_content clearfix\">Religieuses de l'Assomption<br \/>\nCommunaut\u00e9 de Tournai<br \/>\nRue des J\u00e9suites 28, 7500 Tournai, Belgique<br \/>\nTel: +32 6936 2507<br \/>\n<span data-contrast=\"auto\">Courriel : <\/span><a href=\"mailto:tournai@assomption-ra.be\"><span data-contrast=\"none\">tournai@assomption-ra.be<\/span><\/a><\/p>\n<p>Notre communaut\u00e9 se trouve au c\u0153ur de la ville de Tournai, o\u00f9 nous avons \u00e9t\u00e9 appel\u00e9es en 2002, pour animer la pri\u00e8re et la liturgie dans le s\u00e9minaire o\u00f9 nous vivons, participer \u00e0 la pastorale des jeunes et \u00e0 la formation biblique dans le dioc\u00e8se. L\u2019internationalit\u00e9 que nous vivons s\u2019ouvre avec bonheur \u00e0 l\u2019accueil des \u00e9tudiants venant vivre au S\u00e9minaire une exp\u00e9rience de vie communautaire. La chapelle est ouverte tout au long de la journ\u00e9e et chacun est invit\u00e9 \u00e0 nous rejoindre pour la pri\u00e8re liturgique Retrouvez tous les horaires des c\u00e9l\u00e9brations sur <a href=\"http:\/\/www.egliseinfo.be\" target=\"_blank\" rel=\"noreferrer noopener\">www.egliseinfo.be<\/a>     <\/p>\n<p><span data-contrast=\"auto\">S\u00e9minaire \u00e9piscopal de Tournai Kot Silo\u00e9 (Foyer \u00e9tudiant): <\/span><a href=\"https:\/\/www.seminaire-tournai.be\/\" target=\"_blank\" rel=\"noreferrer noopener\"><span data-contrast=\"none\">https:\/\/www.seminaire-tournai.be<\/span><\/a><\/div>\n\t\t\t<\/div>\n\t\t\t<\/div>\n\t\t\t<\/div>\n\t\t\t\t\n\t\t\t\t\n\t\t\t\t\n\t\t\t\t\n\t\t\t<\/div>\n\t\t\t\t\n\t\t\t\t\n\t\t\t<\/div><div class=\"et_d4_element et_pb_section et_pb_section_2  et_pb_css_mix_blend_mode et_section_regular section_has_divider et_pb_bottom_divider et_pb_top_divider et_block_section\" >\n\t\t\t\t<div class=\"et_pb_top_inside_divider et-no-transition\"><\/div>\n\t\t\t\t\n\t\t\t\t\n\t\t\t\t\n\t\t\t\t\n\t\t\t\t\n\t\t\t\t<div class=\"et_d4_element et_pb_row et_pb_row_2 et_pb_equal_columns et_pb_gutters1  et_pb_css_mix_blend_mode et_block_row\">\n\t\t\t\t<div class=\"et_d4_element et_pb_column_1_4 et_pb_column et_pb_column_2 et_clickable et_pb_section_video_on_hover et_pb_section_parallax_hover  et_pb_css_mix_blend_mode et_block_column\">\n\t\t\t\t\n\t\t\t\t\n\t\t\t\t\n\t\t\t\t\n\t\t\t\t<div class=\"et_pb_module et_d4_element et_pb_text et_pb_text_3  et_pb_text_align_center et_pb_bg_layout_light\">\n\t\t\t\t\n\t\t\t\t\n\t\t\t\t\n\t\t\t\t\n\t\t\t\t<div class=\"et_pb_text_inner\"><p>Royaume-Uni<\/p><\/div>\n\t\t\t<\/div>\n\t\t\t<\/div><div class=\"et_d4_element et_pb_column_1_4 et_pb_column et_pb_column_3 et_clickable et_pb_section_video_on_hover et_pb_section_parallax_hover  et_pb_css_mix_blend_mode et_block_column\">\n\t\t\t\t\n\t\t\t\t\n\t\t\t\t\n\t\t\t\t\n\t\t\t\t<div class=\"et_pb_module et_d4_element et_pb_text et_pb_text_4  et_pb_text_align_center et_pb_bg_layout_light\">\n\t\t\t\t\n\t\t\t\t\n\t\t\t\t\n\t\t\t\t\n\t\t\t\t<div class=\"et_pb_text_inner\"><p>Belgique<\/p><\/div>\n\t\t\t<\/div>\n\t\t\t<\/div><div class=\"et_d4_element et_pb_column_1_4 et_pb_column et_pb_column_4 et_clickable et_pb_section_video_on_hover et_pb_section_parallax_hover  et_pb_css_mix_blend_mode et_block_column\">\n\t\t\t\t\n\t\t\t\t\n\t\t\t\t\n\t\t\t\t\n\t\t\t\t<div class=\"et_pb_module et_d4_element et_pb_text et_pb_text_5  et_pb_text_align_center et_pb_bg_layout_light\">\n\t\t\t\t\n\t\t\t\t\n\t\t\t\t\n\t\t\t\t\n\t\t\t\t<div class=\"et_pb_text_inner\"><p>Italie<\/p><\/div>\n\t\t\t<\/div>\n\t\t\t<\/div><div class=\"et_d4_element et_pb_column_1_4 et_pb_column et_pb_column_5 et_clickable et_pb_section_video_on_hover et_pb_section_parallax_hover  et_pb_css_mix_blend_mode et-last-child et_block_column\">\n\t\t\t\t\n\t\t\t\t\n\t\t\t\t\n\t\t\t\t\n\t\t\t\t<div class=\"et_pb_module et_d4_element et_pb_text et_pb_text_6  et_pb_text_align_center et_pb_bg_layout_light\">\n\t\t\t\t\n\t\t\t\t\n\t\t\t\t\n\t\t\t\t\n\t\t\t\t<div class=\"et_pb_text_inner\"><p>Lituanie<\/p><\/div>\n\t\t\t<\/div>\n\t\t\t<\/div>\n\t\t\t\t\n\t\t\t\t\n\t\t\t\t\n\t\t\t\t\n\t\t\t<\/div>\n\t\t\t\t\n\t\t\t\t<div class=\"et_pb_bottom_inside_divider et-no-transition\"><\/div>\n\t\t\t<\/div><div class=\"et_d4_element et_pb_section et_pb_section_3 et_clickable et_pb_section_video_on_hover et_pb_section_parallax_hover et_pb_with_background  et_pb_css_mix_blend_mode et_section_regular section_has_divider et_pb_bottom_divider et_pb_top_divider et_block_section\" >\n\t\t\t\t\n\t\t\t\t\n\t\t\t\t\n\t\t\t\t\n\t\t\t\t\n\t\t\t\t\n\t\t\t\t<div class=\"et_d4_element et_pb_row et_pb_row_3  et_pb_css_mix_blend_mode et_block_row\">\n\t\t\t\t<div class=\"et_d4_element et_pb_column_4_4 et_pb_column et_pb_column_6  et_pb_css_mix_blend_mode et-last-child et_block_column\">\n\t\t\t\t\n\t\t\t\t\n\t\t\t\t\n\t\t\t\t\n\t\t\t\t<div class=\"et_pb_module et_d4_element et_pb_text et_pb_text_7  et_pb_text_align_center et_pb_bg_layout_light\">\n\t\t\t\t\n\t\t\t\t\n\t\t\t\t\n\t\t\t\t\n\t\t\t\t<div class=\"et_pb_text_inner\"><p>Dans le monde<\/p><\/div>\n\t\t\t<\/div>\n\t\t\t<\/div>\n\t\t\t\t\n\t\t\t\t\n\t\t\t\t\n\t\t\t\t\n\t\t\t<\/div>\n\t\t\t\t\n\t\t\t\t<div class=\"et_pb_bottom_inside_divider et-no-transition\"><\/div>\n\t\t\t<\/div><\/p>\n","protected":false},"excerpt":{"rendered":"","protected":false},"author":1,"featured_media":0,"parent":2570,"menu_order":0,"comment_status":"closed","ping_status":"closed","template":"","meta":{"_et_pb_use_builder":"on","_et_pb_old_content":"","_et_gb_content_width":"","footnotes":""},"class_list":["post-2686","page","type-page","status-publish","hentry"],"yoast_head":"<!-- This site is optimized with the Yoast SEO plugin v27.6 - https:\/\/yoast.com\/product\/yoast-seo-wordpress\/ -->\n<title>Belgique - Religious of the Assumption &gt; Province of Europe<\/title>\n<meta name=\"robots\" content=\"index, follow, max-snippet:-1, max-image-preview:large, max-video-preview:-1\" \/>\n<link rel=\"canonical\" href=\"https:\/\/assumpta-eu.org\/fr\/communautes\/belgique\/\" \/>\n<meta property=\"og:locale\" content=\"fr_FR\" \/>\n<meta property=\"og:type\" content=\"article\" \/>\n<meta property=\"og:title\" content=\"Belgique - Religious of the Assumption &gt; Province of Europe\" \/>\n<meta property=\"og:url\" content=\"https:\/\/assumpta-eu.org\/fr\/communautes\/belgique\/\" \/>\n<meta property=\"og:site_name\" content=\"Religious of the Assumption &gt; Province of Europe\" \/>\n<meta property=\"article:publisher\" content=\"http:\/\/www.facebook.com\/assumptionUK\" \/>\n<meta property=\"article:modified_time\" content=\"2025-12-18T11:34:00+00:00\" \/>\n<meta name=\"twitter:card\" content=\"summary_large_image\" \/>\n<meta name=\"twitter:site\" content=\"@AssumptionRA\" \/>\n<meta name=\"twitter:label1\" content=\"Dur\u00e9e de lecture estim\u00e9e\" \/>\n\t<meta name=\"twitter:data1\" content=\"9 minutes\" \/>\n<script type=\"application\/ld+json\" class=\"yoast-schema-graph\">{\"@context\":\"https:\\\/\\\/schema.org\",\"@graph\":[{\"@type\":\"WebPage\",\"@id\":\"https:\\\/\\\/assumpta-eu.org\\\/fr\\\/communautes\\\/belgique\\\/\",\"url\":\"https:\\\/\\\/assumpta-eu.org\\\/fr\\\/communautes\\\/belgique\\\/\",\"name\":\"Belgique - Religious of the Assumption &gt; Province of Europe\",\"isPartOf\":{\"@id\":\"https:\\\/\\\/assumpta-eu.org\\\/fr\\\/#website\"},\"datePublished\":\"2023-08-23T11:00:39+00:00\",\"dateModified\":\"2025-12-18T11:34:00+00:00\",\"breadcrumb\":{\"@id\":\"https:\\\/\\\/assumpta-eu.org\\\/fr\\\/communautes\\\/belgique\\\/#breadcrumb\"},\"inLanguage\":\"fr-FR\",\"potentialAction\":[{\"@type\":\"ReadAction\",\"target\":[\"https:\\\/\\\/assumpta-eu.org\\\/fr\\\/communautes\\\/belgique\\\/\"]}]},{\"@type\":\"BreadcrumbList\",\"@id\":\"https:\\\/\\\/assumpta-eu.org\\\/fr\\\/communautes\\\/belgique\\\/#breadcrumb\",\"itemListElement\":[{\"@type\":\"ListItem\",\"position\":1,\"name\":\"Home\",\"item\":\"https:\\\/\\\/assumpta-eu.org\\\/fr\\\/\"},{\"@type\":\"ListItem\",\"position\":2,\"name\":\"Communaut\u00e9s\",\"item\":\"https:\\\/\\\/assumpta-eu.org\\\/fr\\\/communautes\\\/\"},{\"@type\":\"ListItem\",\"position\":3,\"name\":\"Belgique\"}]},{\"@type\":\"WebSite\",\"@id\":\"https:\\\/\\\/assumpta-eu.org\\\/fr\\\/#website\",\"url\":\"https:\\\/\\\/assumpta-eu.org\\\/fr\\\/\",\"name\":\"Province of Europe of the Religious of the Assumption\",\"description\":\"Make Christ known and loved\",\"publisher\":{\"@id\":\"https:\\\/\\\/assumpta-eu.org\\\/fr\\\/#organization\"},\"potentialAction\":[{\"@type\":\"SearchAction\",\"target\":{\"@type\":\"EntryPoint\",\"urlTemplate\":\"https:\\\/\\\/assumpta-eu.org\\\/fr\\\/?s={search_term_string}\"},\"query-input\":{\"@type\":\"PropertyValueSpecification\",\"valueRequired\":true,\"valueName\":\"search_term_string\"}}],\"inLanguage\":\"fr-FR\"},{\"@type\":\"Organization\",\"@id\":\"https:\\\/\\\/assumpta-eu.org\\\/fr\\\/#organization\",\"name\":\"Religious of the Assumption\",\"url\":\"https:\\\/\\\/assumpta-eu.org\\\/fr\\\/\",\"logo\":{\"@type\":\"ImageObject\",\"inLanguage\":\"fr-FR\",\"@id\":\"https:\\\/\\\/assumpta-eu.org\\\/fr\\\/#\\\/schema\\\/logo\\\/image\\\/\",\"url\":\"https:\\\/\\\/assumpta-eu.org\\\/wp-content\\\/uploads\\\/2023\\\/06\\\/RA-EU-logos-02.png\",\"contentUrl\":\"https:\\\/\\\/assumpta-eu.org\\\/wp-content\\\/uploads\\\/2023\\\/06\\\/RA-EU-logos-02.png\",\"width\":705,\"height\":729,\"caption\":\"Religious of the Assumption\"},\"image\":{\"@id\":\"https:\\\/\\\/assumpta-eu.org\\\/fr\\\/#\\\/schema\\\/logo\\\/image\\\/\"},\"sameAs\":[\"http:\\\/\\\/www.facebook.com\\\/assumptionUK\",\"https:\\\/\\\/x.com\\\/AssumptionRA\",\"http:\\\/\\\/www.instagram.com\\\/assumptionuk\"]}]}<\/script>\n<!-- \/ Yoast SEO plugin. -->","yoast_head_json":{"title":"Belgique - Religious of the Assumption &gt; Province of Europe","robots":{"index":"index","follow":"follow","max-snippet":"max-snippet:-1","max-image-preview":"max-image-preview:large","max-video-preview":"max-video-preview:-1"},"canonical":"https:\/\/assumpta-eu.org\/fr\/communautes\/belgique\/","og_locale":"fr_FR","og_type":"article","og_title":"Belgique - Religious of the Assumption &gt; Province of Europe","og_url":"https:\/\/assumpta-eu.org\/fr\/communautes\/belgique\/","og_site_name":"Religious of the Assumption &gt; Province of Europe","article_publisher":"http:\/\/www.facebook.com\/assumptionUK","article_modified_time":"2025-12-18T11:34:00+00:00","twitter_card":"summary_large_image","twitter_site":"@AssumptionRA","twitter_misc":{"Dur\u00e9e de lecture estim\u00e9e":"9 minutes"},"schema":{"@context":"https:\/\/schema.org","@graph":[{"@type":"WebPage","@id":"https:\/\/assumpta-eu.org\/fr\/communautes\/belgique\/","url":"https:\/\/assumpta-eu.org\/fr\/communautes\/belgique\/","name":"Belgique - Religious of the Assumption &gt; Province of Europe","isPartOf":{"@id":"https:\/\/assumpta-eu.org\/fr\/#website"},"datePublished":"2023-08-23T11:00:39+00:00","dateModified":"2025-12-18T11:34:00+00:00","breadcrumb":{"@id":"https:\/\/assumpta-eu.org\/fr\/communautes\/belgique\/#breadcrumb"},"inLanguage":"fr-FR","potentialAction":[{"@type":"ReadAction","target":["https:\/\/assumpta-eu.org\/fr\/communautes\/belgique\/"]}]},{"@type":"BreadcrumbList","@id":"https:\/\/assumpta-eu.org\/fr\/communautes\/belgique\/#breadcrumb","itemListElement":[{"@type":"ListItem","position":1,"name":"Home","item":"https:\/\/assumpta-eu.org\/fr\/"},{"@type":"ListItem","position":2,"name":"Communaut\u00e9s","item":"https:\/\/assumpta-eu.org\/fr\/communautes\/"},{"@type":"ListItem","position":3,"name":"Belgique"}]},{"@type":"WebSite","@id":"https:\/\/assumpta-eu.org\/fr\/#website","url":"https:\/\/assumpta-eu.org\/fr\/","name":"Province of Europe of the Religious of the Assumption","description":"Make Christ known and loved","publisher":{"@id":"https:\/\/assumpta-eu.org\/fr\/#organization"},"potentialAction":[{"@type":"SearchAction","target":{"@type":"EntryPoint","urlTemplate":"https:\/\/assumpta-eu.org\/fr\/?s={search_term_string}"},"query-input":{"@type":"PropertyValueSpecification","valueRequired":true,"valueName":"search_term_string"}}],"inLanguage":"fr-FR"},{"@type":"Organization","@id":"https:\/\/assumpta-eu.org\/fr\/#organization","name":"Religious of the Assumption","url":"https:\/\/assumpta-eu.org\/fr\/","logo":{"@type":"ImageObject","inLanguage":"fr-FR","@id":"https:\/\/assumpta-eu.org\/fr\/#\/schema\/logo\/image\/","url":"https:\/\/assumpta-eu.org\/wp-content\/uploads\/2023\/06\/RA-EU-logos-02.png","contentUrl":"https:\/\/assumpta-eu.org\/wp-content\/uploads\/2023\/06\/RA-EU-logos-02.png","width":705,"height":729,"caption":"Religious of the Assumption"},"image":{"@id":"https:\/\/assumpta-eu.org\/fr\/#\/schema\/logo\/image\/"},"sameAs":["http:\/\/www.facebook.com\/assumptionUK","https:\/\/x.com\/AssumptionRA","http:\/\/www.instagram.com\/assumptionuk"]}]}},"_links":{"self":[{"href":"https:\/\/assumpta-eu.org\/fr\/wp-json\/wp\/v2\/pages\/2686","targetHints":{"allow":["GET"]}}],"collection":[{"href":"https:\/\/assumpta-eu.org\/fr\/wp-json\/wp\/v2\/pages"}],"about":[{"href":"https:\/\/assumpta-eu.org\/fr\/wp-json\/wp\/v2\/types\/page"}],"author":[{"embeddable":true,"href":"https:\/\/assumpta-eu.org\/fr\/wp-json\/wp\/v2\/users\/1"}],"replies":[{"embeddable":true,"href":"https:\/\/assumpta-eu.org\/fr\/wp-json\/wp\/v2\/comments?post=2686"}],"version-history":[{"count":39,"href":"https:\/\/assumpta-eu.org\/fr\/wp-json\/wp\/v2\/pages\/2686\/revisions"}],"predecessor-version":[{"id":6424,"href":"https:\/\/assumpta-eu.org\/fr\/wp-json\/wp\/v2\/pages\/2686\/revisions\/6424"}],"up":[{"embeddable":true,"href":"https:\/\/assumpta-eu.org\/fr\/wp-json\/wp\/v2\/pages\/2570"}],"wp:attachment":[{"href":"https:\/\/assumpta-eu.org\/fr\/wp-json\/wp\/v2\/media?parent=2686"}],"curies":[{"name":"wp","href":"https:\/\/api.w.org\/{rel}","templated":true}]}}